{"id":2453,"date":"2021-05-14T21:48:13","date_gmt":"2021-05-14T21:48:13","guid":{"rendered":"https:\/\/www.elektrosmoghilfe.com\/erdstrahlen\/?post_type=product&#038;p=2453"},"modified":"2021-07-02T15:34:39","modified_gmt":"2021-07-02T15:34:39","slug":"hamoni-headset-air-in-schwarz","status":"publish","type":"product","link":"https:\/\/www.elektrosmoghilfe.com\/erdstrahlen\/produkt\/hamoni-headset-air-in-schwarz\/","title":{"rendered":"Hamoni\u00ae Luftschlauch-Headset Air in Schwarz"},"content":{"rendered":"<h2>Was ist das Hamoni\u00ae Luftschlauch-Headset Air und warum brauchen Sie es?<\/h2>\r\n<p class=\"anwendung\" style=\"text-align:center\">\r\n    <span class=\"emphDark fs16\">\r\nDas Hamoni\u00ae Headset Air ist ein <span class=\"emphLight fs16\">sog. Luftschlauch-Headset<\/span> und ist \r\n<span class=\"emphLight fs16\">die\r\nstrahlungsarmste praktikable Art, mobil zu telefonieren<\/span> oder Audio- und\r\nVideostreams (YouTube etc.) am Handy zu konsumieren.\r\n<\/span>\r\n<\/p>\r\n<p class=\"anwendung\">\r\nWenn wir unser Handy benutzen, sind wir einer hohen Belastung durch\r\nHochfrequenzstrahlung ausgesetzt, so viel ist Ihnen nat\u00fcrlich bekannt. Sehr hoch\r\nist die Belastung bei der Benutzung des Handys direkt am Ohr. Dies entspricht\r\nder h\u00e4ufigsten Benutzungsart in der Bev\u00f6lkerung. Hier ist der Abstand\r\nzum Gehirn sehr niedrig. Viele Handy-Hersteller schreiben daher, man d\u00fcrfe ihre\r\nGer\u00e4te nicht direkt am Ohr aufliegen lassen, sondern m\u00fcsse es in mind. 2cm Abstand\r\nvom Ohr benutzen. Aus Bequemlichkeitsgr\u00fcnden h\u00e4lt sich praktisch keiner daran,\r\nden meisten ist dieser Hinweis nicht einmal bekannt.\r\n<\/p>\r\n<p class=\"anwendung indent2\">Als weitere M\u00f6glichkeit bietet sich\r\ndie Benutzung eines <span class=\"emphDark fs16\">Bluetooth-Headsets<\/span> wie z.B. den Apple Airpods oder\r\ndiversen anderen Modellen von Samsung oder anderen Herstellern an.\r\n<span class=\"emphLight fs16\">\r\nBluetooth-Headsets werden f\u00e4lschlicherweise oft als &#8222;strahlungsarme M\u00f6glichkeit zu telefonieren&#8220;\r\nvermarktet.<\/span> Dem ist nicht so. \r\n<\/p>\r\n<p class=\"anwendung indent2\">\r\nSoviel ist korrekt: Wenn Sie Ihr Handy weiter vom K\u00f6rper entfernt\r\nhaben (z.B. im Auto am Beifahrersitz), dann haben Sie durch den Abstandseffekt\r\neine niedrigere HF-Belastung als durch das Handy direkt am Ohr. Allerdings\r\nhaben Sie durch das Bluetooth-Headset nun direkt im bzw. am Ohr einen Sender.\r\n<span class=\"emphLight fs16\">\r\nDas Headset empf\u00e4ngt n\u00e4mlich nicht nur, sondern muss nat\u00fcrlich auch Ihre Antworten im\r\nGespr\u00e4ch zum Handy zur\u00fcck funken.\r\n<\/span>\r\n<\/p>\r\n<p class=\"anwendung indent2\">\r\nZudem funken die meisten Bluetooth-Headsets, die\r\naus 2 Ohrh\u00f6rern bestehen, vom einen zum anderen Kopfh\u00f6rer (also direkt durch den\r\nKopf), um zeitliche Synchronisationssignale auszutauschen bzw. Stereo-H\u00f6ren m\u00f6glich\r\nzu machen. Und schlie\u00dflich geht nun vom Handy selbst mehr HF-Belastung aus, denn dieses\r\nfunkt nun nicht nur blo\u00df \u00fcber die Mobilfunk- und\/oder WLAN-Antenne, sondern zus\u00e4tzlich auch\r\n\u00fcber die Bluetooth-Antenne.\r\n<\/p>\r\n<h2 class=\"dark\" style=\"margin-bottom:2px;\">Warum ein herk\u00f6mmliches Headset das Elektrosmog-Problem nicht l\u00f6st:<\/h2>\r\n<p class=\"anwendung indent2\">\r\n<span class=\"emphDark fs16\">\r\nDie meisten Menschen setzen bislang auf kabelgebundene Headsets, wenn sie\r\nstrahlungsarm telefonieren wollen.<\/span> \r\n<span class=\"emphLight fs16\">\r\nIn vielen F\u00e4llen kann jedoch ein solches \r\nHeadset die Belastung deutlich verst\u00e4rken. Die meisten Menschen, die das zum ersten Mal h\u00f6ren, schauen v\u00f6llig ungl\u00e4ubig und fragen: Warum ist das so?\r\n<\/span> \r\n<\/p>\r\n<img src=\"https:\/\/www.elektrosmoghilfe.com\/erdstrahlen\/wp-content\/uploads\/images\/belastung_kabelgebundenes_headset.jpg\"\r\n     alt=\"So verst\u00e4rkt ein kabelgebundenes Headset die Elektrosmogbelastung\"\r\n     style=\"margin-top: 6px;\">\r\n<p class=\"anwendung\" style=\"text-align:center\">\r\n<span class=\"emphDark fs16\">Das Problem liegt in der Hochfrequenz-Phyik begr\u00fcndet. Die metallischen Leiter des\r\nkabelgebundenen Headsets wirken wie sog. Wellenleiter.<\/span>\r\n<span class=\"emphLight fs16\">\r\nSie nehmen die Hochfrequenzstrahlung\r\nauf und leiten sie direkt zum Ohrknopf, wo sie nun in n\u00e4chster N\u00e4he (also noch n\u00e4her\r\nals bei einem Handy am Ohr) direkt ins Hirn abgestrahlt werden.<\/span>\r\n<\/p>\r\n<p class=\"anwendung\">\r\nDie britische Verbraucherorganisation\r\nConsumers&#8216; Association hat <a href=\"https:\/\/www.theguardian.com\/uk\/2000\/apr\/04\/mobilephones.sarahboseley\"><i class=\"fas fa-external-link-alt link-ext\"><\/i>in einer Studie [1]<\/a> gefunden, dass die Feldst\u00e4rken im Ohr mit kabelgebundenem Headset <span class=\"emphLight fs16\">bis zu 3&nbsp;mal<\/span> so stark waren wie ohne Verwendung eines Headsets.\r\nDie tats\u00e4chliche Belastungsverst\u00e4rkung schwankte und hing sehr von der r\u00e4umlichen Lage des\r\nHeadset-Kabels ab. Der bekannte Baubiologe Wolfgang Maes \u00fcberpr\u00fcfte die britischen\r\nUntersuchungen f\u00fcr einen Artikel in der Zeitschrift &#8222;\u00d6koTest&#8220;.\r\n<\/p>\r\n<p class=\"anwendung\" style=\"text-align:center\">\r\n<span class=\"emphDark fs16\">\r\n&#8222;Wir von der Baubiologie Maes \u00fcberpr\u00fcften das im Auftrag von \u00d6ko-Test, machten Feldst\u00e4rkeanalysen an 14 Handys und Headsets und\r\nwaren \u00fcberrascht:\r\n<span class=\"emphLight fs16\">\r\nAlle Headsets leiten die Strahlung vom Telefon \u00fcber\r\ndas Verbindungskabel bis zum Knopf im Ohr. Nun strahlt alles, nicht\r\nnur das Handy, auch das eingesteckte Kabel und das Lautsprecherchen\r\nam Ende des Kabels.<\/span> \r\nPhysikalisches Prinzip Wellenweiterleitung.&#8220;<\/span>\r\n<\/p>\r\n<p class=\"anwendung\">\r\nDas Zitat stamt aus dem Buch \r\n<a href=\"https:\/\/baubiologie-magazin.de\/buch-stress-durch-strom-und-strahlung\/\">&#8222;Stress durch Strom und Strahlung&#8220; von Herrn Maes [2].<\/a> \r\nDieses sehr empfehlenswerte Buch gilt vielen, so auch uns, als &#8222;Bibel der Baubiologie&#8220;. \r\nMaes schreibt im selben Buch:\r\n<p class=\"anwendung\" style=\"text-align:center\">\r\n<span class=\"emphLight fs16\">\r\n&#8222;Immer noch predigt das Bundesamt\r\nf\u00fcr Strahlenschutz, ein Headset w\u00e4re sinnvoll zur Reduzierung der Feldbelastung&#8230;\r\nViele andere plappern nach, predigen den gleichen Unfug.&#8220;\r\n<\/span>\r\n<\/p>\r\n<p class=\"anwendung\">\r\nAls L\u00f6sung des Problems empfiehlt Maes in seinem Buch, beispielsweise ein <span class=\"emphDark fs16\">Luftschlauch-Headset<\/span> zu verwenden.\r\nViele Menschen, die bisher dachten, mit einem herk\u00f6mmlichen Headset seien Sie\r\nauf der sicheren Seite, werden erstaunt sein zu lernen, wie stark sie dieses tats\u00e4chlich\r\nbelastet.\r\n<\/p>\r\n<h2 class=\"dark\" style=\"margin-top:12px;margin-bottom:12px\">Das Hamoni\u00ae Headset Air &#8211; Die ideale M\u00f6glichkeit, strahlungsarm zu telefonieren<\/h2>\r\n<img src=\"https:\/\/www.elektrosmoghilfe.com\/erdstrahlen\/wp-content\/uploads\/images\/produktfoto_headset_schwarz_schallwandler.jpg\"\r\n     alt=\"Die Funktionsweise eines Luftschlauch-Headsets: Signalkabel, Schallwandler, Luftschlauch\"\r\n     style=\"text-align:center;margin-top: 6px;\">\r\n<p class=\"anwendung\">\r\n<span class=\"emphDark fs16\">\r\nDas Hamoni\u00ae Headset Air ist ein Luftschlauch-Headset, das genau die Probleme, \r\ndie ein herk\u00f6mmliches Headset so belastend machen, eliminiert.\r\n<\/span>\r\nEs blockiert die Wellenweiterleitung in den Ohrknopf (und damit die Abstrahlung ins Gehirn)\r\ndurch einen eleganten Trick: Der Schall wird nicht erst im Lautsprecher im Ohrknopf erzeugt, sondern\r\nschon in einem Schallwandler deutlich fr\u00fcher. Von dort wird er durch einen Luftschlauch direkt\r\nin den Ohrknopf und von dort weiter zum Trommelfell geleitet. \r\n<\/p>\r\n<p class=\"anwendung indent2\">\r\nDer Ohrknopf ist also nur mehr\r\nein rein mechanisches Element, er hat keinerlei elektrisch leitende Zuleitung mehr und beinhaltet\r\nkeinerlei elektrische Komponenten wie einen Lautsprecher oder zus\u00e4tzliche Elektronik \r\n(z.B. Noise-Cancelling), wie sie der Ohrknopf eines herk\u00f6mmlichen Headsets beinhaltet.\r\n<\/p>\r\n<img src=\"https:\/\/www.elektrosmoghilfe.com\/erdstrahlen\/wp-content\/uploads\/images\/produktfoto_headset_schwarz_ohrknopf.jpg\"\r\n     alt=\"Die Funktionsweise eines Luftschlauch-Headsets: Ohrknopf und Luftschlauch\"\r\n     style=\"text-align:center;margin-top: 6px;\">\r\n\t \r\n<h2 class=\"dark\" style=\"margin-bottom: 12px;margin-top: 12px;\">Das Hamoni\u00ae Headset Air \u2013 Das Wichtigste in K\u00fcrze:<\/h2>\t \r\n        <table class=\"wichtig\">\r\n            <tbody>\r\n            <tr>\r\n                <td><i class=\"fas fa-check-square\"><\/i><\/td>\r\n                <td><span class=\"ul\">Stereo-Luftschlauch-Headset<\/span> als praktikabelste M\u00f6glichkeit, strahlungsarm mobil zu telefonieren\r\noder Audio- und Videostreams am Handy zu konsumieren<\/td>\r\n            <\/tr>\t\t\t\r\n<tr>\r\n                <td><i class=\"fas fa-check-square\"><\/i><\/td>\r\n                <td><span class=\"ul\">Unterbindung der Antennenwirkung und Wellenleitung<\/span> durch Luftschlauchkonstruktion.<\/td>\r\n            <\/tr>\t\t\t\r\n            <tr>\r\n                <td><i class=\"fas fa-check-square\"><\/i><\/td>\r\n                <td><span class=\"ul\">Keine Weiterleitung von hochfrequenten Feldern<\/span> in die Ohrkn\u00f6pfe und keine Abstrahlung von diesen ins Hirn.<\/td>\r\n            <\/tr>\r\n            <tr>\r\n                <td><i class=\"fas fa-check-square\"><\/i><\/td>\r\n                <td><span class=\"ul\">Signifikante Magnetfeldreduktion<\/span> durch Verdrillung der Zuleitungskabel zu den Schallwandlern.<\/td>\r\n            <\/tr>\r\n\t\t\t<tr>\r\n                <td><i class=\"fas fa-check-square\"><\/i><\/td>\r\n                <td><span class=\"ul\">Sehr gute Sprachqualit\u00e4t<\/span> dank hochwertiger Elektronik des Schallwandlers.<\/td>\r\n            <\/tr>\r\n            <tr>\r\n                <td><i class=\"fas fa-check-square\"><\/i><\/td>\r\n                <td><span class=\"ul\">Hohe Soundqualit\u00e4t<\/span> erm\u00f6glicht problemlose Konsumation von Audio- und Videostreams.<\/td>\r\n            <\/tr>\r\n            <tr>\r\n                <td><i class=\"fas fa-check-square\"><\/i><\/td>\r\n                <td><span class=\"ul\">Hochwertige mechanische Verarbeitung<\/span> bewirkt gro\u00dfe Robustheit im t\u00e4glichen Einsatz\r\n\t\t\t\tund lange Lebensdauer.<\/td>\r\n            <\/tr>\r\n            <tr>\r\n                <td><i class=\"fas fa-check-square\"><\/i><\/td>\r\n                <td><span class=\"ul\">Nicht klobig:<\/span> Leichte und schlanke Konstruktion der Schallwandler macht das Headset sehr handlich.<\/td>\r\n            <\/tr>\r\n            <tr>\r\n                <td><i class=\"fas fa-check-square\"><\/i><\/td>\r\n                <td><span class=\"ul\">Ohrknopf bzw. Ohrst\u00f6psel:<\/span> Das Hamoni\u00ae Headset Air in Rotgold besitzt einen Ohrknopf in Einheitsgr\u00f6\u00dfe aus hartem Kunststoff (keine Gummist\u00f6psel). Die Form \u00e4hnelt den Ohrkn\u00f6pfen von z.B. Apple Airpods.<br clear='none'> Das Hamoni\u00ae Headset Air in Wei\u00df und das Das Hamoni\u00ae Headset Air in Schwarz besitzen hingegen Ohrst\u00f6psel aus Gummi. Diesen beiden Headsets liegen Ersatzst\u00f6psel in den gr\u00f6\u00dfen S, M und L bei.<\/td>\r\n            <\/tr>\r\n            <tr>\r\n                <td><i class=\"fas fa-check-square\"><\/i><\/td>\r\n                <td><span class=\"ul\">Anschluss: 3,5mm Klinkenstecker.<\/span> Wichtig: Wenn Ihr Handy keinen Klinkenstecker besitzt (insbes. Apple iPhones und manche Android-Modelle), k\u00f6nnen Sie das Headset mit einem Adapter trotzdem verwenden. Dieser kostet wenige Euro und muss separat zugekauft werden. Mehr Informationen dazu weiter unten.<\/td>\r\n            <\/tr>\r\n<\/tbody>\r\n        <\/table>\r\n\t\t\r\n<p class=\"anwendung\" style=\"text-align:center\">\r\n<span class=\"emphDark fs16\">\r\nDas Hamoni\u00ae Headset Air benutzen wir selbst schon seit 2019 t\u00e4glich\r\nin unseren Kundentelefonaten.<br clear='none'><\/span>\r\n<span class=\"emphLight fs16\">\r\nDie Sprachqualit\u00e4t ist ausgezeichnet, mechanisch gibt es keinerlei\r\nProbleme und wir sind \u00fcberzeugt, dass es uns noch viele Jahre gute Dienste leisten wird.\r\n<\/span>\r\n<\/p>\r\n<h2 class=\"dark\" style=\"margin-top: 12px;margin-bottom:2px\">Wichtiger Hinweis zum Anschluss des Headsets an Ihr Handy: \r\n<\/h2>\r\n<p class=\"anwendung\">\r\n<span class=\"emphDark fs16\">Alle Varianten des Hamoni\u00ae Headset Air besitzen einen sog. 3,5mm Klinkenanschluss. Falls Ihr Handy keinen solchen Anschluss besitzt, ben\u00f6tigen Sie einen Adapter.<\/span> Die Adapter kosten nur wenige Euro und wir empfehlen sehr, hier nicht \u00fcberm\u00e4\u00dfig zu sparen. Gerade bei Elektronik hei\u00dft niedriger Preis meist auch niedrige Qualit\u00e4t, weil an den Bauteilen gespart wird. Aus unserer Erfahrung macht es kaum Sinn, sich wegen 2-3 Euro Ersparnis \u00fcber mangelnde Qualit\u00e4t zu \u00e4rgern.\r\n<\/p>\r\n<p class=\"anwendung\">\r\n<span class=\"emphDark fs16\">Hinweis f\u00fcr Besitzer von Apple-Ger\u00e4ten:<\/span> Wenn Sie ein iPhone ab der Version 7 besitzen, hat Ihr Handy keine Klinkenbuchse, sondern eine sog. Lightning-Buchse. In diesem Fall ben\u00f6tigen Sie einen <span class=\"emphLight fs16\">&#8222;Apple Lightning auf 3,5\u2011mm-Kopfh\u00f6reranschluss Adapter&#8220;.<\/span> Sie finden hier den direkten Link zu den verschiedenen Angeboten auf Amazon f\u00fcr den ben\u00f6tigten Adapter:\r\n<i class=\"fas fa-external-link-alt link-ext\"><\/i>\r\n<a href=\"https:\/\/www.amazon.de\/s?k=Apple+Lightning+auf+3%2C5%E2%80%91mm-Kopfh%C3%B6reranschluss+Adapter\">Apple Lightning auf 3,5\u2011mm-Kopfh\u00f6reranschluss Adapter auf Amazon<\/a>\r\n<\/p>\r\n<img src=\"https:\/\/www.elektrosmoghilfe.com\/erdstrahlen\/wp-content\/uploads\/images\/adapter_lightning_auf_klinke.jpg\"\r\n     alt=\"Anschluss des Hamoni\u00ae Headset Air an einem iPhone via Apple Lightning auf 3,5\u2011mm-Kopfh\u00f6reranschluss Adapter\"\r\n     style=\"text-align:center;margin-top: 6px;\">\r\n<p class=\"anwendung\">\r\n<span class=\"emphDark fs16\">Hinweis f\u00fcr Besitzer von Android-Ger\u00e4ten:<\/span> Die meisten Android-Ger\u00e4te haben noch eine Klinkenbuchse. Hier ist aber die Unsitte zu beobachten, dass dieser Anschluss bei neueren Modellen von manchen Anbietern eingespart wird. Stattdessen werden bei diesen Ger\u00e4ten Headsets \u00fcber die sog. USB-C Buchse angeschlossen. In diesem Fall ben\u00f6tigen Sie einen <span class=\"emphLight fs16\">&#8222;USB C auf 3,5 mm Kopfh\u00f6reranschluss Adapter&#8220;.<\/span> Sie finden hier den direkten Link zu den verschiedenen Angeboten auf Amazon f\u00fcr den ben\u00f6tigten Adapter:\r\n<i class=\"fas fa-external-link-alt link-ext\"><\/i>\r\n<a href=\"https:\/\/www.amazon.de\/s?k=USB+C+auf+3%2C5+mm+Kopfh%C3%B6reranschluss+Adapter\">USB C auf 3,5 mm Kopfh\u00f6reranschluss Adapter<\/a>\r\nDas Android-Handy im Bild unten hat sowohl eine Klinkenbuchse als auch eine USB-C Buchse. Bei diesem Handy kann man also das Headset direkt ohne Adapter in die Klinkenbuchse stecken. Falls die Klinkenbuchse bei Ihrem Android-Handy fehlt, ben\u00f6tigen Sie einen Adapter, der ebenfalls im Bild zu sehen ist.\r\n<\/p>\r\n<img src=\"https:\/\/www.elektrosmoghilfe.com\/erdstrahlen\/wp-content\/uploads\/images\/adapter_usb_c_auf_klinke.jpg\"\r\n     alt=\"Anschluss des Hamoni\u00ae Headset Air an einem Android Handy via USB C auf 3,5 mm Klinkenanschluss Adapter\"\r\n     style=\"text-align:center;margin-top: 6px;\">\r\n<p class=\"anwendung\">\r\n<span class=\"emphLight fs16\">\r\nFalls Sie nicht wissen, ob Ihr Handy-Modell einen Klinkenstecker hat oder nicht, k\u00f6nnen Sie uns auch gerne fragen. \r\n<i class=\"fas fa-envelope\"><\/i>\r\n<a href=\"mailto:forschung@elektrosmoghilfe.com\">\r\nSchreiben Sie uns einfach eine Email und nennen Sie uns Ihr Modell, wir recherchieren dann f\u00fcr Sie.\r\n<\/a>\r\n<\/span>\r\n<\/p>\r\n<p class=\"anwendung\">\r\n<span class=\"emphDark fs16\">\r\nAnmerkung: Noch strahlungsarmer als mit einem Luftschlauch-Headset k\u00f6nnen Sie nur auf 2 Weisen telefonieren.\r\n<\/span>\r\n<\/p>\r\n<p class=\"anwendung\">\r\n<span class=\"emphDark fs16\">\r\n1) Sie legen Ihr Handy m\u00f6glichst weit weg von sich und schalten die Lautsprechfunktion ein.\r\n<\/span>\r\nDies ist f\u00fcr viele Menschen aber kaum praktikabel, da unterwegs meist das Handy nicht einfach\r\nweit weg platziert werden kann, und jeder beim Gespr\u00e4ch wegen der Lautsprechfunktion mith\u00f6ren\r\nkann.\r\n<\/p>\r\n<p class=\"anwendung\">\r\n<span class=\"emphDark fs16\">\r\n2) Sie benutzen ein Festnetztelefon. \r\n<\/span>\r\nDiese naheliegende Antwort empfehlen zwar Baubiologen und auch\r\nwir raten Ihnen dazu, wann immer es eine Option ist. Uns geht es in diesem Artikel aber darum, Ihnen\r\ndie m\u00f6glichst strahlungsarmste Weise, mobil telefonieren zu k\u00f6nnen, aufzuzeigen.\r\n<\/p>\r\n<p class=\"anwendung\">\r\n<span class=\"emphDark fs16\">\r\nWarnung 1: \r\n<\/span>\r\n<span class=\"emphLight fs16\">\r\nWir haben \u00fcber 20 verschiedene Luftschlauch-Headsets getestet. Die \u00fcberwiegende Mehrheit\r\ndavon ist &#8222;Elektronikschrott&#8220;, man kann es nicht anders ausdr\u00fccken. \r\n<\/span>\r\nDiese Headsets werden in China\r\num wenige USD im Gro\u00dfhandel angeboten und hier um fast 30 EUR und mehr verkauft. \r\n<\/p>\r\n<p class=\"anwendung indent2\">\r\nDer niedrige Preis wird dadurch erzielt, indem an allen Ecken und Enden gespart wird. Sofort wahrnehmbar ist\r\ndies beim Herzst\u00fcck eines jeden Luftschlauch-Headsets, dem Schallwandler. Hier werden so billige\r\n(und damit schlechte) Lautsprecher eingesetzt, dass die Soundqualit\u00e4t ein Grauen ist. Man merkt das\r\nbeim Telefonieren und Video- und Audiostreams sinnvoll zu konsumieren ist praktisch unm\u00f6glich.\r\n<\/p>\r\n<p class=\"anwendung indent2\">\r\nDie zweite Einsparung ist die mechanische Verarbeitung: die Schallwandler sind von billigstem,\r\nd\u00fcnnem Blech (der Teil, der f\u00fcr Sie als &#8222;Knubbel&#8220; sichtbar ist) umgeben und brechen leicht.\r\nDer Luftschlauch ist so fragil und schlecht verklebt, dass sich das Headset meist nach wenigen\r\nWochen in seine Bestandteile aufl\u00f6st.\r\n<\/p>\r\n\r\n<p class=\"anwendung\">\r\n<span class=\"emphDark fs16\">\r\nWarnung 2: \r\n<\/span>\r\n<span class=\"emphLight fs16\">\r\nEin gro\u00dfes Problem sind, wie immer bei Elektronik, F\u00e4lschungen. \r\n<\/span>\r\nWir haben unser Headset an anderen Stellen im Internet zu verd\u00e4chtig niedrigen Preisen entdeckt und \r\nden Hersteller, von dem wir das Headset zukaufen, kontaktiert.\r\nDer identifizierte sie als F\u00e4lschungen und geht nun gerichtlich gegen die Anbieter vor. Oft ist das\r\naber ein Katz- und Maus-Spiel und bringt keine dauerhafte L\u00f6sung.\r\n<\/p>\r\n\r\n<p id=\"ref01\" class=\"anwendung\" style=\"margin-top: 24px;\">\r\n<p class=\"anwendung\" style=\"margin-top: 24px;\">\r\n    <span class=\"emphLight fs14\">Literatur:<\/span>\r\n<\/p>\r\n<p id=\"ref01\" class=\"anwendung\">\r\n    [1] Artikel aus dem britischen Guardian: <a href=\"https:\/\/www.theguardian.com\/uk\/2000\/apr\/04\/mobilephones.sarahboseley\">\r\n        <i class=\"fas fa-external-link-alt link-ext\"><\/i>\r\n<span class=\"emphDark fs14\">\r\nHands-free mobiles &#8218;increase radiation risk&#8216;<\/span><\/a>\r\n<\/p>\r\n<p id=\"ref02\" class=\"anwendung\" style=\"margin-bottom: 12px;\">\r\n    [2] Maes, W. In Zusammenarbeit mit Mierau, M.(2013). <a href=\"https:\/\/baubiologie-magazin.de\/buch-stress-durch-strom-und-strahlung\/\">\r\n        <i class=\"fas fa-external-link-alt link-ext\"><\/i>\r\n        <span class=\"emphDark fs14\">Stress durch Strom und Strahlung. Baubiologie: Unser Patient ist das Haus &#8211; Band 1. Elektrosmog, Mobilfunk, Radioaktivit\u00e4t, Erdstrahlung, Schall, Licht.<\/span><\/a> Seiten 267-268, ISBN: 978-3923531264.\r\n<\/p>\r\n\r\n","protected":false},"excerpt":{"rendered":"Was ist das Hamoni\u00ae Luftschlauch-Headset Air und warum brauchen Sie [&hellip;]","protected":false},"featured_media":2515,"template":"","meta":[],"product_cat":[22,20],"product_tag":[],"_links":{"self":[{"href":"https:\/\/www.elektrosmoghilfe.com\/erdstrahlen\/wp-json\/wp\/v2\/product\/2453"}],"collection":[{"href":"https:\/\/www.elektrosmoghilfe.com\/erdstrahlen\/wp-json\/wp\/v2\/product"}],"about":[{"href":"https:\/\/www.elektrosmoghilfe.com\/erdstrahlen\/wp-json\/wp\/v2\/types\/product"}],"wp:featuredmedia":[{"embeddable":true,"href":"https:\/\/www.elektrosmoghilfe.com\/erdstrahlen\/wp-json\/wp\/v2\/media\/2515"}],"wp:attachment":[{"href":"https:\/\/www.elektrosmoghilfe.com\/erdstrahlen\/wp-json\/wp\/v2\/media?parent=2453"}],"wp:term":[{"taxonomy":"product_cat","embeddable":true,"href":"https:\/\/www.elektrosmoghilfe.com\/erdstrahlen\/wp-json\/wp\/v2\/product_cat?post=2453"},{"taxonomy":"product_tag","embeddable":true,"href":"https:\/\/www.elektrosmoghilfe.com\/erdstrahlen\/wp-json\/wp\/v2\/product_tag?post=2453"}],"curies":[{"name":"wp","href":"https:\/\/api.w.org\/{rel}","templated":true}]}}