{"id":1395,"date":"2017-09-16T01:35:35","date_gmt":"2017-09-16T01:35:35","guid":{"rendered":"https:\/\/www.elektrosmoghilfe.com\/erdstrahlen\/?post_type=product&#038;p=1395"},"modified":"2021-07-02T15:35:44","modified_gmt":"2021-07-02T15:35:44","slug":"hamoni-harmonisierer-in-creme","status":"publish","type":"product","link":"https:\/\/www.elektrosmoghilfe.com\/erdstrahlen\/produkt\/hamoni-harmonisierer-in-creme\/","title":{"rendered":"Hamoni\u00ae Harmonisierer in Creme"},"content":{"rendered":"<h2>Was ist der Hamoni\u00ae Harmonisierer und warum brauchen Sie ihn?<\/h2>\r\n<p class=\"anwendung\" style=\"text-align:center\">\r\n    <span class=\"emphDark fs16\">\r\nDer Hamoni\u00ae Harmonisierer ist ein hochwirksamer Schutz vor Elektrosmog und Erdstrahlung. \r\n<\/span>\r\n<span class=\"emphLight fs16\">\r\nEr wirkt rein physikalisch und unterscheidet sich dadurch wesentlich von der \u00fcberwiegenden \r\nMehrheit der Ger\u00e4te gegen Elektrosmog am Markt, die &#8222;feinstofflich&#8220;, d.h. nicht physikalisch\r\nerkl\u00e4rbar, wirken. Dies ist der Grund f\u00fcr seine hohe Beliebtheit insbes. bei elektrosensiblen\r\nMenschen, die mit dem Ger\u00e4t endlich eine L\u00f6sung f\u00fcr ihre Probleme gefunden haben.\r\n<\/span>\r\n<\/p>\r\n<p class=\"anwendung\">\r\nWir m\u00f6chten hier nur mehr die wichtigsten Ger\u00e4teeigenschaften zusammenfassend\r\nauflisten, denn wie Sie sicher schon bemerkt haben, dreht sich diese gesamte\r\nWebseite darum, das Ger\u00e4t vorzustellen und die Erfahrungen, die andere Menschen\r\ndamit gemacht haben, wiederzugeben. Wenn Sie also Details wissen wollen, dann\r\nschm\u00f6kern Sie auf dieser Webseite. Wenn danach noch Fragen offen sind, kontaktieren\r\nSie uns gerne.\r\n<\/p>\r\n<h2 class=\"dark\" style=\"margin-bottom: 12px;margin-top: 12px;\">Das Hamoni\u00ae Harmonisierer \u2013 Das Wichtigste in K\u00fcrze:<\/h2>\t \r\n        <table class=\"wichtig\">\r\n            <tbody>\r\n            <tr>\r\n                <td><i class=\"fas fa-check-square\"><\/i><\/td>\r\n                <td><span class=\"ul\">Hochwirksamer Schutz vor Elektrosmog:<\/span> Sowohl bei Hochfrequenz (Handy,\r\nWLAN etc.) als auch bei Niederfrequenz (Stromleitungen, Haushaltsger\u00e4te, Bahnstrom etc.)<br clear='none'>\r\nAlle Ger\u00e4te seit Baudatum August 2019 sind wirksam bei 5G.<\/td>\r\n            <\/tr>\t\t\t\r\n<tr>\r\n                <td><i class=\"fas fa-check-square\"><\/i><\/td>\r\n                <td><span class=\"ul\">Hochwirksamer Schutz vor Erdstrahlung:<\/span> Wasserader, Gesteinsbr\u00fcche- und Verwerfungen,\r\ndiverse Gitterbelastungen. Hinweis: &#8222;Erdstrahlung&#8220; ist der umgangssprachliche Ausdruck f\u00fcr geomagnetische St\u00f6rungen. Man\r\nverwendet daf\u00fcr auch den Ausdruck &#8222;geopathische Belastungen&#8220;.<\/td>\r\n            <\/tr>\t\t\t\r\n            <tr>\r\n                <td><i class=\"fas fa-check-square\"><\/i><\/td>\r\n                <td><span class=\"ul\">2-Komponenten-Technologie:<\/span> Elektronische und\r\nfestk\u00f6rperphysikalische Komponente. Rein physikalisch wirksam, durch die Theorie des Elektromagnetismus\r\nerkl\u00e4rbar, wie sie im Prinzip seit mittlerweile schon 120 Jahren bekannt ist. Keine esoterischen Erkl\u00e4rungen notwendig.<\/td>\r\n            <\/tr>\r\n            <tr>\r\n                <td><i class=\"fas fa-check-square\"><\/i><\/td>\r\n                <td><span class=\"ul\">Forschungsteam:<\/span> Wissenschaftler, Ingenieure und\r\nExperten mit mittlerweile mehr als 10 Jahren Praxiserfahrung auf dem Gebiet Elektrosmog und geopathische Belastungen.<\/td>\r\n            <\/tr>\r\n\t\t\t<tr>\r\n                <td><i class=\"fas fa-check-square\"><\/i><\/td>\r\n                <td><span class=\"ul\">Erfahrungsberichte belegen:<\/span> Hilfe bei diversen, teils\r\nschweren und chronischen Erkrankungen.<\/td>\r\n            <\/tr>\r\n            <tr>\r\n                <td><i class=\"fas fa-check-square\"><\/i><\/td>\r\n                <td><span class=\"ul\">Herzfrequenz-Test erbringt Nachweis:<\/span> Dauerstress\r\nwird bei allen Probanden stark reduziert.<\/td>\r\n            <\/tr>\r\n            <tr>\r\n                <td><i class=\"fas fa-check-square\"><\/i><\/td>\r\n                <td><span class=\"ul\">Tests durch Heilpraktiker und Baubiologen<\/span> belegen hohe positive Wirkung.<\/td>\r\n            <\/tr>\r\n            <tr>\r\n                <td><i class=\"fas fa-check-square\"><\/i><\/td>\r\n                <td><span class=\"ul\">Nur ein Ger\u00e4t notwendig:<\/span> Sch\u00fctzt auch gro\u00dfe H\u00e4user bis 500 m2.<\/td>\r\n            <\/tr>\r\n            <tr>\r\n                <td><i class=\"fas fa-check-square\"><\/i><\/td>\r\n                <td><span class=\"ul\">Energieversorgung:<\/span> Keine Batterien bzw. Stromanschluss n\u00f6tig. Ger\u00e4t versorgt sich\r\nselbst durch elektromagnetisches \u201eEnergy Harvesting\u201c. Es ist daher sofort wirksam, sobald der letzte L\u00f6tpunkt in der Produktion\r\ngesetzt wurde.<\/td>\r\n            <\/tr>\r\n            <tr>\r\n                <td><i class=\"fas fa-check-square\"><\/i><\/td>\r\n                <td><span class=\"ul\">Wartung und Lebensdauer:<\/span> Wartungsfrei und sehr langlebig. Die Urversion des Ger\u00e4ts ist\r\nbei Kunden schon seit den fr\u00fchen 1980er-Jahren noch immer im Einsatz. Im Prinzip nur\r\ndurch Wassereintritt oder starke mechanische Besch\u00e4digung zest\u00f6rbar.<\/td>\r\n            <\/tr>\r\n            <tr>\r\n                <td><i class=\"fas fa-check-square\"><\/i><\/td>\r\n                <td><span class=\"ul\">Abmessungen und Gewicht:<\/span> Sehr kompakte Bauform: 11&nbsp;cm&nbsp;x&nbsp;6&nbsp;cm&nbsp;x&nbsp;3&nbsp;cm. Stellen Sie sich\r\n5 \u00fcbereinander gestapelte Handys vor, um einen Eindruck von der Gr\u00f6\u00dfe zu bekommen. Gewicht: nur ca. 100g.<\/td>\r\n            <\/tr>\r\n<\/tbody>\r\n        <\/table>","protected":false},"excerpt":{"rendered":"Was ist der Hamoni\u00ae Harmonisierer und warum brauchen Sie ihn? [&hellip;]","protected":false},"featured_media":1397,"template":"","meta":[],"product_cat":[22,19],"product_tag":[],"_links":{"self":[{"href":"https:\/\/www.elektrosmoghilfe.com\/erdstrahlen\/wp-json\/wp\/v2\/product\/1395"}],"collection":[{"href":"https:\/\/www.elektrosmoghilfe.com\/erdstrahlen\/wp-json\/wp\/v2\/product"}],"about":[{"href":"https:\/\/www.elektrosmoghilfe.com\/erdstrahlen\/wp-json\/wp\/v2\/types\/product"}],"wp:featuredmedia":[{"embeddable":true,"href":"https:\/\/www.elektrosmoghilfe.com\/erdstrahlen\/wp-json\/wp\/v2\/media\/1397"}],"wp:attachment":[{"href":"https:\/\/www.elektrosmoghilfe.com\/erdstrahlen\/wp-json\/wp\/v2\/media?parent=1395"}],"wp:term":[{"taxonomy":"product_cat","embeddable":true,"href":"https:\/\/www.elektrosmoghilfe.com\/erdstrahlen\/wp-json\/wp\/v2\/product_cat?post=1395"},{"taxonomy":"product_tag","embeddable":true,"href":"https:\/\/www.elektrosmoghilfe.com\/erdstrahlen\/wp-json\/wp\/v2\/product_tag?post=1395"}],"curies":[{"name":"wp","href":"https:\/\/api.w.org\/{rel}","templated":true}]}}