{"id":937,"date":"2016-09-01T21:32:55","date_gmt":"2016-09-01T21:32:55","guid":{"rendered":"https:\/\/www.elektrosmoghilfe.com\/erdstrahlen\/?page_id=937"},"modified":"2017-10-20T02:28:06","modified_gmt":"2017-10-20T02:28:06","slug":"wirkung-auf-tiere","status":"publish","type":"page","link":"https:\/\/www.elektrosmoghilfe.com\/erdstrahlen\/wirkung-auf-tiere\/","title":{"rendered":"Wirkung auf Tiere"},"content":{"rendered":"<div class=\"fusion-fullwidth fullwidth-box fusion-builder-row-1 nonhundred-percent-fullwidth non-hundred-percent-height-scrolling\" style=\"background-color: rgba(255,255,255,0);background-position: left top;background-repeat: no-repeat;padding-top:0px;padding-right:0px;padding-bottom:0px;padding-left:0px;margin-bottom: 0px;margin-top: 0px;border-width: 0px 0px 0px 0px;border-color:#eae9e9;border-style:solid;\" ><div class=\"fusion-builder-row fusion-row\">\r\n<div class=\"fusion-layout-column fusion_builder_column fusion-builder-column-0 fusion_builder_column_2_3 2_3 fusion-two-third fusion-column-first threefifth1\" style=\"width:65.3333%; margin-right: 4%;margin-top:0px;margin-bottom:0px;\" id=\"columnMain\"><div class=\"fusion-column-wrapper fusion-flex-column-wrapper-legacy\" style=\"background-position:left top;background-repeat:no-repeat;-webkit-background-size:cover;-moz-background-size:cover;-o-background-size:cover;background-size:cover;padding: 0px 0px 0px 0px;\">\r\n\r\n<h1 class=\"subpage\">Der Hamoni\u00ae Harmonisierer wirkt<br clear='none'>\r\n    <span class=\"h1SubTitle\">Nicht nur bei Menschen, sondern auch bei Tieren*<\/span><\/h1>\r\n\r\n<p class=\"anwendung fs16 sum\">\r\n<span class=\"emphDark\">\r\nDass nicht nur Menschen, sondern auch Tiere stark von Elektrosmog und Erdstrahlung beeinflu\u00dft werden, ist schon lange bekannt. Tiere tun instinktiv das Richtige und sind sozusagen ein wunderbarer Strahlenindikator: Die gro\u00dfe Mehrzahl von Ihnen meidet ganz automatisch strahlenbelastete Orte (prominente Ausnahme: Ameisen). Ein sehr sch\u00f6ner Nachweis der Wirksamkeit des Harmonisierers sind daher R\u00fcckmeldungen von Kunden, die uns vom ver\u00e4nderten Verhalten ihrer Tiere nach Aufstellen des Harmonisierers berichten.\r\n<\/span>\r\n<\/p>\r\n\r\n<h2>1) Hunde<\/h2>\r\n\r\n<p class=\"anwendung fs16\" style=\"text-align:center\">\r\n<span class=\"emphDark\">\r\nErfahrungsbericht von Frau R.B., Kundin aus M\u00f6nchengladbach, 14.6.2014*\r\n<\/span>\r\n<\/p>\r\n\r\n<a class=\"fusion-modal-text-link\" data-toggle=\"modal\" data-target=\".fusion-modal.modal08\" href=\"#\">\r\n<p class=\"anwendung emphDark fs16\" style=\"text-align:center;\">\r\n    <img src=\"https:\/\/www.elektrosmoghilfe.com\/erdstrahlen\/wp-content\/uploads\/images\/feedback_hund.png\" style=\"\">\r\n<\/p>\r\n<\/a>\r\n<div class=\"fusion-modal modal fade modal-1 modal08\" tabindex=\"-1\" role=\"dialog\" aria-labelledby=\"modal-heading-1\" aria-hidden=\"true\"><style type=\"text\/css\">.modal-1 .modal-header, .modal-1 .modal-footer{border-color:#ebebeb;}<\/style><div class=\"modal-dialog modal-lg\" role=\"document\"><div class=\"modal-content fusion-modal-content\" style=\"background-color:#ffffff\"><div class=\"modal-header\"><button class=\"close\" type=\"button\" data-dismiss=\"modal\" aria-hidden=\"true\" aria-label=\"Close\">&times;<\/button><h3 class=\"modal-title\" id=\"modal-heading-1\" data-dismiss=\"modal\" aria-hidden=\"true\">Erfahrungsbericht von Frau R.B. (Originale Email)<\/h3><\/div><div class=\"modal-body fusion-clearfix\">\r\n<img src=\"https:\/\/www.elektrosmoghilfe.com\/erdstrahlen\/wp-content\/uploads\/images\/feedback_hund.png\">\r\n<\/div><\/div><\/div><\/div>\r\n\r\n<p class=\"anwendung\" style=\"text-align:center\">\r\nBitte lesen Sie zum Thema Wirkung bei Hunden auch\r\n<a href=\"https:\/\/www.elektrosmoghilfe.com\/erdstrahlen\/interview-mit-einem-anwender\/\">\r\n<i>\r\nden Erfahrungsbericht von Walter Voitic.\r\n<\/i>\r\n<\/a>\r\n<\/p>\r\n\r\n<h2 style=\"margin-top:30px;\">2) V\u00f6gel<\/h2>\r\n\r\n<p class=\"anwendung fs16\" style=\"text-align:center\">\r\n<span class=\"emphDark\">\r\nvon Frau C.G., Kundin aus dem Burgenland, 10.5.2014*\r\n<\/span>\r\n<\/p>\r\n\r\n<a class=\"fusion-modal-text-link\" data-toggle=\"modal\" data-target=\".fusion-modal.modal08\" href=\"#\">\r\n<p class=\"anwendung emphDark fs16\" style=\"text-align:center;\">\r\n    <img src=\"https:\/\/www.elektrosmoghilfe.com\/erdstrahlen\/wp-content\/uploads\/images\/feedback_schwalben.png\" style=\"\">\r\n<\/p>\r\n<\/a>\r\n<div class=\"fusion-modal modal fade modal-2 modal08\" tabindex=\"-1\" role=\"dialog\" aria-labelledby=\"modal-heading-2\" aria-hidden=\"true\"><style type=\"text\/css\">.modal-2 .modal-header, .modal-2 .modal-footer{border-color:#ebebeb;}<\/style><div class=\"modal-dialog modal-lg\" role=\"document\"><div class=\"modal-content fusion-modal-content\" style=\"background-color:#ffffff\"><div class=\"modal-header\"><button class=\"close\" type=\"button\" data-dismiss=\"modal\" aria-hidden=\"true\" aria-label=\"Close\">&times;<\/button><h3 class=\"modal-title\" id=\"modal-heading-2\" data-dismiss=\"modal\" aria-hidden=\"true\">Erfahrungsbericht von Frau C.G. (Originale Email)<\/h3><\/div><div class=\"modal-body fusion-clearfix\">\r\n<img src=\"https:\/\/www.elektrosmoghilfe.com\/erdstrahlen\/wp-content\/uploads\/images\/feedback_schwalben.png\">\r\n<\/div><\/div><\/div><\/div>\r\n\r\n<p class=\"anwendung\" style=\"\">\r\n<span class=\"emphDark fs16\">Wu\u00dften Sie?<\/span>\r\nWeil St\u00f6rche bevorzugt an Orten mit niedriger Strahlenbelastung nisten, hat sich die Legende gebildet, dass \u201cder Storch die Kinder bringt\u201d. Strahlenbelastung f\u00fchrt n\u00e4mlich oft zu Unfruchtbarkeit. H\u00e4user mit St\u00f6rchen darauf sind daher kaum von Kinderlosigkeit betroffen.\r\n<\/p>\r\n\r\n<h2 style=\"margin-top:30px;\">3) Ameisen<\/h2>\r\n\r\n<p class=\"anwendung fs16\" style=\"text-align:center\">\r\n<span class=\"emphDark\">\r\nvon Frau E.K., Kundin aus 12527 Berlin, 14.3.2014*\r\n<\/span>\r\n<\/p>\r\n\r\n<a class=\"fusion-modal-text-link\" data-toggle=\"modal\" data-target=\".fusion-modal.modal08\" href=\"#\">\r\n<p class=\"anwendung emphDark fs16\" style=\"text-align:center;\">\r\n    <img src=\"https:\/\/www.elektrosmoghilfe.com\/erdstrahlen\/wp-content\/uploads\/images\/feedback_ameisen.jpg\" style=\"\">\r\n<\/p>\r\n<\/a>\r\n<div class=\"fusion-modal modal fade modal-3 modal08\" tabindex=\"-1\" role=\"dialog\" aria-labelledby=\"modal-heading-3\" aria-hidden=\"true\"><style type=\"text\/css\">.modal-3 .modal-header, .modal-3 .modal-footer{border-color:#ebebeb;}<\/style><div class=\"modal-dialog modal-lg\" role=\"document\"><div class=\"modal-content fusion-modal-content\" style=\"background-color:#ffffff\"><div class=\"modal-header\"><button class=\"close\" type=\"button\" data-dismiss=\"modal\" aria-hidden=\"true\" aria-label=\"Close\">&times;<\/button><h3 class=\"modal-title\" id=\"modal-heading-3\" data-dismiss=\"modal\" aria-hidden=\"true\">Erfahrungsbericht von Frau E.K. (Originale Email)<\/h3><\/div><div class=\"modal-body fusion-clearfix\">\r\n<img src=\"https:\/\/www.elektrosmoghilfe.com\/erdstrahlen\/wp-content\/uploads\/images\/feedback_ameisen.jpg\">\r\n<\/div><\/div><\/div><\/div>\r\n\r\n<p class=\"anwendung\" style=\"text-align:center\">\r\nWir zitieren hier aus einem Erfahrungsbericht,\r\n<a href=\"https:\/\/www.elektrosmoghilfe.com\/erdstrahlen\/der-hamoni-harmonisierer-steigert-sowohl-den-naehr-und-vitalstoffgehalt-der-zellen-als-auch-den-melatoningehalt-deutlich\/\">\r\n<i>\r\nden Sie in voller L\u00e4nge hier lesen k\u00f6nnen.\r\n<\/i>\r\n<\/a>\r\n<\/p>\r\n\r\n<p class=\"anwendung\">\r\n<span class=\"emphDark fs16\">Wu\u00dften Sie?<\/span>\r\nVor \u00fcber 100 Jahren war es am Land \u00fcblich, Ameisen zu verwenden, um einen Baugrund als gut oder schlecht zu beurteilen. Ein Ameisenhaufen wurde aus dem Wald auf den zu testenden Baugrund transferiert. Blieben die Ameisen am Baugrund, war es ein schlechtes, weil strahlenbelastetes, St\u00fcck Land (Ameisen sind Strahlensucher, siehe links). Fl\u00fcchteten die Ameisen jedoch, so war es ein guter, weil strahlenfreier Baugrund.\r\n<\/p>\r\n<p class=\"anwendung indent2\">\r\nMan besinnt sich heute im l\u00e4ndlichen Raum zunehmend wieder dieser schon fast vergessenen Tradition.\r\nZumindest setzt man die Ameisen manchmal als schnelle &#8222;Erstkontrolle&#8220; eines potentiellen Baugrunds ein.\r\nFl\u00fcchten die Ameisen vom Grund, ist das ein erstes gutes Zeichen. Zur Sicherheit l\u00e4sst man dann aber im\r\nDetail noch einen &#8222;menschlichen Rutengeher&#8220; das Grundst\u00fcck analysieren. Die Kosten f\u00fcr ihn sind im Vergleich\r\nzum Grundpreis l\u00e4cherlich gering. Ein Wort zur Achtsamkeit: Ameisen stehen vielerorts unter Naturschutz, und\r\nein Verfrachten eines ganzen Ameisenhaufens auf einen Baugrund zu Testzwecken ist gesetzlich verboten.\r\n<\/p>\r\n<p class=\"anwendung indent2\">\r\nWie so oft werden diese oft bel\u00e4chelten alten Volksweisheiten erst viel sp\u00e4ter von der Wissenschaft\r\nbest\u00e4tigt. So auch bei den Ameisen. Erst im Jahr 2015 erschien ein Artikel dazu in der renommierten\r\nakademischen Fachzeitschrift &#8222;Bioelectromagnetics&#8220;. Wir lesen sie regelm\u00e4\u00dfig und empfehlen sie auch \r\nunter dem Abschnitt &#8222;Weiterf\u00fchrende Literatur&#8220; auf dieser Webseite. Die Forscher haben gefunden, dass\r\nsich Ameisen als ideale sog. <i>Bioindikatoren<\/i> f\u00fcr Elektrosmogbelastung eignen. \r\n<\/p>\r\n\r\n<p class=\"anwendung\" style=\"text-align:center\">\r\n<span class=\"emphDark fs16\">Ist der Harmonisierer nun ein Ger\u00e4t, das umweltfreundlich \u00fcberall Ameisen vertreibt?<\/span>\r\n<\/p>\r\n<p class=\"anwendung\">\r\nLeider nicht immer. Das hat damit zu tun, dass Ameisen zwar strahlenbelastete Orte m\u00f6gen, sie aber auch ein hinreichendes Nahrungsangebot ben\u00f6tigen. Sie verlassen daher einen \u201eharmonisierten\u201c Ort nur dann, wenn sie auch in der N\u00e4he ein vergleichbares Nahrungsangebot (z.B. Speisekammer, Komposthaufen etc.) vorfinden. Denken Sie einfach an sich selbst: Bevor Sie verhungern, sind Sie auch bereit, so manche Unannehmlichkeit in Kauf zu nehmen.\r\n<\/p>\r\n\r\n<div class=\"fusion-clearfix\"><\/div><\/div><\/div>\r\n<div class=\"fusion-layout-column fusion_builder_column fusion-builder-column-1 fusion_builder_column_1_3 1_3 fusion-one-third fusion-column-last twofifth1\" style=\"width:30.6666%;margin-top:0px;margin-bottom:0px;\" id=\"columnSide\"><div class=\"fusion-column-wrapper fusion-flex-column-wrapper-legacy\" style=\"background-position:left\r\ntop;background-repeat:no-repeat;-webkit-background-size:cover;-moz-background-size:cover;-o-background-size:cover;background-size:cover;padding: 0px 0px 0px 0px;\">\r\n\r\n<p class=\"emphDark fs16\" style=\"text-align:center;line-height: 19px;margin-bottom: 0px;\">\r\n\u201eIch bin froh, dass es das Ger\u00e4t gibt. Bevor es zum Einsatz kam, hat mein kleiner Hund beispielsweise das\r\nWohnzimmer gemieden. Inzwischen schl\u00e4ft er dort stundenlang.\u201c\r\n<\/p>\r\n\r\n<p class=\"emphLight fs16\" style=\"text-align:center;margin-bottom: 12px;\">\r\n    Frau&nbsp;R.B.\r\n<\/p>\r\n\r\n<p class=\"emphLight fs14\" style=\"text-align:center;line-height:14px;\">Erfahrungsbericht als pdf-Datei:<br clear='none'>\r\n<a href=\"https:\/\/www.elektrosmoghilfe.com\/erdstrahlen\/wp-content\/uploads\/documents\/hamoni_broschuere_erfahrungsbericht_tiere.pdf\">\r\n    <img class=\"img_pdf\" style=\"margin-top:0px;margin-bottom:24px\" \r\n         src=\"https:\/\/www.elektrosmoghilfe.com\/erdstrahlen\/wp-content\/uploads\/images\/hamoni_broschuere_erfahrungsbericht_tiere.jpg\">\r\n<\/a>\r\n<\/p>\r\n\r\n<img style=\"margin-top: 0px;\" class=\"sidebar\"\r\n     src=\"https:\/\/www.elektrosmoghilfe.com\/erdstrahlen\/wp-content\/uploads\/images\/hund_gibt_pfote.jpg\"\r\n     alt=\"Ein Hund gibt Pfote\">\r\n\r\n<p class=\"imgDescr\">\r\n<span class=\"emphDark fs14\">\r\nHunde sind, wie die meisten S\u00e4ugetiere und der Mensch, sog. Strahlenfl\u00fcchter.\r\n<\/span> \r\nSie f\u00fchlen sich an strahlenbelasteten Pl\u00e4tzen unwohl und versuchen, \r\nsie zu meiden. Wenn der Harmonisierer wirksam ist, sollten Hunde Pl\u00e4tze, die sie \r\nvorher wegen der Strahlenbelastung gemieden haben, nun wieder aufsuchen.\r\n<\/p>\r\n<p class=\"imgDescr\">\r\n<span class=\"emphLight fs14\">\r\nGenau davon haben uns unsere Kunden berichtet.\r\n<\/span> \r\n<\/p>\r\n\r\n<img style=\"margin-top: 24px\" class=\"sidebar\"\r\n     src=\"https:\/\/www.elektrosmoghilfe.com\/erdstrahlen\/wp-content\/uploads\/images\/rauchschwalbenmama_nest.jpg\"\r\n     alt=\"Schwalbenmama f\u00fcttert Rauchschwalbenkinder\">\r\n\r\n<p class=\"imgDescr\">\r\n<span class=\"emphDark fs14\">\r\nRauchschwalbenkinder<\/span>\r\nwerden gef\u00fcttert.\r\n<\/p>\r\n\r\n<img style=\"margin-top: 24px;\" class=\"sidebar\"\r\n     src=\"https:\/\/www.elektrosmoghilfe.com\/erdstrahlen\/wp-content\/uploads\/images\/rauchschwalbenmama_portrait.jpg\"\r\n     alt=\"Schwalbenmama\">\r\n\r\n<p class=\"imgDescr\">\r\n<span class=\"emphDark fs14\">\r\nDie Schwalbenmama<\/span>\r\nim Portrait.\r\nV\u00f6gel sind ebenfalls Strahlenfl\u00fcchter. Wie auch bei Hunden haben uns Kunden von Tieren berichtet, die nach Aufstellen des Harmonisierers auf einmal an Orte zur\u00fcckgekommen sind, die sie vorher gemieden haben. \r\n<\/p>\r\n\r\n<img style=\"margin-top: 24px;\" class=\"sidebar\"\r\n     src=\"https:\/\/www.elektrosmoghilfe.com\/erdstrahlen\/wp-content\/uploads\/images\/ameise.jpg\"\r\n     alt=\"Eine Ameise\">\r\n\r\n<p class=\"imgDescr\">\r\n<span class=\"emphDark fs14\">\r\nAmeisen hingegen sind Strahlensucher.<\/span>\r\nSie f\u00fchlen sich an strahlenbelasteten Orten so richtig wohl. Wenn der Harmonisierer wirksam ist, sollten Ameisen beginnen, das Wirkgebiet des Harmonisierers zu meiden.\r\n<\/p>\r\n<p class=\"imgDescr\">\r\n<span class=\"emphLight fs14\">\r\nUnd auch davon haben uns Kunden berichtet. \r\n<\/span> \r\n<\/p>\r\n\r\n<div class=\"fusion-clearfix\"><\/div><\/div><\/div><\/div><\/div>","protected":false},"excerpt":{"rendered":"","protected":false},"author":1,"featured_media":0,"parent":0,"menu_order":0,"comment_status":"closed","ping_status":"closed","template":"","meta":[],"_links":{"self":[{"href":"https:\/\/www.elektrosmoghilfe.com\/erdstrahlen\/wp-json\/wp\/v2\/pages\/937"}],"collection":[{"href":"https:\/\/www.elektrosmoghilfe.com\/erdstrahlen\/wp-json\/wp\/v2\/pages"}],"about":[{"href":"https:\/\/www.elektrosmoghilfe.com\/erdstrahlen\/wp-json\/wp\/v2\/types\/page"}],"author":[{"embeddable":true,"href":"https:\/\/www.elektrosmoghilfe.com\/erdstrahlen\/wp-json\/wp\/v2\/users\/1"}],"replies":[{"embeddable":true,"href":"https:\/\/www.elektrosmoghilfe.com\/erdstrahlen\/wp-json\/wp\/v2\/comments?post=937"}],"version-history":[{"count":3,"href":"https:\/\/www.elektrosmoghilfe.com\/erdstrahlen\/wp-json\/wp\/v2\/pages\/937\/revisions"}],"predecessor-version":[{"id":1716,"href":"https:\/\/www.elektrosmoghilfe.com\/erdstrahlen\/wp-json\/wp\/v2\/pages\/937\/revisions\/1716"}],"wp:attachment":[{"href":"https:\/\/www.elektrosmoghilfe.com\/erdstrahlen\/wp-json\/wp\/v2\/media?parent=937"}],"curies":[{"name":"wp","href":"https:\/\/api.w.org\/{rel}","templated":true}]}}