{"id":936,"date":"2016-09-01T21:32:45","date_gmt":"2016-09-01T21:32:45","guid":{"rendered":"https:\/\/www.elektrosmoghilfe.com\/erdstrahlen\/?page_id=936"},"modified":"2017-09-15T22:58:20","modified_gmt":"2017-09-15T22:58:20","slug":"tschernobyl-geschaedigter-schilddruesenpatient-schlaeft-ohne-medikamente","status":"publish","type":"page","link":"https:\/\/www.elektrosmoghilfe.com\/erdstrahlen\/tschernobyl-geschaedigter-schilddruesenpatient-schlaeft-ohne-medikamente\/","title":{"rendered":"Tschernobyl-gesch\u00e4digter Schilddr\u00fcsenpatient schl\u00e4ft ohne Medikamente"},"content":{"rendered":"<div class=\"fusion-fullwidth fullwidth-box fusion-builder-row-1 nonhundred-percent-fullwidth non-hundred-percent-height-scrolling\" style=\"background-color: rgba(255,255,255,0);background-position: left top;background-repeat: no-repeat;padding-top:0px;padding-right:0px;padding-bottom:0px;padding-left:0px;margin-bottom: 0px;margin-top: 0px;border-width: 0px 0px 0px 0px;border-color:#eae9e9;border-style:solid;\" ><div class=\"fusion-builder-row fusion-row\">\n<div class=\"fusion-layout-column fusion_builder_column fusion-builder-column-0 fusion_builder_column_2_3 2_3 fusion-two-third fusion-column-first threefifth1\" style=\"width:65.3333%; margin-right: 4%;margin-top:0px;margin-bottom:0px;\" id=\"columnMain\"><div class=\"fusion-column-wrapper fusion-flex-column-wrapper-legacy\" style=\"background-position:left top;background-repeat:no-repeat;-webkit-background-size:cover;-moz-background-size:cover;-o-background-size:cover;background-size:cover;padding: 0px 0px 0px 0px;\">\n\n<h1 class=\"subpage\">Tschernobyl-gesch\u00e4digter Schilddr\u00fcsenpatient kann dank Harmonisierer ohne Medikamente schlafen. Alle Beschwerden ab\n                1. Tag der Inbetriebnahme verschwunden*<br clear='none'>\n    <span class=\"h1SubTitle\">Herr L.M.D. aus Ungarn (nahe Szombathely)<\/span><\/h1>\n\n<p class=\"anwendung fs16 sum\">\n<span class=\"emphDark\">\nIn der Woche nach Ostern 2015 erhielten wir in perfektem Deutsch eine sehr erfreuliche R\u00fcckmeldung eines Kunden aus Ungarn. Herr L.M.D. hatte wenige Tage nach dem\n                Kauf eines Harmonisierers schon ein weiteres Ger\u00e4t bestellt. Den Grund daf\u00fcr erfahren Sie hier.\n<\/span>\n<\/p>\n\n<p class=\"anwendung report report2 indent2\">\n&#8222;\u00dcbrigens: Wir kaufen bereits innerhalb von einer Woche schon das zweite Ger\u00e4t nicht ohne Grund.\n                ALLE Beschwerden, die anscheinend eindeutig auf Elektrosmog und Erdstrahlung im fr\u00fcheren\n                zur\u00fcckzuf\u00fchren sind, waren schlicht und einfach ab dem ersten Tag der Inbetriebnahme des Hamoni Harmonisierers weg!!!\n<\/p>\n\n<p class=\"anwendung report report2 indent2\">\nDas hei\u00dft: Puls um 60\/Minute, Tiefschlaf bis in der Fr\u00fch, keine Schlafst\u00f6rungen mehr, \n                Ich nahm selber seit 15 Jahren wegen meiner Schilddr\u00fcse (Tschernobyl-besch\u00e4digt)\n                Beloc 25mg tabletten f\u00fcr die Nacht ein, damit der Puls sich beruhigen kann zum schlafen.\n                Ich brauche seit dem Aufstellen Ihres Ger\u00e4ts kein Medikament mehr!!!\n                Schlafe wie ein B\u00e4r.\n<\/p>\n\n<p class=\"anwendung report report2 indent2\">\nDer kleine, unscheinbare Kasten tut seine Arbeit fantastisch und beeindruckend!\n                Wir w\u00fcnschen den anderen betroffenen gen\u00fcgend Mut und Entschlossenheit, \n                das Ger\u00e4t zu kaufen und genauso viel Erfolg und Wirkung zu sp\u00fcren, wie wir.\n<\/p>\n\n<p class=\"anwendung report report2 \">\nHerzliche Gr\u00fc\u00dfe!<br \/>\n                Herr L.M.&#8220;\n<\/p>\n\n<h2>Unsere Anmerkungen<\/h2>\n\n<p class=\"anwendung\">\n<span class=\"emphDark fs16\">\nWichtiger Hinweis zu Medikamenten:\n<\/span>\nSie lesen in den Erfahrungsberichten unserer Kunden immer wieder mal davon, dass deren Beschwerden sich so\n                  gebessert haben, dass sie auf Medikamente verzichten konnten. Wir weisen hier noch einmal eindr\u00fccklich darauf hin: Der Hamoni\u00ae Harmonisierer ist kein Medizinprodukt, verspricht keine Heilung und kann einen Besuch bei Ihrem behandelnden Arzt in keinem Fall ersetzen!\n                  So sehr wir uns \u00fcber positive Kundenr\u00fcckmeldungen freuen: \u00c4ndern Sie niemals selbst Ihre Medikamention ohne vorherige\n                  Konsultation mit Ihrem Arzt!\n<\/p>\n\n<p class=\"anwendung\">\n<span class=\"emphDark fs16\">\nWichtiger Hinweis zu Radioaktiver Strahlung:\n<\/span>\nUns erreicht manchmal die Frage, ob der Harmonisierer auch gegen radioaktive Strahlung wirke. Dies tut er nat\u00fcrlich nicht.\n                  Der Harmonisierer wirkt sehr gut gegen Erdstrahlung und Elektrosmog (d.h. elektromagnetische Strahlung mit deutlich\n                  niederenergetischeren Photonen als z.B. bei radioaktiver Gamma-Strahlung). Gegen radioaktive Strahlung \n                  (Alpha-, Beta-, Gamma-Strahlung) ist der Harmonisierer v\u00f6llig wirkungslos. \n<\/p>\n<p class=\"anwendung indent2 subs\">\nDie Sch\u00e4digung der Schilddr\u00fcse von Herrn L.M.D.\n                  geschah beim Reaktorungl\u00fcck von Tschernobyl durch radioaktive Strahlung. Diese Grundsch\u00e4digung kann vom Harmonisierer nicht\n                  r\u00fcckg\u00e4ngig gemacht werden. Was der H. aber sehr wohl leisten kann, ist die Folgeerscheinungen dieser Sch\u00e4digung zu verbessern,\n                  so wie es der Kunde in seiner email beschreibt. Denn diese als Folge der Grundsch\u00e4digung auftretenden gesundheitlichen Probleme\n                  (Blutdruck-Probleme, Schlafst\u00f6rungen, etc.) werden sehr wohl durch Umweltstress wie Elektrosmog und Erdstrahlung stark beeinflusst.\n                  Dies hei\u00dft aber nat\u00fcrlich nicht, dass das Ger\u00e4t gegen radioaktive Strahlung wirksam w\u00e4re.\n<\/p>\n\n\n\n<a class=\"fusion-modal-text-link\" data-toggle=\"modal\" data-target=\".fusion-modal.modal08\" href=\"#\">\n<p class=\"anwendung emphDark fs16\" style=\"text-align:center;\">\n    Erfahrungsbericht von Herrn L.M.D. (Originale Email)\n    <img src=\"https:\/\/www.elektrosmoghilfe.com\/erdstrahlen\/wp-content\/uploads\/images\/erfahrungsbericht_l_m_large.png\" style=\"\">\n<\/p>\n<\/a>\n<div class=\"fusion-modal modal fade modal-1 modal08\" tabindex=\"-1\" role=\"dialog\" aria-labelledby=\"modal-heading-1\" aria-hidden=\"true\"><style type=\"text\/css\">.modal-1 .modal-header, .modal-1 .modal-footer{border-color:#ebebeb;}<\/style><div class=\"modal-dialog modal-lg\" role=\"document\"><div class=\"modal-content fusion-modal-content\" style=\"background-color:#ffffff\"><div class=\"modal-header\"><button class=\"close\" type=\"button\" data-dismiss=\"modal\" aria-hidden=\"true\" aria-label=\"Close\">&times;<\/button><h3 class=\"modal-title\" id=\"modal-heading-1\" data-dismiss=\"modal\" aria-hidden=\"true\">Erfahrungsbericht von Herrn L.M.D. (Originale Email)<\/h3><\/div><div class=\"modal-body fusion-clearfix\">\n<img src=\"https:\/\/www.elektrosmoghilfe.com\/erdstrahlen\/wp-content\/uploads\/images\/erfahrungsbericht_l_m_large.png\">\n<\/div><\/div><\/div><\/div>\n\n<div class=\"fusion-clearfix\"><\/div><\/div><\/div>\n<div class=\"fusion-layout-column fusion_builder_column fusion-builder-column-1 fusion_builder_column_1_3 1_3 fusion-one-third fusion-column-last twofifth1\" style=\"width:30.6666%;margin-top:0px;margin-bottom:0px;\" id=\"columnSide\"><div class=\"fusion-column-wrapper fusion-flex-column-wrapper-legacy\" style=\"background-position:left\ntop;background-repeat:no-repeat;-webkit-background-size:cover;-moz-background-size:cover;-o-background-size:cover;background-size:cover;padding: 0px 0px 0px 0px;\">\n\n<p class=\"emphDark fs16\" style=\"text-align:center;line-height: 19px;margin-bottom: 0px;\">\n\u201eIch nahm selber seit 15 Jahren wegen meiner Schilddr\u00fcse (Tschernobyl-besch\u00e4digt) Beloc 25mg Tabletten f\u00fcr die Nacht ein, damit der Puls sich beruhigen kann zum Schlafen. Ich brauche seit dem Aufstellen Ihres Ger\u00e4ts kein Medikament mehr!\u201c \n<\/p>\n\n<p class=\"emphLight fs16\" style=\"text-align:center;margin-bottom: 12px;\">\n    Herr&nbsp;L.M.D.\n<\/p>\n\n<p class=\"emphLight fs14\" style=\"text-align:center;line-height:14px;\">Erfahrungsbericht als pdf-Datei:<br clear='none'>\n<a href=\"https:\/\/www.elektrosmoghilfe.com\/erdstrahlen\/wp-content\/uploads\/documents\/hamoni_broschuere_erfahrungsbericht_tschernobyl_opfer.pdf\">\n    <img class=\"img_pdf\" style=\"margin-top:0px;margin-bottom:24px\" \n         src=\"https:\/\/www.elektrosmoghilfe.com\/erdstrahlen\/wp-content\/uploads\/images\/hamoni_broschuere_erfahrungsbericht_tschernobyl_opfer.jpg\">\n<\/a>\n<\/p>\n\n<img class=\"sidebar\"\n     src=\"https:\/\/www.elektrosmoghilfe.com\/erdstrahlen\/wp-content\/uploads\/images\/tschernobyl.jpg\"\n     alt=\"Zerst\u00f6rter Reaktorblock von Tschernobyl\">\n\n<p class=\"imgDescr\">\n<span class=\"emphDark fs14\">\nDer zerst\u00f6rte Reaktorblock von Tschernobyl<\/span>\nmit Schutzsarkophag aus Beton. Am 26.4.1986 kam es zur Kernschmelze und Explosion des Reaktorkerns von Block 4. Bei der schwersten radioaktiven Katastrophe, die bislang je in Europa stattfand, wurden 7t hochradioaktiver Stoffe in die Umwelt freigesetzt. Die Radionuklide kontaminierten durch Wind und Regen ganz Europa. Verschiedene Regionen waren je nach Wetterlage unterschiedlich stark betroffen.\n<\/p>\n<p class=\"imgDescr indent2\">\nDas freigesetzte C\u00e4sium-137 wird sich wegen seiner langen Halbwertszeit von 31 Jahren z.B. in der Milch mitteleurop\u00e4ischer K\u00fche noch in hunderten von Jahren nachweisen lassen. Gesundheitlich besonders problematisch ist das freigesetzte Jod-131, weil dieses sich in der Schilddr\u00fcse stark anreichert und zu Strahlensch\u00e4den f\u00fchrt. Die Folgesch\u00e4den davon waren z.B. auch f\u00fcr die gesundheitlichen Probleme von Herrn L.M.D. verantwortlich.\n<\/p>\n\n\n<img class=\"sidebar\"\n     src=\"https:\/\/www.elektrosmoghilfe.com\/erdstrahlen\/wp-content\/uploads\/images\/schilddruese_small.jpg\"\n     alt=\"Lage der Schilddr\u00fcse unterhalb des Kehlkopfs\">\n\n<p class=\"imgDescr\">\n<span class=\"emphDark fs14\">\nDie Schilddr\u00fcse<\/span>\nliegt unterhalb des Kehlkopfs. Sie speichert Jod, das sie zur Produktion der Schilddr\u00fcsenhormone braucht. Dabei ist es ihr egal, ob es sich um radioaktives Jod handelt oder nicht. Im Falle der Reaktorkatastrophe von Tschernobyl hat sie daher radioaktives Jod gespeichert. \n<\/p>\n<p class=\"imgDescr indent2\">\nUm zu erreichen, dass m\u00f6glichst wenig radioaktives Jod im Falle einer nuklearen Katastrophe in der Schilddr\u00fcse eingelagert wird, muss man Jodtabletten einnehmen, die nicht-radioaktives Jod enthalten. Dies muss im Katastrophenfall allerdings sehr schnell geschehen, damit es wirksam ist.\n<\/p>\n\n<div class=\"fusion-clearfix\"><\/div><\/div><\/div><\/div><\/div>","protected":false},"excerpt":{"rendered":"","protected":false},"author":1,"featured_media":0,"parent":0,"menu_order":0,"comment_status":"closed","ping_status":"closed","template":"","meta":[],"_links":{"self":[{"href":"https:\/\/www.elektrosmoghilfe.com\/erdstrahlen\/wp-json\/wp\/v2\/pages\/936"}],"collection":[{"href":"https:\/\/www.elektrosmoghilfe.com\/erdstrahlen\/wp-json\/wp\/v2\/pages"}],"about":[{"href":"https:\/\/www.elektrosmoghilfe.com\/erdstrahlen\/wp-json\/wp\/v2\/types\/page"}],"author":[{"embeddable":true,"href":"https:\/\/www.elektrosmoghilfe.com\/erdstrahlen\/wp-json\/wp\/v2\/users\/1"}],"replies":[{"embeddable":true,"href":"https:\/\/www.elektrosmoghilfe.com\/erdstrahlen\/wp-json\/wp\/v2\/comments?post=936"}],"version-history":[{"count":1,"href":"https:\/\/www.elektrosmoghilfe.com\/erdstrahlen\/wp-json\/wp\/v2\/pages\/936\/revisions"}],"predecessor-version":[{"id":1311,"href":"https:\/\/www.elektrosmoghilfe.com\/erdstrahlen\/wp-json\/wp\/v2\/pages\/936\/revisions\/1311"}],"wp:attachment":[{"href":"https:\/\/www.elektrosmoghilfe.com\/erdstrahlen\/wp-json\/wp\/v2\/media?parent=936"}],"curies":[{"name":"wp","href":"https:\/\/api.w.org\/{rel}","templated":true}]}}