{"id":935,"date":"2016-09-01T21:33:33","date_gmt":"2016-09-01T21:33:33","guid":{"rendered":"https:\/\/www.elektrosmoghilfe.com\/erdstrahlen\/?page_id=935"},"modified":"2017-09-15T22:58:20","modified_gmt":"2017-09-15T22:58:20","slug":"neuropsychiater-i-r-kann-nach-jahren-wieder-gut-schlafen-und-fuehlt-sich-erholt-wie-sonst-nur-im-urlaub-durch-wlan-verstaerker-bedingter-tinnitus-ist-deutlich-reduziert","status":"publish","type":"page","link":"https:\/\/www.elektrosmoghilfe.com\/erdstrahlen\/neuropsychiater-i-r-kann-nach-jahren-wieder-gut-schlafen-und-fuehlt-sich-erholt-wie-sonst-nur-im-urlaub-durch-wlan-verstaerker-bedingter-tinnitus-ist-deutlich-reduziert\/","title":{"rendered":"Neuropsychiater i.R. kann nach Jahren wieder gut schlafen und f\u00fchlt sich erholt wie sonst nur im Urlaub. Durch WLAN-Verst\u00e4rker bedingter Tinnitus ist deutlich reduziert"},"content":{"rendered":"<div class=\"fusion-fullwidth fullwidth-box fusion-builder-row-1 nonhundred-percent-fullwidth non-hundred-percent-height-scrolling\" style=\"background-color: rgba(255,255,255,0);background-position: left top;background-repeat: no-repeat;padding-top:0px;padding-right:0px;padding-bottom:0px;padding-left:0px;margin-bottom: 0px;margin-top: 0px;border-width: 0px 0px 0px 0px;border-color:#eae9e9;border-style:solid;\" ><div class=\"fusion-builder-row fusion-row\">\n<div class=\"fusion-layout-column fusion_builder_column fusion-builder-column-0 fusion_builder_column_2_3 2_3 fusion-two-third fusion-column-first threefifth1\" style=\"width:65.3333%; margin-right: 4%;margin-top:0px;margin-bottom:0px;\" id=\"columnMain\"><div class=\"fusion-column-wrapper fusion-flex-column-wrapper-legacy\" style=\"background-position:left top;background-repeat:no-repeat;-webkit-background-size:cover;-moz-background-size:cover;-o-background-size:cover;background-size:cover;padding: 0px 0px 0px 0px;\">\n\n<h1 class=\"subpage\">Neuropsychiater i.R. kann nach\n            Jahren wieder gut schlafen und f\u00fchlt sich erholt wie sonst nur im Urlaub. Durch WLAN-Verst\u00e4rker bedingter\n            Tinnitus ist deutlich reduziert*<br clear='none'>\n    <span class=\"h1SubTitle\">Dr. med. H.R., Kunde aus Wels, Ober\u00f6sterreich<\/span><\/h1>\n\n<p class=\"anwendung fs16 sum\">\n<span class=\"emphDark\">\nWer jemals das Gl\u00fcck hat, mit Herrn Dr. R. pers\u00f6nlich zu sprechen, so wie wir \u00fcber das Telefon, merkt sofort, dass es sich hier um einen Arzt handelt, der nicht nur auf medizinischem Gebiet \u00fcber enorme Lebenserfahrung verf\u00fcgt. Man k\u00f6nnte ihm stundenlang zuh\u00f6ren. Seine Erfahrung spiegelt sich auch in der Ausf\u00fchrlichkeit seiner beiden Feedbacks wider, denen wir hier daher deutlich mehr Raum als \u00fcblich einr\u00e4umen.\n<\/span>\n<\/p>\n\n<p class=\"anwendung report report2\">\n\u201eSehr geehrter Herr Fennesz !\n<\/p>\n<p class=\"anwendung report report2 indent2\">\nZu meiner Person: Ich bin im 71. LBj. und pensionierter Neuropsychiater (d.h. mein Interessensschwerpunkt war die Biochemie des Gehirns, wobei ich sowohl klinisch als auch in der Hirnforschung t\u00e4tig war). Als Mensch, der versucht \u00fcber den Tellerrand unseres biologischen Wissens hinauszuschauen, ist mir klar, dass es Ph\u00e4nomene zwischen Himmel und Erde gibt, die naturwissenschaftlich nicht oder nur spekulativ erkl\u00e4rt werden k\u00f6nnen.\n<\/p>\n<p class=\"anwendung report report2 indent2\">\nSeit ca. 15 Jahren hat sich die Schlafqualit\u00e4t bei mir verschlechtert. Wegen einer seit 50 Jahren bestehenden Harns\u00e4ure-Stoffwechselst\u00f6rung (Gicht), trinke ich 3-4l Fl\u00fcssigkeit t\u00e4glich. In der Nacht muss ich dann 2-3x aufstehen, um die Blase zu entleeren. Um ca. 5h fr\u00fch konnte ich dann meist nicht mehr einschlafen. Ich wusste, dass wir nicht nur dem Elektrosmog durch Handymasten, sondern auch dem Richtfunk der Bahn ausgesetzt sind. Als vor einigen Wochen in Zusammenhang mit einem root-Extender f\u00fcr WLAN ein Ohrensausen sowohl bei meiner Gattin als auch mir auftrat und trotz Abschalten des WLANs nicht mehr aufh\u00f6rte, \u00fcberlegte ich aus unserem Schlafzimmer einen faradayschen K\u00e4fig zu machen. Abgesehen von den hohen Kosten (ca. 6000\u20ac) \u2013 ist auch wegen der Glasfl\u00e4chen ein solcher nur l\u00fcckenhaft zu realisieren.\n<\/p>\n<p class=\"anwendung report report2 indent2\">\nIch las dann im Internet von dem Hamoni Strahlenschutz und dachte mir, wenn es nicht helfen sollte \u2013 bei 149\u20ac ist der Einsatz im Verh\u00e4ltnis zu m\u00f6glichen Gewinn vertretbar. Und siehe da \u2013 die Schlafqualit\u00e4t hat sich sehr rasch gebessert. Ich konnte fast immer nach der n\u00e4chtlichen Unterbrechung wegen der Blasenentleerung, wieder einschlafen und ich f\u00fchle mich richtig erholt, was ich seit Jahren nur w\u00e4hrend meines Sporturlaubs auf den Kanaren (sehr schlechter Handyempfang und daher wenig Strahlung), erlebt habe. Was das Ohrensausen betrifft \u2013 so ist dieses wechselnd \u2013 aber wie in der Brosch\u00fcre beschrieben \u2013 weniger intensiv.\n<\/p>\n<p class=\"anwendung report report2 indent2\">\nIch wei\u00df, dass Elektrosmog die Temperatur des Gehirns erh\u00f6ht und die Melatoninproduktion der Zirbeldr\u00fcse, die f\u00fcr einen gesunden Schlaf wichtig ist, gest\u00f6rt wird. Ein reiner Placebo-Effekt ist meiner Meinung nach unwahrscheinlich.\n<\/p>\n<p class=\"anwendung report report2 \">\nDr. H. R.\u201c\n<\/p>\n<h2>Unsere Anmerkungen<\/h2>\n\n<p class=\"anwendung\">\n<span class=\"emphDark fs16\">\nZur Person:\n<\/span>\nHerr Dr. med. R. war jahrelang klinisch und in der medizinischen Forschung t\u00e4tig und hat u.a. in der renommierten Fachzeitschrift \u201eAmerican Journal of Psychiatry\u201c publiziert. Zu seinen wichtigsten Leistungen z\u00e4hlen die Entwicklung einer Methode, um verschiedene Formen von Depressionen zu unterscheiden. Zudem hat er einen sensiblen Kurztest zum Nachweis einer beginnenden Demenz realisiert. Nebenbei betrieb er eine Privatpraxis, in der er versuchte, seine Idealvorstellung von psychiatrischer T\u00e4tigkeit zu realisieren.\n<\/p>\n<p class=\"anwendung\">\nHerr Dr. R. bestellte den Harmonisierer am 24.8.2015. Seinen ersten Eindruck von der Wirkung des Ger\u00e4tes (weiter unten abgedruckt) schilderte er uns \n<span class=\"emphDark fs16\">schon nach 2 Tagen Anwendung<\/span> des Ger\u00e4tes. Der oben abgedruckte Brief war seine zweite R\u00fcckmeldung, die uns am 5.10.2015, also \n<span class=\"emphDark fs16\">nach 6 Wochen Anwendung<\/span> erreichte.\n<\/p>\n<p class=\"anwendung\">\nEr erw\u00e4hnt seine \u00dcberlegungen, <span class=\"emphDark fs16\">eine Abschirml\u00f6sung<\/span> gegen seine Probleme einzusetzen und hat auch die zwei Hauptprobleme dabei erkannt. Mehr dazu in einer separaten Erl\u00e4uterung auf dieser Seite.\n<\/p>\n<p class=\"anwendung\">\n<span class=\"emphDark fs16\">\u201eIch wei\u00df, dass \u2026 die Melatoninproduktion der Zirbeldr\u00fcse, die f\u00fcr einen gesunden Schlaf wichtig ist, gest\u00f6rt wird.\u201c<\/span> Die St\u00f6rung der Melatoninproduktion in der Zirbeldr\u00fcse ist eine der wichtigen bisher entdeckten Schadwirkungen von Elektrosmog im Hirn. Mehr dazu in einer separaten Erl\u00e4uterung auf dieser Seite.\n<\/p>\n<p class=\"anwendung\">\n<span class=\"emphDark fs16\">\u201eEin reiner Placebo-Effekt ist meiner Meinung nach unwahrscheinlich.\u201c<\/span> Das Thema Placebo-Effekt muss jeden gewissenhaften Menschen besch\u00e4ftigen, der ein Produkt herstellt, das anderen Menschen helfen soll. Nat\u00fcrlich haben auch wir uns diese Frage gestellt. Weitere Gr\u00fcnde, die gegen solch einen Effekt beim Harmonisierer sprechen sind die Erfahrungsberichte von der Wirkung des Ger\u00e4tes bei Pflanzen, Tieren und Babys, wo es wirklich schwer nachzuvollziehen ist, dass diese einen Placebo-Effekt sp\u00fcren k\u00f6nnen. Zudem erhalten wir immer wieder positive R\u00fcckmeldungen von Kunden, die absichtlich das Ger\u00e4t ohne Wissen ihrer Familienmitglieder aufgestellt haben, um einen Blindtest durchzuf\u00fchren.\n<\/p>\n<p class=\"anwendung\" style=\"text-align:center;margin-top: 20px;margin-bottom:12px;\">\n<span class=\"emphLight fs16\">\nDie oben erw\u00e4hnte erste R\u00fcckmeldung von Dr. R. vom 27.8.2015 drucken wir zur \u00dcbersichtlichkeit mit unseren separaten Anmerkungen im Anschluss ab:\n<\/p>\n<p class=\"anwendung report report2\">\n\u201eSehr geehrter Herr Fennesz !\n<\/p>\n<p class=\"anwendung report report2 indent2\">\nZu meiner Person: ich bin Neuropsychiater i.R. \u2013 im 71 Lbj. (in den USA sagt man biologisch orientierter Psychiater \u2013 d.h. besonderes Interesse vor allem an biochemischen Abl\u00e4ufen im Gehirn). Mir war es immer ein Anliegen, in meinem Fach etwas weiterzubringen, was mir zwar gelungen ist, aber mit nur geringer Breitenwirkung. Im Jahre 1990 oder 1991 meinte Arvid Carlsson (Nobelpreistr\u00e4ger f\u00fcr Physiologie und Medizin im Jahre 2000) bei einem Kongress in Florenz, dass Psychiater vielleicht versuchen, mit einem Vorschlaghammer einen kleinen Nagel zu treffen. Es war die wichtigste (aber stille Anerkennung meines Tuns) -10 Jahre vorher hatte ich schon nur ein kleines H\u00e4mmerchen benutzt \u2013 n\u00e4mlich mit einem Bruchteil der \u00fcblichen Dosierungen bei Psychosen nahezu nebenwirkungsfrei und enorm erfolgreich zu therapieren und \u2013 wie kann es anders sein, mir damit die Missgunst vor allem meiner Vorgesetzten zugezogen.\n<\/p>\n<p class=\"anwendung report report2 indent2\">\nMein Vater mit gleichem Namen war in der Nachkriegszeit Alternativmediziner mit wenig Einkommen und daher von mir nicht sehr geachtet (Frischzellentherapie, Naturheilkunde, Auswirkung von Erdstrahlen etc) waren seine Dom\u00e4ne. Die Curry-B\u00e4nder sind mir genauso vertraut wie die Ansicht, dass Kreuzungen von Wasseradern krankmachend sein k\u00f6nnen. Ich selbst habe immer versucht, mein Tun nach neuesten wissenschaftlichen Erkenntnissen auszurichten \u2013 wissend, dass es zwischen Himmel und Erde mehr gibt, als was wir messen und beschreiben k\u00f6nnen. Ich habe daher immer auch versucht, offen aber kritisch f\u00fcr nicht erkl\u00e4rbare Ph\u00e4nomene zu bleiben.\n<\/p>\n<p class=\"anwendung report report2 indent2\">\nErster Eindruck: Ihre Darstellung im Internet hat mir sehr gut gefallen \u2013 noch besser die mitgeschickte Brosch\u00fcre. Da ich mich doch ganz gut auskenne (auch die Geschichte mit den Telomeren) \u2013 m\u00f6chte ich sagen, dass Ihre Erkl\u00e4rungen hervorragend gelungen sind. Allerdings -wie ich schon am Telefon erw\u00e4hnt habe \u2013 ist ein wesentlicher Faktor f\u00fcr eine Reduktion von Stress \u2013 die Vermeidung von sogenannten Sympathomimetika \u2013 dazu geh\u00f6ren Koffein, Thein, Kakao, blutdrucksteigernde und bronchienerweiternde Medikamenten, Drogen etc. Ich halte es f\u00fcr m\u00f6glich, dass eine geringe oder fehlende Wirkung von Hamoni in vielen F\u00e4llen darauf zur\u00fcckzuf\u00fchren ist.\n<\/p>\n<p class=\"anwendung report report2 indent2\">\nNach 2 Tagen Erfahrung mit Ihrem Harmonisierungsger\u00e4t, kann ich nat\u00fcrlich, was seine Wirkung betrifft, kein seri\u00f6ses Urteil abgeben \u2013 ich war aber heute seit langem nach 7 Stunden Schlaf richtig erholt und mein Tinnitus war zeitweise fast v\u00f6llig weg. Wenn dieser Trend anh\u00e4lt, werde ich mich daf\u00fcr einsetzen, in meinem Verwandten- und Bekanntenkreis diese Erfahrung weiterzugeben.\n<\/p>\n<p class=\"anwendung report report2\">\nMit freundlichen Gr\u00fc\u00dfen !<br clear='none'>\nH. R.\u201c\n<\/p>\n\n<h3>Unsere Anmerkung<\/h3>\n\n<p class=\"anwendung\">\n<span class=\"emphDark fs16\">\n\u201eIch halte es f\u00fcr m\u00f6glich, dass eine geringe oder fehlende Wirkung von Hamoni in vielen F\u00e4llen darauf zur\u00fcckzuf\u00fchren ist.\u201c \n<\/span>\nHerr Dr. R. spricht hier ein ganz wichtiges Thema an. N\u00e4mlich, dass auch ganz andere Gr\u00fcnde abseits von Strahlenbelastung Ursache von Stress und (Folge-)Krankheiten sein k\u00f6nnen. Nat\u00fcrlich kann der Harmonisierer nur dann Abhilfe bei Problemen schaffen, wenn diese auch kausal durch Elektrosmog bzw. Erdstrahlung bedingt sind. Er ist aber keine \u201eeierlegende Wollmilchsau\u201c. Wenn Ihr Problem durch den von Dr. R. erw\u00e4hnten \u00fcberm\u00e4\u00dfigen Koffein-Genuss, Medikamente mit Nebenwirkungen, Drogenkonsum etc. bedingt ist, kann der Harmonisierer nat\u00fcrlich nicht helfen. Falls in diesen F\u00e4llen zus\u00e4tzlich Strahlenbelastung im Spiel ist, dann lindert er zwar diesen Stressanteil Ihrer Gesamtstressbelastung. Gegen den \u00fcberm\u00e4\u00dfigen Gebrauch von erw\u00e4hnten Sympathomimetika (d.h. Substanzen, die das sympathische Nervensystem stimulieren) ist der Harmonisierer logischerweise kein Gegenmittel. Hier hilft nur Selbstdisziplin und Selbstbeschr\u00e4nkung bzw. korrekte Medikation.\n<\/p>\n\n<p class=\"anwendung\" style=\"text-align:center;margin-top: 20px;margin-bottom:12px;\">\n<span class=\"emphDark fs16\">\nHerr Dr. R. hat in den Folgewochen mehrere Ger\u00e4te des Hamoni\u00ae Harmonisierers f\u00fcr Bekannte und Verwandte gekauft.\nF\u00fcr seine ausf\u00fchrlichen Feedbacks danken wir ihm ganz herzlich.\n<\/span>\n<\/p>\n<p class=\"anwendung fs16\" style=\"text-align:center;\">\n<span class=\"emphDark\">Die Original-Emails von Dr. R.<\/span> \n<\/p>\n<div style=\"clear:both\"><\/div>\n<a class=\"fusion-modal-text-link\" data-toggle=\"modal\" data-target=\".fusion-modal.modal08\" href=\"#\">\n<p class=\"anwendung emphDark fs16\" style=\"text-align:center;width:50%;float:left\">\n<img src=\"https:\/\/www.elektrosmoghilfe.com\/erdstrahlen\/wp-content\/uploads\/images\/feedback_Dr_H_R_01.gif\" style=\"\">\n<\/p>\n<\/a>\n<div class=\"fusion-modal modal fade modal-1 modal08\" tabindex=\"-1\" role=\"dialog\" aria-labelledby=\"modal-heading-1\" aria-hidden=\"true\"><style type=\"text\/css\">.modal-1 .modal-header, .modal-1 .modal-footer{border-color:#ebebeb;}<\/style><div class=\"modal-dialog modal-lg\" role=\"document\"><div class=\"modal-content fusion-modal-content\" style=\"background-color:#ffffff\"><div class=\"modal-header\"><button class=\"close\" type=\"button\" data-dismiss=\"modal\" aria-hidden=\"true\" aria-label=\"Close\">&times;<\/button><h3 class=\"modal-title\" id=\"modal-heading-1\" data-dismiss=\"modal\" aria-hidden=\"true\">Endbericht von Dr. R. (Originale Email)<\/h3><\/div><div class=\"modal-body fusion-clearfix\">\n<img src=\"https:\/\/www.elektrosmoghilfe.com\/erdstrahlen\/wp-content\/uploads\/images\/feedback_Dr_H_R_01.gif\">\n<\/div><\/div><\/div><\/div>\n\n<a class=\"fusion-modal-text-link\" data-toggle=\"modal\" data-target=\".fusion-modal.modal09\" href=\"#\">\n<p class=\"anwendung emphDark fs16\" style=\"text-align:center;width:50%;float:left\">\n<img src=\"https:\/\/www.elektrosmoghilfe.com\/erdstrahlen\/wp-content\/uploads\/images\/feedback_Dr_H_R_02.gif\" style=\"\">\n<\/p>\n<\/a>\n<div class=\"fusion-modal modal fade modal-2 modal09\" tabindex=\"-1\" role=\"dialog\" aria-labelledby=\"modal-heading-2\" aria-hidden=\"true\"><style type=\"text\/css\">.modal-2 .modal-header, .modal-2 .modal-footer{border-color:#ebebeb;}<\/style><div class=\"modal-dialog modal-lg\" role=\"document\"><div class=\"modal-content fusion-modal-content\" style=\"background-color:#ffffff\"><div class=\"modal-header\"><button class=\"close\" type=\"button\" data-dismiss=\"modal\" aria-hidden=\"true\" aria-label=\"Close\">&times;<\/button><h3 class=\"modal-title\" id=\"modal-heading-2\" data-dismiss=\"modal\" aria-hidden=\"true\">Erstbericht von Dr. R. (Originale Email)<\/h3><\/div><div class=\"modal-body fusion-clearfix\">\n<img src=\"https:\/\/www.elektrosmoghilfe.com\/erdstrahlen\/wp-content\/uploads\/images\/feedback_Dr_H_R_02.gif\">\n<\/div><\/div><\/div><\/div>\n<div style=\"clear:both\"><\/div>\n\n<div class=\"fusion-clearfix\"><\/div><\/div><\/div>\n<div class=\"fusion-layout-column fusion_builder_column fusion-builder-column-1 fusion_builder_column_1_3 1_3 fusion-one-third fusion-column-last twofifth1\" style=\"width:30.6666%;margin-top:0px;margin-bottom:0px;\" id=\"columnSide\"><div class=\"fusion-column-wrapper fusion-flex-column-wrapper-legacy\" style=\"background-position:left\ntop;background-repeat:no-repeat;-webkit-background-size:cover;-moz-background-size:cover;-o-background-size:cover;background-size:cover;padding: 0px 0px 0px 0px;\">\n\n<p class=\"emphDark fs16\" style=\"text-align:center;line-height: 19px;margin-bottom: 0px;\">\n\u201eIch konnte fast immer wieder einschlafen und ich f\u00fchle mich richtig erholt, was ich seit Jahren nur w\u00e4hrend meines Sporturlaubs auf den Kanaren (sehr schlechter Handyempfang und daher wenig Strahlung), erlebt habe.&#8220; \n<\/p>\n\n<p class=\"emphLight fs16\" style=\"text-align:center;margin-bottom: 12px;\">\n    Dr. med. H.R.\n<\/p>\n\n<p class=\"emphLight fs14\" style=\"text-align:center;line-height:14px;\">Erfahrungsbericht als pdf-Datei:<br clear='none'>\n<a href=\"https:\/\/www.elektrosmoghilfe.com\/erdstrahlen\/wp-content\/uploads\/documents\/hamoni_broschuere_erfahrungsbericht_wlan_extender_neuropsychiater.pdf\">\n    <img class=\"img_pdf\" style=\"margin-top:0px;margin-bottom:24px\" \n         src=\"https:\/\/www.elektrosmoghilfe.com\/erdstrahlen\/wp-content\/uploads\/images\/hamoni_broschuere_erfahrungsbericht_wlan_extender_neuropsychiater.jpg\">\n<\/a>\n<\/p>\n\n<img style=\"margin-top: 0px;margin-bottom:10px;\" class=\"sidebar\"\n     src=\"https:\/\/www.elektrosmoghilfe.com\/erdstrahlen\/wp-content\/uploads\/images\/Illustration_Zirbeldruese_small.jpg\"\n     alt=\"Lage der Zirbeldr\u00fcse im Gehirn\">\n<p class=\"imgDescr\">\n<span class=\"emphDark fs14\">\nDie Zirbeldr\u00fcse,\n<\/span>\nauch Epiphyse genannt, ist eine kleine, Zirbenzapfen-f\u00f6rmige (daher ihr Name) Dr\u00fcse im Gehirn. Sie ist Teil des endokrinen Systems, d.h. jenes Dr\u00fcsensystems unseres K\u00f6rpers, das Hormone direkt in die Blutbahn abgibt, damit diese ihre Steuerungsfunktion in den Zielorganen wahrnehmen k\u00f6nnen. Die Zirbeldr\u00fcse produziert das Hormon Melatonin, das essentiell f\u00fcr die Regelung unseres Schlafs ist.\n<\/p>\n<p class=\"imgDescr indent2\" style=\"margin-bottom: 24px;\">\nDie St\u00f6rung der Melatoninproduktion in der Zirbeldr\u00fcse ist eine der wichtigen bisher entdeckten Schadwirkungen von Elektrosmog im Hirn. Andere sind die erh\u00f6hte Stimulation der Hypophyse, die Aufweichung der Blut-Hirn-Schranke und das Hervorrufen von Tinnitus.\n<\/p>\n\n<img class=\"sidebar\"\n     src=\"https:\/\/www.elektrosmoghilfe.com\/erdstrahlen\/wp-content\/uploads\/images\/wlan_repeater.jpg\"\n     alt=\"WLAN Repeater\">\n<p class=\"imgDescr\">\n<span class=\"emphDark fs14\">\nEin sog. WLAN-Extender oder -Repeater dient zur Ausdehnung der Reichweite eines WLAN-Netzes.\n<\/span>\nDie Sendeleistung eines WLAN-Routers ist begrenzt. In gr\u00f6\u00dferen H\u00e4usern oder Wohnungen bzw. Geb\u00e4uden mit dicken Mauern kommt es daher immer wieder vor, dass das WLAN-Signal in manchen R\u00e4umen zu schwach ist. Der Repeater schafft hier Abhilfe. Er besitzt eine Empfangsantenne, die das schwache Signal aufnimmt, es verst\u00e4rkt und \u00fcber eine oder mehrere Sendeantennen wieder ausstrahlt. \n<\/p>\n<p class=\"imgDescr indent2\" style=\"margin-bottom: 24px;\">\nOben sehen Sie eine Unterputz-Version, die mit der Wand fast plan abschlie\u00dft. H\u00e4ufiger sind Ausf\u00fchrungen, die einfach in Steckdosen gesteckt werden. Die Repeater sind auch in B\u00fcros und \u00f6ffentl. Geb\u00e4uden beliebt, wo sie kaum auffallen, da sie wie Rauchmelder aussehen. Man setzt sie auch gerne ein, um WLAN im Garten verwenden zu k\u00f6nnen. Kaufen kann man die Repeater ab ca. 20 Euro. \n<\/p>\n\n<img class=\"sidebar\"\n     src=\"https:\/\/www.elektrosmoghilfe.com\/erdstrahlen\/wp-content\/uploads\/images\/abschirmfarbe.jpg\"\n     alt=\"Wand gestrichen mit Abschirmfarbe gegen Elektrosmog\">\n<p class=\"imgDescr\">\n<span class=\"emphDark fs14\">\nThema Abschirmung:\n<\/span>\nDabei st\u00f6\u00dft man auf 2 Probleme. Einerseits sind das die hohen Kosten: Die von Herrn Dr. R. genannten 6000 Euro sind ein realistischer Betrag und k\u00f6nnen bei gr\u00f6\u00dferen H\u00e4usern auch deutlich h\u00f6her liegen. Andererseits kann man bei der Installation einer Abschirml\u00f6sung sehr viel falsch machen. Es ist nicht ungew\u00f6hnlich, nach einer Abschirmung punktuell deutlich h\u00f6here Strahlenwerte als vorher zu messen. \n<\/p>\n<p class=\"imgDescr indent2\">\nDies hat 2 Hauptgr\u00fcnde: Da Abschirmungen fast immer auf dem Prinzip der Reflexion basieren (siehe die Wand oben, die mit reflektierender Abschirmfarbe gestrichen wurde), reflektieren sie zwar von au\u00dfen kommende Strahlung in die Umgebung zur\u00fcck. Dieser Effekt ist gewollt. Gleichzeitig reflektieren sie aber auch von innerhalb der Wohnung kommende Strahlung in diese selbst zur\u00fcck, verst\u00e4rken also dort die Strahlung, was \u00fcberhaupt nicht gewollt ist. Wir sehen also, dass Abschirml\u00f6sungen kontraproduktiv sind, wenn man selbst Strahlung erzeugt, indem man beispielsweise am Handy telefoniert oder WLAN verwendet. \n<\/p>\n<p class=\"imgDescr indent2\">\nDas zweite Problem, wie Herr Dr. R. richtig erkannt hat, ist die Notwendigkeit einer m\u00f6glichst l\u00fcckenlosen Abschirmung. Wenn diese n\u00e4mlich nicht gegeben ist (Fenster sind nur ein Beispiel f\u00fcr L\u00fccken), dringt weiterhin Strahlung in den abgeschirmten Raum ein. Nun wird sie dort jedoch durch die Abschirmung wieder in Raum zur\u00fcck reflektiert. Diese Reflexionen geschehen wie in einem Spiegelkabinett sogar mehrfach. Das Resultat ist eine sog. Interferenz (\u00dcberlagerung) der einfallenden mit der reflektierten Strahlung. Dabei kommt es zu sog. Interferenzmaxima, das sind Orte, an denen es zu Strahlungsh\u00f6chstwerten kommt. Baubiologen sprechen in diesem Zusammenhang auch gerne vom \u201eSandwich-Effekt\u201c. Der Mensch wird quasi wie in einem Sandwich von der Strahlung eingeschlossen.<\/p>\n\n<div class=\"fusion-clearfix\"><\/div><\/div><\/div><\/div><\/div>","protected":false},"excerpt":{"rendered":"","protected":false},"author":1,"featured_media":0,"parent":0,"menu_order":0,"comment_status":"closed","ping_status":"closed","template":"","meta":[],"_links":{"self":[{"href":"https:\/\/www.elektrosmoghilfe.com\/erdstrahlen\/wp-json\/wp\/v2\/pages\/935"}],"collection":[{"href":"https:\/\/www.elektrosmoghilfe.com\/erdstrahlen\/wp-json\/wp\/v2\/pages"}],"about":[{"href":"https:\/\/www.elektrosmoghilfe.com\/erdstrahlen\/wp-json\/wp\/v2\/types\/page"}],"author":[{"embeddable":true,"href":"https:\/\/www.elektrosmoghilfe.com\/erdstrahlen\/wp-json\/wp\/v2\/users\/1"}],"replies":[{"embeddable":true,"href":"https:\/\/www.elektrosmoghilfe.com\/erdstrahlen\/wp-json\/wp\/v2\/comments?post=935"}],"version-history":[{"count":1,"href":"https:\/\/www.elektrosmoghilfe.com\/erdstrahlen\/wp-json\/wp\/v2\/pages\/935\/revisions"}],"predecessor-version":[{"id":1309,"href":"https:\/\/www.elektrosmoghilfe.com\/erdstrahlen\/wp-json\/wp\/v2\/pages\/935\/revisions\/1309"}],"wp:attachment":[{"href":"https:\/\/www.elektrosmoghilfe.com\/erdstrahlen\/wp-json\/wp\/v2\/media?parent=935"}],"curies":[{"name":"wp","href":"https:\/\/api.w.org\/{rel}","templated":true}]}}