{"id":927,"date":"2016-09-01T21:31:09","date_gmt":"2016-09-01T21:31:09","guid":{"rendered":"https:\/\/www.elektrosmoghilfe.com\/erdstrahlen\/?page_id=927"},"modified":"2017-09-15T22:58:20","modified_gmt":"2017-09-15T22:58:20","slug":"kundenfeedback-eines-auswanderers-in-paraguay","status":"publish","type":"page","link":"https:\/\/www.elektrosmoghilfe.com\/erdstrahlen\/kundenfeedback-eines-auswanderers-in-paraguay\/","title":{"rendered":"Kundenfeedback eines Auswanderers in Paraguay"},"content":{"rendered":"<div class=\"fusion-fullwidth fullwidth-box fusion-builder-row-1 nonhundred-percent-fullwidth non-hundred-percent-height-scrolling\" style=\"background-color: rgba(255,255,255,0);background-position: left top;background-repeat: no-repeat;padding-top:0px;padding-right:0px;padding-bottom:0px;padding-left:0px;margin-bottom: 0px;margin-top: 0px;border-width: 0px 0px 0px 0px;border-color:#eae9e9;border-style:solid;\" ><div class=\"fusion-builder-row fusion-row\">\n<div class=\"fusion-layout-column fusion_builder_column fusion-builder-column-0 fusion_builder_column_2_3 2_3 fusion-two-third fusion-column-first threefifth1\" style=\"width:65.3333%; margin-right: 4%;margin-top:0px;margin-bottom:0px;\" id=\"columnMain\"><div class=\"fusion-column-wrapper fusion-flex-column-wrapper-legacy\" style=\"background-position:left top;background-repeat:no-repeat;-webkit-background-size:cover;-moz-background-size:cover;-o-background-size:cover;background-size:cover;padding: 0px 0px 0px 0px;\">\n\n<h1 class=\"subpage\">Der Hamoni\u00ae Harmonisierer bewirkt, dass ein Mangobaum nach 10 Jahren ohne Fruchtentwicklung endlich\n    wieder Fr\u00fcchte tr\u00e4gt. Zudem wird ein deutlich besseres Pflanzenwachstum im Umkreis von ca.&nbsp;35m um den H.\n    beobachtet.*<br clear='none'>\n    <span class=\"h1SubTitle\">Werner G., Kunde aus Paraguay<\/span><\/h1>\n\n<p class=\"anwendung fs16\">\n<span class=\"emphDark\">\nDie bislang wohl kurioseste R\u00fcckmeldung erreichte uns am 18.2.2015, als ein Kunde aus Paraguay sich telefonisch bei uns meldete.\nHerr G. war schon vor langer Zeit von Deutschland in das s\u00fcdamerikanische Land ausgewandert, wo er als Landwirt t\u00e4tig ist.\n<\/span>\n<\/p>\n\n<p class=\"anwendung\">\n    Im August 2014 hatte er den Harmonisierer bestellt, um seinen Einsatz in der Landwirtschaft zu testen. Schon in\n    Deutschland hatte Herr G. die Erfahrung gemacht, dass Pflanzen an strahlenbelasteten Orten deutlich schlechter\n    wachsen, Probleme beim Bl\u00fchen und der Fruchtbildung haben und daher schlechtere Ertr\u00e4ge liefern. Dieses\n    Wissen ist sehr wichtig f\u00fcr jemanden, dessen Lebensunterhalt unmittelbar von einer guten Pflanzenentwicklung\n    abh\u00e4ngt.\n<\/p>\n\n<p class=\"anwendung\" style=\"text-align:center;\">\n    <img class=\"anwendung mainColumn\" src=\"https:\/\/www.elektrosmoghilfe.com\/erdstrahlen\/wp-content\/uploads\/images\/mango_tree_small.jpg\"\n         alt=\"\">\n    <i>Illustration zur Anwendung des Harmonisierers durch Herrn G.<\/i>\n<\/p>\n\n<p class=\"anwendung\">\n    Herr G. hatte schon mehrere Ger\u00e4te anderer Hersteller ausprobiert, allerdings ohne \u00fcberzeugenden Erfolg. Durch\n    Zufall war er auf unsere Webseite gesto\u00dfen und hatte \u00fcber Vermittlung seines in Deutschland lebenden Sohnes das\n    Ger\u00e4t bestellt. \n<\/p>\n<p class=\"anwendung indent2 subs\">\nHerr G. verpackte den Harmonisierer wasserdicht in einem Kunststoffbeutel und grub ihn in 70cm Tiefe\n    im Wurzelwerk unter einem Mangobaum ein, der 10 Jahre lang ohne erkennbaren Grund keine Fr\u00fcchte mehr getragen hatte.\n    Dies geschah im europ\u00e4ischen Herbst 2014, zu dieser Zeit startete gerade die Wachstumperiode der Vegetation in\n    Paraguay, wo aufgrund der geographischen Lage des Landes gerade Fr\u00fchling war. Herr G. grub den H. deswegen im\n    Erdreich ein, da er wusste, dass die Wirkung des Ger\u00e4ts nur \u00fcber der Aufstellebene gegeben ist. So konnte er\n    erreichen, dass auch die f\u00fcr das Pflanzenwachstum besonders wichtigen Wurzelzellen im Wirkbereich lagen. Danach\n    wartete er gespannt, ob der Harmonisierer irgendeinen Einfluss auf den Mangobaum zeigen w\u00fcrde. \n<\/p>\n<p class=\"anwendung indent2 subs\">\nIm Februar 2015\n    (Sommerende und Start der Erntezeit in Paraguay) erreichte uns dann sein Anruf. Seine R\u00fcckmeldung in K\u00fcrze:\n<\/p>\n<p class=\"anwendung\" style=\"text-align:center;\">\n<span class=\"emphLight fs18\">1. Der Baum trug das erste Mal seit 10 Jahren wieder Fr\u00fcchte.<\/span>\n<\/p>\n<p class=\"anwendung\" style=\"text-align:center;\">\n<span class=\"emphLight fs18\">2. Im Umkreis mit ca. 35m Radius konnte man zudem ein deutlich verbessertes Pflanzenwachstum der gesamten Vegetation beobachten.<\/span>\n<\/p>\n<p class=\"anwendung\">\nHerr G. war so begeistert von diesem Resultat, dass er sofort 50 St\u00fcck des Harmonisierers bestellte.\nEr will nun das ganze Land bereisen und anderen Landwirten in Paraguay von der Wirkung des Harmonisierers erz\u00e4hlen.\n<\/p>\n\n<h2>Unsere Anmerkungen<\/h2>\n\n<p class=\"anwendung\">\n1) Bis zu diesem Zeitpunkt hatte uns nur Kundenfeedback zur \n<span class=\"emphDark fs16\">\npositiven Wirkung des Harmonisierers bei Menschen und verschiedenen Tierarten\n<\/span>\nerreicht.\n    Da aus verschiedenen Studien bekannt ist, dass Strahlenbelastung sich in der Regel negativ auf das Pflanzenwachstum\n    auswirkt, hatten wir schon l\u00e4nger die Vermutung, dass der H.\n    <span class=\"emphDark fs16\">eine positive Wirkung auf Pflanzen<\/span> haben sollte. \n<\/p>\n<p class=\"anwendung indent2 subs\">\nWir haben das Thema aber nie\n    weiter verfolgt und insbesondere keine Versuche durchgef\u00fchrt. Wir sind Herrn G. daher besonders dankbar und wollen\n    nun selbst Untersuchungen zum Thema Harmonisierer und Auswirkung auf das Gedeihen von Pflanzen durchf\u00fchren.\n<\/p>\n\n<p class=\"anwendung\">\n2) Besonders erstaunt hat uns \n<span class=\"emphDark fs16\">\nder gro\u00dfe beobachtete Wirkradius von ca. 35m,\n<\/span>\nder fast dreimal so hoch ist, wie der von uns gemessene Wirkradius bei Menschen. \nWir haben versucht, Erkl\u00e4rungen f\u00fcr diese Diskrepanz zu finden. Die momentan plausibelste scheint uns diese zu sein:\nDer von uns festgestellte Wirkradius bei Menschen wurde radi\u00e4sthetisch vermessen. D.h. es wurde von Radi\u00e4stheten festgestellt, bis zu welchem Radius eine hinreichend gro\u00dfe Wirkung des Ger\u00e4ts auf den Menschen f\u00fchlbar ist. Bis 12m Abstand war die Wirkung ausreichend hoch, danach nahm sie kontinuierlich bis zu einem Radius von 20m auf eine nicht mehr wahrnehmbare Wirkung ab.\n<\/p>\n<p class=\"anwendung indent2 subs\">\nDie Erkl\u00e4rung, warum Pflanzen noch in viel weiterem Abstand eine positive Wirkung \u201esp\u00fcren\u201c, scheint diese zu sein: Pflanzen bestehen i.d.R. aus weniger und v.a. einfacher gebauten Zellen als Menschen, daher reagieren sie auf Umwelteinfl\u00fcsse wesentlich sensibler und sind weniger widerstandsf\u00e4hig als wir.\n<\/p>\n<p class=\"anwendung\" style=\"text-align:center;\">\n<span class=\"emphDark fs16\">\nDie Wirkung des Harmonisierers, die bei 35m Abstand noch vorhanden ist, reicht also durchaus noch aus, eine sensible Pflanze positiv zu beeinflussen. F\u00fcr einen im Vergleich dazu unsensiblen Menschen hingegen, reicht die Wirkung nur bis zu einem Abstand von 12m aus, um ihn f\u00fchlbar positiv zu beeinflussen.\n<\/p>\n\n<p class=\"anwendung\">\n<span class=\"emphDark fs16\">\nDerzeit laufen Versuche zur Wirkung des Harmonisierers in der Perde- und Rinderzucht\n<\/span>\n(Milch- und Fleischwirtschaft). In letzterem Falle geht es nicht nur um Ertragssteigerung, sondern auch darum, die teils sehr hohen Tierarztrechnungen zu reduzieren. Ein weiteres wirtschaftliches Problem sind immer wieder auftretende Fehl- oder Totgeburten. Mit Milchbauern in Tirol startet daher in K\u00fcrze ein Pilotversuch, der kl\u00e4ren soll, ob der H. auch auf diesem Gebiet eine positive Wirkung zeigt.\n<\/p>\n\n<div class=\"fusion-clearfix\"><\/div><\/div><\/div>\n<div class=\"fusion-layout-column fusion_builder_column fusion-builder-column-1 fusion_builder_column_1_3 1_3 fusion-one-third fusion-column-last twofifth1\" style=\"width:30.6666%;margin-top:0px;margin-bottom:0px;\" id=\"columnSide\"><div class=\"fusion-column-wrapper fusion-flex-column-wrapper-legacy\" style=\"background-position:left\ntop;background-repeat:no-repeat;-webkit-background-size:cover;-moz-background-size:cover;-o-background-size:cover;background-size:cover;padding: 0px 0px 0px 0px;\">\n\n\n<p class=\"emphLight fs14\" style=\"text-align:center;line-height:14px;\">Erfahrungsbericht als pdf-Datei:<br clear='none'>\n    <a href=\"https:\/\/www.elektrosmoghilfe.com\/erdstrahlen\/wp-content\/uploads\/documents\/hamoni_broschuere_erfahrungsbericht_mangobaum.pdf\">\n        <img class=\"img_pdf\" style=\"margin-top:0px;margin-bottom:24px\"\n             src=\"https:\/\/www.elektrosmoghilfe.com\/erdstrahlen\/wp-content\/uploads\/images\/hamoni_broschuere_erfahrungsbericht_mangobaum.jpg\">\n    <\/a>\n<\/p>\n\n<img class=\"sidebar\"\n     src=\"https:\/\/www.elektrosmoghilfe.com\/erdstrahlen\/wp-content\/uploads\/images\/briefmarke_paraguay.jpg\"\n     alt=\"Paraguay auf der Landkarte\">\n\n<p class=\"imgDescr\">\n    <span class=\"emphDark fs14\">Paraguay<\/span> liegt in der Mitte S\u00fcdamerikas.\n    Die Landwirtschaft ist ein wichtiger Wirtschaftszweig, besch\u00e4ftigt ca. 40% der Bev\u00f6lkerung und tr\u00e4gt 25% zum BIP\n    bei. Wichtige Anbaupflanzen sind Sojabohnen, Maniok, Baumwolle, Zuckerrohr und Getreide. Von den 6,7 Millionen\n    Einwohnern des Landes sprechen ca. 60.000 Deutsch. Die abgebildete Briefmarke der paraguayanischen Post stammt aus\n    ca. 1970.\n<\/p>\n\n<img class=\"sidebar\"\n     src=\"https:\/\/www.elektrosmoghilfe.com\/erdstrahlen\/wp-content\/uploads\/images\/mango.png\"\n     alt=\"Eine reife Mango-Frucht\">\n\n<p class=\"imgDescr\">\n    <span class=\"emphDark fs14\">Eine reife Mango-Frucht<\/span>\n<\/p>\n\n<img class=\"sidebar\"\n     src=\"https:\/\/www.elektrosmoghilfe.com\/erdstrahlen\/wp-content\/uploads\/images\/mango_baum_gruen.jpg\"\n     alt=\"Ein Mango-Baum\">\n\n<p class=\"imgDescr\">\n    <span class=\"emphDark fs14\">Ein Mango-Baum<\/span>\n<\/p>\n\n<img class=\"sidebar\"\n     src=\"https:\/\/www.elektrosmoghilfe.com\/erdstrahlen\/wp-content\/uploads\/images\/mango_baum_blueten.jpg\"\n     alt=\"Die Bl\u00fcten des Mango-Baums\">\n\n<p class=\"imgDescr\">\n    <span class=\"emphDark fs14\">Die Bl\u00fcten des Mango-Baums<\/span>\n<\/p>\n\n<img class=\"sidebar\"\n     src=\"https:\/\/www.elektrosmoghilfe.com\/erdstrahlen\/wp-content\/uploads\/images\/mango_baum_fruechte.jpg\"\n     alt=\"Mango-Fr\u00fcchte unterschiedlichen Reifegrads\">\n\n<p class=\"imgDescr\">\n    <span class=\"emphDark fs14\">Mango-Fr\u00fcchte unterschiedlichen Reifegrads<\/span>\n<\/p>\n\n<img class=\"sidebar\"\n     src=\"https:\/\/www.elektrosmoghilfe.com\/erdstrahlen\/wp-content\/uploads\/images\/weltkugel_paraguay.jpg\"\n     alt=\"Flugzeug mit Hamoni\u00ae Harmonisierern fliegt nach Paraguay\">\n\n<p class=\"imgDescr\">\n    <span class=\"emphDark fs14\">50 St\u00fcck des Hamoni\u00ae Harmonisierers<\/span>\n    traten per Flugzeug die 10.700 km lange Reise zum Einsatz bei weiteren Landwirten in Paraguay an.\n<\/p>\n\n\n<div class=\"fusion-clearfix\"><\/div><\/div><\/div><\/div><\/div>","protected":false},"excerpt":{"rendered":"","protected":false},"author":1,"featured_media":0,"parent":0,"menu_order":0,"comment_status":"closed","ping_status":"closed","template":"","meta":[],"_links":{"self":[{"href":"https:\/\/www.elektrosmoghilfe.com\/erdstrahlen\/wp-json\/wp\/v2\/pages\/927"}],"collection":[{"href":"https:\/\/www.elektrosmoghilfe.com\/erdstrahlen\/wp-json\/wp\/v2\/pages"}],"about":[{"href":"https:\/\/www.elektrosmoghilfe.com\/erdstrahlen\/wp-json\/wp\/v2\/types\/page"}],"author":[{"embeddable":true,"href":"https:\/\/www.elektrosmoghilfe.com\/erdstrahlen\/wp-json\/wp\/v2\/users\/1"}],"replies":[{"embeddable":true,"href":"https:\/\/www.elektrosmoghilfe.com\/erdstrahlen\/wp-json\/wp\/v2\/comments?post=927"}],"version-history":[{"count":1,"href":"https:\/\/www.elektrosmoghilfe.com\/erdstrahlen\/wp-json\/wp\/v2\/pages\/927\/revisions"}],"predecessor-version":[{"id":1312,"href":"https:\/\/www.elektrosmoghilfe.com\/erdstrahlen\/wp-json\/wp\/v2\/pages\/927\/revisions\/1312"}],"wp:attachment":[{"href":"https:\/\/www.elektrosmoghilfe.com\/erdstrahlen\/wp-json\/wp\/v2\/media?parent=927"}],"curies":[{"name":"wp","href":"https:\/\/api.w.org\/{rel}","templated":true}]}}