{"id":925,"date":"2016-09-01T21:30:41","date_gmt":"2016-09-01T21:30:41","guid":{"rendered":"https:\/\/www.elektrosmoghilfe.com\/erdstrahlen\/?page_id=925"},"modified":"2017-09-15T22:58:20","modified_gmt":"2017-09-15T22:58:20","slug":"interview-mit-einem-anwender","status":"publish","type":"page","link":"https:\/\/www.elektrosmoghilfe.com\/erdstrahlen\/interview-mit-einem-anwender\/","title":{"rendered":"Interview mit einem Anwender"},"content":{"rendered":"<div class=\"fusion-fullwidth fullwidth-box fusion-builder-row-1 nonhundred-percent-fullwidth non-hundred-percent-height-scrolling\" style=\"background-color: rgba(255,255,255,0);background-position: left top;background-repeat: no-repeat;padding-top:0px;padding-right:0px;padding-bottom:0px;padding-left:0px;margin-bottom: 0px;margin-top: 0px;border-width: 0px 0px 0px 0px;border-color:#eae9e9;border-style:solid;\" ><div class=\"fusion-builder-row fusion-row\">\n<div class=\"fusion-layout-column fusion_builder_column fusion-builder-column-0 fusion_builder_column_2_3 2_3 fusion-two-third fusion-column-first threefifth1\" style=\"width:65.3333%; margin-right: 4%;margin-top:0px;margin-bottom:0px;\" id=\"columnMain\"><div class=\"fusion-column-wrapper fusion-flex-column-wrapper-legacy\" style=\"background-position:left top;background-repeat:no-repeat;-webkit-background-size:cover;-moz-background-size:cover;-o-background-size:cover;background-size:cover;padding: 0px 0px 0px 0px;\">\n\n<h1 class=\"subpage\">Interview mit einem Anwender*<br clear='none'>\n    <span class=\"h1SubTitle\">Walter Voitic, 49, Polizist i. R., Wien<\/span><\/h1>\n\n<p class=\"anwendung fs16\">\n<span class=\"emphDark\">\nSehr geehrter Herr Voitic, vorweg herzlichen Dank, dass Sie sich f\u00fcr ein Interview mit uns bereit erkl\u00e4rt haben. Wie sind Sie auf den Harmonisierer gestossen?\n<\/span>\n<\/p>\n<p class=\"anwendung report report2 indent2\">\nAus reinem Zufall. Ich muss zugeben, dass ich fr\u00fcher nie an Erdstrahlen und Wasseradern geglaubt habe, geschweige denn, dass sie irgendeinen Einfluss auf unsere Gesundheit haben k\u00f6nnten. Ich war sicher, dass es sich dabei um blo\u00dfe Einbildung handeln musste. Ein Bet\u00e4tigungsfeld f\u00fcr Spinner und Scharlatane, die unwissende Menschen abzocken wollen. Zu Weihnachten 2011 bekam ich von meiner geliebten Frau Ingrid ein Geschenk, das gleich einmal unsere Hunde unter dem Christbaum aufmachten. Es war ein Hamoni Harmonisierer. Sch\u00f6ne Bescherung, dachte ich mir, der findet seinen Platz im Keller, da kann er den Erdstrahlen sch\u00f6n nahe sein.\n<\/p>\n\n<p class=\"anwendung fs16\">\n<span class=\"emphDark\">\nOje, das h\u00f6rt sich gar nicht gut an\u2026\n<\/span>\n<\/p>\n<p class=\"anwendung report report2 indent2\">\nUnter Geschenk hatte ich mir auf jeden Fall etwas anderes vorgestellt. Ich hoffte, Ingrid w\u00fcrde mich nicht darauf ansprechen, was mit dem Geschenk geschehen war. Doch sie lie\u00df einfach nicht locker, schwafelte andauernd von ihrer besten Freundin, die gro\u00dfe St\u00fccke auf den Harmonisierer schwor. Nur um endlich meine Ruhe vor ihr zu haben, stellte ich den Harmonisierer schlie\u00dflich am Schlafzimmerboden auf. Und zwar so, dass ich ihn m\u00f6glichst nicht sehen mu\u00dfte (lacht).\n<\/p>\n\n<p class=\"anwendung fs16\">\n<span class=\"emphDark\">\nLiebe auf den ersten Blick sieht anders aus. Haben Sie irgendeine Ver\u00e4nderung nach Aufstellen des Harmonisierers gesp\u00fcrt?\n<\/span>\n<\/p>\n<p class=\"anwendung report report2 indent2\">\nZun\u00e4chst einmal: gar nichts! Ich triumphierte innerlich, denn genau das hatte ich erwartet. Nach ca. 1 Woche jedoch geschah etwas Merkw\u00fcrdiges mit unseren Hunden Angelo und Amy. Obwohl sie mit Ingrid und mir immer gerne gemeinsam auf der Couch im Wohnzimmer lagen, waren sie nie mit ins Bett gekommen. Ich hatte mir keine gro\u00dfe Gedanken darum gemacht, doch auf einmal stritten sie sich darum, wer zwischen uns im Bett liegen durfte. Ingrid kostete die Situation aus: \u201eSiehst Du, der Harmonisierer wirkt schon.\u201c \u201eBl\u00f6dsinn\u201c, antwortete ich. Mir fiel aber kein wirklich \u00fcberzeugendes Gegenargument ein.\n<\/p>\n\n<p class=\"anwendung fs16\">\n<span class=\"emphDark\">\nHaben Sie an sich selbst auch eine Ver\u00e4nderung durch den Harmonisierer gesp\u00fcrt?\n<\/span>\n<\/p>\n<p class=\"anwendung report report2 indent2\">\nDie ersten 3 Wochen habe ich gar nichts bemerkt. Heute wei\u00df ich, dass das normal ist. Leider litt ich davor schon seit Jahren an Einschlafst\u00f6rungen und durchschlafen konnte ich nur selten. Bald nachdem die ersten Symptome aufgetreten waren, schickte micht mein Hausarzt zum Psychiater. Der diagnostizierte eine leichte Depression. Er verschrieb mir Antidepressiva und Einschlafmittel. Das Rezept nahm ich mit, holte mir die Medikamente aber aus der Apotheke nie ab. Meine \u00c4ngste, abh\u00e4ngig zu werden, und mein Mi\u00dftrauen gegen\u00fcber Psychopharmaka waren zu gro\u00df. \u00dcber die Jahre wurden die Schmerzen und Schlafst\u00f6rungen f\u00fcr mich normal. Ich ertrug meine Leiden einfach. Ingrid wollte sich mit meinem Zustand aber nicht abfinden und recherchierte immer wieder auf dem Gebiet der alternativen Heilmethoden. F\u00fcr mich war das aber alles Voodoo. Mir fehlte einfach der Glauben daran.\n<\/p>\n\n<p class=\"anwendung fs16\">\n<span class=\"emphDark\">\nUm auf den Harmonisierer zur\u00fcckzukommen. Konnte er Ihnen helfen?\n<\/span>\n<\/p>\n<p class=\"anwendung report report2 indent2\">\nIn den ersten drei Wochen habe ich keine Wirkung gesp\u00fcrt, aber nach ca. 25 Tagen konnte ich das erste Mal seit langem wieder durchschlafen. Ich dachte an Zufall, doch als ich auch die n\u00e4chsten N\u00e4chte durchschlafen konnte, war ich baff. Jetzt bin ich immerhin schon fast 13 Monate so gut wie beschwerdefrei, nur vor langen Reisen und bei Vollmond habe ich gelegentlich noch Schlafprobleme. Jeder, der ein chronisches Schlafproblem hat, weiss wohl, wie unertr\u00e4glich das Leben auch tags\u00fcber wird. Man ist st\u00e4ndig schlapp und schlecht gelaunt. Wenn Sie von dieser Last pl\u00f6tzlich befreit werden, f\u00fchlen Sie sich wie neugeboren.\n<\/p>\n\n<p class=\"anwendung fs16\">\n<span class=\"emphDark\">\nUnd sind Sie sich sicher, dass Ihnen der Harmonisierer geholfen hat?\n<\/span>\n<\/p>\n<p class=\"anwendung report report2 indent2\">\nF\u00fcr mich steht au\u00dfer Frage, dass es so war. Die zeitliche \u00dcbereinstimmung ist mehr als verbl\u00fcffend. Sonst habe ich w\u00e4hrend dieser Zeit nichts wirklich Bedeutendes in meinem Leben ge\u00e4ndert. Seit dem ersten Aufstellen stand der Harmonisierer immer an derselben Stelle. Ich muss zugeben, ich habe mich auch nicht getraut, etwas zu ver\u00e4ndern, aus Angst, dass die Schlafst\u00f6rungen wieder kommen. Auf jeden Fall habe ich mich inzwischen intensiv dem Thema Erdstrahlen gewidmet. Ich habe mir B\u00fccher zu dem Thema besorgt und bin \u00fcberrascht, dass es so viele \u00fcberzeugende Studien \u00fcber die Sch\u00e4dlichkeit der Erdstrahlen gibt. Auch dass das Gebiet schon recht gut wissenschaftlich erforscht ist, war mir neu. Ich hatte gedacht, dass da viele Halbwahrheiten verbreitet werden. Ich bin aber auch w\u00fctend geworden, n\u00e4mlich dar\u00fcber, wie ignorant die Schulmedizin immer noch ist. Die lacht doch nur \u00fcber das Thema. So war ich auf die Initiative von Ingrid angewiesen, der Psychiater hat mich mit Psychopharmaka abgespeist. Ich bin unbedingt daf\u00fcr, dass Erdstrahlenschutz als Pr\u00e4vention gegen Krankheiten von der Krankenkasse bezahlt wird. Man k\u00f6nnte sich auf lange Sicht sehr viel Geld sparen, weil viele Menschen gar nicht erst krank w\u00fcrden.\n<\/p>\n\n<p class=\"anwendung fs16\">\n<span class=\"emphDark\">\nHerr Voitic, vielen Dank f\u00fcr dieses Gespr\u00e4ch.\n<\/span>\n<\/p>\n\n\n<div class=\"fusion-clearfix\"><\/div><\/div><\/div>\n<div class=\"fusion-layout-column fusion_builder_column fusion-builder-column-1 fusion_builder_column_1_3 1_3 fusion-one-third fusion-column-last twofifth1\" style=\"width:30.6666%;margin-top:0px;margin-bottom:0px;\" id=\"columnSide\"><div class=\"fusion-column-wrapper fusion-flex-column-wrapper-legacy\" style=\"background-position:left\ntop;background-repeat:no-repeat;-webkit-background-size:cover;-moz-background-size:cover;-o-background-size:cover;background-size:cover;padding: 0px 0px 0px 0px;\">\n\n<p class=\"emphDark fs16\" style=\"text-align:center;line-height: 19px;margin-bottom: 0px;\">\n\u201cErdstrahlen und Wasseradern? Ich war sicher: alles nur Einbildung. Ein Bet\u00e4tigungsfeld f\u00fcr Spinner und Scharlatane\u2026\u201d \n<\/p>\n<p class=\"emphLight fs16\" style=\"text-align:center;margin-bottom: 12px;\">\n    Walter Voitic\n<\/p>\n\n\n<img style=\"margin-top: 24px;\" class=\"sidebar\"\n     src=\"https:\/\/www.elektrosmoghilfe.com\/erdstrahlen\/wp-content\/uploads\/images\/walter_voitic.jpg\"\n     alt=\"\">\n<p class=\"imgDescr\">\n<span class=\"emphDark fs14\">\nHerr Voitic mit einer Vorg\u00e4ngerversion des aktuellen Harmonisierers\nin der Hand<\/span>\n<\/p>\n\n\n<img style=\"margin-top: 24px;\" class=\"sidebar\"\n     src=\"https:\/\/www.elektrosmoghilfe.com\/erdstrahlen\/wp-content\/uploads\/images\/herr_votic_mit_hunden.jpg\"\n     alt=\"\">\n<p class=\"imgDescr\">\n<span class=\"emphDark fs14\">\nHerr Voitic mit seinen Hunden Amy (Mitte) und Angelo\n<\/p>\n\n\n\n<div class=\"fusion-clearfix\"><\/div><\/div><\/div><\/div><\/div>","protected":false},"excerpt":{"rendered":"","protected":false},"author":1,"featured_media":0,"parent":0,"menu_order":0,"comment_status":"closed","ping_status":"closed","template":"","meta":[],"_links":{"self":[{"href":"https:\/\/www.elektrosmoghilfe.com\/erdstrahlen\/wp-json\/wp\/v2\/pages\/925"}],"collection":[{"href":"https:\/\/www.elektrosmoghilfe.com\/erdstrahlen\/wp-json\/wp\/v2\/pages"}],"about":[{"href":"https:\/\/www.elektrosmoghilfe.com\/erdstrahlen\/wp-json\/wp\/v2\/types\/page"}],"author":[{"embeddable":true,"href":"https:\/\/www.elektrosmoghilfe.com\/erdstrahlen\/wp-json\/wp\/v2\/users\/1"}],"replies":[{"embeddable":true,"href":"https:\/\/www.elektrosmoghilfe.com\/erdstrahlen\/wp-json\/wp\/v2\/comments?post=925"}],"version-history":[{"count":1,"href":"https:\/\/www.elektrosmoghilfe.com\/erdstrahlen\/wp-json\/wp\/v2\/pages\/925\/revisions"}],"predecessor-version":[{"id":1314,"href":"https:\/\/www.elektrosmoghilfe.com\/erdstrahlen\/wp-json\/wp\/v2\/pages\/925\/revisions\/1314"}],"wp:attachment":[{"href":"https:\/\/www.elektrosmoghilfe.com\/erdstrahlen\/wp-json\/wp\/v2\/media?parent=925"}],"curies":[{"name":"wp","href":"https:\/\/api.w.org\/{rel}","templated":true}]}}