{"id":923,"date":"2016-09-01T21:30:30","date_gmt":"2016-09-01T21:30:30","guid":{"rendered":"https:\/\/www.elektrosmoghilfe.com\/erdstrahlen\/?page_id=923"},"modified":"2017-10-20T02:30:35","modified_gmt":"2017-10-20T02:30:35","slug":"erfahrungsbericht-eines-krebskranken","status":"publish","type":"page","link":"https:\/\/www.elektrosmoghilfe.com\/erdstrahlen\/erfahrungsbericht-eines-krebskranken\/","title":{"rendered":"Erfahrungsbericht eines Krebskranken"},"content":{"rendered":"<div class=\"fusion-fullwidth fullwidth-box fusion-builder-row-1 nonhundred-percent-fullwidth non-hundred-percent-height-scrolling\" style=\"background-color: rgba(255,255,255,0);background-position: left top;background-repeat: no-repeat;padding-top:0px;padding-right:0px;padding-bottom:0px;padding-left:0px;margin-bottom: 0px;margin-top: 0px;border-width: 0px 0px 0px 0px;border-color:#eae9e9;border-style:solid;\" ><div class=\"fusion-builder-row fusion-row\">\r\n<div class=\"fusion-layout-column fusion_builder_column fusion-builder-column-0 fusion_builder_column_2_3 2_3 fusion-two-third fusion-column-first threefifth1\" style=\"width:65.3333%; margin-right: 4%;margin-top:0px;margin-bottom:0px;\" id=\"columnMain\"><div class=\"fusion-column-wrapper fusion-flex-column-wrapper-legacy\" style=\"background-position:left top;background-repeat:no-repeat;-webkit-background-size:cover;-moz-background-size:cover;-o-background-size:cover;background-size:cover;padding: 0px 0px 0px 0px;\">\r\n\r\n<h1 class=\"subpage\">Erfahrungsbericht eines Krebskranken*<br clear='none'>\r\n    <span class=\"h1SubTitle\">Hofrat Dr. Fritz R., 1050 Wien<\/span><\/h1>\r\n\r\n<p class=\"anwendung fs16\">\r\n<span class=\"emphDark\">\r\nWir drucken hier den eingescannten Originalbrief eines krebskranken Anwenders des Harmonisierers ab. Bitte beachten Sie das Datum: 15.1.1984! Der Harmonisierer wird seit Jahrzehnten entwickelt und hat Menschen schon vor 30 Jahren geholfen. Seither wurde und wird der Harmonisierer permanent weiterentwickelt und verbessert.\r\n<\/span>\r\n<\/p>\r\n\r\n<a class=\"fusion-modal-text-link\" data-toggle=\"modal\" data-target=\".fusion-modal.modal08\" href=\"#\">\r\n<p class=\"anwendung emphDark fs16\" style=\"text-align:center;\">\r\n    <img src=\"https:\/\/www.elektrosmoghilfe.com\/erdstrahlen\/wp-content\/uploads\/images\/Referenz-Harmonisierer-84.gif\" style=\"\">\r\n<\/p>\r\n<\/a>\r\n<div class=\"fusion-modal modal fade modal-1 modal08\" tabindex=\"-1\" role=\"dialog\" aria-labelledby=\"modal-heading-1\" aria-hidden=\"true\"><style type=\"text\/css\">.modal-1 .modal-header, .modal-1 .modal-footer{border-color:#ebebeb;}<\/style><div class=\"modal-dialog modal-lg\" role=\"document\"><div class=\"modal-content fusion-modal-content\" style=\"background-color:#ffffff\"><div class=\"modal-header\"><button class=\"close\" type=\"button\" data-dismiss=\"modal\" aria-hidden=\"true\" aria-label=\"Close\">&times;<\/button><h3 class=\"modal-title\" id=\"modal-heading-1\" data-dismiss=\"modal\" aria-hidden=\"true\">Erfahrungsbericht von Dr. Fritz R. (Scan des Briefs)<\/h3><\/div><div class=\"modal-body fusion-clearfix\">\r\n<img src=\"https:\/\/www.elektrosmoghilfe.com\/erdstrahlen\/wp-content\/uploads\/images\/Referenz-Harmonisierer-84.gif\">\r\n<\/div><\/div><\/div><\/div>\r\n\r\n<h2>Erkl\u00e4rungen zum Brief<\/h2>\r\n\r\n<p class=\"anwendung\">\r\nDer Originalbrief liegt beim Hamoni\u00ae Forschungsteam zur Einsicht auf. Wir haben den Wunsch des Verfassers auf Privatsph\u00e4re respektiert und daher seinen Namen geschw\u00e4rzt. F\u00fcr unsere deutschen und schweizer Kunden: \u201eHofrat\u201c ist ein Titel eines hohen \u00f6sterreichischen Beamten. Der Brief ist an Heinz Stolze adressiert, den Erfinder und Entwickler des Harmonisierers in 1. Familiengeneration. Herr Stolze ist mittlerweile leider verstorben, der Harmonisierer wird heute in 2. Familiengeneration unter F\u00fchrung von Herrn Manfred Fennesz weiterentwickelt.\r\n<\/p>\r\n\r\n<p class=\"anwendung\" style=\"text-align:center\">\r\n<a href=\"https:\/\/www.elektrosmoghilfe.com\/erdstrahlen\/die-geschichte-des-hamoni-harmonisierers\/\">\r\n<i>\r\nMehr zur Geschichte des Harmonisierers haben wir f\u00fcr Sie hier zusammengetragen.\r\n<\/i>\r\n<\/a>\r\n<\/p>\r\n\r\n<p class=\"anwendung emphDark fs16 sum\" style=\"text-align:center\">\r\nZur besseren Lesbarkeit auf kleinen Bildschirmen,haben wir den Inhalt des gescannten Briefs\r\nf\u00fcr Besucher, die unsere Seite auf einem Mobilger\u00e4t lesen, abgetippt.\r\n<\/p>\r\n\r\n<p class=\"anwendung report report2\">\r\n    \u201eSehr geehrte Herren !\r\n<\/p>\r\n\r\n<p class=\"anwendung report report2 indent2\">\r\nVor einigen Monaten schenkte mir mein Sohn &#8211; \u00fcber Vermittlung von Frau P. aus 2620 Neunkirchen &#8211;\r\nIhr Erdstrahlenentst\u00f6rger\u00e4t. Ich muss zugeben, dass ich zu Beginn sehr skeptisch war, denn ich leide\r\nunter Depressionen, unter Schlaflosigkeit und habe au\u00dferdem Krebs. Ich hatte bereits die Hoffnung auf\r\nHilfe aufgegeben, denn ich habe verschiedenste Mittel &#8211; leider ohne Erfolg &#8211; ausprobiert.\r\n<\/p>\r\n\r\n<p class=\"anwendung report report2 indent2\">\r\nNun kann ich aber tats\u00e4chlich sagen, dass ich unter Depressionen und Schlaflosigkeit litt, denn\r\neinige Tage nach Aufstellung des Ger\u00e4tes trat eine derartige Besserung meines Zustandes ein, dass\r\nich dieses Ger\u00e4t nicht mehr entbehren m\u00f6chte.\r\n<\/p>\r\n\r\n<p class=\"anwendung report report2 indent2\">\r\nIch kann wieder schlafen und auch meine Depressionen sind verschwunden. Meine Schmerzen sind wie\r\nweggeblasen und ich bin sehr froh, dass es Ihr Ger\u00e4t gibt. Daf\u00fcr m\u00f6chte ich Ihnen danken.\r\n<\/p>\r\n\r\n<p class=\"anwendung report report2 indent2\">\r\nIch bin 72 Jahre alt und man hat mir immer gesagt, dass mein schlechter Allgemeinzustand wahrscheinlich auf mein\r\nAlter zur\u00fcckzuf\u00fchren w\u00e4re. Nun, nachdem ich Ihr Ger\u00e4t lange genug getestet habe, kann ich nur sagen, dass ich\r\nmich wie ein anderer Mensch f\u00fchle.\r\n<\/p>\r\n\r\n<p class=\"anwendung report report2 indent2\">\r\nIch m\u00f6chte Ihnen nochmals f\u00fcr Ihr Ger\u00e4t danken und Sie bitten &#8211; falls Sie mit meinem Schreiben Werbung\r\nbetreiben m\u00f6chten &#8211; nur die Anfangsbuchstaben meines Namens zu nennen, da ich nicht m\u00f6chte, dass \u00fcber meine\r\nKrankheit etwas bekannt wird. Ich werde Sie aber gerne bzw. Ihr Ger\u00e4t weiterempfehlen. Zur Zeit wohne ich\r\nbei meinem Bruder in Wels und habe nat\u00fcrlich Ihr Ger\u00e4t mitgenommen.\r\n<\/p>\r\n\r\n<p class=\"anwendung report report2\">\r\n    Ich ersuche Sie nochmals um Wahrung meiner Anonymit\u00e4t und zeichne<br clear='none'>\r\nmit vorz\u00fcglicher Hochachtung<br clear='none'>\r\nDr. Fritz R.\u201c\r\n<\/p>\r\n\r\n<div class=\"fusion-clearfix\"><\/div><\/div><\/div>\r\n<div class=\"fusion-layout-column fusion_builder_column fusion-builder-column-1 fusion_builder_column_1_3 1_3 fusion-one-third fusion-column-last twofifth1\" style=\"width:30.6666%;margin-top:0px;margin-bottom:0px;\" id=\"columnSide\"><div class=\"fusion-column-wrapper fusion-flex-column-wrapper-legacy\" style=\"background-position:left\r\ntop;background-repeat:no-repeat;-webkit-background-size:cover;-moz-background-size:cover;-o-background-size:cover;background-size:cover;padding: 0px 0px 0px 0px;\">\r\n\r\n<p class=\"emphDark fs16\" style=\"text-align:center;line-height: 19px;margin-bottom: 0px;\">\r\n\u201e&#8230;denn einige Tage nach Aufstellung des Ger\u00e4tes trat eine derartige Besserung meines Zustandes ein, dass\r\nich diese Ger\u00e4t nicht mehr entbehren m\u00f6chte. Ich kann wieder schlafen und auch meine Depressionen sind verschwunden.\r\nMeine Schmerzen sind wie weggeblasen und ich bin sehr froh, dass es Ihr Ger\u00e4t gibt.\u201c\r\n<\/p>\r\n\r\n<p class=\"emphLight fs16\" style=\"text-align:center;margin-bottom: 12px;\">\r\nDr.&nbsp;Fritz&nbsp;R.\r\n<\/p>\r\n\r\n<p class=\"emphLight fs14\" style=\"text-align:center;line-height:14px;\">Erfahrungsbericht als pdf-Datei:<br clear='none'>\r\n<a href=\"https:\/\/www.elektrosmoghilfe.com\/erdstrahlen\/wp-content\/uploads\/documents\/hamoni_broschuere_erfahrungsbericht_krebspatient.pdf\">\r\n    <img class=\"img_pdf\" style=\"margin-top:0px;margin-bottom:24px\" \r\n         src=\"https:\/\/www.elektrosmoghilfe.com\/erdstrahlen\/wp-content\/uploads\/images\/hamoni_broschuere_erfahrungsbericht_krebspatient.jpg\">\r\n<\/a>\r\n<\/p>\r\n\r\n<div class=\"fusion-clearfix\"><\/div><\/div><\/div><\/div><\/div>","protected":false},"excerpt":{"rendered":"","protected":false},"author":1,"featured_media":0,"parent":0,"menu_order":0,"comment_status":"closed","ping_status":"closed","template":"","meta":[],"_links":{"self":[{"href":"https:\/\/www.elektrosmoghilfe.com\/erdstrahlen\/wp-json\/wp\/v2\/pages\/923"}],"collection":[{"href":"https:\/\/www.elektrosmoghilfe.com\/erdstrahlen\/wp-json\/wp\/v2\/pages"}],"about":[{"href":"https:\/\/www.elektrosmoghilfe.com\/erdstrahlen\/wp-json\/wp\/v2\/types\/page"}],"author":[{"embeddable":true,"href":"https:\/\/www.elektrosmoghilfe.com\/erdstrahlen\/wp-json\/wp\/v2\/users\/1"}],"replies":[{"embeddable":true,"href":"https:\/\/www.elektrosmoghilfe.com\/erdstrahlen\/wp-json\/wp\/v2\/comments?post=923"}],"version-history":[{"count":2,"href":"https:\/\/www.elektrosmoghilfe.com\/erdstrahlen\/wp-json\/wp\/v2\/pages\/923\/revisions"}],"predecessor-version":[{"id":1717,"href":"https:\/\/www.elektrosmoghilfe.com\/erdstrahlen\/wp-json\/wp\/v2\/pages\/923\/revisions\/1717"}],"wp:attachment":[{"href":"https:\/\/www.elektrosmoghilfe.com\/erdstrahlen\/wp-json\/wp\/v2\/media?parent=923"}],"curies":[{"name":"wp","href":"https:\/\/api.w.org\/{rel}","templated":true}]}}