{"id":922,"date":"2016-09-01T21:29:51","date_gmt":"2016-09-01T21:29:51","guid":{"rendered":"https:\/\/www.elektrosmoghilfe.com\/erdstrahlen\/?page_id=922"},"modified":"2017-09-15T22:58:20","modified_gmt":"2017-09-15T22:58:20","slug":"ein-noch-immer-raetselhafter-fall-aus-grossbritannien","status":"publish","type":"page","link":"https:\/\/www.elektrosmoghilfe.com\/erdstrahlen\/ein-noch-immer-raetselhafter-fall-aus-grossbritannien\/","title":{"rendered":"Ein noch immer r\u00e4tselhafter Fall aus Gro\u00dfbritannien"},"content":{"rendered":"<div class=\"fusion-fullwidth fullwidth-box fusion-builder-row-1 nonhundred-percent-fullwidth non-hundred-percent-height-scrolling\" style=\"background-color: rgba(255,255,255,0);background-position: left top;background-repeat: no-repeat;padding-top:0px;padding-right:0px;padding-bottom:0px;padding-left:0px;margin-bottom: 0px;margin-top: 0px;border-width: 0px 0px 0px 0px;border-color:#eae9e9;border-style:solid;\" ><div class=\"fusion-builder-row fusion-row\">\n<div class=\"fusion-layout-column fusion_builder_column fusion-builder-column-0 fusion_builder_column_2_3 2_3 fusion-two-third fusion-column-first threefifth1\" style=\"width:65.3333%; margin-right: 4%;margin-top:0px;margin-bottom:0px;\" id=\"columnMain\"><div class=\"fusion-column-wrapper fusion-flex-column-wrapper-legacy\" style=\"background-position:left top;background-repeat:no-repeat;-webkit-background-size:cover;-moz-background-size:cover;-o-background-size:cover;background-size:cover;padding: 0px 0px 0px 0px;\">\n\n<h1 class=\"subpage\">Ein noch immer r\u00e4tselhafter Fall aus Gro\u00dfbritannien*<br clear='none'>\n    <span class=\"h1SubTitle\">Ms. K.D., Kundin aus Bath, Grafschaft Somerset, UK<\/span><\/h1>\n\n<p class=\"anwendung fs16\">\n<span class=\"emphDark\">\nGro\u00dfbritannien ist ja bekannt f\u00fcr seine Vielzahl an Schl\u00f6ssern, in denen es angeblich spukt. Einen Spuk etwas anderer Art erlebte unsere Kundin K.D. Dieser f\u00fchlte sich f\u00fcr sie jedoch ganz real an: Schon l\u00e4ngere Zeit nahm sie einen sehr hochfrequenten Ton wahr.\n<\/span>\n<\/p>\n\n<p class=\"anwendung indent2\">\n    So weit nichts Ungew\u00f6hnliches f\u00fcr uns: \u201eDas riecht nach Tinnitus\u201c, so lautete unsere erste Reaktion. Doch dann wurde\n    es interessant: Nicht nur Ms. D. nahm den Ton wahr. Auch viele andere Einwohner der bekannten Stadt Bath, die zu den\n    sch\u00f6nsten und lebenswertesten Englands z\u00e4hlt, berichteten von einem mysteri\u00f6sen hochfrequenten Ton. Er trat\n    scheinbar zuf\u00e4llig auf und wurde in bestimmten Gebieten der Stadt nur von einem Teil der Bev\u00f6lkerung geh\u00f6rt. Der\n    andere Teil der Bev\u00f6lkerung h\u00f6rte jedoch gar nichts, obwohl er in genau denselben betroffenen Gebieten wohnte. Auch\n    die lokale Presse nahm sich des Themas an und stellte verschiedene Theorien f\u00fcr den Ursprung des Ph\u00e4nomens auf.\n<\/p>\n\n<p class=\"anwendung\" style=\"text-align:center\">\n    <img src=\"https:\/\/www.elektrosmoghilfe.com\/erdstrahlen\/wp-content\/uploads\/images\/city_of_bath.jpg\" alt=\"Bild der Stadt Bath\">\n<\/p>\n\n<p class=\"anwendung indent2\">\n    Vergeblich. Jede Spur zur vermeintlichen Quelle des Tons verlief im Sande. Ms. D. vermutete, dass das Problem seinen\n    Ursprung in irgendeiner elektrischen Anlage haben m\u00fcsse. Also wandte sie sich an Ihren \u00f6rtlichen Energieversorger,\n    das Unternehmen Western Power. Die Firma gab sich gro\u00dfe M\u00fche, dem Problem auf die Spur zu kommen. Alle elektrischen\n    Anlagen im Umkreis wurden auf Sch\u00e4den \u00fcberpr\u00fcft \u2013 ohne Ergebnis. Dann ging man den n\u00e4chsten logischen Schritt: Wenn\n    Ms. D. so einen nervt\u00f6tenden Ton wahrnahm, dann m\u00fcsste man diesen auch physikalisch messen k\u00f6nnen. \n<\/p>\n<p class=\"anwendung indent2 subs\">\nAlso wurde eine\n    aufwendige Schallmessung im Haus der Kundin durchgef\u00fchrt. Dabei wurde min\u00fctlich \u00fcber mehrere Tage hinweg der\n    Schalldruck in einem weiten Frequenzbereich gemessen und aufgezeichnet. Diese Daten wurden dann detailliert\n    ausgewertet, um herauszufinden, ob das sog. Frequenzspektrum (d.h. die Anteile der einzelnen Frequenzen am\n    Gesamtschalldruck) irgendwelche Anomalit\u00e4ten aufwies. Doch auch hier: keine Auff\u00e4lligkeiten. Ms. D. hat uns alle\n    Messdaten und das Auswertungsprotokoll weitergeleitet, das Unternehmen hat saubere Arbeit geleistet, und das als\n    Kundenservice kostenlos.\n<\/p>\n<p class=\"anwendung indent2 subs\">\n    Doch auch w\u00e4hrend der Messreihe hatten Ms. D. und auch einige ihrer Nachbarn wieder diesen l\u00e4stigen Ton\n    wahrgenommen! Wenn Sie jetzt verwirrt sind, dann zu Recht, denn wir waren es auch. Da hatten wir also den Fall eines\n    Tons, der nicht messbar war, d.h. real nicht existierte. Trotzdem wurde er von vielen Leuten \u201egeh\u00f6rt\u201c. Tinnitus ist\n    so ein Ph\u00e4nomen, allerdings nur als individuelles Problem bekannt. Die Vorstellung, dass hier eine Art kollektiver\n    \u201eMassentinnitus\u201c auftrat, schien uns absurd.\n<\/p>\n\n<p class=\"anwendung indent2\">\n    Ms. D. war wirklich verzweifelt, das zeigte schon allein ihre M\u00fche, dass sie unsere Webseite mit Google ins\n    Englische \u00fcbersetzt hatte, bevor sie uns kontaktierte. In einem langen Telefonat lie\u00df sie sich von uns beraten, doch\n    wir machten ihr bewusst nicht viel Hoffnung. Sie k\u00f6nne den Harmonisierer nat\u00fcrlich ausprobieren, doch in Anbetracht\n    der uns vorliegenden Informationen w\u00e4re das eher ein Schuss ins Blaue. Ms. D. bestellte das Ger\u00e4t und schrieb uns am\n    3.10.2015, einen Tag nach Lieferung:\n<\/p>\n\n<p class=\"anwendung report\" style=\"color:#0989D6;text-decoration:underline;margin-top: 12px\">\n    <img class=\"icon6\" src=\"https:\/\/www.elektrosmoghilfe.com\/erdstrahlen\/wp-content\/uploads\/images\/schungit_flag_en.jpg\">\n    Subj.: Hamoni Arrived\n<\/p>\n\n<p class=\"anwendung report\">\n    \u201eHi Manfred<br\/>\n    I am pleased to say the Hamoni Harmonizer has arrived. I put it on the floor between the old Apple Mac which is\n    never turned on and the old tv I watch dvds on. Somebody somewhere can laugh, but I really felt better, the top of\n    my head felt better. The noise did not bother me as it had last night and it\u2018s not bothering me this morning. I\n    certainly feel more relaxed. I can update you in a month or so. I feel happy to have purchased the little box. Thank\n    you.<br\/>\n    Best wishes from K.\u201c\n<\/p>\n\n<p class=\"anwendung\">\n    Nicht jeder ist des Englischen m\u00e4chtig, deswegen hier die \u00dcbersetzung ins Deutsche:\n<\/p>\n\n<p class=\"anwendung report\" style=\"color:#0989D6;text-decoration:underline;margin-top: 12px\">\n    <img class=\"icon6\" src=\"https:\/\/www.elektrosmoghilfe.com\/erdstrahlen\/wp-content\/uploads\/images\/schungit_flag_de.jpg\">\n    Betr.: Hamoni ist angekommen\n<\/p>\n\n<p class=\"anwendung report\">\n    \u201eHallo Manfred.<br\/>\n    Ich freue mich sagen zu k\u00f6nnen, dass der Hamoni Harmonisierer angekommen ist. Ich habe ihn auf den Boden zwischen\n    den alten Apple Mac, den ich nie einschalte und das TV-Ger\u00e4t, auf dem ich mir DVDs anschaue, gestellt. Irgendjemand\n    wird irgendwo lachen, aber ich f\u00fchle mich wirklich besser. Ich f\u00fchlte mich im Oberteil meines Kopfs besser. Der L\u00e4rm\n    hat mich nicht gest\u00f6rt, so wie er das gestern Abend noch getan hat und an diesem Morgen st\u00f6rt er mich gar nicht. Ich\n    kann mit Sicherheit sagen, dass ich mich entspannter f\u00fchle. Ich kann Dir in ca. 1 Monat ein Update geben. Ich bin\n    froh, dass ich diese kleine Box gekauft habe. Danke.<br\/>\n    Beste Gr\u00fc\u00dfe von K.\u201c\n<\/p>\n\n<p class=\"anwendung\">\n    Ms. D. meldete sich mit einem Update am 14.12.2015 und schrieb uns:\n<\/p>\n\n<p class=\"anwendung report\" style=\"color:#0989D6;text-decoration:underline;margin-top: 12px\">\n    <img class=\"icon6\" src=\"https:\/\/www.elektrosmoghilfe.com\/erdstrahlen\/wp-content\/uploads\/images\/schungit_flag_en.jpg\">\n    Subj.: Update\n<\/p>\n\n<p class=\"anwendung report\">\n    \u201eHi Manfred Meanwhile\u2026<br\/>\n    The Harmoni is very welcome here, I have noted a particular reduction in disturbance at a subtle level. My\n    neighbours who both are very sensitive and highly strung, are also notably calmer in themselves I would say.<br\/>\n    Best wishes from K.\u201c\n<\/p>\n\n<p class=\"anwendung\">\n    \u00dcbersetzung ins Deutsche:\n<\/p>\n\n<p class=\"anwendung report\" style=\"color:#0989D6;text-decoration:underline;margin-top: 12px\">\n    <img class=\"icon6\" src=\"https:\/\/www.elektrosmoghilfe.com\/erdstrahlen\/wp-content\/uploads\/images\/schungit_flag_de.jpg\">\n    Betr.: Update\n<\/p>\n\n<p class=\"anwendung report\">\n    \u201eHallo Manfred In der Zwischenzeit\u2026<br\/>\n    Der Hamoni ist bei mir sehr willkommen, besonders habe ich die Reduktion der Bel\u00e4stigung auf ein unaufdringliches\n    Niveau wahrgenommen. Ich w\u00fcrde auch sagen, dass meine Nachbarn, die beide sehr empfindlich und \u00fcbernerv\u00f6s sind,\n    merkbar ruhiger geworden sind.<br\/>\n    Beste Gr\u00fc\u00dfe von K.\u201c\n<\/p>\n\n<h2>Unsere Anmerkungen und Hypothese:<\/h2>\n\n<p class=\"anwendung\">\n    Nat\u00fcrlich freuen wir uns sehr, dass der Harmonisierer Ms. D. helfen konnte. Allerdings bleibt noch immer die Frage\n    offen, warum es in Bath eine Art \u201eMassentinnitus\u201c zu geben scheint. Bei Frau K. ist das Problem wie berichtet durch\n    den Harmonisierer gel\u00f6st. Allerdings besteht es weiterhin im Rest der Stadt, denn Zeitungen haben erst k\u00fcrzlich\n    wieder davon berichtet.\n<\/p>\n\n<p class=\"anwendung\">\n    <span class=\"emphDark fs16\">Unsere Hypothese:<\/span> Bath ist bekannt f\u00fcr seine r\u00f6mischen B\u00e4der, die von der\n    einzigen nat\u00fcrlichen Thermalquelle Englands gespeist werden. Die Stadt liegt genau \u00fcber dieser Thermalquelle. Daher\n    ist es vorstellbar, dass wir es hier mit einer weit ausgedehnten Wasserader-Belastung zu tun haben. Dies w\u00fcrde\n    erkl\u00e4ren, warum so viele Menschen kollektiv an Tinnitus leiden, der oft ein typisches Stresssymptom in Folge\n    geopathischer Belastung ist.\n<\/p>\n\n<p class=\"anwendung\" style=\"text-align:center\">\n    <img src=\"https:\/\/www.elektrosmoghilfe.com\/erdstrahlen\/wp-content\/uploads\/images\/city_of_bath_roman_baths_night.jpg\"\n         alt=\"Die r\u00f6mischen B\u00e4der von Bath bei Nacht\"><br clear='none'>\n    <i>Die prachtvollen, sehr gut erhaltenen r\u00f6mischen B\u00e4der von Bath bei Nacht<\/i>\n<\/p>\n\n<div class=\"fusion-clearfix\"><\/div><\/div><\/div>\n<div class=\"fusion-layout-column fusion_builder_column fusion-builder-column-1 fusion_builder_column_1_3 1_3 fusion-one-third fusion-column-last twofifth1\" style=\"width:30.6666%;margin-top:0px;margin-bottom:0px;\" id=\"columnSide\"><div class=\"fusion-column-wrapper fusion-flex-column-wrapper-legacy\" style=\"background-position:left\ntop;background-repeat:no-repeat;-webkit-background-size:cover;-moz-background-size:cover;-o-background-size:cover;background-size:cover;padding: 0px 0px 0px 0px;\">\n\n<p class=\"emphDark fs16\" style=\"text-align:center;line-height: 19px;margin-bottom: 0px;\">\n    \u201eSomebody somewhere can laugh, but I really felt better, the top of my head felt better\u2026 I feel happy to have\n    purchased the little box. Thank you.\u201c\n<\/p>\n\n<p class=\"emphLight fs16\" style=\"text-align:center;margin-bottom: 12px;\">\n    Ms. K.D.\n<\/p>\n\n<p class=\"emphLight fs14\" style=\"text-align:center;line-height:14px;\">Erfahrungsbericht als pdf-Datei:<br clear='none'>\n<a href=\"https:\/\/www.elektrosmoghilfe.com\/erdstrahlen\/wp-content\/uploads\/documents\/hamoni_broschuere_erfahrungsbericht_bath_uk.pdf\">\n    <img class=\"img_pdf\" style=\"margin-top:0px;margin-bottom:24px\" \n         src=\"https:\/\/www.elektrosmoghilfe.com\/erdstrahlen\/wp-content\/uploads\/images\/hamoni_broschuere_erfahrungsbericht_bath_uk.jpg\">\n<\/a>\n<\/p>\n\n<a class=\"fusion-modal-text-link\" data-toggle=\"modal\" data-target=\".fusion-modal.modal02\" href=\"#\">\n<img class=\"sidebar\" src=\"https:\/\/www.elektrosmoghilfe.com\/erdstrahlen\/wp-content\/uploads\/images\/city_of_bath_map_uk.jpg\" ><br clear='none'>\n<\/a>\n<div class=\"fusion-modal modal fade modal-1 modal02\" tabindex=\"-1\" role=\"dialog\" aria-labelledby=\"modal-heading-1\" aria-hidden=\"true\"><style type=\"text\/css\">.modal-1 .modal-header, .modal-1 .modal-footer{border-color:#ebebeb;}<\/style><div class=\"modal-dialog modal-lg\" role=\"document\"><div class=\"modal-content fusion-modal-content\" style=\"background-color:#ffffff\"><div class=\"modal-header\"><button class=\"close\" type=\"button\" data-dismiss=\"modal\" aria-hidden=\"true\" aria-label=\"Close\">&times;<\/button><h3 class=\"modal-title\" id=\"modal-heading-1\" data-dismiss=\"modal\" aria-hidden=\"true\">Die Stadt Bath auf der Landkarte<\/h3><\/div><div class=\"modal-body fusion-clearfix\">\n<img src=\"https:\/\/www.elektrosmoghilfe.com\/erdstrahlen\/wp-content\/uploads\/images\/city_of_bath_map_uk.jpg\"><br clear='none'>\n<\/div><\/div><\/div><\/div>\n<p class=\"imgDescr\" style=\"margin-bottom: 24px;\">\n<span class=\"emphDark fs14\">\nDie Stadt Bath\n<\/span>\n    liegt im S\u00fcdwesten Englands an den s\u00fcdlichen Ausl\u00e4ufern der sog. Cotswolds, einer malerischen H\u00fcgelkette in der\n    Grafschaft Somerset. Die Stadt ist ein Touristenmagnet, was sie u.a. den hervorragend erhaltenen historischen\n    Bauwerken und vor allem ihren r\u00f6mischen B\u00e4dern zu verdanken hat. N\u00e4chste Metropole ist die Hafenstadt Bristol, die\n    westlich von Bath in ca. 25 km Entfernung liegt.\n<\/p>\n\n<a class=\"fusion-modal-text-link\" data-toggle=\"modal\" data-target=\".fusion-modal.modal03\" href=\"#\">\n<img class=\"sidebar\" src=\"https:\/\/www.elektrosmoghilfe.com\/erdstrahlen\/wp-content\/uploads\/images\/city_of_bath_river_avon.jpg\" alt=\"Flu\u00df Avon flie\u00dft durch Bath\"><br clear='none'>\n<\/a>\n<div class=\"fusion-modal modal fade modal-2 modal03\" tabindex=\"-1\" role=\"dialog\" aria-labelledby=\"modal-heading-2\" aria-hidden=\"true\"><style type=\"text\/css\">.modal-2 .modal-header, .modal-2 .modal-footer{border-color:#ebebeb;}<\/style><div class=\"modal-dialog modal-lg\" role=\"document\"><div class=\"modal-content fusion-modal-content\" style=\"background-color:#ffffff\"><div class=\"modal-header\"><button class=\"close\" type=\"button\" data-dismiss=\"modal\" aria-hidden=\"true\" aria-label=\"Close\">&times;<\/button><h3 class=\"modal-title\" id=\"modal-heading-2\" data-dismiss=\"modal\" aria-hidden=\"true\">Der Flu\u00df Avon flie\u00dft durch das Zentrum der Stadt Bath<\/h3><\/div><div class=\"modal-body fusion-clearfix\">\n<img src=\"https:\/\/www.elektrosmoghilfe.com\/erdstrahlen\/wp-content\/uploads\/images\/city_of_bath_river_avon.jpg\" alt=\"Flu\u00df Avon flie\u00dft durch Bath\"><br clear='none'>\n<\/div><\/div><\/div><\/div>\n<p class=\"imgDescr\" style=\"margin-bottom: 24px;\">\n<span class=\"emphDark fs14\">\nDer Flu\u00df Avon\n<\/span>\n    tr\u00e4gt neben den Thermalquellen ebenfalls zur geopathischen \u201eWasserbelastung\u201c in Bath bei. Er flie\u00dft durch die Stadt\n    und endet bei Bristol in den Antlantik. Bis zur Hochwasserregulierung in den 1970er Jahren hat er regelm\u00e4\u00dfig das\n    Stadtzentrum \u00fcberflutet.\n<\/p>\n\n<a class=\"fusion-modal-text-link\" data-toggle=\"modal\" data-target=\".fusion-modal.modal04\" href=\"#\">\n<img class=\"sidebar\" src=\"https:\/\/www.elektrosmoghilfe.com\/erdstrahlen\/wp-content\/uploads\/images\/city_of_bath_roman_baths_day.jpg\" alt=\"R\u00f6mische B\u00e4der bei Tag\"><br clear='none'>\n<\/a>\n<div class=\"fusion-modal modal fade modal-3 modal04\" tabindex=\"-1\" role=\"dialog\" aria-labelledby=\"modal-heading-3\" aria-hidden=\"true\"><style type=\"text\/css\">.modal-3 .modal-header, .modal-3 .modal-footer{border-color:#ebebeb;}<\/style><div class=\"modal-dialog modal-lg\" role=\"document\"><div class=\"modal-content fusion-modal-content\" style=\"background-color:#ffffff\"><div class=\"modal-header\"><button class=\"close\" type=\"button\" data-dismiss=\"modal\" aria-hidden=\"true\" aria-label=\"Close\">&times;<\/button><h3 class=\"modal-title\" id=\"modal-heading-3\" data-dismiss=\"modal\" aria-hidden=\"true\">Die r\u00f6mischen B\u00e4der sind Namensgeber der Stadt Bath<\/h3><\/div><div class=\"modal-body fusion-clearfix\">\n<img src=\"https:\/\/www.elektrosmoghilfe.com\/erdstrahlen\/wp-content\/uploads\/images\/city_of_bath_roman_baths_day.jpg\" alt=\"R\u00f6mische B\u00e4der bei Tag\"><br clear='none'>\n<\/div><\/div><\/div><\/div>\n<p class=\"imgDescr\">\n<span class=\"emphDark fs14\">\nDie r\u00f6mischen B\u00e4der\n<\/span>\n    sind Namensgeber der Stadt. Bath besitzt die einzige nat\u00fcrliche Thermalquelle Englands, die schon in keltischer Zeit\n    bekannt war. Sie war der keltischen Heilg\u00f6ttin Sulis geweiht, die R\u00f6mer nannten die Stadt bei der Gr\u00fcndung der B\u00e4der\n    43 n. Chr. deswegen \u201eAquae Sulis\u201c (die W\u00e4sser der Sulis). Gro\u00dfen Aufschwung als Kurort erlebte die Stadt ab Ende des\n    16. Jh. als sich die Aristokratie und namhafte K\u00fcnstler f\u00fcr sie zu begeistern begannen. \n<\/p>\n<p class=\"imgDescr indent2\" style=\"margin-bottom: 24px;\">\nIm 19. Jh. fiel sie dann in\n    ihrer Bedeutung gegen\u00fcber den bekannten europ\u00e4ischen Kurorten wie Baden-Baden, Marienbad und Spa zur\u00fcck. Auch heute\n    kann man noch im hei\u00dfen Quellwasser baden. Die Stadt liegt genau \u00fcber dieser Thermalquelle.\n<\/p>\n\n<p class=\"emphDark fs16\" style=\"line-height: 19px;margin-bottom: 6px;\">\n    Erste R\u00fcckmeldung von Ms. K.D.\n<\/p>\n<a class=\"fusion-modal-text-link\" data-toggle=\"modal\" data-target=\".fusion-modal.modal05\" href=\"#\">\n<img src=\"https:\/\/www.elektrosmoghilfe.com\/erdstrahlen\/wp-content\/uploads\/images\/feedback_k_d_bath_01.jpg\" alt=\"Screenshot R\u00fcckmeldung 1\" style=\"margin-bottom:24px\"><br clear='none'>\n<\/a>\n<div class=\"fusion-modal modal fade modal-4 modal05\" tabindex=\"-1\" role=\"dialog\" aria-labelledby=\"modal-heading-4\" aria-hidden=\"true\"><style type=\"text\/css\">.modal-4 .modal-header, .modal-4 .modal-footer{border-color:#ebebeb;}<\/style><div class=\"modal-dialog modal-lg\" role=\"document\"><div class=\"modal-content fusion-modal-content\" style=\"background-color:#ffffff\"><div class=\"modal-header\"><button class=\"close\" type=\"button\" data-dismiss=\"modal\" aria-hidden=\"true\" aria-label=\"Close\">&times;<\/button><h3 class=\"modal-title\" id=\"modal-heading-4\" data-dismiss=\"modal\" aria-hidden=\"true\">Erste R\u00fcckmeldung von Ms. K.D.<\/h3><\/div><div class=\"modal-body fusion-clearfix\">\n<img src=\"https:\/\/www.elektrosmoghilfe.com\/erdstrahlen\/wp-content\/uploads\/images\/feedback_k_d_bath_01.jpg\" alt=\"Screenshot R\u00fcckmeldung 1\"><br clear='none'>\n<\/div><\/div><\/div><\/div>\n\n<p class=\"emphDark fs16\" style=\"line-height: 19px;margin-bottom: 6px;\">\n    Zweite R\u00fcckmeldung von Ms. K.D.\n<\/p>\n<a class=\"fusion-modal-text-link\" data-toggle=\"modal\" data-target=\".fusion-modal.modal06\" href=\"#\">\n<img src=\"https:\/\/www.elektrosmoghilfe.com\/erdstrahlen\/wp-content\/uploads\/images\/feedback_k_d_bath_02.jpg\" alt=\"Screenshot R\u00fcckmeldung 2\" style=\"margin-bottom:12px\"><br clear='none'>\n<\/a>\n<div class=\"fusion-modal modal fade modal-5 modal06\" tabindex=\"-1\" role=\"dialog\" aria-labelledby=\"modal-heading-5\" aria-hidden=\"true\"><style type=\"text\/css\">.modal-5 .modal-header, .modal-5 .modal-footer{border-color:#ebebeb;}<\/style><div class=\"modal-dialog modal-lg\" role=\"document\"><div class=\"modal-content fusion-modal-content\" style=\"background-color:#ffffff\"><div class=\"modal-header\"><button class=\"close\" type=\"button\" data-dismiss=\"modal\" aria-hidden=\"true\" aria-label=\"Close\">&times;<\/button><h3 class=\"modal-title\" id=\"modal-heading-5\" data-dismiss=\"modal\" aria-hidden=\"true\">Zweite R\u00fcckmeldung von Ms. K.D.<\/h3><\/div><div class=\"modal-body fusion-clearfix\">\n<img src=\"https:\/\/www.elektrosmoghilfe.com\/erdstrahlen\/wp-content\/uploads\/images\/feedback_k_d_bath_02.jpg\" alt=\"Screenshot R\u00fcckmeldung 2\"><br clear='none'>\n<\/div><\/div><\/div><\/div>\n\n<div class=\"fusion-clearfix\"><\/div><\/div><\/div><\/div><\/div>","protected":false},"excerpt":{"rendered":"","protected":false},"author":1,"featured_media":0,"parent":0,"menu_order":0,"comment_status":"closed","ping_status":"closed","template":"","meta":[],"_links":{"self":[{"href":"https:\/\/www.elektrosmoghilfe.com\/erdstrahlen\/wp-json\/wp\/v2\/pages\/922"}],"collection":[{"href":"https:\/\/www.elektrosmoghilfe.com\/erdstrahlen\/wp-json\/wp\/v2\/pages"}],"about":[{"href":"https:\/\/www.elektrosmoghilfe.com\/erdstrahlen\/wp-json\/wp\/v2\/types\/page"}],"author":[{"embeddable":true,"href":"https:\/\/www.elektrosmoghilfe.com\/erdstrahlen\/wp-json\/wp\/v2\/users\/1"}],"replies":[{"embeddable":true,"href":"https:\/\/www.elektrosmoghilfe.com\/erdstrahlen\/wp-json\/wp\/v2\/comments?post=922"}],"version-history":[{"count":2,"href":"https:\/\/www.elektrosmoghilfe.com\/erdstrahlen\/wp-json\/wp\/v2\/pages\/922\/revisions"}],"predecessor-version":[{"id":2030,"href":"https:\/\/www.elektrosmoghilfe.com\/erdstrahlen\/wp-json\/wp\/v2\/pages\/922\/revisions\/2030"}],"wp:attachment":[{"href":"https:\/\/www.elektrosmoghilfe.com\/erdstrahlen\/wp-json\/wp\/v2\/media?parent=922"}],"curies":[{"name":"wp","href":"https:\/\/api.w.org\/{rel}","templated":true}]}}