{"id":921,"date":"2016-09-01T21:29:43","date_gmt":"2016-09-01T21:29:43","guid":{"rendered":"https:\/\/www.elektrosmoghilfe.com\/erdstrahlen\/?page_id=921"},"modified":"2017-09-15T22:58:21","modified_gmt":"2017-09-15T22:58:21","slug":"der-hamoni-harmonisierer-steigert-sowohl-den-naehr-und-vitalstoffgehalt-der-zellen-als-auch-den-melatoningehalt-deutlich","status":"publish","type":"page","link":"https:\/\/www.elektrosmoghilfe.com\/erdstrahlen\/der-hamoni-harmonisierer-steigert-sowohl-den-naehr-und-vitalstoffgehalt-der-zellen-als-auch-den-melatoningehalt-deutlich\/","title":{"rendered":"Der Hamoni\u00ae Harmonisierer steigert sowohl den N\u00e4hr- und Vitalstoffgehalt der Zellen als auch den Melatoningehalt deutlich"},"content":{"rendered":"<div class=\"fusion-fullwidth fullwidth-box fusion-builder-row-1 nonhundred-percent-fullwidth non-hundred-percent-height-scrolling\" style=\"background-color: rgba(255,255,255,0);background-position: left top;background-repeat: no-repeat;padding-top:0px;padding-right:0px;padding-bottom:0px;padding-left:0px;margin-bottom: 0px;margin-top: 0px;border-width: 0px 0px 0px 0px;border-color:#eae9e9;border-style:solid;\" ><div class=\"fusion-builder-row fusion-row\">\n<div class=\"fusion-layout-column fusion_builder_column fusion-builder-column-0 fusion_builder_column_2_3 2_3 fusion-two-third fusion-column-first threefifth1\" style=\"width:65.3333%; margin-right: 4%;margin-top:0px;margin-bottom:0px;\" id=\"columnMain\"><div class=\"fusion-column-wrapper fusion-flex-column-wrapper-legacy\" style=\"background-position:left top;background-repeat:no-repeat;-webkit-background-size:cover;-moz-background-size:cover;-o-background-size:cover;background-size:cover;padding: 0px 0px 0px 0px;\">\n\n<h1 class=\"subpage\">Eine wesentliche Verbesserung des N\u00e4hr- und Vitalstoffgehalts der Zellen und ein sprunghaft gestiegener Melatoningehalt*<br clear='none'>\n    <span class=\"h1SubTitle\">Frau E.K., 80 Jahre, Kundin aus 12527 Berlin<\/span><\/h1>\n\n<p class=\"anwendung fs16 sum\">\n<span class=\"emphDark\">\nAn einem Freitag Abend im M\u00e4rz 2014 erreichte uns unaufgefordert die unten abgedruckte eMail einer Kundin. Sie hat unserem ganzen Forschungsteam ein wirklich frohes Wochenende beschert. In solchen Momenten sp\u00fcren wir, dass es zwar sch\u00f6n ist, mit dem Harmonisierer etwas Geld zu verdienen, dass aber erst wirkliche Freude und Genugtuung aufkommen k\u00f6nnen, wenn wir anderen Menschen damit helfen.\n<\/span>\n<\/p>\n\n<p class=\"anwendung report report2\">\n\u201eSehr geehrter Herr Fennesz,\n<\/p>\n<p class=\"anwendung report report2 indent2\">\nSeit 11.06.2013 ist der Harmonisierer \u201eHamoni\u201c bei mir im Einsatz. Er hat seine Aufgaben perfekt erf\u00fcllt. Ich m\u00f6chte Sie nicht mit meiner Krankengeschichte langweilen, nur so viel in Stichworten: Jahrgang 1934, seit ca. 20 Jahren Polyarthritis, weiter folgten Osteoporose, Diabetes, diverse Lebensmittelunvertr\u00e4glichkeiten, Darm- und Hautprobleme, Schlafst\u00f6rungen u.a.m.\n<\/p>\n<p class=\"anwendung report report2 indent2\">\nHabe vieles ausprobiert, um den Teufelskreis zu durchbrechen. Neben der obligatorischen Schulmedizin verschiedene alternative Ans\u00e4tze, alles brachte nur vor\u00fcbergehende Linderung, wenn \u00fcberhaupt. Im Mai 2013 hatte ich einen Therapeuten im Haus, der im Zusammenhang mit der Auswertung einer \u201eEB-Zellanalyse\u201c (aus der Haarwurzel) mir eine hohe geopathische Belastung bescheinigte. Was auch immer das sein mochte, bei mir blieben nur Skepsis und Vorbehalte. Danach versuchte ich mich etwas sachkundig zu machen, stie\u00df dabei unter anderem auch auf Ihre Internetseite, begriff nicht viel von den strahlungstechnischen Details und fand die Darstellungen Ihrer Kunden mit den verschiedenen subjektiven Befindlichkeiten ganz am\u00fcsant. Dennoch beschloss ich Ihren Harmonisierer zu testen, man darf ja nichts unversucht lassen.\n<\/p>\n<p class=\"anwendung report report2 indent2\">\nEhrlich gesagt, dieses unscheinbare K\u00e4stchen versetzte mich nicht gerade in Hochstimmung. Ich platzierte es schnell in einem Schr\u00e4nkchen im Keller und sprach mit niemanden dar\u00fcber. Erster Erfolg: wenigstens die Ameisen mieden fortan unser Haus. Anfang M\u00e4rz 2014 gab ich eine erneute \u201eEB-Zellanalyse\u201c bei meinem Therapeuten in Auftrag. Sie wurde vorgestern ausgewertet. Eingangs die Frage des Therapeuten: Was haben sie gemacht? Danach f\u00fcr mich die gro\u00dfe \u00dcberraschung; es gibt keinerlei geopathische Belastungen mehr! Der N\u00e4hr- und Vitalstoffgehalt in den Zellen hat sich wesentlich verbessert, was sich offenbar auch positiv auf meine zahlreichen gesundheitlichen St\u00f6rungen ausgewirkt hat. Vor allen Dingen ist der Melatonin Gehalt sprunghaft angestiegen, Voraussetzung f\u00fcr einen erholsamen Schlaf.\n<\/p>\n<p class=\"anwendung report report2 indent2\">\nDa weder der Therapeut, noch das untersuchende Institut etwas vom Einsatz des Harmonisierers wissen konnten, sind das ganz objektive Ergebnisse.\n<\/p>\n<p class=\"anwendung report report2 indent2\">\nIch bedanke mich sehr herzlich und w\u00fcnsche Ihnen noch viele gl\u00fcckliche und gesundete Kunden\n<\/p>\n\n<p class=\"anwendung report report2 \">\nIhre E. K.\u201c\n<\/p>\n\n<p class=\"anwendung\">\nDer volle Name ist uns bekannt. Wir ver\u00f6ffentlichen aus Respekt vor der Privatsph\u00e4re unserer Kundin nur die Initialen.\n<\/p>\n\n<h2>Unsere Anmerkungen<\/h2>\n\n<p class=\"anwendung\">\n1) Eine \u201eEB-Zellanalyse\u201c ist eine Haarwurzeluntersuchung bei der die Zellen auf ihren N\u00e4hr- und Vitalstoffgehalt untersucht werden und die Konzentration von Giftstoffen im K\u00f6rper bestimmt werden kann. Insbesondere Strahlenbelastung f\u00fchrt zu einem stark reduzierten Gehalt an Vitalstoffen und einem erh\u00f6hten Gehalt an toxischen Stoffen im K\u00f6rper.\n<\/p>\n\n<p class=\"anwendung\">\n2) \u201eErster Erfolg: wenigstens die Ameisen mieden fortan unser Haus.\u201c \u2013 Hier sieht man sehr sch\u00f6n, dass nicht nur wir Menschen, sondern auch Tiere auf Strahlen reagieren. Ameisen sind seit Jahrhunderten als sog. \u201eStrahlensucher\u201c bekannt, d.h. sie f\u00fchlen sich an strahlenbelasteten Pl\u00e4tzen am wohlsten. Durch den Harmonisierer wurde die Strahlenbelastung beseitigt, die Ameisen f\u00fchlten sich nicht mehr wohl und suchten sich einen anderen Lebensraum.\n<\/p>\n\n<p class=\"anwendung\">\n3) \u201eEhrlich gesagt, dieses unscheinbare K\u00e4stchen versetzte mich nicht gerade in Hochstimmung.\u201c \u2013 Solche oder \u00e4hnliche Aussagen h\u00f6ren wir \u00f6fter von Kunden, wenn Sie den Harmonisierer das erste Mal in H\u00e4nden halten. \nWir sagen dazu: <span class=\"emphDark fs16\">Nicht die Verpackung z\u00e4hlt, sondern die Technologie, die drinnen steckt.<\/span>\n<\/p>\n\n<p class=\"anwendung\">\n4) Am 11.6.2013 wurde das Ger\u00e4t gekauft, am 14.3.2014 erhielten wir obigen Brief. Eine Zeitspanne von 9 Monaten vom Kauf bis zur Erfolgsmeldung. Oft sind unsere Kunden ungeduldig und erwarten sich nach sp\u00e4testens einigen Wochen eine merkbare Besserung ihres Gesundheitszustandes. Wir antworten immer dasselbe: Strahlensch\u00e4den bauen sich \u00fcber Jahre auf, daher w\u00e4re es naiv zu glauben, man k\u00f6nne sie in k\u00fcrzester Zeit r\u00fcckg\u00e4ngig machen.\n<span class=\"emphDark fs16\">Geben Sie dem Harmonisierer und Ihrem K\u00f6rper etwas Zeit \u2013 es lohnt sich!<\/span>\n<\/p>\n\n<a class=\"fusion-modal-text-link\" data-toggle=\"modal\" data-target=\".fusion-modal.modal08\" href=\"#\">\n<p class=\"anwendung emphDark fs16 screenPrev\" style=\"text-align:center;margin-top:24px;\">\n    Erfahrungsbericht von Frau E.K. (Originale Email)\n<img src=\"https:\/\/www.elektrosmoghilfe.com\/erdstrahlen\/wp-content\/uploads\/images\/email_e_k_large.jpg\" style=\"\">\n<\/p>\n<\/a>\n<div class=\"fusion-modal modal fade modal-1 modal08\" tabindex=\"-1\" role=\"dialog\" aria-labelledby=\"modal-heading-1\" aria-hidden=\"true\"><style type=\"text\/css\">.modal-1 .modal-header, .modal-1 .modal-footer{border-color:#ebebeb;}<\/style><div class=\"modal-dialog modal-lg\" role=\"document\"><div class=\"modal-content fusion-modal-content\" style=\"background-color:#ffffff\"><div class=\"modal-header\"><button class=\"close\" type=\"button\" data-dismiss=\"modal\" aria-hidden=\"true\" aria-label=\"Close\">&times;<\/button><h3 class=\"modal-title\" id=\"modal-heading-1\" data-dismiss=\"modal\" aria-hidden=\"true\">Erfahrungsbericht von Frau E.K. (Originale Email)<\/h3><\/div><div class=\"modal-body fusion-clearfix\">\n<img src=\"https:\/\/www.elektrosmoghilfe.com\/erdstrahlen\/wp-content\/uploads\/images\/email_e_k_large.jpg\">\n<\/div><\/div><\/div><\/div>\n\n\n\n<div class=\"fusion-clearfix\"><\/div><\/div><\/div>\n<div class=\"fusion-layout-column fusion_builder_column fusion-builder-column-1 fusion_builder_column_1_3 1_3 fusion-one-third fusion-column-last twofifth1\" style=\"width:30.6666%;margin-top:0px;margin-bottom:0px;\" id=\"columnSide\"><div class=\"fusion-column-wrapper fusion-flex-column-wrapper-legacy\" style=\"background-position:left\ntop;background-repeat:no-repeat;-webkit-background-size:cover;-moz-background-size:cover;-o-background-size:cover;background-size:cover;padding: 0px 0px 0px 0px;\">\n\n<p class=\"emphDark fs16\" style=\"text-align:center;line-height: 19px;margin-bottom: 0px;\">\n\u201eEingangs die Frage des Therapeuten: Was haben Sie gemacht? Danach f\u00fcr mich die gro\u00dfe \u00dcberraschung; es gibt keinerlei geopathische Belastungen mehr! Der N\u00e4hr- und Vitalstoffgehalt in den Zellen hat sich wesentlich verbessert, was sich offenbar auch positiv auf meine zahlreichen gesundheitlichen St\u00f6rungen ausgewirkt hat. Vor allen Dingen ist der Melatonin-Gehalt sprunghaft angestiegen, Voraussetzung f\u00fcr einen erholsamen Schlaf.&#8220;\n<\/p>\n\n<p class=\"emphLight fs16\" style=\"text-align:center;margin-bottom: 12px;\">\n    Frau E.K.\n<\/p>\n\n<p class=\"emphLight fs14\" style=\"text-align:center;line-height:14px;\">Erfahrungsbericht als pdf-Datei:<br clear='none'>\n<a href=\"https:\/\/www.elektrosmoghilfe.com\/erdstrahlen\/wp-content\/uploads\/documents\/hamoni_broschuere_erfahrungsbericht_melatoningehalt.pdf\">\n    <img class=\"img_pdf\" style=\"margin-top:0px;margin-bottom:24px\" \n         src=\"https:\/\/www.elektrosmoghilfe.com\/erdstrahlen\/wp-content\/uploads\/images\/hamoni_broschuere_erfahrungsbericht_melatoningehalt.jpg\">\n<\/a>\n<\/p>\n\n<img style=\"margin-top: 0px;margin-bottom:10px;\" class=\"sidebar\"\n     src=\"https:\/\/www.elektrosmoghilfe.com\/erdstrahlen\/wp-content\/uploads\/images\/haaranalyse_small.jpg\"\n     alt=\"Illustration zur Haaranalyse\">\n<p class=\"imgDescr\">\n<span class=\"emphDark fs14\">\nWarum Haaranalytik?<\/span>\nSchadstoffe lagern sich in den Haaren in vielfach h\u00f6herer Konzentration als in den Organen ab. Daher sind sie \u00fcber die Analyse der Haare leichter nachweisbar. Zudem kann man in einer Haarwurzelanalyse den N\u00e4hr- und Vitalstoffgehalt der Zellen feststellen. Bei Strahlenbelastung ist dieser deutlich reduziert.\n<\/p>\n\n<div class=\"fusion-clearfix\"><\/div><\/div><\/div><\/div><\/div>","protected":false},"excerpt":{"rendered":"","protected":false},"author":1,"featured_media":0,"parent":0,"menu_order":0,"comment_status":"closed","ping_status":"closed","template":"","meta":[],"_links":{"self":[{"href":"https:\/\/www.elektrosmoghilfe.com\/erdstrahlen\/wp-json\/wp\/v2\/pages\/921"}],"collection":[{"href":"https:\/\/www.elektrosmoghilfe.com\/erdstrahlen\/wp-json\/wp\/v2\/pages"}],"about":[{"href":"https:\/\/www.elektrosmoghilfe.com\/erdstrahlen\/wp-json\/wp\/v2\/types\/page"}],"author":[{"embeddable":true,"href":"https:\/\/www.elektrosmoghilfe.com\/erdstrahlen\/wp-json\/wp\/v2\/users\/1"}],"replies":[{"embeddable":true,"href":"https:\/\/www.elektrosmoghilfe.com\/erdstrahlen\/wp-json\/wp\/v2\/comments?post=921"}],"version-history":[{"count":1,"href":"https:\/\/www.elektrosmoghilfe.com\/erdstrahlen\/wp-json\/wp\/v2\/pages\/921\/revisions"}],"predecessor-version":[{"id":1317,"href":"https:\/\/www.elektrosmoghilfe.com\/erdstrahlen\/wp-json\/wp\/v2\/pages\/921\/revisions\/1317"}],"wp:attachment":[{"href":"https:\/\/www.elektrosmoghilfe.com\/erdstrahlen\/wp-json\/wp\/v2\/media?parent=921"}],"curies":[{"name":"wp","href":"https:\/\/api.w.org\/{rel}","templated":true}]}}