{"id":920,"date":"2016-09-01T21:29:27","date_gmt":"2016-09-01T21:29:27","guid":{"rendered":"https:\/\/www.elektrosmoghilfe.com\/erdstrahlen\/?page_id=920"},"modified":"2017-09-15T22:58:21","modified_gmt":"2017-09-15T22:58:21","slug":"der-hamoni-harmonisierer-macht-schlaftabletten-ueberfluessig","status":"publish","type":"page","link":"https:\/\/www.elektrosmoghilfe.com\/erdstrahlen\/der-hamoni-harmonisierer-macht-schlaftabletten-ueberfluessig\/","title":{"rendered":"Der Hamoni\u00ae Harmonisierer macht Schlaftabletten \u00fcberfl\u00fcssig"},"content":{"rendered":"<div class=\"fusion-fullwidth fullwidth-box fusion-builder-row-1 nonhundred-percent-fullwidth non-hundred-percent-height-scrolling\" style=\"background-color: rgba(255,255,255,0);background-position: left top;background-repeat: no-repeat;padding-top:0px;padding-right:0px;padding-bottom:0px;padding-left:0px;margin-bottom: 0px;margin-top: 0px;border-width: 0px 0px 0px 0px;border-color:#eae9e9;border-style:solid;\" ><div class=\"fusion-builder-row fusion-row\">\n<div class=\"fusion-layout-column fusion_builder_column fusion-builder-column-0 fusion_builder_column_2_3 2_3 fusion-two-third fusion-column-first threefifth1\" style=\"width:65.3333%; margin-right: 4%;margin-top:0px;margin-bottom:0px;\" id=\"columnMain\"><div class=\"fusion-column-wrapper fusion-flex-column-wrapper-legacy\" style=\"background-position:left top;background-repeat:no-repeat;-webkit-background-size:cover;-moz-background-size:cover;-o-background-size:cover;background-size:cover;padding: 0px 0px 0px 0px;\">\n\n<h1 class=\"subpage\">Der Hamoni\u00ae Harmonisierer erm\u00f6glicht es einem von Elektrosmog (Richtfunk) geplagten Kunden, endlich\n    ohne Schlaftabletten zu schlafen*<br clear='none'>\n    <span class=\"h1SubTitle\">J\u00fcrgen T., Kunde aus 50226 Frechen (bei K\u00f6ln)<\/span><\/h1>\n\n<p class=\"anwendung fs16 sum\" style=\"text-align:center\">\n<span class=\"emphDark\">\nHerr T. hat den Harmonisierer am 29.9.2014 bestellt. \nDreieinhalb Monate sp\u00e4ter, am 17.1.2015, erreichte uns eine kurze email, die uns sehr gl\u00fccklich gemacht hat:\n<\/span>\n<\/p>\n<p class=\"anwendung\">\n    <img class=\"anwendung mainColumn\" src=\"https:\/\/www.elektrosmoghilfe.com\/erdstrahlen\/wp-content\/uploads\/images\/rueckmeldung_juergen_t_01.png\"\n         alt=\"Erste R\u00fcckmeldung von J\u00fcrgen T.\">\n<\/p>\n<p class=\"anwendung fs16\" style=\"text-align:center;margin-top: 24px;margin-bottom: 24px;\">\n<span class=\"emphDark\">\nNachdem wir Herrn T. gefragt hatten, ob wir seine R\u00fcckmeldung ver\u00f6ffentlichen d\u00fcrfen, hat er uns noch etwas mehr zu seiner Elektrosmog-Belastung vor Ort geschrieben:\n<\/span>\n<\/p>\n<p class=\"anwendung\">\n    <img class=\"anwendung mainColumn\" src=\"https:\/\/www.elektrosmoghilfe.com\/erdstrahlen\/wp-content\/uploads\/images\/rueckmeldung_juergen_t_02.png\"\n         alt=\"Zweite R\u00fcckmeldung von J\u00fcrgen T.\">\n<\/p>\n<h2>Was ist Richtfunk? Wo wird er eingesetzt?<\/h2>\n\n<p class=\"anwendung\">\nUnter Richtfunk versteht man die \u00dcbertragung von Informationen mit hochfrequenten elektromagnetischen Wellen (Mikrowellen) zwischen zwei festen Punkten. Typischerweise werden dabei Frequenzen zwischen 3,4&nbsp;GHz \u2013 ca. 90&nbsp;GHz verwendet. Diese liegen damit \u00fcber den Frequenzen, die man heute in Mobilfunknetzen bei der Kommunikation zwischen Handy und Basisstation des Netzbetreibers einsetzt (typischerweise 800&nbsp;MHz \u2013 2,7&nbsp;GHz). Richtfunkstrecken erfreuen sich deswegen einer so gro\u00dfen Beliebtheit (deren Zahl steigt kontinuierlich, siehe Grafik unten), weil sie es relativ g\u00fcnstig und st\u00f6rungsfrei m\u00f6glich machen, die Basisstationen im Mobilfunknetz an die eine Ebene h\u00f6her liegende Netzinfrastruktur der Mobilfunkbetreiber anzubinden. \n<\/p>\n\n<p class=\"anwendung\">\n    <img class=\"anwendung mainColumn\" src=\"https:\/\/www.elektrosmoghilfe.com\/erdstrahlen\/wp-content\/uploads\/images\/anzahl_richtfunkstrecken_in_deutschland.jpg\"\n         alt=\"Infografik Anzahl der Richtfunkstrecken in Deutschland\">\n<\/p>\n<p class=\"anwendung\" style=\"text-align:center;\">\n<span class=\"emphDark fs16\">\nDeutschland besitzt das weltweit dichteste Richtfunknetz.<br clear='none'>\n<\/span>\nZudem steigt die Zahl der Richtfunktstrecken j\u00e4hrlich um ca. 10%. \nBis zum Jahr 2020 soll die Zahl an Richtfunkstrecken in Deutschland ca. 250&nbsp;000 erreichen.\nDie tats\u00e4chlichen Zahlen bis dahin und dar\u00fcber hinaus h\u00e4ngen ma\u00dfgeblich vom Grad des Netzausbaus \nund der Geschwindigkeit der Einf\u00fchrung von 5G (wahrscheinlich ab 2020) ab.\n<\/p>\n\n<div class=\"fusion-clearfix\"><\/div><\/div><\/div>\n<div class=\"fusion-layout-column fusion_builder_column fusion-builder-column-1 fusion_builder_column_1_3 1_3 fusion-one-third fusion-column-last twofifth1\" style=\"width:30.6666%;margin-top:0px;margin-bottom:0px;\" id=\"columnSide\"><div class=\"fusion-column-wrapper fusion-flex-column-wrapper-legacy\" style=\"background-position:left\ntop;background-repeat:no-repeat;-webkit-background-size:cover;-moz-background-size:cover;-o-background-size:cover;background-size:cover;padding: 0px 0px 0px 0px;\">\n\n\n<p class=\"emphDark fs16\" style=\"text-align:center;line-height: 19px;margin-bottom: 0px;\">\n    \u201eHallo, seitdem ich den Harmonizer zuhause habe, brauche ich seit Monaten keine Schlaftabletten\nmehr. Und das, obowhl wir in der N\u00e4he einer riesigen Elektrosmogschleuder wohnen!\u201c\n<\/p>\n\n<p class=\"emphLight fs16\" style=\"text-align:center;margin-bottom: 12px;\">\n    J\u00fcrgen T.\n<\/p>\n\n<p class=\"emphLight fs14\" style=\"text-align:center;line-height:14px;\">Erfahrungsbericht als pdf-Datei:<br clear='none'>\n    <a href=\"https:\/\/www.elektrosmoghilfe.com\/erdstrahlen\/wp-content\/uploads\/documents\/hamoni_broschuere_erfahrungsbericht_richtfunk.pdf\">\n        <img class=\"img_pdf\" style=\"margin-top:0px;margin-bottom:24px\"\n             src=\"https:\/\/www.elektrosmoghilfe.com\/erdstrahlen\/wp-content\/uploads\/images\/hamoni_broschuere_erfahrungsbericht_richtfunk.jpg\">\n    <\/a>\n<\/p>\n\n<img style=\"margin-top: 0px;\" class=\"sidebar\"\n     src=\"https:\/\/www.elektrosmoghilfe.com\/erdstrahlen\/wp-content\/uploads\/images\/image_richtfunkantennen.jpg\"\n     alt=\"Basisstation Mobilfunk mit Richtfunkantennen\">\n\n<p class=\"imgDescr\">\n<span class=\"emphDark fs14\">\nMobilfunkmast<\/span>\n    einer Basisstation mit rechteckigen Mobilfunkantennen und runden Richtfunkantennen (Parabolantennen), die je eine\n    Richtfunkstrecke abdecken.\n    Wenn Sie das n\u00e4chste Mal einen Mobilfunkmast sehen, der auch Richtfunkantennen\n    tr\u00e4gt (nicht jeder tut das), dann folgen Sie der Blickrichtung der Prabolantenne.\n    Sie finden im st\u00e4dtischen Gebiet dann meist relativ schnell die dazugeh\u00f6rige Sende- bzw.\n    Empfangsantenne auf einem anderen H\u00e4userdach. \n<\/p>\n<p class=\"imgDescr indent2\">\nDie Kette kann sich noch fortsetzen, d.h.\n    auf dem gefundenen Mobilfunkmast befinden sich weitere Rictfunkantennen, die wiederum\n    mit anderen Masten kommunizieren. Irgendwann ist aber Ende und die Daten werden dann nicht\n    mehr per Funk, sondern heute meist per Glasfaser zum \u00fcbergeordneten Netzknotenpunkt des\n    Mobilfunkbetreibers weitergeleitet. Sie sehen schon, warum Richtfunk so attraktiv ist: Man kann\n    damit sehr schnell und g\u00fcnstig zwischen 2 Punkten kommunizieren, ohne diese per Kabel verbinden\n    zu m\u00fcssen.\n<\/p>\n\n<img class=\"sidebar\"\n     src=\"https:\/\/www.elektrosmoghilfe.com\/erdstrahlen\/wp-content\/uploads\/images\/image_richtfunkantennen_02.jpg\"\n     alt=\"Blick von unten nach oben zu Richtfunkantennen und Versorgungskabeln\">\n\n<p class=\"imgDescr\">\n<span class=\"emphDark fs14\">\nBlick direkt von unten senkrecht nach oben auf einen Mobilfunkmast.<\/span>\n    Zu erkennen sind neben den Antennen die Stromversorgungs- und Datenleitungen\n    sowie einige gelb-gr\u00fcne Erdungskabel.\n<\/p>\n\n<img style=\"margin-bottom:10px;\" class=\"sidebar\"\n     src=\"https:\/\/www.elektrosmoghilfe.com\/erdstrahlen\/wp-content\/uploads\/images\/image_richtfunkantennen_03.jpg\"\n     alt=\"Richtfunkantennen auf Fernsehturm\">\n\n<p class=\"imgDescr\">\n<span class=\"emphDark fs14\">\nEin Fernsehturm<\/span>\n    mit einer gro\u00dfen Anzahl von Richtfunkantennen verschiedenster Gr\u00f6\u00dfe.\n<\/p>\n\n<div class=\"fusion-clearfix\"><\/div><\/div><\/div><\/div><\/div>","protected":false},"excerpt":{"rendered":"","protected":false},"author":1,"featured_media":0,"parent":0,"menu_order":0,"comment_status":"closed","ping_status":"closed","template":"","meta":[],"_links":{"self":[{"href":"https:\/\/www.elektrosmoghilfe.com\/erdstrahlen\/wp-json\/wp\/v2\/pages\/920"}],"collection":[{"href":"https:\/\/www.elektrosmoghilfe.com\/erdstrahlen\/wp-json\/wp\/v2\/pages"}],"about":[{"href":"https:\/\/www.elektrosmoghilfe.com\/erdstrahlen\/wp-json\/wp\/v2\/types\/page"}],"author":[{"embeddable":true,"href":"https:\/\/www.elektrosmoghilfe.com\/erdstrahlen\/wp-json\/wp\/v2\/users\/1"}],"replies":[{"embeddable":true,"href":"https:\/\/www.elektrosmoghilfe.com\/erdstrahlen\/wp-json\/wp\/v2\/comments?post=920"}],"version-history":[{"count":2,"href":"https:\/\/www.elektrosmoghilfe.com\/erdstrahlen\/wp-json\/wp\/v2\/pages\/920\/revisions"}],"predecessor-version":[{"id":2100,"href":"https:\/\/www.elektrosmoghilfe.com\/erdstrahlen\/wp-json\/wp\/v2\/pages\/920\/revisions\/2100"}],"wp:attachment":[{"href":"https:\/\/www.elektrosmoghilfe.com\/erdstrahlen\/wp-json\/wp\/v2\/media?parent=920"}],"curies":[{"name":"wp","href":"https:\/\/api.w.org\/{rel}","templated":true}]}}