{"id":919,"date":"2016-09-01T21:29:07","date_gmt":"2016-09-01T21:29:07","guid":{"rendered":"https:\/\/www.elektrosmoghilfe.com\/erdstrahlen\/?page_id=919"},"modified":"2017-09-15T22:58:21","modified_gmt":"2017-09-15T22:58:21","slug":"der-hamoni-harmonisierer-macht-einen-polyarthritis-patienten-innerhalb-von-2-monaten-voellig-schmerzfrei","status":"publish","type":"page","link":"https:\/\/www.elektrosmoghilfe.com\/erdstrahlen\/der-hamoni-harmonisierer-macht-einen-polyarthritis-patienten-innerhalb-von-2-monaten-voellig-schmerzfrei\/","title":{"rendered":"Der Hamoni\u00ae Harmonisierer macht einen Polyarthritis-Patienten innerhalb von 2 Monaten v\u00f6llig schmerzfrei"},"content":{"rendered":"<div class=\"fusion-fullwidth fullwidth-box fusion-builder-row-1 nonhundred-percent-fullwidth non-hundred-percent-height-scrolling\" style=\"background-color: rgba(255,255,255,0);background-position: left top;background-repeat: no-repeat;padding-top:0px;padding-right:0px;padding-bottom:0px;padding-left:0px;margin-bottom: 0px;margin-top: 0px;border-width: 0px 0px 0px 0px;border-color:#eae9e9;border-style:solid;\" ><div class=\"fusion-builder-row fusion-row\">\n<div class=\"fusion-layout-column fusion_builder_column fusion-builder-column-0 fusion_builder_column_2_3 2_3 fusion-two-third fusion-column-first threefifth1\" style=\"width:65.3333%; margin-right: 4%;margin-top:0px;margin-bottom:0px;\" id=\"columnMain\"><div class=\"fusion-column-wrapper fusion-flex-column-wrapper-legacy\" style=\"background-position:left top;background-repeat:no-repeat;-webkit-background-size:cover;-moz-background-size:cover;-o-background-size:cover;background-size:cover;padding: 0px 0px 0px 0px;\">\n\n<h1 class=\"subpage\">Der Hamoni\u00ae Harmonisierer macht einen Polyarthritis-Patienten innerhalb von 2 Monaten v\u00f6llig schmerzfrei*<br clear='none'>\n    <span class=\"h1SubTitle\">Jutta und Beat S., Kunden aus Bern, Schweiz<\/span><\/h1>\n\n<p class=\"anwendung fs16 sum\">\n<span class=\"emphDark\">\nIm August 2014 erreichte uns eine weitere sehr erfreuliche Kundenr\u00fcckmeldung, diesmal von einem Ehepaar aus der Schweiz. Die schnelle Wirkung bei sog. Polyarthritis hat uns selbst \u00fcberrascht und nat\u00fcrlich wahnsinnig gefreut. Der Hinweis, dass der Harmonisierer \u201edas seri\u00f6seste und beste Ger\u00e4t auf dem Markt\u201c sei, schmeichelt uns nat\u00fcrlich und macht uns ehrlich gesagt auch etwas verlegen. Ein Antrieb f\u00fcr unsere zuk\u00fcnftige Arbeit ist er auf jeden Fall. \n<\/span>\n<\/p>\n\n<p class=\"anwendung report report2\">\n\u201eSehr geehrtes Hamoni Team\n<\/p>\n<p class=\"anwendung report report2 indent2\">\nWir haben nun hamoni seit dem 15.06.2014 in der Wohnung installiert. \nIn der ersten Woche waren die Reaktionen bei mir und meiner Frau enorm. Dies ging von unendlicher M\u00fcdigkeit bis zu k\u00f6rperlichen Beschwerden. \nDanach hat sich unser Zustand laufend gebessert.\n<\/p>\n<p class=\"anwendung report report2 indent2\">\nHeute nach ca. 2 Monaten sind die Schlafst\u00f6rungen bei meiner Frau verschwunden und sie f\u00fchlt sich sehr ausgeglichen und wohl. \nBei Aufenthalt In der ganzen Wohnung ist ein deutliches ruhiges Wohlbefinden zu versp\u00fcren. \n<\/p>\n<p class=\"anwendung report report2 indent2\">\nBei mir ist innerhalb der 2 ersten Wochen meine Polyarthritis in beiden Schultern praktisch verschwunden und nun nach 2 Monaten bin ich v\u00f6llig Schmerzfrei. \nIch schlafe in einem anderen Raum welcher ca. 9 Meter vom Hamoni weg ist und bei mir ist das Durchschlafen noch nicht ganz optimal dies k\u00f6nnen aber Belastungsfaktoren nervlicher Art sein welche ich zu vermeiden versuche.\n<\/p>\n<p class=\"anwendung report report2 indent2\">\nIm ganzen gesehen k\u00f6nnen wir den Hamoni nur bestens Empfehlen und danken Ihnen f\u00fcr diese gute Entwicklung. \nWir sind \u00fcberzeugt das dies das seri\u00f6seste und beste Ger\u00e4t auf dem Markt ist.\n<\/p>\n\n<p class=\"anwendung report report2 \">\nMit herzlichem Dank und lieben Gr\u00fcssen<br clear='none'>\nJutta und Beat S., Bern, Schweiz\u201c\n<\/p>\n\n<p class=\"anwendung\">\nDer volle Name ist uns bekannt. Wir ver\u00f6ffentlichen aus Respekt vor der Privatsph\u00e4re unserer Kunden nur die Vornamen.\n<\/p>\n\n<h2>Unsere Anmerkungen<\/h2>\n\n<p class=\"anwendung\">\n\u201eIn der ersten Woche waren die Reaktionen bei mir und meiner Frau enorm. Dies ging von unendlicher M\u00fcdigkeit bis zu k\u00f6rperlichen Beschwerden.\u201c \nSo gerne wir h\u00e4tten, dass es nicht zu diesen Anfangsreaktionen nach Aufstellen des Harmonisierers kommt, m\u00fcssen wir ganz klar sagen: Sie kommen nach unseren Erfahrungswerten in ca. 5% der F\u00e4lle (sehr sensible Anwender) vor und sind normal. Diese Reaktion kann auftreten, da sich der K\u00f6rper erst an die entst\u00f6rte Umgebung gew\u00f6hnen muss. Er stellt sich aber sehr bald (typischerweise innerhalb weniger Tage) darauf ein. Die positive Wirkung des Harmonisierers ist dann voll zu sp\u00fcren. \n<\/p>\n\n<p class=\"anwendung indent2 subs\">\nSie k\u00f6nnen das Ganze durchaus positiv sehen: Durch die Anfangsreaktion Ihres K\u00f6rpers merken Sie, dass tats\u00e4chlich eine signifikante Strahlenbelastung vorlag und dass der Harmonisierer das negative Umfeld zum Positiven ver\u00e4ndert hat. Sonst h\u00e4tte Ihr K\u00f6rper ja keinen Grund gehabt, zu Beginn irritiert zu sein. \n<span class=\"emphDark fs16\">\nDie positive Wirkung kann \u00fcbrigens durchaus sehr schnell Resultate zeigen. In diesem Falle schon nach 14 Tagen: \u201eBei mir ist innerhalb der 2 ersten Wochen meine Polyarthritis in beiden Schultern praktisch verschwunden\u2026\u201c\n<\/span>\n<\/p>\n\n<p class=\"anwendung\">\n<span class=\"emphDark fs16\">\n\u201eWir sind \u00fcberzeugt, dass dies das seri\u00f6seste und beste Ger\u00e4t auf dem Markt ist.\u201c \n<\/span>\nDieser Satz ehrt und schmeichelt uns nat\u00fcrlich sehr, auch wenn er so aussieht, als h\u00e4tte ihn unsere Marketingabteilung (die es gar nicht gibt) selbst geschrieben. Auf jeden Fall haben wir uns \u00fcber dieses Lob sehr gefreut. Es gibt uns Antrieb und Energie f\u00fcr unsere zuk\u00fcnftige Arbeit.\n<\/p>\n\n\n<a class=\"fusion-modal-text-link\" data-toggle=\"modal\" data-target=\".fusion-modal.modal08\" href=\"#\">\n<p class=\"anwendung emphDark fs16 screenPrev\" style=\"text-align:center;\">\n    Erfahrungsbericht von Jutta und Beat S. (Originale Email)\n<img src=\"https:\/\/www.elektrosmoghilfe.com\/erdstrahlen\/wp-content\/uploads\/images\/erfahrungsbericht_beat_s_large.png\">\n<\/p>\n<\/a>\n<div class=\"fusion-modal modal fade modal-1 modal08\" tabindex=\"-1\" role=\"dialog\" aria-labelledby=\"modal-heading-1\" aria-hidden=\"true\"><style type=\"text\/css\">.modal-1 .modal-header, .modal-1 .modal-footer{border-color:#ebebeb;}<\/style><div class=\"modal-dialog modal-lg\" role=\"document\"><div class=\"modal-content fusion-modal-content\" style=\"background-color:#ffffff\"><div class=\"modal-header\"><button class=\"close\" type=\"button\" data-dismiss=\"modal\" aria-hidden=\"true\" aria-label=\"Close\">&times;<\/button><h3 class=\"modal-title\" id=\"modal-heading-1\" data-dismiss=\"modal\" aria-hidden=\"true\">Erfahrungsbericht von Jutta und Beat S. (Originale Email)<\/h3><\/div><div class=\"modal-body fusion-clearfix\">\n<img src=\"https:\/\/www.elektrosmoghilfe.com\/erdstrahlen\/wp-content\/uploads\/images\/erfahrungsbericht_beat_s_large.png\">\n<\/div><\/div><\/div><\/div>\n\n\n\n<div class=\"fusion-clearfix\"><\/div><\/div><\/div>\n<div class=\"fusion-layout-column fusion_builder_column fusion-builder-column-1 fusion_builder_column_1_3 1_3 fusion-one-third fusion-column-last twofifth1\" style=\"width:30.6666%;margin-top:0px;margin-bottom:0px;\" id=\"columnSide\"><div class=\"fusion-column-wrapper fusion-flex-column-wrapper-legacy\" style=\"background-position:left\ntop;background-repeat:no-repeat;-webkit-background-size:cover;-moz-background-size:cover;-o-background-size:cover;background-size:cover;padding: 0px 0px 0px 0px;\">\n\n<p class=\"emphDark fs16\" style=\"text-align:center;line-height: 19px;margin-bottom: 0px;\">\n\u201eBei mir ist innerhalb der 2 ersten Wochen meine Polyarthritis in beiden Schultern praktisch verschwunden und nun nach 2 Monaten bin ich v\u00f6llig schmerzfrei&#8230; \nWir sind \u00fcberzeugt das dies das seri\u00f6seste und beste Ger\u00e4t auf dem Markt ist.\u201d\n<\/p>\n\n<p class=\"emphLight fs16\" style=\"text-align:center;margin-bottom: 12px;\">\n    Jutta und Beat S.\n<\/p>\n\n<p class=\"emphLight fs14\" style=\"text-align:center;line-height:14px;\">Erfahrungsbericht als pdf-Datei:<br clear='none'>\n<a href=\"https:\/\/www.elektrosmoghilfe.com\/erdstrahlen\/wp-content\/uploads\/documents\/hamoni_broschuere_erfahrungsbericht_polyarthritis.pdf\">\n    <img class=\"img_pdf\" style=\"margin-top:0px;margin-bottom:24px\" \n         src=\"https:\/\/www.elektrosmoghilfe.com\/erdstrahlen\/wp-content\/uploads\/images\/hamoni_broschuere_erfahrungsbericht_polyarthritis.jpg\">\n<\/a>\n<\/p>\n\n<img style=\"margin-top: 0px;margin-bottom:10px;\" class=\"sidebar\"\n     src=\"https:\/\/www.elektrosmoghilfe.com\/erdstrahlen\/wp-content\/uploads\/images\/illustration_polyarthritis.jpg\"\n     alt=\"Gelenke am K\u00f6rper, die von Polyarthritis betroffen sein k\u00f6nnen\">\n<p class=\"imgDescr\">\n<span class=\"emphDark fs14\">\nWas ist Polyarthritis?<\/span>\nAls Polyarthritis bezeichnet die Medizin eine Entz\u00fcndung von mindestens 5 Gelenken unseres K\u00f6rpers. H\u00e4ufigster Ausl\u00f6ser daf\u00fcr ist die Rheumatoide Arthritis (auch chronische Polyarthritis), die h\u00e4ufigste entz\u00fcndliche Erkrankung unserer Gelenke. Die Ursache f\u00fcr das Entstehen der Krankheit ist noch unbekannt, man vermutet aber eine Autoimmunerkrankung. Dabei wird der K\u00f6rper gegen sich selbst aggressiv. Zellen des Immunsystems greifen Gelenkknorpel, Sehnen, etc. an. Besonders h\u00e4ufig betroffen sind Finger- oder Zehengelenke. Auch an Hand-, Knie-, Schulter-, Fu\u00df- und H\u00fcftgelenken tritt die Krankheit auf. Meist ist die Erkrankung gelenkssymmetrisch, d.h. sie tritt z.B. an beiden Schultergelenken gleichzeitig auf. \n<\/p>\n<p class=\"imgDescr indent2\">\nDer Verlauf der Krankheit ist durch eine laufende, schleichende Gelenkszerst\u00f6rung verbunden, wodurch Sehnen und Gelenke schlie\u00dflich komplett deformiert werden. Bei Polyarthritis der Fingergelenke ist das besonders deutlich an den nach au\u00dfen verschobenen Gelenken zu erkennen, wodurch die Greiffunktion der Hand deutlich eingeschr\u00e4nkt wird. Die Gelenkszerst\u00f6rung kann zu solchen Versteifungen und Deformationen f\u00fchren, dass sie schlie\u00dflich zur Invalidit\u00e4t f\u00fchrt. Bei der chronischen Polyarthritis handelt es sich um eine sog. Systemerkrankung, d.h. ihr Wirkbereich ist nicht nur auf Gelenke beschr\u00e4nkt. Auch Gef\u00e4\u00dfentz\u00fcndungen (Vaskulitis) und Entz\u00fcdungen der inneren Organe wie Herz und Lunge sind m\u00f6glich. \n<\/p>\n<p class=\"imgDescr indent2\">\nGenetische Disposition und Umwelteinfl\u00fcsse wurden als wichtigste Faktoren f\u00fcr den Krankheitsverlauf und das Ausma\u00df der Entz\u00fcndungsreaktion identifiziert. Elektrosmog und Erdstrahlung stellen dabei zwei sehr wichtige Umwelteinfl\u00fcsse (sog. Umweltstress) dar.\n<\/p>\n\n<div class=\"fusion-clearfix\"><\/div><\/div><\/div><\/div><\/div>","protected":false},"excerpt":{"rendered":"","protected":false},"author":1,"featured_media":0,"parent":0,"menu_order":0,"comment_status":"closed","ping_status":"closed","template":"","meta":[],"_links":{"self":[{"href":"https:\/\/www.elektrosmoghilfe.com\/erdstrahlen\/wp-json\/wp\/v2\/pages\/919"}],"collection":[{"href":"https:\/\/www.elektrosmoghilfe.com\/erdstrahlen\/wp-json\/wp\/v2\/pages"}],"about":[{"href":"https:\/\/www.elektrosmoghilfe.com\/erdstrahlen\/wp-json\/wp\/v2\/types\/page"}],"author":[{"embeddable":true,"href":"https:\/\/www.elektrosmoghilfe.com\/erdstrahlen\/wp-json\/wp\/v2\/users\/1"}],"replies":[{"embeddable":true,"href":"https:\/\/www.elektrosmoghilfe.com\/erdstrahlen\/wp-json\/wp\/v2\/comments?post=919"}],"version-history":[{"count":1,"href":"https:\/\/www.elektrosmoghilfe.com\/erdstrahlen\/wp-json\/wp\/v2\/pages\/919\/revisions"}],"predecessor-version":[{"id":1319,"href":"https:\/\/www.elektrosmoghilfe.com\/erdstrahlen\/wp-json\/wp\/v2\/pages\/919\/revisions\/1319"}],"wp:attachment":[{"href":"https:\/\/www.elektrosmoghilfe.com\/erdstrahlen\/wp-json\/wp\/v2\/media?parent=919"}],"curies":[{"name":"wp","href":"https:\/\/api.w.org\/{rel}","templated":true}]}}