{"id":915,"date":"2016-09-01T21:28:08","date_gmt":"2016-09-01T21:28:08","guid":{"rendered":"https:\/\/www.elektrosmoghilfe.com\/erdstrahlen\/?page_id=915"},"modified":"2017-09-15T22:58:21","modified_gmt":"2017-09-15T22:58:21","slug":"der-hamoni-harmonisierer-hilft-einer-ganzen-familie-ruhiger-zu-schlafen-und-lindert-die-schlafstoerungen-des-babys-deutlich","status":"publish","type":"page","link":"https:\/\/www.elektrosmoghilfe.com\/erdstrahlen\/der-hamoni-harmonisierer-hilft-einer-ganzen-familie-ruhiger-zu-schlafen-und-lindert-die-schlafstoerungen-des-babys-deutlich\/","title":{"rendered":"Der Hamoni\u00ae Harmonisierer hilft einer ganzen Familie ruhiger zu schlafen und lindert die Schlafst\u00f6rungen des Babys deutlich"},"content":{"rendered":"<div class=\"fusion-fullwidth fullwidth-box fusion-builder-row-1 nonhundred-percent-fullwidth non-hundred-percent-height-scrolling\" style=\"background-color: rgba(255,255,255,0);background-position: left top;background-repeat: no-repeat;padding-top:0px;padding-right:0px;padding-bottom:0px;padding-left:0px;margin-bottom: 0px;margin-top: 0px;border-width: 0px 0px 0px 0px;border-color:#eae9e9;border-style:solid;\" ><div class=\"fusion-builder-row fusion-row\">\n<div class=\"fusion-layout-column fusion_builder_column fusion-builder-column-0 fusion_builder_column_2_3 2_3 fusion-two-third fusion-column-first threefifth1\" style=\"width:65.3333%; margin-right: 4%;margin-top:0px;margin-bottom:0px;\" id=\"columnMain\"><div class=\"fusion-column-wrapper fusion-flex-column-wrapper-legacy\" style=\"background-position:left top;background-repeat:no-repeat;-webkit-background-size:cover;-moz-background-size:cover;-o-background-size:cover;background-size:cover;padding: 0px 0px 0px 0px;\">\n\n<h1 class=\"subpage\">Der Hamoni\u00ae Harmonisierer hilft einer ganzen Familie ruhiger zu schlafen und lindert die Schlafst\u00f6rungen des Babys deutlich*<br clear='none'>\n    <span class=\"h1SubTitle\">Melinda M., Kundin aus 3500 Krems a.d. Donau, \u00d6sterr.<\/span><\/h1>\n\n<p class=\"anwendung fs16\">\n<span class=\"emphDark\">\nDer Erstkontakt mit Frau M. fand Ende November 2014 statt. Sie lie\u00df sich telefonisch beraten, weil Sie die Vermutung hatte, dass Strahlenbelastung f\u00fcr die Schlafst\u00f6rungen Ihrer Familie, verantwortlich ist. Am 30.11. bestellte sie den Harmonisierer, am 11.12. rief sie uns abends an \nund berichtete enthusiastisch und dankbar davon, \n<span class=\"emphLight\">dass sich die Schlafst\u00f6rungen der Familie und insbesondere ihres Babys deutlich verbessert hatten.<\/span>\n<\/span>\n<\/p>\n\n<p class=\"anwendung indent2\">\nVorab zum besseren Verst\u00e4ndnis: Frau M. ist aus Ungarn nach \u00d6sterreich gezogen, wo sie in Krems mit ihrem Mann und 2 kleinen Kindern plus einem Baby lebt. Sie spricht zwar recht gut Deutsch, ein schriftliches Feedback auf Deutsch f\u00e4llt ihr aber nicht leicht. Wir gehen deswegen den ungew\u00f6hnlichen Weg und versuchen, den Inhalt des Telefonats authentisch hier wiederzugeben.\n<\/p>\n<p class=\"anwendung indent2 subs\">\nIm Beratungsgespr\u00e4ch (telefonischer Erstkontakt) hatte Frau M. davon berichtet, dass ihre Haus\u00e4rztin in Ungarn auf das Feststellen von Strahlungsbelastung spezialisiert ist und sie f\u00fcr das Thema sensibilisiert hat. In Ungarn hatte sie ein gr\u00f6\u00dferes Haus, aufgrund der h\u00f6heren Mieten in \u00d6sterreich lebt sie hier aber recht beengt mit ihrer Familie. Eine Ver\u00e4nderung der Schlafpl\u00e4tze sei eigentlich nicht m\u00f6glich, weil schlicht kein geeigneter Platz daf\u00fcr vorhanden ist. \n<\/p>\n<p class=\"anwendung indent2 subs\">\nNeben einer m\u00f6glichen geopathischen Belastung hatte sie auch Elektrosmogbelastung durch das WLAN in der Wohnung in Verdacht, f\u00fcr die Schlafst\u00f6rungen der Familienmitglieder verantwortlich zu sein. Von einer Freundin hatte sie vom Harmonisierer geh\u00f6rt und wollte sich n\u00e4her informieren. Nach einem ca. 30min\u00fctigem Beratungsgespr\u00e4ch meinte sie, sie sei am Harmonisierer sehr interessiert, wolle sich eine Bestellung aber noch \u00fcberlegen. \n<\/p>\n<p class=\"anwendung indent2 subs\">\nBitte beachten Sie, dass wir jedes Beratungsgespr\u00e4ch auch wirklich als Beratung ansehen und das Thema Bestellung gar nicht ansprechen.\n<\/p>\n\n<p class=\"anwendung\" style=\"text-align:center\">\n<span class=\"emphDark fs18\">Telefonprotokoll der R\u00fcckmeldung von Frau M. am 11.12., abends<\/span>\n<\/p>\n\n<p class=\"anwendung indent2\">\nFrau M. erz\u00e4hlte zuerst sehr enthusiastisch und dankbar davon, dass der Schlaf der ganzen Familie seit Aufstellen des Ger\u00e4ts viel ruhiger geworden sei. Insbesondere der Schlaf ihrer Tochter, die noch ein Baby ist, und wegen der sie den Harmonisierer vor allem bestellt hatte. \nVor Aufstellen des Harmonisierers hatte das Baby sehr unruhig geschlafen. Sie war mehrmals nachts aufgewacht und konnte, selbst nachdem sie gestillt wurde, nur schwer wieder einschlafen.\n<\/p>\n<p class=\"anwendung indent2 subs\">\nSeit dem Aufstellen des Harmonisierers schl\u00e4ft das Baby zwar noch nicht durch, wacht aber nur mehr einmal pro Nacht auf. Nach dem Stillen schl\u00e4ft es dann bis zum Morgen durch. Auch Frau M. und der Rest der Familie (Ehemann und zwei Kleinkinder) schlafen jetzt deutlich besser und ruhiger. Frau M. hat sich daf\u00fcr herzlich bedankt.\nZum Abschlu\u00df hatte sie noch zwei Fragen.\n<\/p>\n\n<p class=\"anwendung\" style=\"text-align:center\">\n<span class=\"emphDark fs18\">Frage 1<\/span>\n<\/p>\n<p class=\"anwendung\">\nSie hatte das Problem, dass ihr Baby den Harmonisierer \u00f6fter zum Spielen vom Boden aufhob. Wir rieten ihr, das Ger\u00e4t in der untersten Schublade einer Holzkommode zu verstecken. Der Boden der Schublade sollte, wenn m\u00f6glich, nicht h\u00f6her als 10cm \u00fcber dem Fu\u00dfboden liegen, weil der Harmonisierer nur \u00fcber der Ebene, wo er aufgestellt wird, wirkt. \n<\/p>\n<p class=\"anwendung indent2 subs\">\nF\u00fcr die Ger\u00e4tewirkung ist es unerheblich, ob es frei sichtbar ist oder nicht. Lediglich durch gr\u00f6\u00dfere Metallfl\u00e4chen (z.B. K\u00fcchenger\u00e4te, Metallregale im Keller) wird seine Wirkung eingeschr\u00e4nkt. Wir haben Frau M. auch gesagt, dass sie durchaus ein Kleidungsst\u00fcck \u00fcber das Ger\u00e4t in der Kommode legen k\u00f6nne, damit es f\u00fcr das Baby schwerer wird, es aufzufinden.\n<\/p>\n\n<p class=\"anwendung\" style=\"text-align:center\">\n<span class=\"emphDark fs18\">Frage 2<\/span>\n<\/p>\n<p class=\"anwendung\">\nSie wollte wissen, wie lange der Harmonisierer wirksam sei. Insbesondere, ob seine Wirkung mit der Zeit nachl\u00e4\u00dft bzw. ob man irgendetwas \u201enachf\u00fcllen\u201c m\u00fcsse. Unsere Antwort auf diese Frage lautet immer: \u201eWenn sie nicht mit dem Hammer auf den Harmonisierer draufhauen, h\u00e4lt er im Prinzip ewig.\u201c \n<\/p>\n<p class=\"anwendung indent2 subs\">\nSie sollten das Ger\u00e4t allerdings pflegsam behandeln, d.h. es nicht zu schweren St\u00f6\u00dfen und zu hoher Feuchtigkeit aussetzen, da das empfindliche Innenleben dadurch Schaden nehmen k\u00f6nnte. Eine Komponente des Ger\u00e4ts besteht n\u00e4mlich aus einer (passiven, d.h. energieunabh\u00e4ngigen) elektronischen Schaltung. Bauteil k\u00f6nnten sich durch St\u00f6\u00dfe von der Platine l\u00f6sen bzw. zu korrodieren beginnen. Um letzterem Problem entgegenzuwirken, haben wir \u00fcbrigens goldbeschichtete elektronische Komponenten verbaut.\n<\/p>\n\n\n<div class=\"fusion-clearfix\"><\/div><\/div><\/div>\n<div class=\"fusion-layout-column fusion_builder_column fusion-builder-column-1 fusion_builder_column_1_3 1_3 fusion-one-third fusion-column-last twofifth1\" style=\"width:30.6666%;margin-top:0px;margin-bottom:0px;\" id=\"columnSide\"><div class=\"fusion-column-wrapper fusion-flex-column-wrapper-legacy\" style=\"background-position:left\ntop;background-repeat:no-repeat;-webkit-background-size:cover;-moz-background-size:cover;-o-background-size:cover;background-size:cover;padding: 0px 0px 0px 0px;\">\n\n<p class=\"emphDark fs16\" style=\"text-align:center;line-height: 19px;margin-bottom: 0px;\">\n\u201eVor dem Aufstellen des Harmonisierers ist meine kleine Tochter mehrmals nachts wachgeworden und hat geschrien. Kurz nachdem ich den Harmonisierer aufgestellt habe, haben sich ihre Schlafst\u00f6rungen deutlich gebessert. Sie wacht jetzt nur mehr einmal nachts auf. Nach dem Stillen schl\u00e4ft sie dann bis zum Morgen durch. Auch ich, meine zwei kleinen Kinder und mein Ehemann schlafen seither deutlich ruhiger.\u201c\n<\/p>\n\n<p class=\"emphLight fs16\" style=\"text-align:center;margin-bottom: 12px;\">\n    Melinda M.\n<\/p>\n\n<img style=\"margin-top: 24px;\" class=\"sidebar\"\n     src=\"https:\/\/www.elektrosmoghilfe.com\/erdstrahlen\/wp-content\/uploads\/images\/schlafendes_baby.jpg\"\n     alt=\"Schlafendes Baby\">\n\n<!--\n<p class=\"imgDescr\">\n    <span class=\"emphDark fs14\">Paraguay<\/span> liegt in der Mitte S\u00fcdamerikas.\n    Die Landwirtschaft ist ein wichtiger Wirtschaftszweig, besch\u00e4ftigt ca. 40% der Bev\u00f6lkerung und tr\u00e4gt 25% zum BIP\n    bei. Wichtige Anbaupflanzen sind Sojabohnen, Maniok, Baumwolle, Zuckerrohr und Getreide. Von den 6,7 Millionen\n    Einwohnern des Landes sprechen ca. 60.000 Deutsch. Die abgebildete Briefmarke der paraguayanischen Post stammt aus\n    ca. 1970.\n<\/p>\n-->\n\n\n<div class=\"fusion-clearfix\"><\/div><\/div><\/div><\/div><\/div>","protected":false},"excerpt":{"rendered":"","protected":false},"author":1,"featured_media":0,"parent":0,"menu_order":0,"comment_status":"closed","ping_status":"closed","template":"","meta":[],"_links":{"self":[{"href":"https:\/\/www.elektrosmoghilfe.com\/erdstrahlen\/wp-json\/wp\/v2\/pages\/915"}],"collection":[{"href":"https:\/\/www.elektrosmoghilfe.com\/erdstrahlen\/wp-json\/wp\/v2\/pages"}],"about":[{"href":"https:\/\/www.elektrosmoghilfe.com\/erdstrahlen\/wp-json\/wp\/v2\/types\/page"}],"author":[{"embeddable":true,"href":"https:\/\/www.elektrosmoghilfe.com\/erdstrahlen\/wp-json\/wp\/v2\/users\/1"}],"replies":[{"embeddable":true,"href":"https:\/\/www.elektrosmoghilfe.com\/erdstrahlen\/wp-json\/wp\/v2\/comments?post=915"}],"version-history":[{"count":1,"href":"https:\/\/www.elektrosmoghilfe.com\/erdstrahlen\/wp-json\/wp\/v2\/pages\/915\/revisions"}],"predecessor-version":[{"id":1320,"href":"https:\/\/www.elektrosmoghilfe.com\/erdstrahlen\/wp-json\/wp\/v2\/pages\/915\/revisions\/1320"}],"wp:attachment":[{"href":"https:\/\/www.elektrosmoghilfe.com\/erdstrahlen\/wp-json\/wp\/v2\/media?parent=915"}],"curies":[{"name":"wp","href":"https:\/\/api.w.org\/{rel}","templated":true}]}}