{"id":913,"date":"2016-09-01T21:26:17","date_gmt":"2016-09-01T21:26:17","guid":{"rendered":"https:\/\/www.elektrosmoghilfe.com\/erdstrahlen\/?page_id=913"},"modified":"2017-09-15T22:58:21","modified_gmt":"2017-09-15T22:58:21","slug":"bluthochdruck-stark-gesenkt-tinnitus-beschwerden-deutlich-reduziert","status":"publish","type":"page","link":"https:\/\/www.elektrosmoghilfe.com\/erdstrahlen\/bluthochdruck-stark-gesenkt-tinnitus-beschwerden-deutlich-reduziert\/","title":{"rendered":"Bluthochdruck stark gesenkt, Tinnitus-Beschwerden deutlich reduziert"},"content":{"rendered":"<div class=\"fusion-fullwidth fullwidth-box fusion-builder-row-1 nonhundred-percent-fullwidth non-hundred-percent-height-scrolling\" style=\"background-color: rgba(255,255,255,0);background-position: left top;background-repeat: no-repeat;padding-top:0px;padding-right:0px;padding-bottom:0px;padding-left:0px;margin-bottom: 0px;margin-top: 0px;border-width: 0px 0px 0px 0px;border-color:#eae9e9;border-style:solid;\" ><div class=\"fusion-builder-row fusion-row\">\n<div class=\"fusion-layout-column fusion_builder_column fusion-builder-column-0 fusion_builder_column_2_3 2_3 fusion-two-third fusion-column-first threefifth1\" style=\"width:65.3333%; margin-right: 4%;margin-top:0px;margin-bottom:0px;\" id=\"columnMain\"><div class=\"fusion-column-wrapper fusion-flex-column-wrapper-legacy\" style=\"background-position:left top;background-repeat:no-repeat;-webkit-background-size:cover;-moz-background-size:cover;-o-background-size:cover;background-size:cover;padding: 0px 0px 0px 0px;\">\n\n<h1 class=\"subpage\">Der Harmonisierer reduziert nach nur 14 Tagen Anwendung Tinnitus-Beschwerden deutlich und bewirkt merklich ruhigeres Atmen und erholsameren Schlaf. Zudem reduziert er Bluthochdruck nach nur 4 Wochen Anwendung signifikant.*<br clear='none'>\n    <span class=\"h1SubTitle\">Lukas H., langj\u00e4hriger Gesundheitsberater aus Murten, Schweiz<\/span><\/h1>\n\n<p class=\"anwendung fs16 sum\">\n<span class=\"emphDark\">\nHerr H. bestellte den Harmonisierer am 24.1.2015. Am 15.2. (ca. 14 Tage nach Lieferung) erreichte uns ein erster Erfahrungsbericht, in dem er von einer <span class=\"emphLight\">deutlich reduzierten Tinnitus-Beschwerde sowie merklich ruhigerem Atmen mit einhergehendem erholsameren Schlaf<\/span> berichtet:\n<\/span>\n<\/p>\n<p class=\"anwendung report\" style=\"text-align:right;\">\nMurten, 15. Februar 2015\n<\/p>\n<p class=\"anwendung report report2\">\n\u201eSehr geehrter Herr Manfred Fennesz,\n<\/p>\n<p class=\"anwendung report report2 indent2\">\nAls langj\u00e4hriger Gesundheitsberater bei dem in der Schweiz bekannten Naturarzt A. Vogel habe ich Ressourcen der Natur (Phytopharmaka) f\u00fcr eine solide Gesundheit empfohlen. Dabei konnte ich verschiedene Ursachen und Zusammenh\u00e4nge einer Krankheit bzw. Symptome \u2013 die ich immer als Sprache des K\u00f6rpers verstanden habe \u2013 ausloten.\n<\/p>\n<p class=\"anwendung report report2 indent2\">\nDoch eine Frage blieb oft zur\u00fcck: Was hemmt in unserer Zeit den Ablauf naturgegebener Regulations- und Selbstheilungsprozesse? Wie k\u00f6nnte man diese unterst\u00fctzen?\n<\/p>\n<p class=\"anwendung report report2 indent2\">\nSehr fr\u00fch erkannte man, dass das moderne Zeitalter nicht nur den technischen Fortschritt brachte, sondern auch eine gro\u00dfe Belastung f\u00fcr die Gesundheit. Zum Beispiel: Depressionen, Burnout-Syndrom, Lernst\u00f6rungen, extreme M\u00fcdigkeit usw. Lange wurde die Forschung der geophysikalischen St\u00f6rungen vernachl\u00e4ssigt.\n<\/p>\n<p class=\"anwendung report report2 indent2\">\nNun aber bin ich mit dem Kauf des \u201eHarmonisierer\u201c sehr gl\u00fccklich \u2026 nicht nur f\u00fcr mich, sondern auch f\u00fcr Ratsuchende. Der \u201eHamoni\u201c funktioniert eindeutig. Ich stelle mir vor, dass die Wirkung den Interferenz Wellen zugeordnet werden kann. Frappant wie zum Beispiel eine Tinnitus-Beschwerde schon nach 14 Tage sich deutlich reduzierte. Wie ein merklich ruhigeres atmen sich einstellte, was sich mit einem erholsamen Schlaf bedankte.\n<\/p>\n<p class=\"anwendung report report2 indent2\">\nIhnen, sehr geehrter Herr Fennesz ist tats\u00e4chlich etwas Wunderbares gelungen, was sie in einem unscheinbaren \u201eK\u00e4stchen\u201c eingebaut haben und das Menschen zu einem absolut sympathischen Preis erwerben d\u00fcrfen. Ich kenne kein Produkt das soviel f\u00fcr unsere Gesundheit bewirken kann. Unbedingt sollte ein \u201eHamoni\u201c in jeder Praxis die mit der Bioresonanz-Methode arbeitet aufgestellt sein \u2013 da genauere Messwerte resultieren.\n<\/p>\n<p class=\"anwendung report report2 indent2\">\nIch w\u00fcnsche Ihnen wundersch\u00f6ne Begegnungen, kreative Kraft um den Mitmenschen weiterhin soviel Gutes abgeben zu k\u00f6nnen.\n<\/p>\n<p class=\"anwendung report report2 \">\nGr\u00fc\u00dfe sie aus der Schweiz ganz herzlich<br clear='none'>\nLukas H.\u201c\n<\/p>\n\n<p class=\"anwendung\" style=\"text-align:center;margin-top: 20px;margin-bottom:12px;\">\n<span class=\"emphDark fs16\">\nAuf unsere Frage, ob wir seinen Bericht ver\u00f6ffentlichen d\u00fcrfen, \nerhielten wir von Herrn H. diese Email.\n<\/span>\n<span class=\"emphLight fs16\">\nEr berichtet von der deutlichen Reduktion des Bluthochdrucks seiner Frau:\n<\/span>\n<\/p>\n\n<p class=\"anwendung report report2 indent2\">\n\u201eGuten Tag\u2026 den Bericht d\u00fcrft Ihr auf jeden Fall erw\u00e4hnen und ich hoffe sehr, dass es f\u00fcr viele Menschen eine Quelle von Freude und Kraft wird.\n<\/p>\n\n<p class=\"anwendung report report2 indent2\">\nDa man mit dem \u201eHamoni\u201c einen Missbrauch ausschliessen kann und eine gesunde Eigenverantwortung selbstverst\u00e4ndlich sein sollte, wird der \u201eHamoni\u201c nicht nur emotionale Begeisterung ausl\u00f6sen, sondern Grundlage sein f\u00fcr echte Zuversicht und Lebensqualit\u00e4t.\n<\/p>\n\n<p class=\"anwendung report report2 indent2\">\nBei mir ist der Harmonisierer seit 4 Wochen im Einsatz und weitere Verbesserungen sind zu beobachten. So wurde zum Beispiel bei meiner Frau immer einen zu hohen Blutdruck gemessen obwohl in Dauerbehandlung. Ich kann Ihre Freude kaum in Worten fassen, denn die Resultate letzteren Messungen sind so fantastisch, eindr\u00fccklich und wir k\u00f6nnen mit Sicherheit die Ver\u00e4nderung dem Hamoni zu ordnen, da wir keine anderen Massnahmen getroffen haben.\n<\/p>\n\n<p class=\"anwendung report report2 indent2\">\nSie k\u00f6nnen mir zwei weitere Hamoni (f\u00fcr Bekannte) senden wenn ich es mit PayPal zahlen kann? Die gemachten Erfahrungen werde ich zusammenstellen und Ihnen so ca. Juli\/August abgeben. (Der K\u00f6rper hat viele Helfer und reagiert auf das durch Hamoni erzeugte besseres Umfeld g\u00fcnstig)\n<\/p>\n\n<p class=\"anwendung report report2 \">\nEin herzliches Dankesch\u00f6n mit<br clear='none'>\nfreundlichen Gr\u00fcssen<br clear='none'>\nLukas H.\u201c\n<\/p>\n\n<p class=\"anwendung fs16\" style=\"text-align:center;\">\n<span class=\"emphDark\">Die Original-Emails von Lukas H.<\/span> \n<\/p>\n<div style=\"clear:both\"><\/div>\n<a class=\"fusion-modal-text-link\" data-toggle=\"modal\" data-target=\".fusion-modal.modal08\" href=\"#\">\n<p class=\"anwendung emphDark fs16\" style=\"text-align:center;width:50%;float:left\">\n<img src=\"https:\/\/www.elektrosmoghilfe.com\/erdstrahlen\/wp-content\/uploads\/images\/Brief_Lukas_H_large.png\" style=\"\">\n<\/p>\n<\/a>\n<div class=\"fusion-modal modal fade modal-1 modal08\" tabindex=\"-1\" role=\"dialog\" aria-labelledby=\"modal-heading-1\" aria-hidden=\"true\"><style type=\"text\/css\">.modal-1 .modal-header, .modal-1 .modal-footer{border-color:#ebebeb;}<\/style><div class=\"modal-dialog modal-lg\" role=\"document\"><div class=\"modal-content fusion-modal-content\" style=\"background-color:#ffffff\"><div class=\"modal-header\"><button class=\"close\" type=\"button\" data-dismiss=\"modal\" aria-hidden=\"true\" aria-label=\"Close\">&times;<\/button><h3 class=\"modal-title\" id=\"modal-heading-1\" data-dismiss=\"modal\" aria-hidden=\"true\">Erster Erfahrungsbericht von Lukas H. (Originale Email)<\/h3><\/div><div class=\"modal-body fusion-clearfix\">\n<img src=\"https:\/\/www.elektrosmoghilfe.com\/erdstrahlen\/wp-content\/uploads\/images\/Brief_Lukas_H_large.png\">\n<\/div><\/div><\/div><\/div>\n\n<a class=\"fusion-modal-text-link\" data-toggle=\"modal\" data-target=\".fusion-modal.modal09\" href=\"#\">\n<p class=\"anwendung emphDark fs16\" style=\"text-align:center;width:50%;float:left\">\n<img src=\"https:\/\/www.elektrosmoghilfe.com\/erdstrahlen\/wp-content\/uploads\/images\/erfahrungsbericht_lukas_h_large.png\" style=\"\">\n<\/p>\n<\/a>\n<div class=\"fusion-modal modal fade modal-2 modal09\" tabindex=\"-1\" role=\"dialog\" aria-labelledby=\"modal-heading-2\" aria-hidden=\"true\"><style type=\"text\/css\">.modal-2 .modal-header, .modal-2 .modal-footer{border-color:#ebebeb;}<\/style><div class=\"modal-dialog modal-lg\" role=\"document\"><div class=\"modal-content fusion-modal-content\" style=\"background-color:#ffffff\"><div class=\"modal-header\"><button class=\"close\" type=\"button\" data-dismiss=\"modal\" aria-hidden=\"true\" aria-label=\"Close\">&times;<\/button><h3 class=\"modal-title\" id=\"modal-heading-2\" data-dismiss=\"modal\" aria-hidden=\"true\">Zweiter Erfahrungsbericht von Lukas H. (Originale Email)<\/h3><\/div><div class=\"modal-body fusion-clearfix\">\n<img src=\"https:\/\/www.elektrosmoghilfe.com\/erdstrahlen\/wp-content\/uploads\/images\/erfahrungsbericht_lukas_h_large.png\">\n<\/div><\/div><\/div><\/div>\n<div style=\"clear:both\"><\/div>\n\n<div class=\"fusion-clearfix\"><\/div><\/div><\/div>\n<div class=\"fusion-layout-column fusion_builder_column fusion-builder-column-1 fusion_builder_column_1_3 1_3 fusion-one-third fusion-column-last twofifth1\" style=\"width:30.6666%;margin-top:0px;margin-bottom:0px;\" id=\"columnSide\"><div class=\"fusion-column-wrapper fusion-flex-column-wrapper-legacy\" style=\"background-position:left\ntop;background-repeat:no-repeat;-webkit-background-size:cover;-moz-background-size:cover;-o-background-size:cover;background-size:cover;padding: 0px 0px 0px 0px;\">\n\n<p class=\"emphDark fs16\" style=\"text-align:center;line-height: 19px;margin-bottom: 0px;\">\n\u201eIhnen, sehr geehrter Herr Fennesz ist tats\u00e4chlich etwas Wunderbares gelungen, was sie in einem unscheinbaren \u201eK\u00e4stchen\u201c eingebaut haben und das Menschen zu einem absolut sympathischen Preis erwerben d\u00fcrfen. Ich kenne kein Produkt das soviel f\u00fcr unsere Gesundheit bewirken kann.\u201c \n<\/p>\n\n<p class=\"emphLight fs16\" style=\"text-align:center;margin-bottom: 12px;\">\n    Lukas H.\n<\/p>\n\n<p class=\"emphLight fs14\" style=\"text-align:center;line-height:14px;\">Erfahrungsbericht als pdf-Datei:<br clear='none'>\n<a href=\"https:\/\/www.elektrosmoghilfe.com\/erdstrahlen\/wp-content\/uploads\/documents\/hamoni_broschuere_erfahrungsbericht_tinnitus_bluthochdruck.pdf\">\n    <img class=\"img_pdf\" style=\"margin-top:0px;margin-bottom:24px\" \n         src=\"https:\/\/www.elektrosmoghilfe.com\/erdstrahlen\/wp-content\/uploads\/images\/hamoni_broschuere_erfahrungsbericht_tinnitus_bluthochdruck.jpg\">\n<\/a>\n<\/p>\n\n<img class=\"sidebar\"\n     src=\"https:\/\/www.elektrosmoghilfe.com\/erdstrahlen\/wp-content\/uploads\/images\/tinnitus_small.jpg\"\n     alt=\"Illustration Tinnitus\">\n<p class=\"imgDescr\">\n<span class=\"emphDark fs14\">\nTinnitus<\/span>\nist ein Symptom, das bei den verschiedensten Krankheiten auftreten kann. Dabei h\u00f6rt der betroffene ein unangenehmes Ger\u00e4usch, das allerdings nicht durch eine \u00e4u\u00dfere Schallquelle verursacht wird. Eine h\u00e4ufige Ursache von Tinnitus ist Stress. Elektrosmog und Erdstrahlung setzen unseren K\u00f6rper unter Dauerstress, sog. Umweltstress. Der Harmonisierer wirkt wiederum deutlich stresssenkend. Daher ist es nur logisch, dass das Ger\u00e4t auch bei Tinnitus Abhilfe schaffen kann. \n<\/p>\n\n<img class=\"sidebar\"\n     src=\"https:\/\/www.elektrosmoghilfe.com\/erdstrahlen\/wp-content\/uploads\/images\/bluthochdruck2_small.jpg\"\n     alt=\"Blutdruck-Messung an \u00e4lterem Mann\">\n<p class=\"imgDescr\">\n<span class=\"emphDark fs14\">\nBluthochdruck<\/span>\nist eine Volkskrankheit, mehr als 50% der Bev\u00f6lkerung ist davon betroffen. Da unser Herz- Kreislaufsystem von all unseren K\u00f6rpersystemen die st\u00e4rkste Reaktion auf Stress zeigt, ist es nicht verwunderlich, dass Bluthochdruck sehr h\u00e4ufig eine Konsequenz von chronischem Stress ist. Die berichteten stark verbesserten Blutdruckwerte der Frau von Herrn H. sind durch die stresssenkende Wirkung des Harmonisierers daher gut erkl\u00e4rbar.\n<\/p>\n\n<div class=\"fusion-clearfix\"><\/div><\/div><\/div><\/div><\/div>","protected":false},"excerpt":{"rendered":"","protected":false},"author":1,"featured_media":0,"parent":0,"menu_order":0,"comment_status":"closed","ping_status":"closed","template":"","meta":[],"_links":{"self":[{"href":"https:\/\/www.elektrosmoghilfe.com\/erdstrahlen\/wp-json\/wp\/v2\/pages\/913"}],"collection":[{"href":"https:\/\/www.elektrosmoghilfe.com\/erdstrahlen\/wp-json\/wp\/v2\/pages"}],"about":[{"href":"https:\/\/www.elektrosmoghilfe.com\/erdstrahlen\/wp-json\/wp\/v2\/types\/page"}],"author":[{"embeddable":true,"href":"https:\/\/www.elektrosmoghilfe.com\/erdstrahlen\/wp-json\/wp\/v2\/users\/1"}],"replies":[{"embeddable":true,"href":"https:\/\/www.elektrosmoghilfe.com\/erdstrahlen\/wp-json\/wp\/v2\/comments?post=913"}],"version-history":[{"count":1,"href":"https:\/\/www.elektrosmoghilfe.com\/erdstrahlen\/wp-json\/wp\/v2\/pages\/913\/revisions"}],"predecessor-version":[{"id":1322,"href":"https:\/\/www.elektrosmoghilfe.com\/erdstrahlen\/wp-json\/wp\/v2\/pages\/913\/revisions\/1322"}],"wp:attachment":[{"href":"https:\/\/www.elektrosmoghilfe.com\/erdstrahlen\/wp-json\/wp\/v2\/media?parent=913"}],"curies":[{"name":"wp","href":"https:\/\/api.w.org\/{rel}","templated":true}]}}