{"id":909,"date":"2016-09-01T21:12:09","date_gmt":"2016-09-01T21:12:09","guid":{"rendered":"https:\/\/www.elektrosmoghilfe.com\/erdstrahlen\/?page_id=909"},"modified":"2019-01-10T14:35:05","modified_gmt":"2019-01-10T14:35:05","slug":"gratis-rueckruf","status":"publish","type":"page","link":"https:\/\/www.elektrosmoghilfe.com\/erdstrahlen\/gratis-rueckruf\/","title":{"rendered":"Gratis-R\u00fcckruf"},"content":{"rendered":"<div class=\"fusion-fullwidth fullwidth-box fusion-builder-row-1 nonhundred-percent-fullwidth non-hundred-percent-height-scrolling\" style=\"background-color: rgba(255,255,255,0);background-position: left top;background-repeat: no-repeat;padding-top:0px;padding-right:0px;padding-bottom:0px;padding-left:0px;margin-bottom: 0px;margin-top: 0px;border-width: 0px 0px 0px 0px;border-color:#eae9e9;border-style:solid;\" ><div class=\"fusion-builder-row fusion-row\">\r\n<div id=\"rueckruf\">\r\n    <h1 class=\"subpage\" style=\"margin-bottom:24px;\">Unser weltweites Gratis-R\u00fcckrufservice:<br clear='none'>\r\n        <span class=\"h1SubTitle\">Wir sprechen gerne mit Ihnen. Von Mensch zu Mensch.<\/span><\/h1>\r\n    <img style=\"width:400px;float:left;\" src=\"https:\/\/www.elektrosmoghilfe.com\/erdstrahlen\/wp-content\/uploads\/images\/rueckruf_labrador.jpg\">\r\n\r\n    <p class=\"anwendung\">\r\n        <span class=\"emphDark fs14\">Wir bem\u00fchen uns, unsere Webseiten so klar wie m\u00f6glich zu gestalten.<\/span>\r\n        Trotzdem merken wir an vielen Anrufen, dass es oft noch Fragen zu kl\u00e4ren gilt.\r\n        Aus unserer Erfahrung hat das im pers\u00f6nlichen Gespr\u00e4ch immer am besten geklappt.\r\n    <\/p>\r\n\r\n    <p class=\"anwendung indent2\">\r\n                <span class=\"emphDark fs14\">Wir haben unseren Firmensitz in Wien, sehr viele unserer Kunden leben aber au\u00dferhalb\r\n                \u00d6sterreichs.<\/span> Damit Telefonkosten f\u00fcr Sie kein Hindernis darstellen, bieten wir\r\n        Ihnen daher gerne an, Sie europaweit gratis zur\u00fcckzurufen. Geben Sie uns einfach\r\n        unten Ihre Telefonnummer und eine bevorzugte R\u00fcckrufzeit an.\r\n    <\/p>\r\n\r\n    <p class=\"anwendung indent2\">\r\n        <span class=\"emphDark fs14\">In der Regel rufen wir Sie verl\u00e4sslich so schnell wie m\u00f6glich zur\u00fcck.<\/span>\r\n        Wenn wir sehr viel zu\r\n        tun haben, kann es leider auch manchmal ein paar Tage dauern. Wenn Sie eine\r\n        dringende Frage, beispielsweise zum Verbleib eines Pakets haben, dann\r\n        schreiben Sie uns bitte eine Email bzw. rufen Sie uns kurz unter <i>+43 676 526 76 40<\/i> an. Der\r\n        Anruf sollte\r\n        max. 1 Minute dauern und Sie nicht viel kosten, denn wir rufen Sie gleich zur\u00fcck.\r\n        Technische Fragen beantwortet Ihnen unser Diplomphysiker, Fragen zur Bestellung unsere\r\n        Kundenbetreuung.\r\n    <\/p>\r\n\r\n    <p class=\"anwendung indent2\" style=\"margin-bottom:24px;\">\r\n        <span class=\"emphDark fs14\">Bitte f\u00fchlen Sie sich in keinster Weise verpflichtet, dass Sie etwas kaufen m\u00fcssen.<\/span>\r\n        Wir sprechen das Thema Bestellung selbst nicht an, denn wir wollen Ihnen nichts aufschwatzen. Nicht\r\n        wenige Gespr\u00e4che sind auch f\u00fcr uns lehrreich und interessant, denn wir merken erst im pers\u00f6nlichen Gespr\u00e4ch,\r\n        welche Themen unseren Kunden am Herzen liegen. Dies ist eine wichtige Erfahrung von uns, die durch nichts ersetzt\r\n        werden kann.\r\n    <\/p>\r\n\r\n    <div style=\"clear:both\"><\/div>\r\n<p class=\"gform_not_found\">Oops! Wir konnten Ihr Formular nicht lokalisieren.<\/p>\r\n<\/div>\r\n\r\n<\/div><\/div>","protected":false},"excerpt":{"rendered":"","protected":false},"author":1,"featured_media":0,"parent":0,"menu_order":0,"comment_status":"closed","ping_status":"closed","template":"","meta":[],"_links":{"self":[{"href":"https:\/\/www.elektrosmoghilfe.com\/erdstrahlen\/wp-json\/wp\/v2\/pages\/909"}],"collection":[{"href":"https:\/\/www.elektrosmoghilfe.com\/erdstrahlen\/wp-json\/wp\/v2\/pages"}],"about":[{"href":"https:\/\/www.elektrosmoghilfe.com\/erdstrahlen\/wp-json\/wp\/v2\/types\/page"}],"author":[{"embeddable":true,"href":"https:\/\/www.elektrosmoghilfe.com\/erdstrahlen\/wp-json\/wp\/v2\/users\/1"}],"replies":[{"embeddable":true,"href":"https:\/\/www.elektrosmoghilfe.com\/erdstrahlen\/wp-json\/wp\/v2\/comments?post=909"}],"version-history":[{"count":7,"href":"https:\/\/www.elektrosmoghilfe.com\/erdstrahlen\/wp-json\/wp\/v2\/pages\/909\/revisions"}],"predecessor-version":[{"id":1880,"href":"https:\/\/www.elektrosmoghilfe.com\/erdstrahlen\/wp-json\/wp\/v2\/pages\/909\/revisions\/1880"}],"wp:attachment":[{"href":"https:\/\/www.elektrosmoghilfe.com\/erdstrahlen\/wp-json\/wp\/v2\/media?parent=909"}],"curies":[{"name":"wp","href":"https:\/\/api.w.org\/{rel}","templated":true}]}}