{"id":892,"date":"2016-09-01T20:56:14","date_gmt":"2016-09-01T20:56:14","guid":{"rendered":"https:\/\/www.elektrosmoghilfe.com\/erdstrahlen\/?page_id=892"},"modified":"2017-09-15T22:58:21","modified_gmt":"2017-09-15T22:58:21","slug":"so-macht-uns-elektrosmog-krank","status":"publish","type":"page","link":"https:\/\/www.elektrosmoghilfe.com\/erdstrahlen\/so-macht-uns-elektrosmog-krank\/","title":{"rendered":"So macht uns Elektrosmog krank"},"content":{"rendered":"<div class=\"fusion-fullwidth fullwidth-box fusion-builder-row-1 nonhundred-percent-fullwidth non-hundred-percent-height-scrolling\" style=\"background-color: rgba(255,255,255,0);background-position: left top;background-repeat: no-repeat;padding-top:0px;padding-right:0px;padding-bottom:0px;padding-left:0px;margin-bottom: 0px;margin-top: 0px;border-width: 0px 0px 0px 0px;border-color:#eae9e9;border-style:solid;\" ><div class=\"fusion-builder-row fusion-row\">\n<div class=\"fusion-layout-column fusion_builder_column fusion-builder-column-0 fusion_builder_column_2_3 2_3 fusion-two-third fusion-column-first threefifth1\" style=\"width:65.3333%; margin-right: 4%;margin-top:0px;margin-bottom:0px;\" id=\"columnMain\"><div class=\"fusion-column-wrapper fusion-flex-column-wrapper-legacy\" style=\"background-position:left top;background-repeat:no-repeat;-webkit-background-size:cover;-moz-background-size:cover;-o-background-size:cover;background-size:cover;padding: 0px 0px 0px 0px;\">\n<div class=\"fusion-text fusion-text-1\"><h1 class=\"subpage\">So macht uns Elektrosmog krank<br clear='none'>\n    <span class=\"h1SubTitle\">Was wir bisher dar\u00fcber wissen<\/span><\/h1>\n<p class=\"anwendung indent2\"> Nat\u00fcrliche elektromagnetische Felder und Strahlung waren immer Bestandteil unserer\n    Umwelt. Im Laufe der Evolution haben wir uns an sie angepasst. Diejenigen\n    unserer Vorfahren, die das nicht getan haben, sind schlicht ausgestorben. Eine gewisse\n    Dosis an Strahlung bestimmter Frequenzen ist f\u00fcr unsere Gesundheit sogar\n    notwendig. So brauchen wir eine Mindestmenge Sonnenlicht, damit wir in ausreichendem\n    Ma\u00dfe Vitamin D und Serotonin (Gl\u00fcckshormon) erzeugen k\u00f6nnen.\n<\/p>\n<p class=\"anwendung indent2\">Elektromagnetismus per se ist also nichts Gef\u00e4hrliches. Problematisch wird es erst dann,\n    wenn wir Menschen von Frequenzen bestrahlt werden, mit denen wir nie zuvor in\n    der Evolution zu tun hatten und daher keine k\u00f6rpereigenen Schutzmechanismen\n    gegen sie aufbauen konnten. Solch ein Bestrahlungsexperiment findet aber seit ca.\n    25 Jahren weltweit statt, wir wollen es hier als \u201eMobilfunkzeitalter\u201c bezeichnen. Derzeit\n    wird dieses Experiment gerade durch die Einf\u00fchrung des\n    \u201eInternet der Dinge\u201c und bald durch selbstfahrende Fahrzeuge (mit mehreren Radarger\u00e4ten an Bord) \n    noch einmal deutlich beschleunigt.\n<\/p>\n<h2>Bisher entdeckte Schadmechanismen des Elektrosmogs<\/h2>\n<table class=\"anwendung\">\n<tr>\n<td class=\"icon\">\n            <img class=\"icon\" src=\"https:\/\/www.elektrosmoghilfe.com\/erdstrahlen\/wp-content\/uploads\/images\/Krankheiten_Elektrosmog_DNA.png\">\n        <\/td>\n<td>\n            <span class=\"emphDark\">1) Erbgutsch\u00e4digung:<\/span> Elektrosmog kann die DNA sch\u00e4digen. \nDadurch entstehen Mutationen, die, wenn b\u00f6sartig, Krebs erzeugen.\n        <\/td>\n<\/tr>\n<tr>\n<td class=\"icon\">\n            <img class=\"icon\" src=\"https:\/\/www.elektrosmoghilfe.com\/erdstrahlen\/wp-content\/uploads\/images\/Krankheiten_Elektrosmog_Blut_Hirn_Schranke.png\">\n        <\/td>\n<td>\n            <span class=\"emphDark\">2) Manipulation Blut-Hirn-Schranke:<\/span> Reduktion nat\u00fcrliche Barriere f\u00fcr Schadstoffe. Diese k\u00f6nnen vermehrt ins Hirn eindringen und dieses sch\u00e4digen.\n        <\/td>\n<\/tr>\n<tr>\n<td class=\"icon\">\n            <img class=\"icon\" src=\"https:\/\/www.elektrosmoghilfe.com\/erdstrahlen\/wp-content\/uploads\/images\/Krankheiten_Elektrosmog_Krebs.png\">\n        <\/td>\n<td>\n            <span class=\"emphDark\">3) Schw\u00e4chung des Abwehrsystems:<\/span> Menschliche Krebszellen wuchsen unter E-Smog-Einfluss 24 (!) Mal schneller als normal und setzten sich ihrer Zerst\u00f6rung durch Abwehrzellen viel aggressiver zur Wehr.\n        <\/td>\n<\/tr>\n<tr>\n<td class=\"icon\">\n            <img class=\"icon\" src=\"https:\/\/www.elektrosmoghilfe.com\/erdstrahlen\/wp-content\/uploads\/images\/Krankheiten_Elektrosmog_Schlaf.png\">\n        <\/td>\n<td>\n            <span class=\"emphDark\">4) St\u00f6rung der n\u00e4chtlichen Melatoninproduktion:<\/span> St\u00f6rung k\u00f6rpereigene Produktion wichtiger Antioxidantien wie Melatonin. Schw\u00e4chung des Immunsystems, Schlafst\u00f6rungen und M\u00fcdigkeit sind die Folge.\n        <\/td>\n<\/tr>\n<tr>\n<td class=\"icon\">\n            <img class=\"icon\" src=\"https:\/\/www.elektrosmoghilfe.com\/erdstrahlen\/wp-content\/uploads\/images\/Krankheiten_Elektrosmog_Stress.png\">\n        <\/td>\n<td>\n            <span class=\"emphDark\">5) Stress:<\/span> Diesen nehmen elektrosensible Menschen unmittelbar war. Weniger sensible Menschen werden genauso unter Stress gesetzt, allerdings nehmen sie ihn oft nicht bewusst wahr, sondern merken erst dessen Auswirkungen in Form einer Vielzahl m\u00f6glicher Krankheiten. Unser Organismus zeigt bei Elektrosmog vielf\u00e4ltige Stressreaktionen: Erh\u00f6hter Adrenalinspiegel (Gefahrenindikator), erh\u00f6hter Cortisolspiegel (Stresshormon), unterdr\u00fcckte Immunreaktion, gesteigerte Herzfrequenz und erh\u00f6hter Blutdruck sind nachweisbar. Ein weiterer Nachweis gelingt \u00fcber den Herzfrequenz-Variabilit\u00e4tstest, der u.a. auch im baubiologischen Test des Hamoni\u00ae Harmonisierers angewandt wurde.\n        <\/td>\n<\/tr>\n<\/table>\n<h3>Elektrosmog-Beschwerden: Immer wieder dieselben Muster\n<\/h3>\n<p class=\"anwendung indent2\">\n\u00dcber die Jahre haben wir durch die gro\u00dfe Zahl an Erfahrungen mit Kunden eine gewisse\nRoutine entwickelt. Sehr h\u00e4ufig folgen die Elektrosmog-Beschwerden diesem Muster:\n<\/p>\n<p class=\"anwendung indent2\">\n    <span class=\"emphDark fs16\">Die Beschwerden beginnen i.d.R. mit typischen stressbedingten Krankheiten bzw.\n    Symptomen.<\/span> Schlafst\u00f6rungen, Kopfschmerzen, chron. M\u00fcdigkeit, Tinnitus, Muskelverspannungen\n    und innere Unruhe (bes. auch bei Kindern) stehen dabei an oberster Stelle. Wir\n    sehen darin den ersten Gefahrenindikator. Der K\u00f6rper zeigt uns, dass ihm irgendetwas nicht\n    behagt. Damit wir auch etwas dagegen unternehmen, muss unser K\u00f6rper das zwingend auf\n    unangenehme Weise tun, sonst w\u00fcrden wir ja nicht reagieren.\n<\/p>\n<p class=\"anwendung indent2\">\n    <span class=\"emphDark fs16\">Nun gibt es zwei M\u00f6glichkeiten:\n    Wir nehmen den K\u00f6rper ernst und versuchen Abhilfe zu schaffen.<\/span> Das ist die von der Evolution\n    beabsichtigte Reaktion und hat Sie wahrscheinlich auf diese Webseite gef\u00fchrt.\n    Oder: Wir negieren (bewusst oder unbewusst) diese Anzeichen bzw. tr\u00f6sten uns mit Hoffnung\n    auf Besserung (&#8222;das gibt sich schon&#8220;, &#8222;jedem geht&#8217;s mal schlecht&#8220; etc.)\n    Nat\u00fcrlich k\u00f6nnen sich solche Probleme auch von alleine l\u00f6sen. Das ist aber bei Elektrosmog\n    als Problemverursacher extrem unwahrscheinlich. Denn dieser verschwindet ohne Gegenma\u00dfnahmen\n    nicht einfach. Vielmehr nimmt er durch die technologische Entwicklung stetig zu.\n<\/p>\n<p class=\"anwendung indent2\">\n    <span class=\"emphDark fs16\">Viele von denjenigen, die nicht reagieren, bekommen allerdings im Laufe der Zeit ein deutlich\n    gr\u00f6\u00dferes Problem.<\/span> Elektrosmog erzeugt n\u00e4mlich Dauerstress, der sich in der k\u00f6rperlichen Schadwirkung\n    von kurzzeitig auftretendem Stress (denken Sie z.B. an einen Konflikt am Arbeitsplatz) deutlich\n    unterscheidet. W\u00e4hrend n\u00e4mlich kurzzeitig auftretender Stress sogar positiv f\u00fcr unseren K\u00f6rper sein\n    kann, ist es genau der Dauerstress, der eine Reihe teils schwerer Folgeerkrankungen ausl\u00f6sen kann.\n<\/p>\n<h2>Elektrosmog verursacht Dauerstress mit hohem Risikopotential<\/h2>\n<table class=\"anwendung\">\n<tr>\n<td class=\"icon\">\n            <img class=\"icon\" src=\"https:\/\/www.elektrosmoghilfe.com\/erdstrahlen\/wp-content\/uploads\/images\/Krankheiten_Elektrosmog_Herz.png\">\n        <\/td>\n<td>\n            <span class=\"emphDark\">1) Herz:<\/span> Steigender Blutdruck kann Herzinfarkt oder Schlaganfall ausl\u00f6sen. Stresshormone\n                    heben den Cholesterinspiegel an (Arteriosklerose-Gefahr)\n        <\/td>\n<\/tr>\n<tr>\n<td class=\"icon\">\n            <img class=\"icon\" src=\"https:\/\/www.elektrosmoghilfe.com\/erdstrahlen\/wp-content\/uploads\/images\/Krankheiten_Elektrosmog_Endokrines_System.png\">\n        <\/td>\n<td>\n            <span class=\"emphDark\">2) Endokrines System:<\/span> Gesteigerter Ausstoss von Adrenalin und Cortisol bewirken erh\u00f6hte\n                    Aussch\u00fcttung von Zucker ins Blut. Bei Gefahrensituationen bekommen wir so schnell Kraft.\n                    Bei Dauerstress durch Elektrosmog gelangt dadurch jedoch zu viel Zucker ins Blut und\n                    erh\u00f6ht das Risiko f\u00fcr Diabetes.\n        <\/td>\n<\/tr>\n<tr>\n<td class=\"icon\">\n            <img class=\"icon\" src=\"https:\/\/www.elektrosmoghilfe.com\/erdstrahlen\/wp-content\/uploads\/images\/Krankheiten_Elektrosmog_Verdauung.png\">\n        <\/td>\n<td>\n            <span class=\"emphDark\">3) Verdauungssystem:<\/span>  Starke Beeintr\u00e4chtigung durch chem. Stoffe, die bei chronischem\n                    Stress ausgesch\u00fcttet werden. Bl\u00e4hungen, Verstopfung und Durchfall m\u00f6glich. Chron.\n                    Sodbrennen und saures Aufsto\u00dfen sind Risikofaktoren f\u00fcr Speiser\u00f6hrenkrebs.\n        <\/td>\n<\/tr>\n<tr>\n<td class=\"icon\">\n            <img class=\"icon\" src=\"https:\/\/www.elektrosmoghilfe.com\/erdstrahlen\/wp-content\/uploads\/images\/Krankheiten_Elektrosmog_Herz.png\">\n        <\/td>\n<td>\n            <span class=\"emphDark\">4) Fortpflanzungssystem:<\/span> Bei M\u00e4nnern Senkung des Testosteronspiegels durch Stresshormone\n                    m\u00f6glich. Dies kann die Spermienproduktion st\u00f6ren und zu Erektionsproblemen und Impotenz\n                    f\u00fchren.\n                    Bei Frauen kann die Durchblutung der Fortpflanzungsorgane reduziert und die Einnistung der\n                    befruchteten Eizelle erschwert werden.\n                    Fruchtbarkeitsexperten sehen in chronischem Stress die Ursache von 1\/3 aller\n                    Unfruchtbarkeitsf\u00e4lle.\n        <\/td>\n<\/tr>\n<\/table>\n<p class=\"anwendung indent2\">\n    Das Thema Stress und stressbedingte Krankheiten ist ebenso ersch\u00fctternd wie faszinierend.\n    Da man relativ wenig wirklich fundiertes Material zum Thema Elektrosmog und stressbedingte\n    Krankheiten findet, haben wir uns entschlossen, in die Tiefe zu recherchieren, um herauszufinden,\n    was da bei Stressbelastung wirklich in unserem K\u00f6rper abl\u00e4uft. Das Ergebnis ist ein eigenes\n    Kapitel zum Thema Stress in unserer 104-seitigen Infobrosch\u00fcre, die in gedruckter Form jedem Ger\u00e4t beiliegt.\n    Sie selbst k\u00f6nnen das Kapitel auch hier online als pdf-Datei lesen:\n<\/p>\n<p class=\"anwendung\" style=\"text-align:center;\">\n<span class=\"emphDark\" style=\"\">Lesetipp: Kapitel zum Thema Stress (20 Seiten)<br \/>\n                aus unserer 104-seitigen Info-Brosch\u00fcre<\/span><br \/>\n<a href=\"https:\/\/www.elektrosmoghilfe.com\/erdstrahlen\/wp-content\/uploads\/documents\/hamoni_broschuere_thema_stress.pdf\"> <img class=\"img_pdf\" style=\"margin-top:4px;\" \nsrc=\"https:\/\/www.elektrosmoghilfe.com\/erdstrahlen\/wp-content\/uploads\/images\/hamoni_broschuere_thema_stress.jpg\"> <\/a><\/p>\n<\/div>\n<div class=\"fusion-clearfix\"><\/div><\/div><\/div>\n<div class=\"fusion-layout-column fusion_builder_column fusion-builder-column-1 fusion_builder_column_1_3 1_3 fusion-one-third fusion-column-last twofifth1\" style=\"width:30.6666%;margin-top:0px;margin-bottom:0px;\" id=\"columnSide\"><div class=\"fusion-column-wrapper fusion-flex-column-wrapper-legacy\" style=\"background-position:left\ntop;background-repeat:no-repeat;-webkit-background-size:cover;-moz-background-size:cover;-o-background-size:cover;background-size:cover;padding: 0px 0px 0px 0px;\">\n\n<p style=\"text-align:center;line-height: 20px;margin-bottom: 6px;\">\n<span class=\"emphDark fs16\">\u201cEin Millionstel Watt Sendeleistung gen\u00fcgen, um eine menschliche Nervenzelle abzut\u00f6ten.\u201c<\/span>\n<br clear='none'>\n<span class=\"emphLight fs16\">Prof. Dr. Karl-Heinz M\u00fcller, Physiker, FH S\u00fcdwestfalen<\/span>\n<\/p>\n<p style=\"font-size:13px;font-style:italic;line-height:15px;text-align:center;\">\nAnmerkung: Handels\u00fcbliche Handys strahlen heute mit bis zu 2 Watt Leistung, \ndies entspricht dem Zweimillionenfachen der im Zitat angef\u00fchrten Sendeleistung.\n<\/p>\n\n<span class=\"emphDark fs14\">Krankmacher Elektrosmog als pdf-Datei:<\/span><br clear='none'>\n<a href=\"https:\/\/www.elektrosmoghilfe.com\/erdstrahlen\/wp-content\/uploads\/documents\/hamoni_broschuere_so_macht_uns_elektrosmog_krank.pdf\">\n    <img class=\"img_pdf\"\n         src=\"https:\/\/www.elektrosmoghilfe.com\/erdstrahlen\/wp-content\/uploads\/images\/hamoni_broschuere_so_macht_uns_elektrosmog_krank.jpg\"><\/a>\n<p style=\"text-align:center;line-height: 20px;margin-bottom: 6px;margin-top: 30px;\">\n<span class=\"emphDark fs16\">Eine Elektrosmog-Studie an Ratten:\nRatten wurden Mobilfunk (GSM) ausgesetzt \u2013 Hirnsch\u00e4den bereits bei niedrigen Sendeleistungen<\/span>\n<br clear='none'>\n<span class=\"emphLight fs16\">Oben: Hirn vor Bestrahlung<br clear='none'>\nUnten: Hirn nach Bestrahlung<\/span>\n<\/p>\n\n<img class=\"sidebar\" style=\"margin-top:0\" src=\"https:\/\/www.elektrosmoghilfe.com\/erdstrahlen\/wp-content\/uploads\/images\/Salford_Studie_Rattenhirne_vor_Bestrahlung.jpg\"\n     alt=\"Rattenhirne vor Bestrahlung mit Mobilfunk\">\n<br clear='none'>\n<img class=\"sidebar\" src=\"https:\/\/www.elektrosmoghilfe.com\/erdstrahlen\/wp-content\/uploads\/images\/Salford_Studie_Rattenhirne_nach_Bestrahlung.jpg\"\n     alt=\"Rattenhirne nach Bestrahlung mit Mobilfunk\">\n\n<p class=\"imgDescr\">\n    <span class=\"emphDark fs16\">Fast schon als legend\u00e4r<\/span>\n    k\u00f6nnte man die Studie des Neurochirurgen Prof. Dr. Salford und seiner Kollegen von der Univ. Lund in Schweden\n    bezeichnen. Sie war eine der ersten wissenschaftlichen Studien \u00fcberhaupt, die eine Schadwirkung des Elektrosmogs auf\n    das Hirn von S\u00e4ugetieren nachgewiesen hat. Dabei wurden Ratten mit Mobilfunk bestrahlt, damals war das noch 2G bzw.\n    GSM. \n<\/p>\n<p class=\"imgDescr indent2\">\nEin wichtiges Resultat war nicht nur, dass sich eine H\u00e4ufung abgestorbener Gehirnzellen schon bei niedrigen\n    Sendeleistungen zeigte (dunkle Flecken im unteren Bild). Zudem fand man heraus, dass Mobilfunk einen sehr wichtigen\n    Schutzmechanismus unseres Gehirns, die <i>sog. Blut-Hirn-Schranke<\/i>, aushebelt.\n<\/p>\n\n<img class=\"sidebar\" src=\"https:\/\/www.elektrosmoghilfe.com\/erdstrahlen\/wp-content\/uploads\/images\/blut_hirn_schranke.jpg\"\n     alt=\"Blut-Hirn-Schranke\">\n\n<p class=\"imgDescr\">\n    <span class=\"emphDark fs16\">Die Blut-Hirn-Schranke:<\/span> Ein sehr wichtiger Schutzmechanismus des Gehirns. Sie\n    l\u00e4sst lebensnotwendige N\u00e4hrstoffe ins Hirn durch und verhindert, dass toxische Substanzen vom Blut in das Hirn\n    eindringen und dieses sch\u00e4digen. \n<\/p>\n<p class=\"imgDescr indent2\">\nUnter Elektrosmog-Einfluss wurde eine erh\u00f6hte Durchl\u00e4ssigkeit der\n    Blut-Hirn-Schranke f\u00fcr Schadstoffe entdeckt. Im Bild sehen wir einen sog. Astrozyten, eine Zelle, die das Hirn aus\n    dem Blutkreislauf ern\u00e4hrt und gleichzeitig die Blut-Hirn-Schranke ausbildet.\n<\/p>\n\n<img class=\"sidebar\" src=\"https:\/\/www.elektrosmoghilfe.com\/erdstrahlen\/wp-content\/uploads\/images\/strangbruch.jpg\"\n     alt=\"Sch\u00e4digung der DNA durch Mobilfunk-Strahlung\">\n\n<p class=\"imgDescr\">\n    <span class=\"emphDark fs16\">Erh\u00f6htes Krebsrisiko nach Erbgut-Sch\u00e4digung durch Elektrosmog:<\/span>\n    Elektromagnetische Strahlung trifft auf gesunde DNA und kann dabei einen oder beide (besonders gef\u00e4hrlich)\n    DNA-Str\u00e4nge durchtrennen. In der Folge werden falsche Informationen aus dem Erbgut ausgelesen, es entsteht eine sog.\n    Mutation. Ist diese b\u00f6sartig, entsteht Krebs.\n<\/p>\n\n<div class=\"fusion-clearfix\"><\/div><\/div><\/div><\/div><\/div>","protected":false},"excerpt":{"rendered":"","protected":false},"author":1,"featured_media":0,"parent":0,"menu_order":0,"comment_status":"closed","ping_status":"closed","template":"","meta":[],"_links":{"self":[{"href":"https:\/\/www.elektrosmoghilfe.com\/erdstrahlen\/wp-json\/wp\/v2\/pages\/892"}],"collection":[{"href":"https:\/\/www.elektrosmoghilfe.com\/erdstrahlen\/wp-json\/wp\/v2\/pages"}],"about":[{"href":"https:\/\/www.elektrosmoghilfe.com\/erdstrahlen\/wp-json\/wp\/v2\/types\/page"}],"author":[{"embeddable":true,"href":"https:\/\/www.elektrosmoghilfe.com\/erdstrahlen\/wp-json\/wp\/v2\/users\/1"}],"replies":[{"embeddable":true,"href":"https:\/\/www.elektrosmoghilfe.com\/erdstrahlen\/wp-json\/wp\/v2\/comments?post=892"}],"version-history":[{"count":1,"href":"https:\/\/www.elektrosmoghilfe.com\/erdstrahlen\/wp-json\/wp\/v2\/pages\/892\/revisions"}],"predecessor-version":[{"id":1325,"href":"https:\/\/www.elektrosmoghilfe.com\/erdstrahlen\/wp-json\/wp\/v2\/pages\/892\/revisions\/1325"}],"wp:attachment":[{"href":"https:\/\/www.elektrosmoghilfe.com\/erdstrahlen\/wp-json\/wp\/v2\/media?parent=892"}],"curies":[{"name":"wp","href":"https:\/\/api.w.org\/{rel}","templated":true}]}}