{"id":890,"date":"2016-09-01T20:55:34","date_gmt":"2016-09-01T20:55:34","guid":{"rendered":"https:\/\/www.elektrosmoghilfe.com\/erdstrahlen\/?page_id=890"},"modified":"2019-12-11T02:35:16","modified_gmt":"2019-12-11T02:35:16","slug":"haeufige-fragen-und-antworten-zum-hamoni-harmonisierer","status":"publish","type":"page","link":"https:\/\/www.elektrosmoghilfe.com\/erdstrahlen\/haeufige-fragen-und-antworten-zum-hamoni-harmonisierer\/","title":{"rendered":"H\u00e4ufige Fragen und Antworten zum Hamoni\u00ae Harmonisierer"},"content":{"rendered":"<div class=\"fusion-fullwidth fullwidth-box fusion-builder-row-1 nonhundred-percent-fullwidth non-hundred-percent-height-scrolling\" style=\"background-color: rgba(255,255,255,0);background-position: left top;background-repeat: no-repeat;padding-top:0px;padding-right:0px;padding-bottom:0px;padding-left:0px;margin-bottom: 0px;margin-top: 0px;border-width: 0px 0px 0px 0px;border-color:#eae9e9;border-style:solid;\" ><div class=\"fusion-builder-row fusion-row\">\r\n<div class=\"fusion-layout-column fusion_builder_column fusion-builder-column-0 fusion_builder_column_2_3 2_3 fusion-two-third fusion-column-first threefifth1\" style=\"width:65.3333%; margin-right: 4%;margin-top:0px;margin-bottom:0px;\" id=\"columnMain\"><div class=\"fusion-column-wrapper fusion-flex-column-wrapper-legacy\" style=\"background-position:left top;background-repeat:no-repeat;-webkit-background-size:cover;-moz-background-size:cover;-o-background-size:cover;background-size:cover;padding: 0px 0px 0px 0px;\">\r\n<div class=\"fusion-text fusion-text-1\"><h1 class=\"subpage\">Der Hamoni\u00ae Harmonisierer<br clear='none'>\n    <span class=\"h1SubTitle\">H\u00e4ufige Fragen und Antworten<\/span><\/h1>\n<p class=\"anwendung emphDark fs16 sum\" style=\"text-align:center\">\n    Einige Fragen zum Harmonisierer treten immer wieder auf. Deshalb haben wir einige h\u00e4ufige Fragen und die Antworten\n    darauf hier f\u00fcr Sie zusammengestellt.\n<\/p>\n<h2 class=\"light\">Welchen Raumbereich kann der Hamoni\u00ae Harmonisierer entst\u00f6ren?<\/h2>\n<p class=\"anwendung\">\n    <img class=\"faq\" src=\"https:\/\/www.elektrosmoghilfe.com\/erdstrahlen\/wp-content\/uploads\/images\/schutz_raumbereich.jpg\">\n    Der Wirkradius des Harmonisierers reicht aus, um Ein- bzw. Zweifamilienh\u00e4user zu entst\u00f6ren. Baubiologische\n    Messreihen haben ergeben, dass das entst\u00f6rte Raumvolumen ann\u00e4hernd einer nach oben gew\u00f6lbten Halbkugel (Kuppelform)\n    von ca. 12m Radius gleicht. Unter der Grundfl\u00e4che dieser Halbkugel findet kaum Entst\u00f6rung statt. Bitte w\u00e4hlen Sie\n    den Aufstellort so, dass die R\u00e4ume, in welchen Sie Ihre meiste Lebenszeit verbringen, vollst\u00e4ndig innerhalb der\n    Schutzkuppel liegen. Dies gilt insbesondere f\u00fcr das Schlafzimmer.\n<\/p>\n<div style=\"clear:both\"><\/div>\n<h2 class=\"light\">Wann sollte ich eine Wirkung des Hamoni\u00ae Harmonisierers sp\u00fcren?<\/h2>\n<p class=\"anwendung\">\n    <img class=\"faq\" src=\"https:\/\/www.elektrosmoghilfe.com\/erdstrahlen\/wp-content\/uploads\/images\/calendar.jpg\">\n    Diese Frage interessiert Sie sicher besonders. Die Antwort h\u00e4ngt von zwei Hauptfaktoren ab: <span\n        class=\"emphDark fs16\">Ihrer individuellen Sensibilit\u00e4t und dem Grad der Vorsch\u00e4digung durch Strahlenbelastung.<\/span>\n    Strahlensch\u00e4den bauen sich i.d.R. \u00fcber einen l\u00e4ngeren Zeitraum auf. Es w\u00e4re verlockend, aber auch unrealistisch,\n    anzunehmen, dass sie von heute auf morgen verschwunden sind.\n    <span class=\"emphDark fs16\">Die Wirkung des Harmonisierers ist sofort nach Aufstellen vorhanden. Bis Sie diese aber auch subjektiv wahrnehmen, kann einige Zeit vergehen, abh\u00e4ngig von den o.a. Faktoren.<\/span>\n<\/p>\n<p class=\"anwendung indent2\">\n    Wir haben sehr sensible Kunden, die davon berichten, sofort nach Auspacken des Ger\u00e4ts eine positive Wirkung zu\n    sp\u00fcren. In der Regel dauert der Prozess aber l\u00e4nger. Resultierend aus den R\u00fcckmeldungen unserer Kunden, m\u00fcssen Sie\n    mit mehreren Wochen bis zu einigen Monaten rechnen.\n<\/p>\n<p class=\"anwendung indent2\">\n    <span class=\"emphDark fs16\">Wenn Sie nach dieser Zeit keine positive Wirkung erfahren haben, ist Ihr Problem mit gro\u00dfer Wahrscheinlichkeit nicht auf Strahlenbelastung zur\u00fcckzuf\u00fchren.<\/span>\n    In diesem Fall raten wir Ihnen aber, den Harmonisierer trotzdem prophylaktisch weiter einzusetzen. Nat\u00fcrlich sollten\n    Sie nach Wahrnehmung der positiven Wirkung bzw. Besserung von allf\u00e4lligen Beschwerden, das Ger\u00e4t auf jeden Fall auch\n    weiterhin verwenden. Bitte beachten Sie zum Thema Krankheiten den gesetzlich verpflichtenden Hinweis am Ende dieser\n    Bedienungsanleitung.\n<\/p>\n<p class=\"anwendung indent2\">\n    <span class=\"emphDark fs16\">In sehr seltenen F\u00e4llen (bei hochsensiblen Anwendern) kann es vorkommen, dass sich die Beschwerden kurzzeitig verst\u00e4rken.<\/span>\n    Diese Reaktion kann auftreten, da sich der K\u00f6rper erst an die harmonisierte Umgebung gew\u00f6hnen muss. Er stellt sich\n    aber sehr bald (innerhalb weniger Tage) darauf ein. Insofern k\u00f6nnen Sie diese Anfangsreaktion positiv sehen, zeigt\n    sie doch, dass tats\u00e4chlich signifikante Strahlenbelastung vorliegt und dass der Harmonisierer das negative Umfeld\n    zum Positiven ver\u00e4ndert. <\/p>\n<div style=\"clear:both\"><\/div>\n<h2 class=\"light\">Kann ich den Hamoni\u00ae Harmonisierer auf Reisen mitnehmen?<\/h2>\n<p class=\"anwendung\">\n    <img class=\"faq\" src=\"https:\/\/www.elektrosmoghilfe.com\/erdstrahlen\/wp-content\/uploads\/images\/reisen.jpg\">\n    <span class=\"emphDark fs16\">Ja. Stellen Sie das Ger\u00e4t am Zielort unter Beachtung der Hinweise zur Inbetriebnahme auf.<\/span>\n    Setzen Sie das Ger\u00e4t beim Transport keinen starken Ersch\u00fctterungen bzw. hoher Feuchtigkeit aus, da das empfindliche\n    Innenleben dadurch zerst\u00f6rt werden k\u00f6nnte. Wenn Sie das Ger\u00e4t im Flugzeug mitnehmen wollen, geben Sie es immer ins\n    Aufgabe- und nicht ins Handgep\u00e4ck. Bei der Sicherheitskontrolle sieht man die elektronischen Komponenten im\n    R\u00f6ntgenger\u00e4t. Das Ger\u00e4t enth\u00e4lt keine gef\u00e4hrlichen Bauteile, aber es k\u00f6nnte schwierig sein, dem Sicherheitspersonal\n    zu erkl\u00e4ren, was ein Harmonisierungsger\u00e4t ist.\n<\/p>\n<div style=\"clear:both\"><\/div>\n<h2 class=\"light\">Kann ich die Schutzwirkung durch mehrere Harmonisierer verbessern?<\/h2>\n<p class=\"anwendung\">\n    <img class=\"faq\" src=\"https:\/\/www.elektrosmoghilfe.com\/erdstrahlen\/wp-content\/uploads\/images\/mehrere_harmonisierer.jpg\">\n    <span class=\"emphDark fs16\">Das h\u00e4ngt davon ab, was Sie genau erreichen wollen.<\/span> Wenn Sie ein 2. Ger\u00e4t direkt\n    neben Ihr vorhandenes stellen wollen, in der Annahme, die Wirkung wird dadurch verdoppelt, so ist dies nicht\n    zielf\u00fchrend. Wenn Sie allerdings zu denjenigen Kunden geh\u00f6ren, f\u00fcr die der optimale Ger\u00e4teabstand relativ nahe zum\n    Bett ist, und Sie auch viel Zeit an einem weit davon entfernten Ort verbringen (z.B. Heimarbeitsplatz), dann kann es\n    durchaus Sinn machen, in der N\u00e4he dieses Ortes ein 2. Ger\u00e4t aufzustellen.\n<\/p>\n<div style=\"clear:both\"><\/div>\n<h2 class=\"light\">Wie kann ich den Hamoni\u00ae Harmonisierer au\u00dfer Betrieb nehmen?<\/h2>\n<p class=\"anwendung\">\n    <img class=\"faq\" src=\"https:\/\/www.elektrosmoghilfe.com\/erdstrahlen\/wp-content\/uploads\/images\/alufolie.jpg\">\n    <span class=\"emphDark fs16\">Sollten Sie den Harmonisierer v\u00f6llig au\u00dfer Betrieb nehmen wollen, wickeln Sie ihn 3-lagig in handels\u00fcbliche Haushalts-Alufolie ein.<\/span>\n    Die Alufolie sollte eng anliegend sein (so, wie wenn Sie z.B. ein Jausenbrot einwickeln w\u00fcrden). Die Wirkung des\n    Ger\u00e4ts wird dadurch sofort unterbunden. Wenn Sie das Ger\u00e4t sp\u00e4ter wieder einsetzen wollen, entfernen Sie einfach die\n    Folie wieder. Der Harmonisierer ist dann wieder zu 100% wirksam.\n<\/p>\n<div style=\"clear:both\"><\/div>\n<h2 class=\"light\">Wenn ich mein Ger\u00e4t sch\u00fcttle, h\u00f6re ich ein Rieseln. Ist es kaputt?<\/h2>\n<p class=\"anwendung\">\n    <img class=\"faq\" src=\"https:\/\/www.elektrosmoghilfe.com\/erdstrahlen\/wp-content\/uploads\/images\/silica_gel.jpg\">\n    <span class=\"emphDark fs16\">Nein.<\/span> Das Ger\u00e4t enth\u00e4lt auch keinen Sand, wie manchmal f\u00e4lschlicherweise\n    angenommen wird.\n    Das Ger\u00e4usch stammt von einem S\u00e4ckchen mit sog. Silica-Gel (Kieselgel). Dies ist ein k\u00f6rniges Material, das\n    \u00fcbersch\u00fcssige Luftfeuchtigkeit aufnehmen und wieder abgeben kann. Ist die Luftfeuchtigkeit niedrig, trocknet das\n    Material und h\u00f6rt sich beim Sch\u00fctteln des Harmonisierers wie rieselnder Sand an.\n<\/p>\n<div style=\"clear:both\"><\/div>\n<h2 class=\"light\">Ich habe noch weitere Fragen. Wer kann mir weiterhelfen?<\/h2>\n<p class=\"anwendung\">\n    <img class=\"faq\" src=\"https:\/\/www.elektrosmoghilfe.com\/erdstrahlen\/wp-content\/uploads\/images\/weitere_fragen.jpg\">\n    <span class=\"emphDark fs16\">Bitte kontaktieren Sie das Hamoni\u00ae Forschungsteam.<\/span> Sie k\u00f6nnen uns anrufen, einen\n    gratis R\u00fcckruf anfordern oder uns eine EMail schreiben.\n    Alle unsere Kontaktdaten finden Sie unter dem Men\u00fcpunkt &#8222;Kontakt&#8220; auf dieser Webseite.<br clear='none'>\n    Einfache Fragen k\u00f6nnen wir in der Regel sofort beantworten. Bei komplizierteren Fragen, wie z.B.\n    physikalisch-technische Fragen, bitten wir Sie um etwas Geduld. Unser Diplom-Physiker wird Sie je nach Wunsch\n    entweder zur\u00fcckrufen oder ausf\u00fchrlich Ihre Fragen per EMail beantworten.\n<\/p>\n<div style=\"clear:both\"><\/div>\n<h2 class=\"light\">Wieviel verdient Hamoni\u00ae an einem verkauften Ger\u00e4t?<\/h2>\n<p class=\"anwendung\">\n    <img class=\"faq\" src=\"https:\/\/www.elektrosmoghilfe.com\/erdstrahlen\/wp-content\/uploads\/images\/hinter_20_EUR_herlaufen.jpg\">\n    <span class=\"emphDark fs16\">Ca. 20 EUR.<\/span>\nDas ist die ehrliche Zahl, die nach Abzug von allen Produktionskosten, Steuern und Sozialversicherungsbeitr\u00e4gen\nschlu\u00dfendlich in der Kasse bleibt. Diejenigen von Ihnen, die selbst in Deutschland oder \u00d6sterreich\n(die beiden L\u00e4nder haben ann\u00e4hernd identische Abgabenquoten) unternehmerisch t\u00e4tig sind, wird\ndiese Zahl nicht wundern. Kunden, die ihr Einkommen als Angestellte beziehen, wundern sich manchmal\n\u00fcber die niedrige H\u00f6he. Dies hat i.d.R. damit zu tun, dass sie nicht wissen, welch hoher Anteil\nam Endverkaufspreis eines Produkts in die Staatskasse wandert. Wir m\u00f6chten uns dar\u00fcber nicht beschweren,\nschlie\u00dflich nehmen auch wir selbst die Leistungen des Staats in Anspruch. Wir m\u00f6chten nur darauf hinweisen,\nda viele Menschen glauben, der Endverkaufspreis gleicht unserem Einkommen. Das tut er nat\u00fcrlich nicht.\nIn Wahrheit sind es 20 EUR, die uns nach allen Abz\u00fcgen \u00fcbrig bleiben.\n<\/p>\n<div style=\"clear:both\"><\/div>\n<h2 class=\"light\">Wenn Sie so wenig an einem Ger\u00e4t verdienen, wieso erh\u00f6hen Sie nicht einfach\ndeutlich den Preis f\u00fcr den Harmonisierer?<\/h2>\n<p class=\"anwendung\">\n    <img class=\"faq\" src=\"https:\/\/www.elektrosmoghilfe.com\/erdstrahlen\/wp-content\/uploads\/images\/hinter_20_EUR_herlaufen.jpg\">\n    <span class=\"emphDark fs16\">Gute Frage.<\/span> Dazu muss man wissen, dass wir genauso wie\njeder andere Mensch unsere materiellen Bed\u00fcrfnisse befriedigen wollen. Damit in Konflikt steht\naber der ebenso wichtige Wunsch, das Ger\u00e4t m\u00f6glichst vielen Menschen leistbar zu machen. Und\nda sind wir gleich bei einem Thema, das gesellschaftspolitisch ja in letzter Zeit f\u00fcr enormen\nZ\u00fcndstoff gesorgt hat: Der wachsenden Ungleichheit in der Gesellschaft. Einerseits melden sich\nbei uns sehr wohlhabende Menschen, die meinen, unser Ger\u00e4t sei viel zu billig. Das f\u00fchrt sogar so weit, dass\nSkepsis vorhanden ist, frei nach dem Motto: je teurer, desto besser m\u00fcsse ein Produkt sein.\nAndererseits haben wir mit vielen Menschen zu tun, die nicht auf die Butterseite des Lebens gefallen\nsind. Dazu geh\u00f6ren oft Rentner, Altersarmut bekommen wir hier praktisch hautnah mit.\nBesonders aber auch meist chronisch kranke Menschen, die wegen ihrer Krankheit keiner oder nur einer\neingeschr\u00e4nkten Besch\u00e4ftigung nachgehen k\u00f6nnen. Gerade diese Menschen, die oft auf Sozialhilfe\nangewiesen sind, sind besonders daran interessiert, Hilfe zu einem leistbaren Preis zu bekommen.\nSie werden vielleicht staunen, aber wir werden j\u00e4hrlich mehrmals gebeten, ob das Ger\u00e4t in Monatsraten\nzu je 10 EUR bezahlt werden k\u00f6nne. In diesen F\u00e4llen schenken wir das Ger\u00e4t immer her. Das ist gar\nnicht so selbstlos wie es aussieht: die oft r\u00fchrenden Dankesschreiben geben etwas zur\u00fcck, das\nwir uns nirgendwo um Geld kaufen k\u00f6nnten.\n<\/p>\n<div style=\"clear:both\"><\/div>\n<h2 class=\"light\">Mir ist aufgefallen, dass Sie seit meinem letzten Ger\u00e4tekauf eine Preiserh\u00f6hung\ndurchgef\u00fchrt haben. Warum?<\/h2>\n<p class=\"anwendung\">\n    <img class=\"faq\" src=\"https:\/\/www.elektrosmoghilfe.com\/erdstrahlen\/wp-content\/uploads\/images\/preiserhoehung.jpg\">\n    <span class=\"emphDark fs16\">Grunds\u00e4tzlich haben wir unsere Preiserh\u00f6hungen bisher\nimmer nur in hom\u00f6opathischen Schritten vorgenommen.<\/span>\nDiese waren bisher nie mehr als 10 EUR pro Preiserh\u00f6hung und immer durch handfeste \nbetriebswirtschaftliche Notwendigkeiten begr\u00fcndet. So sind wir in den letzten Jahren beispielsweise\nauf deutlich temperaturstabilere Elektronikkomponenten umgestiegen, sodass das Ger\u00e4t auch bei\nTemperaturen von -20 Grad Celsius und \u00fcber 40 Grad Celsius einwandfrei funktioniert. Lange Zeit waren\ndiese Komponenten gar nicht f\u00fcr uns erh\u00e4ltlich, weil sie nur im milit\u00e4rischen Bereich angeboten\nwurden. Als wir endlich einen Anbieter gefunden hatten, der die Komponenten auch im zivilen Bereich\nanbietet, haben wir die Produktion umgestellt und die Preise erh\u00f6ht.\n<\/p>\n<p class=\"anwendung indent2\">\nZudem verwechseln Kunden (wiederum bevorzugt die, die nicht selbst\u00e4ndig t\u00e4tig sind) oft die\nPreiserh\u00f6hung selbst mit dem Betrag, den wir effektiv mehr verdienen. Nehmen wir die Preiserh\u00f6hung von\n10 EUR als Beispiel. Davon gehen einmal direkt 1,7 EUR an den Staat in Form von zus\u00e4tzlich\nabgef\u00fchrter Umsatzsteuer (20%). Von den restlichen 8,30 EUR gehen min. weitere 4,15 EUR an den Staat\nin Form von Sozialversicherungsbeitr\u00e4gen (ca. 27%) plus Einkommenssteuer. Bleiben also max. 4,15 EUR\n\u00fcbrig. Und hier sind aber jegliche Kostensteigerungen aus getiegenen L\u00f6hnen, Mieten, Materialkosten\netc. noch \u00fcberhaupt nicht ber\u00fccksichtigt! Wir hoffen, Sie verstehen jetzt, warum wir von\n&#8222;hom\u00f6opathischen&#8220; Preissteigerungen sprechen. Sind wir weinerlich? Nein, wir akzeptieren, dass\nein Sozialstaat auch finanziert werden muss. Warum schreiben wir dann diese Erkl\u00e4rungen hier her?\nEben deswegen, weil uns nach Preiserh\u00f6hungen immer wieder Fragen dazu erreichen.<\/p>\n<\/div>\r\n<div class=\"fusion-clearfix\"><\/div><\/div><\/div>\r\n<div class=\"fusion-layout-column fusion_builder_column fusion-builder-column-1 fusion_builder_column_1_3 1_3 fusion-one-third fusion-column-last twofifth1\" style=\"width:30.6666%;margin-top:0px;margin-bottom:0px;\" id=\"columnSide\"><div class=\"fusion-column-wrapper fusion-flex-column-wrapper-legacy\" style=\"background-position:left\r\ntop;background-repeat:no-repeat;-webkit-background-size:cover;-moz-background-size:cover;-o-background-size:cover;background-size:cover;padding: 0px 0px 0px 0px;\">\r\n\r\n<span class=\"emphLight fs14\">&#8222;H\u00e4ufige Fragen und Antworten&#8220; als pdf-Datei:<\/span><br clear='none'>\r\n<a href=\"https:\/\/www.elektrosmoghilfe.com\/erdstrahlen\/wp-content\/uploads\/documents\/hamoni_broschuere_haeufige_fragen_und_antworten.pdf\">\r\n    <img class=\"img_pdf\"\r\n         src=\"https:\/\/www.elektrosmoghilfe.com\/erdstrahlen\/wp-content\/uploads\/images\/hamoni_broschuere_haeufige_fragen_und_antworten.jpg\"><\/a>\r\n\r\n\r\n<div class=\"fusion-clearfix\"><\/div><\/div><\/div><\/div><\/div>","protected":false},"excerpt":{"rendered":"","protected":false},"author":1,"featured_media":0,"parent":0,"menu_order":0,"comment_status":"closed","ping_status":"closed","template":"","meta":[],"_links":{"self":[{"href":"https:\/\/www.elektrosmoghilfe.com\/erdstrahlen\/wp-json\/wp\/v2\/pages\/890"}],"collection":[{"href":"https:\/\/www.elektrosmoghilfe.com\/erdstrahlen\/wp-json\/wp\/v2\/pages"}],"about":[{"href":"https:\/\/www.elektrosmoghilfe.com\/erdstrahlen\/wp-json\/wp\/v2\/types\/page"}],"author":[{"embeddable":true,"href":"https:\/\/www.elektrosmoghilfe.com\/erdstrahlen\/wp-json\/wp\/v2\/users\/1"}],"replies":[{"embeddable":true,"href":"https:\/\/www.elektrosmoghilfe.com\/erdstrahlen\/wp-json\/wp\/v2\/comments?post=890"}],"version-history":[{"count":3,"href":"https:\/\/www.elektrosmoghilfe.com\/erdstrahlen\/wp-json\/wp\/v2\/pages\/890\/revisions"}],"predecessor-version":[{"id":2042,"href":"https:\/\/www.elektrosmoghilfe.com\/erdstrahlen\/wp-json\/wp\/v2\/pages\/890\/revisions\/2042"}],"wp:attachment":[{"href":"https:\/\/www.elektrosmoghilfe.com\/erdstrahlen\/wp-json\/wp\/v2\/media?parent=890"}],"curies":[{"name":"wp","href":"https:\/\/api.w.org\/{rel}","templated":true}]}}