{"id":886,"date":"2016-09-01T20:52:53","date_gmt":"2016-09-01T20:52:53","guid":{"rendered":"https:\/\/www.elektrosmoghilfe.com\/erdstrahlen\/?page_id=886"},"modified":"2020-04-24T21:43:26","modified_gmt":"2020-04-24T21:43:26","slug":"die-geschichte-des-hamoni-harmonisierers","status":"publish","type":"page","link":"https:\/\/www.elektrosmoghilfe.com\/erdstrahlen\/die-geschichte-des-hamoni-harmonisierers\/","title":{"rendered":"Die Geschichte des Hamoni\u00ae Harmonisierers"},"content":{"rendered":"<div class=\"fusion-fullwidth fullwidth-box fusion-builder-row-1 nonhundred-percent-fullwidth non-hundred-percent-height-scrolling\" style=\"background-color: rgba(255,255,255,0);background-position: left top;background-repeat: no-repeat;padding-top:0px;padding-right:0px;padding-bottom:0px;padding-left:0px;margin-bottom: 0px;margin-top: 0px;border-width: 0px 0px 0px 0px;border-color:#eae9e9;border-style:solid;\" ><div class=\"fusion-builder-row fusion-row\">\r\n<div class=\"fusion-layout-column fusion_builder_column fusion-builder-column-0 fusion_builder_column_2_3 2_3 fusion-two-third fusion-column-first threefifth1\" style=\"width:65.3333%; margin-right: 4%;margin-top:0px;margin-bottom:0px;\" id=\"columnMain\"><div class=\"fusion-column-wrapper fusion-flex-column-wrapper-legacy\" style=\"background-position:left top;background-repeat:no-repeat;-webkit-background-size:cover;-moz-background-size:cover;-o-background-size:cover;background-size:cover;padding: 0px 0px 0px 0px;\">\r\n\r\n<h1 class=\"subpage\">Der Hamoni\u00ae Harmonisierers<br clear='none'>\r\n    <span class=\"h1SubTitle\">Die Geschichte des Ger\u00e4ts<\/span><\/h1>\r\n\r\n<p class=\"anwendung emphDark fs16\" style=\"text-align:center\">\r\n    F\u00fcr geschichtlich Interessierte haben wir die Entwicklungsgeschichte des Ger\u00e4ts recherchiert\r\n    und geben einen Ausblick f\u00fcr die Zukunft.\r\n<\/p>\r\n\r\n<h2 class=\"history\">1945<\/h2>\r\n\r\n<p class=\"anwendung\">\r\n    <img class=\"faq\" src=\"https:\/\/www.elektrosmoghilfe.com\/erdstrahlen\/wp-content\/uploads\/images\/harmonisierer_geschichte_koffer_kanada.jpg\">\r\n    <span class=\"emphDark\">Ende des 2. Weltkriegs.<\/span>\r\n    Der 19 Jahre alte Deutsche <i>Heinz Stolze<\/i> wandert kurz nach Kriegsende auf der Suche nach einem besseren Leben nach\r\n    Kanada aus.\r\n    Fast zeitgleich wandert die Halb-Schwester von Manfred Fennesz aus \u00d6sterreich ebenfalls dorthin aus. Stolze findet\r\n    in ihr die\r\n    Liebe seines Lebens und die beiden heiraten.\r\n    Herr Fennesz hingegen wei\u00df gar nichts von der Existenz der Halbschwester &#8211; Ein Umstand, der\r\n    sich erst im Jahr 2010 \u00e4ndern sollte.\r\n<\/p>\r\n\r\n<div style=\"clear:both\"><\/div>\r\n\r\n<h2 class=\"history\">1946 bis ca. 1980<\/h2>\r\n\r\n<p class=\"anwendung\">\r\n    <img class=\"faq\" src=\"https:\/\/www.elektrosmoghilfe.com\/erdstrahlen\/wp-content\/uploads\/images\/harmonisierer_geschichte_alter_fernseher.jpg\">\r\n    <span class=\"emphDark\">Stolze findet Arbeit bei einem kanadischen Fernseher-Produzenten.<\/span>\r\n    Er beginnt am Flie\u00dfband, absolviert nebenbei eine Elektrotechnik-Ausbildung mit Schwerpunkt Hochfrequenz-Technik\r\n    und wechselt in die Forschungsabteilung des Konzerns.\r\n<\/p>\r\n\r\n<p class=\"anwendung indent2\">\r\n    Dort steigt er schlie\u00dflich zum Abteilungsleiter auf. Dank des damit verbundenen guten Einkommens\r\n    kann er sich schon mit 55 Jahren zur Ruhe setzen. Seine Frau und er beschlie\u00dfen, ihren Lebensabend in\r\n    \u00d6sterreich zu verbringen und kehren aus Kanada zur\u00fcck. Sie lassen sich in Gloggnitz im s\u00fcdlichen\r\n    Nieder\u00f6sterreich nieder. Stolze hatte die Entwicklung eines Vorg\u00e4ngermodells des heutigen Harmonisierers\r\n    noch in Kanada begonnen. Im Ruhestand kann er sich nun viel mehr Zeit f\u00fcr die Weiterentwicklung des\r\n    Ger\u00e4ts nehmen, doch vorerst handelt es sich um Prototypen, die nur f\u00fcr den eigenen Gebrauch gedacht sind.\r\n<\/p>\r\n\r\n<div style=\"clear:both\"><\/div>\r\n\r\n<h2 class=\"history\">ca. 1980 bis 2009<\/h2>\r\n\r\n<p class=\"anwendung\">\r\n    <img class=\"faq\" src=\"https:\/\/www.elektrosmoghilfe.com\/erdstrahlen\/wp-content\/uploads\/images\/Harmonisierer_Patent.jpg\">\r\n<span class=\"emphDark\">Stolze pr\u00e4sentiert Anfang der 1980er Jahre eine erste f\u00fcr jedermann anwendbare Version\r\n\t\t\t  des Harmonisierers.<\/span>\r\n    Das Ger\u00e4t tr\u00e4gt noch einen anderen Namen und wird nur im kleinen, regionalen Kreis\r\n    in Wien und Nieder\u00f6sterreich vorwiegend Verwandten und Bekannten angeboten. Stolze hat kein gro\u00dfes Interesse, das\r\n    Ger\u00e4t\r\n    zu kommerzialisieren und bietet das Ger\u00e4t praktisch zum Selbstkostenpreis an. Zur damaligen Zeit war es auch\r\n    viel schwieriger als heute, ein gr\u00f6\u00dferes Publikum zu erreichen. Das Internet gab es schlie\u00dflich\r\n    noch nicht.\r\n<\/p>\r\n\r\n<p class=\"anwendung indent2\">\r\n    Aus dem Nachlass von Heinz Stolze wissen wir, dass die ersten Kundenfeedbacks zum Ger\u00e4t, durchwegs hand- oder\r\n    maschinengeschriebene Briefe, aus dem Beginn der 1980er Jahre stammen. Eines dieser Feedbacks finden Sie \u00fcbrigens\r\n    auch unter\r\n    den Erfahrungsberichten auf dieser Webseite. Sp\u00e4ter meldet Stolze ein Patent auf eine Komponente des Ger\u00e4ts an, doch\r\n    an einer\r\n    aktiven Vermarktung des Ger\u00e4ts zeigt er weiterhin kein Interesse.\r\n<\/p>\r\n\r\n<div style=\"clear:both\"><\/div>\r\n\r\n<h2 class=\"history\">ca. 1980 bis 2009<\/h2>\r\n\r\n<p class=\"anwendung\">\r\n    <img class=\"faq\" src=\"https:\/\/www.elektrosmoghilfe.com\/erdstrahlen\/wp-content\/uploads\/images\/passfoto_manfred_fennesz.jpg\">\r\n    <span class=\"emphDark\">Manfred Fennesz erf\u00e4hrt zuf\u00e4llig von der Existenz der Halbschwester.<\/span>\r\n    Allerdings ist seiner Familie nicht\r\n    bekannt, wo sie wohnt. Nach einer langwierigen Suche kommt es zum Happy End: Die beiden Geschwister sehen\r\n    sich das erste Mal in ihrem Leben. Stolze und Fennesz sind sich sofort sympathisch, sind sie doch beide T\u00fcftler\r\n    (Herr Fennesz hatte eine Vielzahl von Patenten auf anderen Gebieten bekommen, u.a. in der Heizungstechnologie).\r\n<\/p>\r\n\r\n<p class=\"anwendung indent2\">\r\n    Sie setzen gemeinsam die Arbeit am Harmonisierer weiter, wobei es f\u00fcr Herrn Fennesz eine steile Lernkurve zu\r\n    bew\u00e4ltigen gilt, da er kein ausgebildeter Elektrotechniker ist. Leider stirbt Heinz Stolze im Jahr 2012 mit 86\r\n    Lebensjahren\r\n    und l\u00e4sst bis auf das m\u00fcndlich an Herrn Fennesz weitergegebene Wissen und die Patentschrift kaum schriftliche\r\n    Aufzeichnungen \u00fcber das Ger\u00e4t zur\u00fcck.\r\n<\/p>\r\n\r\n<div style=\"clear:both\"><\/div>\r\n\r\n<h2 class=\"history\">2012 bis heute<\/h2>\r\n\r\n<p class=\"anwendung\">\r\n    <img class=\"faq\" src=\"https:\/\/www.elektrosmoghilfe.com\/erdstrahlen\/wp-content\/uploads\/images\/harmonisierer_geschichte_forschungsteam.jpg\">\r\n    <span class=\"emphDark\">Das Hamoni\u00ae Forschungsteam in seiner heutigen Zusammensetzung entsteht.<\/span>\r\n    U.a. aufgrund der\r\n    kaum vorhandenen schriftlichen Aufzeichnungen zum Ger\u00e4t muss Herr Fennesz f\u00fcr die weitere Entwicklung notgedrungen\r\n    auf andere Experten zur\u00fcckgreifen. Bald formt sich das Forschungsteam, dem Radi\u00e4stheten, ein Dipl.-Ing der\r\n    technischen Physik\r\n    und ein Dipl.-Ing. des Maschinenbaus angeh\u00f6ren. Die fehlenden Aufzeichnungen stellen ein gro\u00dfes Problem dar, auch\r\n    den\r\n    verstorbenen Heinz Stolze kann man nicht mehr befragen.\r\n<\/p>\r\n\r\n<p class=\"anwendung indent2\">\r\n    Zudem herrscht anfangs Skepsis der Naturwissenschaftler im Team.\r\n    Der Physiker st\u00f6\u00dft \u00fcberhaupt erst dadurch zum Team, weil er Herrn Fennesz als Scharlatan entlarven will (und sp\u00e4ter\r\n    dem\u00fctig\r\n    eines Besseren belehrt wird). Zuerst tappen\r\n    die Akademiker weitgehend im Dunkeln, was eine theoretische Erkl\u00e4rung der Ger\u00e4tewirkung anbelangt. Doch nach und\r\n    nach\r\n    kommt Licht ins Dunkel. Das Ger\u00e4t hat mittlerweile unerwartet hohen Zuspruch gefunden und kann das Forschungsteam,\r\n    das lange\r\n    Zeit um Gottes Lohn gearbeitet hat, nicht mehr nur intellektuell, sondern auch finanziell tragen.\r\n<\/p>\r\n\r\n<p class=\"anwendung indent2\">\r\n    Die Vermarktung des Ger\u00e4ts \u00fcber das Internet stellt eine enorme Hilfe dar, denn dadurch wird ein viel gr\u00f6\u00dferes\r\n    Publikum\r\n    erreicht. Das bedeutet vor allem sehr viel mehr wertvolles Kunden-Feedback, als es Heinz Stolze je bekommen konnte.\r\n    Dadurch wird es wiederum einfacher, das Ger\u00e4t zu optimieren und weiterzuentwickeln.\r\n<\/p>\r\n\r\n<div style=\"clear:both\"><\/div>\r\n\r\n<h2 class=\"history\">Die Zukunft<\/h2>\r\n\r\n<p class=\"anwendung\">\r\n    <img class=\"faq\" src=\"https:\/\/www.elektrosmoghilfe.com\/erdstrahlen\/wp-content\/uploads\/images\/harmonisierer_geschichte_EEG.jpg\">\r\n    <span class=\"emphDark\">F\u00fcr die Zukunft fokussieren wir uns auf 2 wichtige Gebiete.<\/span>\r\n    Das ist einerseits das bessere Verst\u00e4ndnis dessen, was im Menschen bei Strahlenbelastung passiert.\r\n    Diese Erkenntnisse sind f\u00fcr die Weiterentwicklung des Ger\u00e4ts enorm wichtig. Zu diesem Zwecke bauen wir uns\r\n    beispielsweise gerade\r\n    selbst ein EEG-(Electro Encephalogramm-)Ger\u00e4t, weil wir wissen wollen, was sich in den Hirnstr\u00f6men bei\r\n    Strahlenbelastung tut.\r\n<\/p>\r\n\r\n<p class=\"anwendung indent2\">\r\n\t\t\t  <span class=\"emphDark\">Auf der Produktentwicklungsseite steht der n\u00e4chste gro\u00dfe Schritt in der Anstrengung bevor,\r\n\t\t\t  eine mobile Version des Harmonisierers zur Marktreife zu bringen.<\/span> Wir werden immer wieder nach\r\n    einer L\u00f6sung &#8222;zum\r\n    Mitnehmen&#8220; gefragt, allerdings ist die Miniaturisierung des Ger\u00e4ts sowohl aus wissenschaftlicher als auch aus\r\n    fertigungstechnischer Sicht nicht trivial. Wir werden hier nicht hastig vorgehen, sondern lieber l\u00e4nger warten,\r\n    daf\u00fcr aber (hoffentlich) auch ein marktreifes Produkt vorlegen k\u00f6nnen, das unseren Anspr\u00fcchen an die eigene\r\n    Qualit\u00e4t der Arbeit gen\u00fcgt.\r\n<\/p>\r\n\r\n<div style=\"clear:both\"><\/div>\r\n<h2 class=\"history\">Danksagung<\/h2>\r\n\r\n<p class=\"anwendung indent2\">\r\n    Wir haben versucht, die Historie des Hamoni\u00ae Harmonisierers\r\n    so gut wie m\u00f6glich zu recherchieren. Dabei haben uns die Erinnerungen der Witwe von Heinz Stolze, Frau\r\n    <i>Hildegard Stolze<\/i>, sehr geholfen. Sie war urspr\u00fcnglich nicht davon begeistert, ihren Mann namentlich zu\r\n    erw\u00e4hnen, da er selbst immer sehr zur\u00fcckgezogen und bescheiden gelebt hatte. Nachem wir ihr aber die zahlreichen\r\n    positiven Erfahrungsberichte von dankbaren Kunden vorgelesen hatten, freut sie sich nun selbst und ist auch\r\n    etwas stolz, dass ihr Ehemann posthum Anerkennung erlangt. Wir wollten hier auch ein Passfoto von Herrn Stolze\r\n    zeigen, zum Einverst\u00e4ndnis dazu konnte sich Frau Stolze aber (noch) nicht durchringen.\r\n<\/p>\r\n\r\n<p class=\"anwendung indent2\">\r\n    Frau Stolze lebt heute in Klosterneuburg n\u00f6rdlich von Wien.\r\n    Ihre Sehkraft hat leider nachgelassen, daf\u00fcr erfreut sie sich sonst guter Gesundheit.\r\n    Wir bedanken uns sehr herzlich bei ihr. Gleichzeitig wollen wir uns an dieser Stelle posthum bei Herrn Stolze\r\n    vielmals f\u00fcr seine Arbeit bedanken. Er ist der Vater des Harmonisierers und ohne seine Leistung g\u00e4be es das Ger\u00e4t sicher\r\n    nicht.\r\n<\/p>\r\n<div style=\"clear:both\"><\/div>\r\n<h2 class=\"history\">Im Gedenken an Heinz Stolze<\/h2>\r\n<div style=\"text-align:center;line-height:15px;margin-top:12px\">\r\n<img style=\"margin-top:0px;margin-bottom:4px\" src=\"https:\/\/www.elektrosmoghilfe.com\/erdstrahlen\/wp-content\/uploads\/images\/bild_heinz_stolze.jpg\" alt=\"Bild von Heinz Stolze, dem Vater des Harmonisierers\">\r\n<br clear='none'>\r\n<span class=\"emphDark fs16\">\r\nEines der wenigen Fotos von Elektrotechniker Heinz Stolze, dem Vater des Harmonisierers.\r\n<\/span>\r\n<p class=\"anwendung\">\r\nWir bedanken uns bei seiner Witwe Hildegard Stolze f\u00fcr die freundliche Bereitstellung des\r\nPhotos und die Genehmigung zur Ver\u00f6ffentlichung.\r\n<\/p>\r\n<\/div>\r\n\r\n\r\n\r\n<div class=\"fusion-clearfix\"><\/div><\/div><\/div>\r\n<div class=\"fusion-layout-column fusion_builder_column fusion-builder-column-1 fusion_builder_column_1_3 1_3 fusion-one-third fusion-column-last twofifth1\" style=\"width:30.6666%;margin-top:0px;margin-bottom:0px;\" id=\"columnSide\"><div class=\"fusion-column-wrapper fusion-flex-column-wrapper-legacy\" style=\"background-position:left\r\ntop;background-repeat:no-repeat;-webkit-background-size:cover;-moz-background-size:cover;-o-background-size:cover;background-size:cover;padding: 0px 0px 0px 0px;\">\r\n\r\n<p style=\"text-align:center;line-height:20px\">\r\n    <span class=\"emphDark fs18\">Woran wir auch noch forschen:<\/span>\r\n<\/p>\r\n<img style=\"margin-top: 0px;margin-bottom: 6px;\" class=\"sidebar\"\r\n     src=\"https:\/\/www.elektrosmoghilfe.com\/erdstrahlen\/wp-content\/uploads\/images\/bub_bei_eeg_messung.jpg\"\r\n     alt=\"EEG-Messung an einem Buben\">\r\n\r\n<p class=\"imgDescr\" style=\"margin-bottom: 6px;\">\r\n<span class=\"emphDark fs14\">Was machen Elektrosmog und geopathische Belastungen\r\nmit unserem Gehirn?<\/span> Diese Frage besch\u00e4ftigt uns besonders, denn das\r\n    Gehirn gilt neben den Geschlechtsorganen als das sensibelste Organ unseres\r\n    K\u00f6rpers. Viele von uns haben das Gehirn als Art biologischen Computer vor Augen. Bilder\r\n    von feuernden Synapsen sind vielen bekannt. \r\n<\/p>\r\n<p class=\"imgDescr indent2\" style=\"margin-bottom: 6px;\">\r\nSehr interessant ist, dass sich derzeit\r\n    die Vorstellung vom Hirn als Computer, der vor allem elektrische Str\u00f6me zur\r\n    Informationsverarbeitung nutzt, wandelt. Der Grund ist, dass die Str\u00f6me zu langsam\r\n    sind, weil sie \u00fcber Ionenpumpen etc. realisiert werden, um menschliches Bewusstsein\r\n    zu erm\u00f6glichen. Denn dazu muss sich Information viel schneller ausbreiten. \r\n<\/p>\r\n<p class=\"imgDescr indent2\" style=\"margin-bottom: 24px;\">\r\nEs wird\r\n    daher spekuliert, dass unser Bewusstsein ein essentiell magnetisches Ph\u00e4nomen ist, denn\r\n    die Magnetfelder, die durch Str\u00f6me erzeugt werden, k\u00f6nnen sich praktisch instantan\r\n    ausbreiten. Es w\u00e4re daher f\u00fcr uns besonders interessant, nicht nur die Hirnstr\u00f6me\r\n    per EEG (Elektroenzephalogramm) zu messen, sondern auch die Hirnmagnetfelder per EMG (Elektromagnetogramm).\r\n    W\u00e4hrend wir uns ein EEG-Ger\u00e4t selbst bauen konnten, ist uns dies aufgrund der enormen\r\n    Kosten leider f\u00fcr ein EMG-Ger\u00e4t nicht m\u00f6glich.\r\n<\/p>\r\n\r\n<img style=\"margin-top: 0px;margin-bottom: 6px;\" class=\"sidebar\"\r\n     src=\"https:\/\/www.elektrosmoghilfe.com\/erdstrahlen\/wp-content\/uploads\/images\/versuch_tomatenpflanzen.jpg\"\r\n     alt=\"Versuch mit Tomatenpflanzen\">\r\n\r\n<p class=\"imgDescr\" style=\"margin-bottom: 6px;\">\r\n<span class=\"emphDark fs14\">\r\nWie beeinflussen elektromagnet. Felder\r\nPflanzenwachstum und -gesundheit?\r\n<\/span>\r\n    In den letzten Jahren wurden eine Reihe von faszinierenden\r\n    Studien ver\u00f6ffentlicht, die gezeigt haben, dass Pflanzensamen\r\n    sehr stark auf Magnetfelder reagieren. Mit der richtigen\r\n    &#8222;Behandlung&#8220; des Saatguts l\u00e4sst sich der Ertrag deutlich steigern.\r\n    Wieso ist das relevant? \r\n<\/p>\r\n<p class=\"imgDescr indent2\" style=\"margin-bottom: 6px;\">\r\nNun, in einer Welt mit konstanten Anbaufl\u00e4chen\r\n    aber stetig steigender Bev\u00f6lkerung, hat man sich bis jetzt mit immer\r\n    mehr D\u00fcnger, Pestiziden und Gentechnik beholfen.\r\n    Wenn man Samen vor der Aussaat blo\u00df mit dem richtigen Magnetfeld\r\n    behandeln mu\u00df, um Ertr\u00e4ge zu steigern, w\u00e4re dies die umweltfreundlichste\r\n    Alternative zu diesen Methoden. \r\n<\/p>\r\n<p class=\"imgDescr indent2\">\r\nDoch die Schwierigkeiten stecken\r\n    wie immer in den Details: Die ben\u00f6tigten Magnetfelder variieren\r\n    von Pflanze zu Pflanze und m\u00fcssen in unz\u00e4hligen Versuchsreihen\r\n    experimentell herausgefunden werden. Hierzu muss man auch die\r\n    Infrastruktur schaffen, d.h. braucht Glash\u00e4user, wenn man nicht\r\n    nur in der warmen Jahreszeit experimentieren will.\r\n<\/p>\r\n\r\n<p class=\"imgDescr\" style=\"text-align:center\">\r\n<span class=\"emphLight fs14\">\r\nWenn Sie sich f\u00fcr Pflanzen oder die Landwirtschaft begeistern und \r\nhier mitwirken wollen, kontaktieren Sie uns bitte. Wir freuen uns \r\n\u00fcber jeden Interessierten.\r\n<\/span>\r\n<\/p>\r\n\r\n<p style=\"text-align:center;line-height:20px\">\r\n    <span class=\"emphDark fs18\">Wie ist die korrekte Bezeichnung\r\nf\u00fcr unser Forschungsgebiet?<\/span>\r\n<\/p>\r\n\r\n<p class=\"imgDescr indent2\" style=\"margin-bottom: 6px;\">\r\n    Unser Fachgebiet entspricht im groben der Forschung auf\r\n    dem Gebiet des sog. <i>Bioelektromagnetismus.<\/i> Das Fach ist\r\n    deswegen sehr anspruchsvoll, weil nur eine akademische Ausbildung\r\n    daf\u00fcr nicht reicht. Man ben\u00f6tigt dazu u.a. sehr gute Kenntnisse\r\n    in Physik, Elektrotechnik, Biologie, Chemie und Medizin. Und wenn\r\n    Sie Ahnung von der Pflanzenzucht haben, schadet das auch nicht (siehe\r\n    unsere Experimente zur Auswirkung von elektromagnetischen Feldern\r\n    auf das Pflanzenwachstum). \r\n<\/p>\r\n<p class=\"imgDescr indent2\" style=\"margin-bottom: 6px;\">\r\nZudem f\u00e4ngt man mit theoretischem Wissen\r\n    alleine nicht viel an, man braucht viel praktische Erfahrung.\r\n    Die Interdisziplinarit\u00e4t ist zwar anspruchsvoll, aber auch\r\n    enorm spannend. Warum? Weil auf dem Gebiet noch sehr viel nicht\r\n    entdeckt ist. Der russische Wissenschaftler <i>Sergey Gregoriev<\/i> schrieb\r\n    in einer wissenschaftlichen\r\n    Publikation zum Thema im Jahr 2015: <i>&#8222;W\u00e4hrend wir vom Einfluss\r\n    der ionisierenden (d.h. radioaktiven) Strahlung auf Organismen\r\n    so gut wie alles wissen, wissen wir auf dem Gebiet der\r\n    nicht-ionisierenden Strahlung noch praktisch gar nichts.&#8220;<\/i>\r\n<\/p>\r\n<p class=\"imgDescr indent2\">\r\n    Wir sind dankbar und gl\u00fccklich dar\u00fcber, dass wir nicht direkt\r\n    im akademischen Umfeld an diesem Gebiet forschen k\u00f6nnen. Warum? Weil\r\n    man als Akademiker heute sehr abh\u00e4ngig von Foschungsgeldern ist und\r\n    sehr unter Zwang steht, m\u00f6glichst viel zu publizieren. Wir hingegen\r\n    k\u00f6nnen uns unser spezielles Forschungsgebiet ja nach Interesse frei\r\n    aussuchen und stehen unter keinem Publikationszwang.\r\n<\/p>\r\n\r\n\r\n<div class=\"fusion-clearfix\"><\/div><\/div><\/div><\/div><\/div>","protected":false},"excerpt":{"rendered":"","protected":false},"author":1,"featured_media":0,"parent":0,"menu_order":0,"comment_status":"closed","ping_status":"closed","template":"","meta":[],"_links":{"self":[{"href":"https:\/\/www.elektrosmoghilfe.com\/erdstrahlen\/wp-json\/wp\/v2\/pages\/886"}],"collection":[{"href":"https:\/\/www.elektrosmoghilfe.com\/erdstrahlen\/wp-json\/wp\/v2\/pages"}],"about":[{"href":"https:\/\/www.elektrosmoghilfe.com\/erdstrahlen\/wp-json\/wp\/v2\/types\/page"}],"author":[{"embeddable":true,"href":"https:\/\/www.elektrosmoghilfe.com\/erdstrahlen\/wp-json\/wp\/v2\/users\/1"}],"replies":[{"embeddable":true,"href":"https:\/\/www.elektrosmoghilfe.com\/erdstrahlen\/wp-json\/wp\/v2\/comments?post=886"}],"version-history":[{"count":3,"href":"https:\/\/www.elektrosmoghilfe.com\/erdstrahlen\/wp-json\/wp\/v2\/pages\/886\/revisions"}],"predecessor-version":[{"id":2237,"href":"https:\/\/www.elektrosmoghilfe.com\/erdstrahlen\/wp-json\/wp\/v2\/pages\/886\/revisions\/2237"}],"wp:attachment":[{"href":"https:\/\/www.elektrosmoghilfe.com\/erdstrahlen\/wp-json\/wp\/v2\/media?parent=886"}],"curies":[{"name":"wp","href":"https:\/\/api.w.org\/{rel}","templated":true}]}}