{"id":884,"date":"2016-09-01T20:51:13","date_gmt":"2016-09-01T20:51:13","guid":{"rendered":"https:\/\/www.elektrosmoghilfe.com\/erdstrahlen\/?page_id=884"},"modified":"2017-09-15T22:58:22","modified_gmt":"2017-09-15T22:58:22","slug":"weiterfuehrende-informationen","status":"publish","type":"page","link":"https:\/\/www.elektrosmoghilfe.com\/erdstrahlen\/weiterfuehrende-informationen\/","title":{"rendered":"Weiterf\u00fchrende Informationen"},"content":{"rendered":"<div class=\"fusion-fullwidth fullwidth-box fusion-builder-row-1 nonhundred-percent-fullwidth non-hundred-percent-height-scrolling\" style=\"background-color: rgba(255,255,255,0);background-position: left top;background-repeat: no-repeat;padding-top:0px;padding-right:0px;padding-bottom:0px;padding-left:0px;margin-bottom: 0px;margin-top: 0px;border-width: 0px 0px 0px 0px;border-color:#eae9e9;border-style:solid;\" ><div class=\"fusion-builder-row fusion-row\">\n<div class=\"fusion-layout-column fusion_builder_column fusion-builder-column-0 fusion_builder_column_2_3 2_3 fusion-two-third fusion-column-first threefifth1\" style=\"width:65.3333%; margin-right: 4%;margin-top:0px;margin-bottom:0px;\" id=\"columnMain\"><div class=\"fusion-column-wrapper fusion-flex-column-wrapper-legacy\" style=\"background-position:left top;background-repeat:no-repeat;-webkit-background-size:cover;-moz-background-size:cover;-o-background-size:cover;background-size:cover;padding: 0px 0px 0px 0px;\">\n<div class=\"fusion-text fusion-text-1\"><h1 class=\"subpage\">Weiterf\u00fchrende Informationen<br clear='none'>\n    <span class=\"h1SubTitle\">F\u00fcr alle, die mehr wissen wollen<\/span><\/h1>\n<p class=\"anwendung indent2\">Zum Thema Elektrosmog und Erdstrahlung recherchieren die meisten zuerst im Internet.\n    Wirklich tiefgr\u00fcndige Informationen finden sie dort aber meist nicht.<\/p>\n<h2>1) Das Internet<\/h2>\n<p class=\"anwendung indent2\">Sie finden im\n    Internet eine Unzahl an Seiten zum Thema Elektrosmog und Erdstrahlung.\n    Leider lassen viele eine sorgf\u00e4ltige Recherche bzw. Quellenangaben f\u00fcr\n    ihre Behauptungen vermissen. Auch sind die meisten\n    von einem wissenschaftlichen Zugang zur Thematik weit entfernt. Resultat\n    sind oft sich widersprechende, unbewiesene oder verwirrende\n    Behauptungen. Im besten Fall n\u00fctzen sie nichts, im schlechtesten Fall\n    richten sie aber Schaden an, weil sie Ihnen falsche Schutzversprechungen\n    machen oder Panik verbreiten.\n<\/p>\n<h2>2) Das gute alte Buch<\/h2>\n<p class=\"anwendung indent2\">Wenn sie verl\u00e4ssliche\n    Informationen suchen, raten wir Ihnen sehr dazu, die Fachliteratur zum\n    Thema zu lesen. Keine Angst, f\u00fcr die meiste davon brauchen Sie kein\n    Physikstudium f\u00fcr das Verst\u00e4ndnis. Es reicht ein wenig Hausverstand.\n    Sie brauchen auch kein Geld f\u00fcr die Literatur auszugeben. Alle unten\n    angef\u00fchrten B\u00fccher sind z.B. in der Wiener Stadtb\u00fccherei vorhanden. In\n    den gr\u00f6\u00dferen deutschen Stadtbibliotheken sollte ein \u00e4hnliches Angebot\n    verf\u00fcgbar sein. Wollen Sie lieber ein Buch kaufen, dann empfiehlt dich\n    der geldsparende Weg \u00fcber gebrauchte B\u00fccher auf Amazon.\n<\/p>\n<h2>3) Wissenschaftliche Ver\u00f6ffentlichungen<\/h2>\n<p class=\"anwendung indent2\">In einigen\n    F\u00e4llen ist es ratsam, wissenschaftliche Ver\u00f6ffentlichungen (im\n    Fachjargon \u201ePapers\u201c genannt)\n    zu lesen. Beispielsweise dann, wenn ein\n    Forschungsergebnis noch sehr neu ist, denn dann hat es in der\n    Regel noch nicht Eingang in ein Buch gefunden. Meist\n    h\u00f6rt man von so einem Ergebnis in der (Qualit\u00e4ts-)Presse.\n    Wenn der Presseartikel nur oberfl\u00e4chlich ausgefallen\n    ist, empfiehlt es sich, direkt den wissenschaftlichen Originalartikel\n    zu lesen. Es sei darauf hingewiesen, dass die\n    wissenschaftliche lingua franca heute englisch ist, und Sie daher\n    fortgeschrittene Sprachkenntnisse besitzen sollten\n    (reines Schulenglisch reicht i.d.R. nicht aus). Neueste\n    Ver\u00f6ffentlichungen von renommierten Verlagen (z.B. IEEE, Springer,\n    Elsevier, etc.) sind leider oft nicht gratis, ein Forschungspapier kann\n    schon mal 49 EUR kosten. Es gibt auf EU-Ebene Bestrebungen, ausnahmslos\n    alle Forschungsergebnisse staatlicher Universit\u00e4ten kostenlos zur Verf\u00fcgung\n    zu stellen (Stichwort: <i>&#8222;Open access&#8220;<\/i>), allerdings dauert das noch.\n    Wir geben auf dieser Seite Tipps, wie Sie an manche der teuren Ver\u00f6ffentlichungen\n    trotzdem schon jetzt kostenlos kommen k\u00f6nnen.\n<\/p>\n<h2>Literaturliste Elektrosmog<\/h2>\n<p class=\"anwendung\" style=\"text-align:center;\">\n    <img src=\"https:\/\/www.elektrosmoghilfe.com\/erdstrahlen\/wp-content\/uploads\/images\/header_literaturliste_elektrosmog.jpg\">\n<\/p>\n<table class=\"anwendung literatur\">\n<tr>\n<td class=\"icon\">\n            <img class=\"icon4\" src=\"https:\/\/www.elektrosmoghilfe.com\/erdstrahlen\/wp-content\/uploads\/images\/schungit_flag_en.jpg\">\n        <\/td>\n<td>\n            <a href=\"http:\/\/www.ncbi.nlm.nih.gov\/pmc\/articles\/PMC1241519\/\">\n                [1] Leif G Salford, Arne E Brun, Jacob L Eberhardt, Lars Malmgren, and Bertil R R Persson:\n                <span class=\"emphDark\">Nerve cell damage in mammalian brain after exposure to microwaves from GSM mobile phones.<\/span>\n            <\/a>\n        <\/td>\n<\/tr>\n<tr>\n<td class=\"icon\">\n            <img class=\"icon4\" src=\"https:\/\/www.elektrosmoghilfe.com\/erdstrahlen\/wp-content\/uploads\/images\/schungit_flag_de.jpg\">\n        <\/td>\n<td>\n            [2] Norbert Leitgeb,\n            <span class=\"emphDark\">Machen elektromagnetische Felder krank?: Strahlen, Wellen, Felder und ihre Auswirkungen auf unsere Gesundheit<\/span>,\n            ISBN: 978-3211834206\n        <\/td>\n<\/tr>\n<tr>\n<td class=\"icon\">\n            <img class=\"icon4\" src=\"https:\/\/www.elektrosmoghilfe.com\/erdstrahlen\/wp-content\/uploads\/images\/schungit_flag_de.jpg\">\n        <\/td>\n<td>\n            [3] J\u00fcrgen Br\u00fcck,\n            <span class=\"emphDark\">Schutz vor Elektrosmog: Tipps f\u00fcr ein gesundes und sicheres Wohnumfeld. Mit Checklisten f\u00fcr Ihre Gefahrenanalyse<\/span>,\n            ISBN: 978-3410174691\n        <\/td>\n<\/tr>\n<tr>\n<td class=\"icon\">\n            <img class=\"icon4\" src=\"https:\/\/www.elektrosmoghilfe.com\/erdstrahlen\/wp-content\/uploads\/images\/schungit_flag_en.jpg\">\n        <\/td>\n<td>\n            [4] Ben Greenebaum (Herausgeber), Frank S. Barnes (Herausgeber),\n            <span class=\"emphDark\">Bioengineering and Biophysical Aspects of Electromagnetic Fields, 3rd Ed., 2006<\/span>,\n            ISBN: 978-0849395390\n        <\/td>\n<\/tr>\n<tr>\n<td class=\"icon\">\n            <img class=\"icon4\" src=\"https:\/\/www.elektrosmoghilfe.com\/erdstrahlen\/wp-content\/uploads\/images\/schungit_flag_de.jpg\">\n        <\/td>\n<td>\n            [5] Grazyna Fosar, Franz Bludorf,\n            <span class=\"emphDark\">Im Netz der Frequenzen: Elektromagnetische Strahlung, Gesundheit und Umwelt. Was man dar\u00fcber wissen mu\u00df<\/span>,\n            ISBN: 978-3895392375\n        <\/td>\n<\/tr>\n<tr>\n<td class=\"icon\">\n            <img class=\"icon4\" src=\"https:\/\/www.elektrosmoghilfe.com\/erdstrahlen\/wp-content\/uploads\/images\/schungit_flag_de.jpg\">\n        <\/td>\n<td>\n            [6] Peter Bachmann, Matthias Lange,\n            <span class=\"emphDark\">Mit Sicherheit gesund bauen: Fakten, Argumente und Strategien f\u00fcr das gesunde Bauen, Modernisieren und Wohnen<\/span>,\n            ISBN: 978-3834825223\n        <\/td>\n<\/tr>\n<tr>\n<td class=\"icon\">\n            <img class=\"icon4\" src=\"https:\/\/www.elektrosmoghilfe.com\/erdstrahlen\/wp-content\/uploads\/images\/schungit_flag_de.jpg\">\n        <\/td>\n<td>\n            [7] Lilo Cross, Bernd Neumann,\n            <span class=\"emphDark\">Die heimlichen Krankmacher: Wie Elektrosmog und Handystrahlen, L\u00e4rm und Umweltgifte unsere Gesundheit bedrohen<\/span>,\n            ISBN: 978-3453601079\n        <\/td>\n<\/tr>\n<tr>\n<td class=\"icon\">\n            <img class=\"icon4\" src=\"https:\/\/www.elektrosmoghilfe.com\/erdstrahlen\/wp-content\/uploads\/images\/schungit_flag_de.jpg\">\n        <\/td>\n<td>\n            [8] Wolfgang Maes,\n            <span class=\"emphDark\">Baubiologie: Unser Patient ist das Haus, 1: Stress durch Strom und Strahlung: Elektrosmog, Mobilfunk, Radioaktivit\u00e4t, Erdstrahlung, Schall<\/span>,\n            ISBN: 978-3923531257\n        <\/td>\n<\/tr>\n<tr>\n<td class=\"icon\">\n            <img class=\"icon4\" src=\"https:\/\/www.elektrosmoghilfe.com\/erdstrahlen\/wp-content\/uploads\/images\/schungit_flag_de.jpg\">\n        <\/td>\n<td>\n            [9] Harald Moritz,\n            <span class=\"emphDark\">Elektrosmog: Ursachen, Gesundheitsrisiken, Schutzma\u00dfnahmen<\/span>,\n            ISBN: 978-3844002119\n        <\/td>\n<\/tr>\n<tr>\n<td class=\"icon\">\n            <img class=\"icon4\" src=\"https:\/\/www.elektrosmoghilfe.com\/erdstrahlen\/wp-content\/uploads\/images\/schungit_flag_de.jpg\">\n        <\/td>\n<td>\n            [10] Ann Louise Gittleman,\n            <span class=\"emphDark\">Warum Ihr Handy nicht Ihr Wecker sein sollte: Effektive M\u00f6glichkeiten, sich vor Elektrosmog zu sch\u00fctzen<\/span>,\n            ISBN: 978-3442219599\n        <\/td>\n<\/tr>\n<tr>\n<td class=\"icon\">\n            <img class=\"icon4\" src=\"https:\/\/www.elektrosmoghilfe.com\/erdstrahlen\/wp-content\/uploads\/images\/schungit_flag_en.jpg\">\n        <\/td>\n<td>\n            [11] Dr. med. Paul J. Rosch (Herausgeber),\n            <span class=\"emphDark\">Bioelectromagnetic and Subtle Energy Medicine, 2nd Ed., 2014<\/span>,\n            ISBN: 978-1482233193\n        <\/td>\n<\/tr>\n<\/table>\n<h2>Literaturliste Erdstrahlung<\/h2>\n<p class=\"anwendung\" style=\"text-align:center;\">\n    <img src=\"https:\/\/www.elektrosmoghilfe.com\/erdstrahlen\/wp-content\/uploads\/images\/header_literaturliste_erdstrahlen.jpg\">\n<\/p>\n<table class=\"anwendung literatur\">\n<tr>\n<td class=\"icon\">\n            <img class=\"icon4\" src=\"https:\/\/www.elektrosmoghilfe.com\/erdstrahlen\/wp-content\/uploads\/images\/schungit_flag_de.jpg\">\n        <\/td>\n<td>\n            [1] H. L. K\u00f6nig und H.-D. Betz,\n            <span class=\"emphDark\">Erdstrahlen? Der W\u00fcnschelruten-Report<\/span>,\n            ISBN: 3-923819-05-6\n        <\/td>\n<\/tr>\n<tr>\n<td class=\"icon\">\n            <img class=\"icon4\" src=\"https:\/\/www.elektrosmoghilfe.com\/erdstrahlen\/wp-content\/uploads\/images\/schungit_flag_de.jpg\">\n        <\/td>\n<td>\n            [2] Karl Dietl,\n            <span class=\"emphDark\">Krank durch Erdstrahlen? Erfahrungen eines Ruteng\u00e4ngers und Baubiologen, 1. Aufl. (2001)<\/span>,\n            ISBN: 978-3442141968\n        <\/td>\n<\/tr>\n<tr>\n<td class=\"icon\">\n            <img class=\"icon4\" src=\"https:\/\/www.elektrosmoghilfe.com\/erdstrahlen\/wp-content\/uploads\/images\/schungit_flag_de.jpg\">\n        <\/td>\n<td>\n            [3] K\u00e4the Bachler,\n            <span class=\"emphDark\">Erfahrungen einer Ruteng\u00e4ngerin, 18 Aufl. (2001)<\/span>,\n            ISBN: 978-3852146966\n        <\/td>\n<\/tr>\n<tr>\n<td class=\"icon\">\n            <img class=\"icon4\" src=\"https:\/\/www.elektrosmoghilfe.com\/erdstrahlen\/wp-content\/uploads\/images\/schungit_flag_de.jpg\">\n        <\/td>\n<td>\n            [4] Kurt Simon,\n            <span class=\"emphDark\">Erdstrahlen und Wasseradern, 1 Aufl. (1997)<\/span>,\n            ISBN: 978-3576107588\n        <\/td>\n<\/tr>\n<tr>\n<td class=\"icon\">\n            <img class=\"icon4\" src=\"https:\/\/www.elektrosmoghilfe.com\/erdstrahlen\/wp-content\/uploads\/images\/schungit_flag_de.jpg\">\n        <\/td>\n<td>\n            [5] Andreas Kopschina,\n            <span class=\"emphDark\">Erdstrahlen: Gefahren erkennen und wirksam bek\u00e4mpfen, 1. Aufl. (2001)<\/span>,\n            ISBN: 978-3548710341\n        <\/td>\n<\/tr>\n<tr>\n<td class=\"icon\">\n            <img class=\"icon4\" src=\"https:\/\/www.elektrosmoghilfe.com\/erdstrahlen\/wp-content\/uploads\/images\/schungit_flag_de.jpg\">\n        <\/td>\n<td>\n            [6] Dieter Aschoff,\n            <span class=\"emphDark\">Radi\u00e4sthesie und Physik. Neue wissenschaftliche Erkenntnisse best\u00e4tigen Radi\u00e4sthesie, Geopathie und elektromagnetischen Bluttest<\/span>,\n            ISBN: 978-3886860319\n        <\/td>\n<\/tr>\n<\/table>\n<h2>Literaturliste Physikalisch-technische Grundlagen<\/h2>\n<p class=\"anwendung\" style=\"text-align:center;\">\n    <img src=\"https:\/\/www.elektrosmoghilfe.com\/erdstrahlen\/wp-content\/uploads\/images\/header_literaturliste_physikalische_grundlagen.jpg\">\n<\/p>\n<table class=\"anwendung literatur\">\n<tr>\n<td class=\"icon\">\n            <img class=\"icon4\" src=\"https:\/\/www.elektrosmoghilfe.com\/erdstrahlen\/wp-content\/uploads\/images\/schungit_flag_de.jpg\">\n        <\/td>\n<td>\n            [1] Ludwig Bergmann, Clemens Schaefer,\n            <span class=\"emphDark\">Lehrbuch der Experimentalphysik, Band 2: Elektromagnetismus, 9. Auflage<\/span>,\n            ISBN: 978-3110188988\n        <\/td>\n<\/tr>\n<tr>\n<td class=\"icon\">\n            <img class=\"icon4\" src=\"https:\/\/www.elektrosmoghilfe.com\/erdstrahlen\/wp-content\/uploads\/images\/schungit_flag_de.jpg\">\n        <\/td>\n<td>\n            [2] Klaus W. Kark,\n            <span class=\"emphDark\">Elektromagnetische Wellen auf Leitungen, im Freiraum und ihre Abstrahlung, 4. Auflage<\/span>,\n            ISBN: 978-3834814951\n        <\/td>\n<\/tr>\n<tr>\n<td class=\"icon\">\n            <img class=\"icon4\" src=\"https:\/\/www.elektrosmoghilfe.com\/erdstrahlen\/wp-content\/uploads\/images\/schungit_flag_de.jpg\">\n        <\/td>\n<td>\n            [3] Frank Gustrau,\n            <span class=\"emphDark\">Hochfrequenztechnik: Grundlagen der mobilen Kommunikationstechnik<\/span>,\n            ISBN: 978-3446425880\n        <\/td>\n<\/tr>\n<tr>\n<td class=\"icon\">\n            <img class=\"icon4\" src=\"https:\/\/www.elektrosmoghilfe.com\/erdstrahlen\/wp-content\/uploads\/images\/schungit_flag_en.jpg\">\n        <\/td>\n<td>\n            [4] Cynthia Furse, Douglas A. Christensen, Carl H. Durney,\n            <span class=\"emphDark\">Basic Introduction to Bioelectromagnetics, 2nd Ed., 2009<\/span>,\n            ISBN: 978-1420055429\n        <\/td>\n<\/tr>\n<tr>\n<td class=\"icon\">\n            <img class=\"icon4\" src=\"https:\/\/www.elektrosmoghilfe.com\/erdstrahlen\/wp-content\/uploads\/images\/schungit_flag_de.jpg\">\n        <\/td>\n<td>\n            [5] Adolf J. Schwab,\n            <span class=\"emphDark\">Wolfgang K\u00fcrner Elektromagnetische Vertr\u00e4glichkeit, 6. Auflage, 2011<\/span>,\n            ISBN: 978-3642166099\n        <\/td>\n<\/tr>\n<\/table>\n<h2>Literaturliste Thema Stress<\/h2>\n<p class=\"anwendung\" style=\"text-align:center;\">\n    <img src=\"https:\/\/www.elektrosmoghilfe.com\/erdstrahlen\/wp-content\/uploads\/images\/header_literaturliste_stress.jpg\">\n<\/p>\n<table class=\"anwendung literatur\">\n<tr>\n<td class=\"icon\">\n            <img class=\"icon4\" src=\"https:\/\/www.elektrosmoghilfe.com\/erdstrahlen\/wp-content\/uploads\/images\/schungit_flag_en.jpg\">\n        <\/td>\n<td>\n            [1] Robert M. Sapolsky,\n            <span class=\"emphDark\">Why Zebras Don\u2018t Get Ulcers<\/span>,\n            ISBN: 978-0716732105, dt. \u00dcbersetzung leider vergriffen\n        <\/td>\n<\/tr>\n<tr>\n<td class=\"icon\">\n            <img class=\"icon4\" src=\"https:\/\/www.elektrosmoghilfe.com\/erdstrahlen\/wp-content\/uploads\/images\/schungit_flag_de.jpg\">\n        <\/td>\n<td>\n            [2] Maritta Mainka-Riedel,\n            <span class=\"emphDark\">Stressmanagement \u2013 Stabil trotz Gegenwind: Wie Sie Ihren Eigenen Weg zu Gesunder Leistungsf\u00e4higkeit finden<\/span>,\n            ISBN: 978-3658009304\n        <\/td>\n<\/tr>\n<tr>\n<td class=\"icon\">\n            <img class=\"icon4\" src=\"https:\/\/www.elektrosmoghilfe.com\/erdstrahlen\/wp-content\/uploads\/images\/schungit_flag_de.jpg\">\n        <\/td>\n<td>\n            [3] Alexander Markowetz,\n            <span class=\"emphDark\">Digitaler Burnout: Warum unsere permanente Smartphone-Nutzung gef\u00e4hrlich ist<\/span>,\n            ISBN: 978-3426276709\n        <\/td>\n<\/tr>\n<tr>\n<td class=\"icon\">\n            <img class=\"icon4\" src=\"https:\/\/www.elektrosmoghilfe.com\/erdstrahlen\/wp-content\/uploads\/images\/schungit_flag_de.jpg\">\n        <\/td>\n<td>\n            [4]\n            <span class=\"emphDark\">Wie der Stress entsteht &#8211; Spiegel Wissen 01\/2012 \u2013 Patient Seele<\/span>,\n            pp. 40\n        <\/td>\n<\/tr>\n<tr>\n<td class=\"icon\">\n            <img class=\"icon4\" src=\"https:\/\/www.elektrosmoghilfe.com\/erdstrahlen\/wp-content\/uploads\/images\/schungit_flag_de.jpg\">\n        <\/td>\n<td>\n            [5]\n            <span class=\"emphDark\">Gehirn &#038; Geist Basiswissen \u2013 Das Gehirn, 2. Aufl. 2013<\/span>\n        <\/td>\n<\/tr>\n<tr>\n<td class=\"icon\">\n            <img class=\"icon4\" src=\"https:\/\/www.elektrosmoghilfe.com\/erdstrahlen\/wp-content\/uploads\/images\/schungit_flag_de.jpg\">\n        <\/td>\n<td>\n            [6]\n            <span class=\"emphDark\">Gehirn &#038; Geist Spezial Stress: Telomere, 12\/2013<\/span>,\n            p.68 \u2013 p.71\n        <\/td>\n<\/tr>\n<tr>\n<td class=\"icon\">\n            <img class=\"icon4\" src=\"https:\/\/www.elektrosmoghilfe.com\/erdstrahlen\/wp-content\/uploads\/images\/schungit_flag_en.jpg\">\n        <\/td>\n<td>\n            <a href=\"http:\/\/www.nobelprize.org\/mediaplayer\/index.php?id=1214\">\n                [7] Thema Telomere:\n                <span class=\"emphDark\">Nobelpreisvorlesung 2009 von Dr. Elizabeth Blackburn (Video, 40 min., auf Englisch)<\/span>\n            <\/a>\n        <\/td>\n<\/tr>\n<tr>\n<td class=\"icon\">\n            <img class=\"icon4\" src=\"https:\/\/www.elektrosmoghilfe.com\/erdstrahlen\/wp-content\/uploads\/images\/schungit_flag_de.jpg\">\n        <\/td>\n<td>\n            [8]\n            <span class=\"emphDark\">Psychologie Heute compact: Ersch\u00f6pft und ausgebrannt? Wie Sie dem Stress des Alltags entkommen, Heft 27, 2011<\/span>\n        <\/td>\n<\/tr>\n<tr>\n<td class=\"icon\">\n            <img class=\"icon4\" src=\"https:\/\/www.elektrosmoghilfe.com\/erdstrahlen\/wp-content\/uploads\/images\/schungit_flag_en.jpg\">\n        <\/td>\n<td>\n            [9] Markad V. Kamath, Carlos A. Morillo, Adrian Upton,\n            <span class=\"emphDark\">Heart Rate Variability (HRV) Signal Analysis \u2013 Clinical Applications<\/span>,\n            ISBN: 978-3658009304\n        <\/td>\n<\/tr>\n<\/table>\n<p class=\"anwendung\">\n    Hinweis: Keiner der Autoren bzw. Verlage steht in einer Verbindung zu dieser Website.<\/p>\n<\/div>\n<div class=\"fusion-clearfix\"><\/div><\/div><\/div>\n<div class=\"fusion-layout-column fusion_builder_column fusion-builder-column-1 fusion_builder_column_1_3 1_3 fusion-one-third fusion-column-last twofifth1\" style=\"width:30.6666%;margin-top:0px;margin-bottom:0px;\" id=\"columnSide\"><div class=\"fusion-column-wrapper fusion-flex-column-wrapper-legacy\" style=\"background-position:left\ntop;background-repeat:no-repeat;-webkit-background-size:cover;-moz-background-size:cover;-o-background-size:cover;background-size:cover;padding: 0px 0px 0px 0px;\">\n\n<span class=\"emphDark fs14\">Literaturlisten als pdf-Datei:<\/span><br clear='none'>\n<a href=\"https:\/\/www.elektrosmoghilfe.com\/erdstrahlen\/wp-content\/uploads\/documents\/hamoni_broschuere_weiterfuehrende_informationen.pdf\">\n    <img class=\"img_pdf\" src=\"https:\/\/www.elektrosmoghilfe.com\/erdstrahlen\/wp-content\/uploads\/images\/hamoni_broschuere_weiterfuehrende_informationen.jpg\"><\/a>\n<br clear='none'>\n<img class=\"sidebar\" src=\"https:\/\/www.elektrosmoghilfe.com\/erdstrahlen\/wp-content\/uploads\/images\/literatur.jpg\"\n     alt=\"Mann liest Buch in Bibliothek\">\n\n<p class=\"imgDescr\">\n    <span class=\"emphDark fs16\">Weiterf\u00fchrende Informationen:<\/span>\n    Wir raten Ihnen dazu, sich mit der Fachliteratur zum Thema Erdstrahlen\n    und Elektrosmog auseinanderzusetzen. Sie k\u00f6nnen das fast umsonst in den\n    meisten gr\u00f6\u00dferen Bibliotheken tun.\n<\/p>\n\n<img class=\"sidebar\" src=\"https:\/\/www.elektrosmoghilfe.com\/erdstrahlen\/wp-content\/uploads\/images\/literatur_02.jpg\"\n     alt=\"Wissenschaftliche Ver\u00f6ffentlichung\">\n\n<p class=\"imgDescr\">\n    <span class=\"emphDark fs16\">Wissenschaftliche Ver\u00f6ffentlichungen:<\/span>\n    Viele frei zug\u00e4ngliche Ver\u00f6ffentlichungen finden Sie durch eine Suche\n    auf <i>\u201eGoogle Scholar\u201c<\/i>. So auch den bekannten Artikel \u00fcber die Sch\u00e4digung von M\u00e4usehirnen durch\n    bereits niedrige Sendeleistungen von Mobiltelefonen (<i>&#8222;Nerve Cell Damage in Mammalian Brain after Exposure to\n    Microwaves from GSM Mobile Phones&#8220;<\/i>, siehe Bild oben und Referenz in der Literaturliste zum Thema Elektrosmog).\n<\/p>\n<p class=\"imgDescr indent2\">\n    Bezahlpflichtige Artikel k\u00f6nnen Sie oft auf Uni-Bibliotheken gratis\n    per Internet abrufen und ausdrucken. Sie ben\u00f6tigen dazu\n    i.d.R. keinen Bibliotheksausweis. Voraussetzung dazu ist allerdings\nmeist, dass eine Uni auch auf dem Fachgebiet forscht, ansonsten lohnt es\nsich f\u00fcr die Bibliothek nicht, die teuren Geb\u00fchren f\u00fcr die Abonnements\nzu zahlen. \n<\/p>\n<p class=\"imgDescr indent2\">\nEine weitere M\u00f6glichkeit ist auch, ein\n    f\u00fcr das Themengebiet relevantes\n    Universit\u00e4tsinstitut zu kontaktieren und einen Mitarbeiter\n    freundlich zu bitten, ob er Ihnen den betreffenden Artikel besorgen\n    kann. Viele Wissenschaftler freuen sich, wenn\n    sich au\u00dferhalb der Fachwelt auch die \u00d6ffentlichkeit f\u00fcr\n    ihr Themengebiet interessiert (schlie\u00dflich wird ihre Forschung ja auch\n    zum guten Teil aus Steuergeldern finanziert)\n    und sind freundlicher und hilfsbereiter, als Sie\n    vielleicht erwarten w\u00fcrden.\n<\/p>\n\n<img class=\"sidebar\" src=\"https:\/\/www.elektrosmoghilfe.com\/erdstrahlen\/wp-content\/uploads\/images\/journal_cover_electromagnetic_biology_and_medicine.jpg\"\n     alt=\"Wissenschaftl. Magazin Electromagnetic Biology and Medicine\">\n\n<p class=\"imgDescr\">\n<span class=\"emphDark fs16\">Electromagnetic Biology and Medicine<\/span>\n(Verlag Taylor &#038; Francis) ist eines der beiden regelm\u00e4\u00dfig erscheinenden\nJournale, die wir aus eigener Erfahrung w\u00e4rmstens empfehlen k\u00f6nnen. \n<\/p>\n<p class=\"imgDescr indent2\">\nBahnbrechende\nwissenschaftliche Studien zum Thema Elektrosmog aber auch Erdstrahlung (im englischen\nspricht man von geomagnetischer Belastung) erscheinen i.d.R. entweder in diesem\nMagazin oder im ebenso hochrangigen Magazin &#8222;Bioelectromagnetics&#8220;.\n<\/p>\n\n<img class=\"sidebar\" src=\"https:\/\/www.elektrosmoghilfe.com\/erdstrahlen\/wp-content\/uploads\/images\/journal_cover_bioelectromagnetics.jpg\"\n     alt=\"Wissenschaftl. Magazin Bioelectromagnetics\">\n<p class=\"imgDescr\">\n<span class=\"emphDark fs16\">Bioelectromagnetics<\/span>\n(Verlag Wiley) ist das zweite hochwertige Journal exklusiv zum Thema, das wir\nregelm\u00e4\u00dfig lesen. Es ist vom Niveau bzw. der wissenschaftlichen Reputation\nher gleich wie &#8222;Electromagnetic Biology and Medicine&#8220; anzusehen. \nDie Magazine\nunterscheiden sich im wesentlichen in der thematischen Auswahl der Publikationen, nicht aber\nin deren Qualit\u00e4t. \n<\/p>\n<p class=\"imgDescr indent2\">\nEin nicht geringer Teil des Kaufpreises des Hamoni\u00ae Harmonisierers flie\u00dft\n\u00fcbrigens in das Abonnement der teuren wissenschaftlichen Magazine und in Fachliteratur.\n<\/p>\n\n<div class=\"fusion-clearfix\"><\/div><\/div><\/div><\/div><\/div>","protected":false},"excerpt":{"rendered":"","protected":false},"author":1,"featured_media":0,"parent":0,"menu_order":0,"comment_status":"closed","ping_status":"closed","template":"","meta":[],"_links":{"self":[{"href":"https:\/\/www.elektrosmoghilfe.com\/erdstrahlen\/wp-json\/wp\/v2\/pages\/884"}],"collection":[{"href":"https:\/\/www.elektrosmoghilfe.com\/erdstrahlen\/wp-json\/wp\/v2\/pages"}],"about":[{"href":"https:\/\/www.elektrosmoghilfe.com\/erdstrahlen\/wp-json\/wp\/v2\/types\/page"}],"author":[{"embeddable":true,"href":"https:\/\/www.elektrosmoghilfe.com\/erdstrahlen\/wp-json\/wp\/v2\/users\/1"}],"replies":[{"embeddable":true,"href":"https:\/\/www.elektrosmoghilfe.com\/erdstrahlen\/wp-json\/wp\/v2\/comments?post=884"}],"version-history":[{"count":1,"href":"https:\/\/www.elektrosmoghilfe.com\/erdstrahlen\/wp-json\/wp\/v2\/pages\/884\/revisions"}],"predecessor-version":[{"id":1329,"href":"https:\/\/www.elektrosmoghilfe.com\/erdstrahlen\/wp-json\/wp\/v2\/pages\/884\/revisions\/1329"}],"wp:attachment":[{"href":"https:\/\/www.elektrosmoghilfe.com\/erdstrahlen\/wp-json\/wp\/v2\/media?parent=884"}],"curies":[{"name":"wp","href":"https:\/\/api.w.org\/{rel}","templated":true}]}}