{"id":882,"date":"2016-09-01T20:49:45","date_gmt":"2016-09-01T20:49:45","guid":{"rendered":"https:\/\/www.elektrosmoghilfe.com\/erdstrahlen\/?page_id=882"},"modified":"2017-09-15T22:58:22","modified_gmt":"2017-09-15T22:58:22","slug":"1356","status":"publish","type":"page","link":"https:\/\/www.elektrosmoghilfe.com\/erdstrahlen\/1356\/","title":{"rendered":"Der Hamoni\u00ae Harmonisierer &#8211; Ein Ger\u00e4t mit Komponenten aus 5 Kontinenten"},"content":{"rendered":"<div class=\"fusion-fullwidth fullwidth-box fusion-builder-row-1 nonhundred-percent-fullwidth non-hundred-percent-height-scrolling\" style=\"background-color: rgba(255,255,255,0);background-position: left top;background-repeat: no-repeat;padding-top:0px;padding-right:0px;padding-bottom:0px;padding-left:0px;margin-bottom: 0px;margin-top: 0px;border-width: 0px 0px 0px 0px;border-color:#eae9e9;border-style:solid;\" ><div class=\"fusion-builder-row fusion-row\">\n<div class=\"fusion-layout-column fusion_builder_column fusion-builder-column-0 fusion_builder_column_2_3 2_3 fusion-two-third fusion-column-first threefifth1\" style=\"width:65.3333%; margin-right: 4%;margin-top:0px;margin-bottom:0px;\" id=\"columnMain\"><div class=\"fusion-column-wrapper fusion-flex-column-wrapper-legacy\" style=\"background-position:left top;background-repeat:no-repeat;-webkit-background-size:cover;-moz-background-size:cover;-o-background-size:cover;background-size:cover;padding: 0px 0px 0px 0px;\">\n<div class=\"fusion-text fusion-text-1\"><h1 class=\"subpage\">Der Hamoni\u00ae Harmonisierer<br clear='none'>\n    <span class=\"h1SubTitle\">Ein Ger\u00e4t mit Komponenten aus 5 Kontinenten<\/span><\/h1>\n<p class=\"anwendung\" style=\"text-align:center;\">\n<span class=\"emphDark\">Immer wieder mal werden wir gefragt:<\/span>\n<span class=\"emphLight\">\u201eIst das nicht einfach ein leeres K\u00e4stchen?\u201c<\/span><br \/>\n<span class=\"emphDark\">oder:<\/span>\n<span class=\"emphLight\">\u201eWirkt das blo\u00df wegen der Blume des Lebens darauf?\u201c<\/span>\n<\/p>\n<p class=\"anwendung\" style=\"text-align:center;\">\n<span class=\"emphDark\">Erfreut sind wir nicht gerade \u00fcber diese Fragen, wir bringen daf\u00fcr aber Verst\u00e4ndnis auf. \nGoogeln Sie selbst, Sie werden von \u201eHarmonisierungsprodukten\u201c lesen, die von Konsumentensch\u00fctzern aufgeschnitten wurden. \nDa liest man von Produkten, die praktisch nur aus Sand bestehen oder lackierten Pre\u00dfspanplatten\u2026<\/span>\n<\/p>\n<p class=\"anwendung indent2\" style=\"margin-bottom:10px\">\nNat\u00fcrlich l\u00f6sen solche Berichte berechtigte Zweifel und \u00c4ngste aus. W\u00e4ren wir in der Lage eines hilfesuchenden Konsumenten, h\u00e4tten wir die ganz genau so. Wir k\u00f6nnen hier zwar schreiben <span class=\"emphDark\">\u201eGlauben Sie uns, wir sind anders!\u201c<\/span> Aber genauso k\u00f6nnte das jeder Scharlatan auch schreiben. Um Vertrauen zu gewinnen, hilft das also nicht viel weiter. Ein besserer Weg sind Erfahrungsberichte und Testergebnisse von Baubiologen und Heilpraktikern. Es k\u00f6nnte auch hilfreich und interessant f\u00fcr Sie sein, woher die Bauteile des Harmonisierers stammen. Wir hoffen, Ihnen mit diesen Informationen zumindest die Angst zu nehmen, ein \u201eleeres K\u00e4stchen\u201c zu kaufen.\n<\/p>\n<p>        <a class=\"fusion-modal-text-link\" data-toggle=\"modal\" data-target=\".fusion-modal.modal01\" href=\"#\">\n        <img src=\"https:\/\/www.elektrosmoghilfe.com\/erdstrahlen\/wp-content\/uploads\/images\/herkunft_bestandteile_harmonisierer.jpg\" alt=\"Weltkarte globale Herkunft der Bestandteile des Hamoni\u00ae Harmonisierers\"><br clear='none'>\n        <\/a>\n        <div class=\"fusion-modal modal fade modal-1 modal01\" tabindex=\"-1\" role=\"dialog\" aria-labelledby=\"modal-heading-1\" aria-hidden=\"true\"><style type=\"text\/css\">.modal-1 .modal-header, .modal-1 .modal-footer{border-color:#ebebeb;}<\/style><div class=\"modal-dialog modal-lg\" role=\"document\"><div class=\"modal-content fusion-modal-content\" style=\"background-color:#ffffff\"><div class=\"modal-header\"><button class=\"close\" type=\"button\" data-dismiss=\"modal\" aria-hidden=\"true\" aria-label=\"Close\">&times;<\/button><h3 class=\"modal-title\" id=\"modal-heading-1\" data-dismiss=\"modal\" aria-hidden=\"true\">Globale Herkunft der Bestandteile des Hamoni\u00ae Harmonisierers<\/h3><\/div><div class=\"modal-body fusion-clearfix\">\n        <img src=\"https:\/\/www.elektrosmoghilfe.com\/erdstrahlen\/wp-content\/uploads\/images\/herkunft_bestandteile_harmonisierer.jpg\" alt=\"Weltkarte globale Herkunft der Bestandteile des Hamoni\u00ae Harmonisierers\"><br clear='none'>\n        <\/div><\/div><\/div><\/div><\/p>\n<p class=\"anwendung indent2\">\nSie k\u00f6nnen sich wahrscheinlich vorstellen, dass es gar nicht so einfach ist, immer alle ben\u00f6tigten Komponenten in der notwendigen Qualit\u00e4t und St\u00fcckzahl auf Lager zu haben. Es ergeben sich dabei vor allem 2 Komplikationen:\n<\/p>\n<p class=\"anwendung indent2\">\n<span class=\"emphDark\">1) Geringe Ausweichm\u00f6glichkeiten:<\/span> Die Bauteile, die wir ben\u00f6tigen, sind sehr spezifisch und meist nur in einem Land, oft auch nur von sehr wenigen Produzenten bzw. H\u00e4ndlern verf\u00fcgbar. Wenn es hier zu Lieferproblemen kommt, dann f\u00e4llt es schwer, ad\u00e4quaten Ersatz zu finden. Wenn Sie ein Autobauer sind und einer Ihrer Zulieferer keinen Fahrzeugstahl mehr liefern kann, dann k\u00f6nnen Sie auf einen der anderen gro\u00dfen Stahlproduzenten ausweichen. Bei den sehr speziellen Komponenten des Harmonisierers kann es jedoch sehr schwierig werden, ad\u00e4quaten Ersatz f\u00fcr einen Bauteil zu finden.\n<\/p>\n<p class=\"anwendung indent2\">\n<span class=\"emphDark\">2) Internationales Risiko:<\/span> Die weltweit breit gestreute Herkunft unserer Bauteile macht die Beschaffung aufwendiger, als wenn sie beispielsweise alle aus der EU k\u00e4men. Das Wechselkursrisiko ist hier noch das geringste Problem. Wenn es einen Rohstoff in nur einem ganz bestimmten Land gibt, kann es schon einmal brenzlig werden. Zu Beginn der Russland-Sanktionen im Jahr 2015 hatten wir beispielsweise das Problem, dass unser Lieferant in der Republik Karelien pl\u00f6tzlich keinen Zugang zum Zahlungsverkehr mehr hatte. \n<\/p>\n<p class=\"anwendung indent2 subs\">\nDer amerikanische Zahlungsdienstleister hatte in vorauseilendem Gehorsam alle Russland-Transaktionen eingestellt. Sp\u00e4ter stellte sich das als Irrtum heraus, unser Gesch\u00e4ft fiel \u00fcberhaupt nicht unter die Sanktionen. Wir bekamen den Rohstoff schlie\u00dflich rechtzeitig geliefert, wurden aber wieder einmal daran erinnert, dass internationale Lieferketten durchaus ihre besonderen Risiken bergen. Dieser Vorfall war uns eine Lehre. Wir haben nun immer so viel Ware auf Vorrat, dass wir auch l\u00e4ngere Lieferausf\u00e4lle problemlos verkraften k\u00f6nnen.<\/p>\n<\/div>\n<div class=\"fusion-clearfix\"><\/div><\/div><\/div>\n<div class=\"fusion-layout-column fusion_builder_column fusion-builder-column-1 fusion_builder_column_1_3 1_3 fusion-one-third fusion-column-last twofifth1\" style=\"width:30.6666%;margin-top:0px;margin-bottom:0px;\" id=\"columnSide\"><div class=\"fusion-column-wrapper fusion-flex-column-wrapper-legacy\" style=\"background-position:left \ntop;background-repeat:no-repeat;-webkit-background-size:cover;-moz-background-size:cover;-o-background-size:cover;background-size:cover;padding: 0px 0px 0px 0px;\">\n<p style=\"text-align:left;line-height:18px;margin-bottom:0px;\">\n<span class=\"emphDark fs16\">\nHerkunftsorte der Ger\u00e4tekomponenten<br clear='none'> \nbzw. Orte der Wertsch\u00f6pfung des<br clear='none'>\nHamoni\u00ae Harmonisierers:\n<\/span>\n<\/p>\n              <table id=\"herkunft\">\n                <tr>\n                  <td><img src=\"https:\/\/www.elektrosmoghilfe.com\/erdstrahlen\/wp-content\/uploads\/images\/herkunft_ca.jpg\"><\/td>\n                  <td class=\"flagDesc\"><span class=\"emphLight fs14\">Toronto, Kanada<\/span><br clear='none'>\n                    <span class=\"emphDark fs14\">Geh\u00e4use aus Kunststoff<\/span> <\/td>\n                <\/tr>\n                <tr>\n                  <td><img src=\"https:\/\/www.elektrosmoghilfe.com\/erdstrahlen\/wp-content\/uploads\/images\/herkunft_us.jpg\"><\/td>\n                  <td class=\"flagDesc\"><span class=\"emphLight fs14\">New York State, USA<\/span><br clear='none'>\n                    <span class=\"emphDark fs14\">Festk\u00f6rper-Komponente<\/span> <\/td>\n                <\/tr>\n                <tr>\n                  <td><img src=\"https:\/\/www.elektrosmoghilfe.com\/erdstrahlen\/wp-content\/uploads\/images\/herkunft_br.jpg\"><\/td>\n                  <td class=\"flagDesc\"><span class=\"emphLight fs14\">Brasilien<\/span><br clear='none'>\n                    <span class=\"emphDark fs14\">Festk\u00f6rper-Komponente<\/span> <\/td>\n                <\/tr>\n                <tr>\n                  <td><img src=\"https:\/\/www.elektrosmoghilfe.com\/erdstrahlen\/wp-content\/uploads\/images\/herkunft_de.jpg\"><\/td>\n                  <td class=\"flagDesc\"><span class=\"emphLight fs14\">Deutschland<\/span><br clear='none'>\n                    <span class=\"emphDark fs14\">Messtechnik<br clear='none'>\n                    Druck Infobrosch\u00fcre<br clear='none'>\n                    Druck Folder<br clear='none'>\n                    Webhosting<\/span> <\/td>\n                <\/tr>\n                <tr>\n                  <td><img src=\"https:\/\/www.elektrosmoghilfe.com\/erdstrahlen\/wp-content\/uploads\/images\/herkunft_at.jpg\"><\/td>\n                  <td class=\"flagDesc\"><span class=\"emphLight fs14\">\u00d6sterreich<\/span><br clear='none'>\n                    <span class=\"emphDark fs14\">Forschung und Entwicklung<br clear='none'>\n                    Fertigung, Kalibrierung<br clear='none'>\n                    Druck Aufkleber<br clear='none'>\n                    Stofft\u00e4schchen<br clear='none'>\n                    Elektronik-Komponente<\/span> <\/td>\n                <\/tr>\n                <tr>\n                  <td><img src=\"https:\/\/www.elektrosmoghilfe.com\/erdstrahlen\/wp-content\/uploads\/images\/herkunft_sw.jpg\"><\/td>\n                  <td class=\"flagDesc\"><span class=\"emphLight fs14\">Nordschweden<\/span><br clear='none'>\n                    <span class=\"emphDark fs14\">Festk\u00f6rper-Komponente<\/span> <\/td>\n                <\/tr>\n                <tr>\n                  <td><img src=\"https:\/\/www.elektrosmoghilfe.com\/erdstrahlen\/wp-content\/uploads\/images\/herkunft_ru.jpg\"><\/td>\n                  <td class=\"flagDesc\"><span class=\"emphLight fs14\">Karelien, Ru\u00dfland<\/span><br clear='none'>\n                    <span class=\"emphDark fs14\">Festk\u00f6rper-Komponente<\/span> <\/td>\n                <\/tr>\n                <tr>\n                  <td><img src=\"https:\/\/www.elektrosmoghilfe.com\/erdstrahlen\/wp-content\/uploads\/images\/herkunft_jp.jpg\"><\/td>\n                  <td class=\"flagDesc\"><span class=\"emphLight fs14\">Osaka, Japan<\/span><br clear='none'>\n                    <span class=\"emphDark fs14\">Elektronik-Komponente<\/span> <\/td>\n                <\/tr>\n                <tr>\n                  <td><img src=\"https:\/\/www.elektrosmoghilfe.com\/erdstrahlen\/wp-content\/uploads\/images\/herkunft_tw.jpg\"><\/td>\n                  <td class=\"flagDesc\"><span class=\"emphLight fs14\">Taipeh, Taiwan<\/span><br clear='none'>\n                    <span class=\"emphDark fs14\">Elektronik-Komponente<\/span> <\/td>\n                <\/tr>\n                <tr>\n                  <td><img src=\"https:\/\/www.elektrosmoghilfe.com\/erdstrahlen\/wp-content\/uploads\/images\/herkunft_cn.jpg\"><\/td>\n                  <td class=\"flagDesc\"><span class=\"emphLight fs14\">Shenzhen, China<\/span><br clear='none'>\n                    <span class=\"emphDark fs14\">Elektronik-Komponente<br clear='none'>\n                    Moosgummi-F\u00fc\u00dfchen<br clear='none'>\n                    Silica-Gel-S\u00e4ckchen<\/span> <\/td>\n                <\/tr>\n                <tr>\n                  <td><img src=\"https:\/\/www.elektrosmoghilfe.com\/erdstrahlen\/wp-content\/uploads\/images\/herkunft_pk.jpg\"><\/td>\n                  <td class=\"flagDesc\"><span class=\"emphLight fs14\">Karachi, Pakistan<\/span><br clear='none'>\n                    <span class=\"emphDark fs14\">Festk\u00f6rper-Komponente<\/span> <\/td>\n                <\/tr>\n                <tr>\n                  <td><img src=\"https:\/\/www.elektrosmoghilfe.com\/erdstrahlen\/wp-content\/uploads\/images\/herkunft_na.jpg\"><\/td>\n                  <td class=\"flagDesc\"><span class=\"emphLight fs14\">Namibia<\/span><br clear='none'>\n                    <span class=\"emphDark fs14\">Festk\u00f6rper-Komponente<\/span> <\/td>\n                <\/tr>\n              <\/table>\n\n<div class=\"fusion-clearfix\"><\/div><\/div><\/div><\/div><\/div>","protected":false},"excerpt":{"rendered":"","protected":false},"author":1,"featured_media":0,"parent":0,"menu_order":0,"comment_status":"closed","ping_status":"closed","template":"","meta":[],"_links":{"self":[{"href":"https:\/\/www.elektrosmoghilfe.com\/erdstrahlen\/wp-json\/wp\/v2\/pages\/882"}],"collection":[{"href":"https:\/\/www.elektrosmoghilfe.com\/erdstrahlen\/wp-json\/wp\/v2\/pages"}],"about":[{"href":"https:\/\/www.elektrosmoghilfe.com\/erdstrahlen\/wp-json\/wp\/v2\/types\/page"}],"author":[{"embeddable":true,"href":"https:\/\/www.elektrosmoghilfe.com\/erdstrahlen\/wp-json\/wp\/v2\/users\/1"}],"replies":[{"embeddable":true,"href":"https:\/\/www.elektrosmoghilfe.com\/erdstrahlen\/wp-json\/wp\/v2\/comments?post=882"}],"version-history":[{"count":1,"href":"https:\/\/www.elektrosmoghilfe.com\/erdstrahlen\/wp-json\/wp\/v2\/pages\/882\/revisions"}],"predecessor-version":[{"id":1330,"href":"https:\/\/www.elektrosmoghilfe.com\/erdstrahlen\/wp-json\/wp\/v2\/pages\/882\/revisions\/1330"}],"wp:attachment":[{"href":"https:\/\/www.elektrosmoghilfe.com\/erdstrahlen\/wp-json\/wp\/v2\/media?parent=882"}],"curies":[{"name":"wp","href":"https:\/\/api.w.org\/{rel}","templated":true}]}}