{"id":874,"date":"2016-09-01T20:43:26","date_gmt":"2016-09-01T20:43:26","guid":{"rendered":"https:\/\/www.elektrosmoghilfe.com\/erdstrahlen\/?page_id=874"},"modified":"2017-09-15T22:58:23","modified_gmt":"2017-09-15T22:58:23","slug":"der-hamoni-harmonisierer-im-baubiologischen-test-wirkung-eindrucksvoll-bestaetigt","status":"publish","type":"page","link":"https:\/\/www.elektrosmoghilfe.com\/erdstrahlen\/der-hamoni-harmonisierer-im-baubiologischen-test-wirkung-eindrucksvoll-bestaetigt\/","title":{"rendered":"Der Hamoni\u00ae Harmonisierer im Baubiologischen Test"},"content":{"rendered":"<div class=\"fusion-fullwidth fullwidth-box fusion-builder-row-1 nonhundred-percent-fullwidth non-hundred-percent-height-scrolling\" style=\"background-color: rgba(255,255,255,0);background-position: left top;background-repeat: no-repeat;padding-top:0px;padding-right:0px;padding-bottom:0px;padding-left:0px;margin-bottom: 0px;margin-top: 0px;border-width: 0px 0px 0px 0px;border-color:#eae9e9;border-style:solid;\" ><div class=\"fusion-builder-row fusion-row\">\n<div class=\"fusion-layout-column fusion_builder_column fusion-builder-column-0 fusion_builder_column_2_3 2_3 fusion-two-third fusion-column-first threefifth1\" style=\"width:65.3333%; margin-right: 4%;margin-top:0px;margin-bottom:0px;\" id=\"columnMain\"><div class=\"fusion-column-wrapper fusion-flex-column-wrapper-legacy\" style=\"background-position:left top;background-repeat:no-repeat;-webkit-background-size:cover;-moz-background-size:cover;-o-background-size:cover;background-size:cover;padding: 0px 0px 0px 0px;\">\n\n<h1 class=\"subpage\">Der Hamoni\u00ae Harmonisierer im Baubiologischen Test<br clear='none'>\n    <span class=\"h1SubTitle\">Wirksamkeit bei Elektrosmog und Erdstrahlen im Herzfrequenz-Variabilit\u00e4ts-Test (HRV-Test) voll best\u00e4tigt*<\/span>\n<\/h1>\n\n<p class=\"anwendung\">\n<span class=\"emphDark\">Eine der am h\u00e4ufigsten gestellten Fragen an uns war lange: &#8222;Funktioniert denn das wirklich?&#8220;\n                Lange konnten wir darauf nur so antworten: &#8222;Nach unz\u00e4hligen positiven Erfahrungsberichten\n                von zufriedenen und dankbaren Kunden k\u00f6nnen wir ruhigen Gewissens sagen: Ja.&#8220;<\/span>\n<\/p>\n\n<p class=\"anwendung indent2\">\n    Doch Erfahrungsberichte sind so eine Sache: Erstens sind sie subjektiv und zweitens kann ihre Authentizit\u00e4t immer\n    angezweifelt werden. Wir bem\u00fchen uns, zumindest letztgenanntem Problem beizukommen, indem wir zu jedem per EMail\n    eingesandtem Erfahrungsbericht das dazugeh\u00f6rige Bildschirmfoto ver\u00f6ffentlichen. Sie k\u00f6nnen sicher verstehen, dass\n    wir uns lange gew\u00fcnscht haben, objektive und belastbare Messungen direkt am Menschen zu erhalten, um so die Wirkung\n    des Harmonisierers zweifelsfrei nachweisen zu k\u00f6nnen.\n<\/p>\n\n<p class=\"anwendung indent2\">\n    Genau dies ist dem Hamburger Baubiologen Udo Grundmann im Jahr\n    2013 gelungen. Dies war der historisch gesehen erste Nachweis, der auf Messungen am K\u00f6rper des Menschen beruhte.\n    Sp\u00e4tere Nachweise, die ebenfalls auf Messungen beruhen, sind die beiden Heilpraktiker-Tests, die Sie ebenfalls auf\n    dieser Webseite finden. Wir sind immer sehr interessiert an weiteren Nachweisen der Ger\u00e4tewirkung und laden hiermit\n    herzlich interessierte \u00c4rzte, Heilpraktiker, Baubiologen, Radi\u00e4stheten etc. ein, unser Ger\u00e4t zu testen.\n<\/p>\n\n<h2 class=\"subpage\" style=\"margin-top: 20px;\">Der Hamoni\u00ae Harmonisierer im<br clear='none'>\n    Herzfrequenz-Variabilit\u00e4ts-Test<\/h2>\n\n<p class=\"anwendung\" style=\"text-align:center\">\n    <img src=\"https:\/\/www.elektrosmoghilfe.com\/erdstrahlen\/wp-content\/uploads\/images\/HRV_Test_02.jpg\">\n<\/p>\n\n<p class=\"anwendung indent2\">\n    Einen Wirknachweis direkt am Menschen zu erbringen, ist nicht einfach. Udo Grundmann, ehem. Vorstand der Vereinigung\n    zur F\u00f6rderung d. Schwingungsmedizin, ist Baubiologe. Er hatte folgende Idee: Elektrosmog und Erdstrahlen setzen den\n    K\u00f6rper unter Dauerstress. Wenn der Harmonisierer wirksam ist, dann m\u00fc\u00dfte sich sein Vorhandensein in einer\n    signifikanten Stressreduktion bei Versuchsteilnehmern bemerkbar machen. Die Stressbelastung des K\u00f6rpers kann man\n    heute schon sehr gut messen, n\u00e4mlich im sog. Herzfrequenz-Variabilit\u00e4ts-Test.\n<\/p>\n\n<h2 class=\"subpage\" style=\"margin-top: 20px;\">Der Test \u2013 Das Wichtigste in K\u00fcrze<\/h2>\n\n<table class=\"wichtig\" style=\"width: 95%;margin-left: 5%;\">\n    <tbody>\n    <tr>\n        <td><img class=\"checkSmall\" src=\"https:\/\/www.elektrosmoghilfe.com\/erdstrahlen\/wp-content\/uploads\/images\/todo.png\"><\/td>\n        <td><span class=\"ul\">2 Test-Szenarien:<\/span> 1. Starke Elektrosmogbelastung,\n            2. Starke Erdstrahlenbelastung (Wasserader)\n        <\/td>\n    <\/tr>\n    <tr>\n        <td><img class=\"checkSmall\" src=\"https:\/\/www.elektrosmoghilfe.com\/erdstrahlen\/wp-content\/uploads\/images\/todo.png\"><\/td>\n        <td><span class=\"ul\">Me\u00dfger\u00e4t:<\/span>\n            Medizinisches Herzratenvariabilit\u00e4ts-Me\u00dfger\u00e4t (HRV)\n        <\/td>\n    <\/tr>\n    <tr>\n        <td><img class=\"checkSmall\" src=\"https:\/\/www.elektrosmoghilfe.com\/erdstrahlen\/wp-content\/uploads\/images\/todo.png\"><\/td>\n        <td><span class=\"ul\">Gemessene K\u00f6rperwerte:<\/span>\n            Stresspotential und Herzrate\n        <\/td>\n    <\/tr>\n    <tr>\n        <td><img class=\"checkSmall\" src=\"https:\/\/www.elektrosmoghilfe.com\/erdstrahlen\/wp-content\/uploads\/images\/todo.png\"><\/td>\n        <td><span class=\"ul\">Testleiter:<\/span>\n            Udo Grundmann, Baubiologe aus Hamburg,\n            ehem. Vorstand d. Vereinigung zur F\u00f6rderung der Schwingungsmedizin e.V.\n        <\/td>\n    <\/tr>\n    <tr>\n        <td><img class=\"checkSmall\" src=\"https:\/\/www.elektrosmoghilfe.com\/erdstrahlen\/wp-content\/uploads\/images\/todo.png\"><\/td>\n        <td><span class=\"ul\">Geteste Personen:<\/span>\n            Mehrere weibliche und m\u00e4nnliche Probanden\n        <\/td>\n    <\/tr>\n    <tr>\n        <td><img class=\"checkSmall\" src=\"https:\/\/www.elektrosmoghilfe.com\/erdstrahlen\/wp-content\/uploads\/images\/todo.png\"><\/td>\n        <td><span class=\"ul\">3 Testreihen:<\/span><br clear='none'>\n            1. Strahlenunbelastete Stelle<br clear='none'>\n            2. Stark strahlenbelastete Stelle <span class=\"ul\">ohne<\/span> Hamoni\u00ae Harmonisierer<br clear='none'>\n            3. Stark strahlenbelastete Stelle <span class=\"ul\">mit<\/span> Hamoni\u00ae Harmonisierer\n        <\/td>\n    <\/tr>\n    <tr>\n        <td><img class=\"checkSmall\" src=\"https:\/\/www.elektrosmoghilfe.com\/erdstrahlen\/wp-content\/uploads\/images\/todo.png\"><\/td>\n        <td><span class=\"ul\">Publikation der Messergebnisse<\/span>\n            in der Zeitschrift \u201eim+PULS\u201c, Ausgabe 37\n        <\/td>\n    <\/tr>\n    <\/tbody>\n<\/table>\n\n<h2 class=\"subpage\" style=\"color:#0989D6;margin-top: 20px;\">Das eindeutige Testergebnis<\/h2>\n\n<p class=\"anwendung\" style=\"text-align:center;width: 80%;margin-left: auto;margin-right: auto;\">\n<span class=\"emphDark fs18\">\u201cTats\u00e4chlich zeigte sich durch Aufstellung des \u201cHamoni\u201d in jedem dieser \nTests bei jedem der Probanden eine deutliche Reduzierung des Stressindex bis zu 30%.\u201d<\/span>\n<\/p>\n\n<p class=\"anwendung\" style=\"text-align:center;width: 80%;margin-left: auto;margin-right: auto;margin-top: 6px;\">\n    <span class=\"emphLight fs18\">Fazit von Baubiologe Udo Grundmann<\/span>\n<\/p>\n\n<p class=\"anwendung\" style=\"text-align:center;margin-top: 20px;\">\n    <img src=\"https:\/\/www.elektrosmoghilfe.com\/erdstrahlen\/wp-content\/uploads\/images\/Stress_Tacho_02.jpg\">\n<\/p>\n\n<h2 class=\"subpage\" style=\"margin-top: 20px;\">Die Publikation zum Test<\/h2>\n\n<p class=\"anwendung indent2\">\n    Wir empfehlen Ihnen sehr, sich die Zeit zum Lesen der Publikation zu nehmen. Sie erfahren darin n\u00e4mlich nicht nur\n    mehr zum oben in Stichworten beschriebenen Test, sondern bekommen vor allem eine sehr gute Erkl\u00e4rung des Konzepts\n    der Harmonisierung. Genau dieses liegt dem Hamoni Harmonisierer zu Grunde (nomen est omen). Ohne Herrn Grundmann\n    schmeicheln zu wollen: Wir haben bisher keine bessere Erkl\u00e4rung des Konzepts gefunden.\n<\/p>\n\n<p class=\"anwendung\" style=\"text-align:center\">\n<span class=\"emphDark fs16\">\n    <span class=\"emphLight\">\u201eHarmonisierung ist messbar\u201c<\/span> \u2013 Artikel publiziert in Ausgabe&nbsp;37 der Zeitschrift im+PULS. Herausgeber: Vereinigung\n    zur F\u00f6rderung der Schwingungsmedizin e.V., 57368 Lennestadt, Deutschland Ver\u00f6ffentlichung auf dieser Webseite mit\n    freundlicher Erlaubnis der Vereinigung.<\/span>\n<\/p>\n\n<p class=\"anwendung\" style=\"text-align:center\">\n    <i>\n        Hinweis: Zum Vergr\u00f6\u00dfern und zur besseren Lesbarkeit bitte die beiden Artikelseiten separat anklicken. Aufgrund\n        des\n        Copyrights k\u00f6nnen wir den Artikel nicht als pdf-Datei zum Download anbieten, daher bieten wir ihn hier in Form\n        zweier Bilder zur Lekt\u00fcre an.\n    <\/i>\n<\/p>\n\n\n<a class=\"fusion-modal-text-link\" data-toggle=\"modal\" data-target=\".fusion-modal.modal01\" href=\"#\">\n<img src=\"https:\/\/www.elektrosmoghilfe.com\/erdstrahlen\/wp-content\/uploads\/images\/Grundmann_I.jpg\"><br clear='none'>\n<\/a>\n<div class=\"fusion-modal modal fade modal-1 modal01\" tabindex=\"-1\" role=\"dialog\" aria-labelledby=\"modal-heading-1\" aria-hidden=\"true\"><style type=\"text\/css\">.modal-1 .modal-header, .modal-1 .modal-footer{border-color:#ebebeb;}<\/style><div class=\"modal-dialog modal-lg\" role=\"document\"><div class=\"modal-content fusion-modal-content\" style=\"background-color:#ffffff\"><div class=\"modal-header\"><button class=\"close\" type=\"button\" data-dismiss=\"modal\" aria-hidden=\"true\" aria-label=\"Close\">&times;<\/button><h3 class=\"modal-title\" id=\"modal-heading-1\" data-dismiss=\"modal\" aria-hidden=\"true\"><\/h3><\/div><div class=\"modal-body fusion-clearfix\">\n<img src=\"https:\/\/www.elektrosmoghilfe.com\/erdstrahlen\/wp-content\/uploads\/images\/Grundmann_I.jpg\"><br clear='none'>\n<\/div><\/div><\/div><\/div>\n\n<a class=\"fusion-modal-text-link\" data-toggle=\"modal\" data-target=\".fusion-modal.modal02\" href=\"#\">\n<img src=\"https:\/\/www.elektrosmoghilfe.com\/erdstrahlen\/wp-content\/uploads\/images\/Grundmann_II.jpg\"><br clear='none'>\n<\/a>\n<div class=\"fusion-modal modal fade modal-2 modal02\" tabindex=\"-1\" role=\"dialog\" aria-labelledby=\"modal-heading-2\" aria-hidden=\"true\"><style type=\"text\/css\">.modal-2 .modal-header, .modal-2 .modal-footer{border-color:#ebebeb;}<\/style><div class=\"modal-dialog modal-lg\" role=\"document\"><div class=\"modal-content fusion-modal-content\" style=\"background-color:#ffffff\"><div class=\"modal-header\"><button class=\"close\" type=\"button\" data-dismiss=\"modal\" aria-hidden=\"true\" aria-label=\"Close\">&times;<\/button><h3 class=\"modal-title\" id=\"modal-heading-2\" data-dismiss=\"modal\" aria-hidden=\"true\"><\/h3><\/div><div class=\"modal-body fusion-clearfix\">\n<img src=\"https:\/\/www.elektrosmoghilfe.com\/erdstrahlen\/wp-content\/uploads\/images\/Grundmann_II.jpg\"><br clear='none'>\n<\/div><\/div><\/div><\/div>\n\n<div class=\"fusion-clearfix\"><\/div><\/div><\/div>\n\n<div class=\"fusion-layout-column fusion_builder_column fusion-builder-column-1 fusion_builder_column_1_3 1_3 fusion-one-third fusion-column-last twofifth1\" style=\"width:30.6666%;margin-top:0px;margin-bottom:0px;\" id=\"columnSide\"><div class=\"fusion-column-wrapper fusion-flex-column-wrapper-legacy\" style=\"background-position:left\ntop;background-repeat:no-repeat;-webkit-background-size:cover;-moz-background-size:cover;-o-background-size:cover;background-size:cover;padding: 0px 0px 0px 0px;\">\n\n<p class=\"emphDark fs16\" style=\"text-align:center;line-height: 19px;margin-bottom: 0px;\">\n\u201cTats\u00e4chlich zeigte sich durch Aufstellung des \u201cHamoni\u201d in jedem dieser \nTests bei jedem der Probanden eine deutliche Reduzierung des Stressindex bis zu 30%.\u201d\n<\/p>\n\n<p class=\"emphLight fs16\" style=\"text-align:center;margin-bottom: 12px;\">\nBaubiologe Udo Grundmann \n<\/p>\n\n<span class=\"emphLight fs14\">Baubiologischer Test als pdf-Datei:<\/span><br clear='none'>\n<a href=\"https:\/\/www.elektrosmoghilfe.com\/erdstrahlen\/wp-content\/uploads\/documents\/hamoni_broschuere_baubiologischer_test_udo_grundmann.pdf\">\n    <img class=\"img_pdf\"\n         src=\"https:\/\/www.elektrosmoghilfe.com\/erdstrahlen\/wp-content\/uploads\/images\/hamoni_broschuere_baubiologischer_test_udo_grundmann.jpg\">\n<\/a>\n\n<img class=\"sidebar\" \nstyle=\"margin-top:24px\"\nsrc=\"https:\/\/www.elektrosmoghilfe.com\/erdstrahlen\/wp-content\/uploads\/images\/hrv_messung_an_patient.jpg\"\n     alt=\"Messung der Herzfrequenz-Variabilit\u00e4t eines Patienten\">\n\n<p class=\"imgDescr\">\n    <span class=\"emphDark fs16\">Unser Herz reagiert auf Stressfaktoren<\/span> wie Elektrosmog und Erdstrahlung sofort.\n    Besser gesagt ist es unser vegetatives Nervensystem, das durch eine Reihe von Reaktionen\n    zeigt, dass unser K\u00f6rper aus dem Gleichgewicht, der sog. <i>Hom\u00f6ostase<\/i>, gebracht wurde. Und genau\n    so ist auch Stress definiert, n\u00e4mlich als eine Abweichung von diesem idealen Zustand. \n<\/p>\n<p class=\"imgDescr indent2\">\nDen Grad der Abweichung, also das Stressniveau, kann man \u00fcber eine ganze Reihe von Signalen\n    des vegetativen Nervensystems messen. Eine M\u00f6glichkeit w\u00e4re, die Menge der ausgesch\u00fctteten Stresshormone\n    wie Adrenalin oder Cortisol zu bestimmen. Doch dies ist aufwendig, m\u00fcsste man doch permanent Blut\n    abnehmen. \n<\/p>\n<p class=\"imgDescr indent2\">\nViel lieber bedient man sich eines elektrischen Signals, denn das l\u00e4sst sich in Echtzeit\n    sehr einfach messen und weiterverarbeiten. Da unser Herz-Kreislaufsystem am allerschnellsten auf\n    Stress reagiert, bietet sich die Messung und Analyse eines <i>EKGs<\/i> ideal zur Stressbestimmung an.\n<\/p>\n\n<img class=\"sidebar\" style=\"margin-top:24px\"\nsrc=\"https:\/\/www.elektrosmoghilfe.com\/erdstrahlen\/wp-content\/uploads\/images\/ekg_auf_papier.jpg\"\n     alt=\"EKG auf Papier\">\n\n<p class=\"imgDescr\">\n    <span class=\"emphDark fs16\">Die Herzfrequenz-Variabilit\u00e4t<\/span> bzw. HRV (engl. f\u00fcr \u201eHeart Rate Variability\u201c)\n    ist heute eine der Standard-Methoden, die in wissenschaftlichen Publikationen zur Stressmessung verwendet wird.\n    Sie ist eine statistische Auswertung eines kontinuierlich per Computer aufgezeichenten EKGs und zeigt damit\n    in Echtzeit die Stressbelastung des Organismus an. \n<\/p>\n<p class=\"imgDescr indent2\">\nSie kennen sicher alle ein herk\u00f6mmliches, auf Papier\n    ausgedrucktes EKG. Auf diesem kann ein Arzt zwar schwerere Herzfehler direkt erkennen, er kann aber nicht die Stressbelastung\n    des Patienten ablesen. Dazu ben\u00f6tigt er einen Computer, der kontinuierlich die zeitlichen Abst\u00e4nde zwischen den\n    im EKG oben gut sichtbaren Zacken auswertet. Dieser Abstand ist n\u00e4mlich nicht konstant, sondern schwankt geringf\u00fcgig\n    und ist daher auch mit freiem Auge nicht erkennbar. \n<\/p>\n<p class=\"imgDescr indent2\">\nDiese Schwankung ist ein Gradmesser f\u00fcr unsere Stressbelastung\n    und genau sie ist die sog. Herzfrequenz-Variabilit\u00e4t, die im Test von Baubiologen Udo Grundmann gemessen wurde.\nEs gilt: Je h\u00f6her die die Herzfrequenzvariabilit\u00e4t, desto niedriger die Stressbelastung.\n<\/p>\n\n\n<p class=\"emphDark fs18\" style=\"line-height: 20px;text-align: center;\">\n    Im Test von Herrn Grundmann zeigte sich, dass das Aufstellen des Harmonisierers die Herzfrequenzvariabilit\u00e4t aller\n    Probanden deutlich gesteigert hat. Oder anders herum: Das Stressniveau im K\u00f6rper ist durch Aufstellen des\n    Harmonisierers deutlich gesunken.*\n<\/p>\n\n<img class=\"sidebar\" src=\"https:\/\/www.elektrosmoghilfe.com\/erdstrahlen\/wp-content\/uploads\/images\/ekg_geraet_mobil.jpg\"\n     alt=\"Kind mit mobilem EKG-Ger\u00e4t\">\n\n<p class=\"imgDescr\">\n<span class=\"emphDark fs16\">Chronomedizin:<\/span>\n    Die mobile und rund um die Uhr durchgef\u00fchrte HRV-Messung\n    ist besonders interessant f\u00fcr uns. Sie ist u.a. ein wichtiges\n    Analysemittel der noch relativ neuen Disziplin der sog.\n    <i>Chronomedizin.<\/i> \n<\/p>\n<p class=\"imgDescr indent2\">\nDem Patienten wird ein kompaktes, am K\u00f6rper\n    tragbares HRV-Messger\u00e4t (siehe Bild) mehrere Tage lang zur\n    Verf\u00fcgung gestellt. Nach Ende der Tragedauer wertet der\n    Chronomediziner dann den zeitlichen Stressverlauf aus.\n    Er sieht, zu welchen Tageszeiten der Patient unter besonders\n    viel Stress steht und versucht, Muster in der Stressbelastung (z.B. im Schlaf) zu\n    erkennen. \n<\/p>\n<p class=\"imgDescr indent2\">\nMit diesem Wissen ausgestattet kann man dann versuchen, die pers\u00f6nliche \n    Stressbelastung, z.B. durch \u00c4nderung des Lebensstils, zu minimieren.\n    Der Vorteil zum Besuch beispielsweise eines Schlaflabors liegt darin,\n    dass nicht in einer k\u00fcnstlichen Laborumgebung gemessen wird, sondern\n    wirklich im Alltag des Menschen. Dadurch erreicht man viel mehr\n    Aussagekraft. \n<\/p>\n<p class=\"imgDescr indent2\">\nDas Verfahren ist heute schon recht weit verbreitet\n    und wird u.a. zur Stressmessung von Managern, Politikern oder\n    Aktienh\u00e4ndlern angewandt. Die Methode ist durchaus leistbar\n    und wird auch immer mehr von Normalb\u00fcrgern in Anspruch genommen.\n<\/p>\n\n<div class=\"fusion-clearfix\"><\/div><\/div><\/div><\/div><\/div>","protected":false},"excerpt":{"rendered":"","protected":false},"author":1,"featured_media":0,"parent":0,"menu_order":0,"comment_status":"closed","ping_status":"closed","template":"","meta":[],"_links":{"self":[{"href":"https:\/\/www.elektrosmoghilfe.com\/erdstrahlen\/wp-json\/wp\/v2\/pages\/874"}],"collection":[{"href":"https:\/\/www.elektrosmoghilfe.com\/erdstrahlen\/wp-json\/wp\/v2\/pages"}],"about":[{"href":"https:\/\/www.elektrosmoghilfe.com\/erdstrahlen\/wp-json\/wp\/v2\/types\/page"}],"author":[{"embeddable":true,"href":"https:\/\/www.elektrosmoghilfe.com\/erdstrahlen\/wp-json\/wp\/v2\/users\/1"}],"replies":[{"embeddable":true,"href":"https:\/\/www.elektrosmoghilfe.com\/erdstrahlen\/wp-json\/wp\/v2\/comments?post=874"}],"version-history":[{"count":1,"href":"https:\/\/www.elektrosmoghilfe.com\/erdstrahlen\/wp-json\/wp\/v2\/pages\/874\/revisions"}],"predecessor-version":[{"id":1334,"href":"https:\/\/www.elektrosmoghilfe.com\/erdstrahlen\/wp-json\/wp\/v2\/pages\/874\/revisions\/1334"}],"wp:attachment":[{"href":"https:\/\/www.elektrosmoghilfe.com\/erdstrahlen\/wp-json\/wp\/v2\/media?parent=874"}],"curies":[{"name":"wp","href":"https:\/\/api.w.org\/{rel}","templated":true}]}}