{"id":872,"date":"2016-09-01T20:41:07","date_gmt":"2016-09-01T20:41:07","guid":{"rendered":"https:\/\/www.elektrosmoghilfe.com\/erdstrahlen\/?page_id=872"},"modified":"2017-09-15T22:58:23","modified_gmt":"2017-09-15T22:58:23","slug":"der-hamoni-harmonisierer-im-zweiten-heilpraktiker-test","status":"publish","type":"page","link":"https:\/\/www.elektrosmoghilfe.com\/erdstrahlen\/der-hamoni-harmonisierer-im-zweiten-heilpraktiker-test\/","title":{"rendered":"Der Hamoni\u00ae Harmonisierer im 2. Heilpraktiker-Test"},"content":{"rendered":"<div class=\"fusion-fullwidth fullwidth-box fusion-builder-row-1 nonhundred-percent-fullwidth non-hundred-percent-height-scrolling\" style=\"background-color: rgba(255,255,255,0);background-position: left top;background-repeat: no-repeat;padding-top:0px;padding-right:0px;padding-bottom:0px;padding-left:0px;margin-bottom: 0px;margin-top: 0px;border-width: 0px 0px 0px 0px;border-color:#eae9e9;border-style:solid;\" ><div class=\"fusion-builder-row fusion-row\">\n<div class=\"fusion-layout-column fusion_builder_column fusion-builder-column-0 fusion_builder_column_2_3 2_3 fusion-two-third fusion-column-first threefifth1\" style=\"width:65.3333%; margin-right: 4%;margin-top:0px;margin-bottom:0px;\" id=\"columnMain\"><div class=\"fusion-column-wrapper fusion-flex-column-wrapper-legacy\" style=\"background-position:left top;background-repeat:no-repeat;-webkit-background-size:cover;-moz-background-size:cover;-o-background-size:cover;background-size:cover;padding: 0px 0px 0px 0px;\">\n\n<h1 class=\"subpage\">2. Heilpraktiker-Test des Hamoni\u00ae Harmonisierers<br clear='none'>\n    <span class=\"h1SubTitle\">Von Heilpraktiker Stefan Mattausch aus 90419 N\u00fcrnberg<\/span><\/h1>\n\n<p class=\"anwendung fs16\">\n<span class=\"emphDark\">Der Heilpraktiker Stefan Mattausch ist seit Mai 2015 in Kontakt mit uns. Damals testete er den Hamoni\u00ae Harmonisierer erstmals mit Hilfe der Nicht-Linearen Systemdiagnose (NLS), wobei er die Ger\u00e4te-Version Deltascan Platinum einsetzte.<\/span><br clear='none'>\n<span class=\"emphLight ul\">Die Ergebnisse waren f\u00fcr ihn so \u00fcberzeugend, dass er begann, das Ger\u00e4t seinen Patienten und bekannten Heilpraktiker-Kollegen zu empfehlen.<\/span> \n<\/p>\n\n<p class=\"anwendung\">\nEr tat und tut das vollkommen unentgeltlich, genauso wie er auch den urspr\u00fcnglichen Test ohne Bezahlung durchgef\u00fchrt hat. Wir wollen hier seine Messungen und einige seiner Erfahrungen mit dem Harmonisierer mit Ihnen teilen. Nachdem ein erster Kurztest des Ger\u00e4ts sehr positiv verlaufen war, erhielten wir am 12.5.2015 diese Email von Herrn Mattausch:    \n<\/p>\n\n<p class=\"anwendung report\" style=\"margin-top: 16px;\">\n&#8222;Hallo Herr Fennesz,<br \/>\nda es mir mit dem neuen \u201eMitbewohner\u201c sehr gut geht, habe ich eben \u00fcber Ihren Shop noch drei weitere Hamonis gekauft (2 f\u00fcr mich privat und noch einen f\u00fcr Tests in der Praxis). In den n\u00e4chsten Tagen werde ich Ihre Firma bei den Empfehlungen in meiner Homepage aufnehmen \ud83d\ude42<br \/>\nViele Gr\u00fc\u00dfe aus N\u00fcrnberg!<br \/>\nStefan Mattausch&#8220;\n<\/p>\n\n<p class=\"anwendung indent2\">\nHerr Mattausch hatte am 9.5.2015 den Harmonisierer einem 49j\u00e4hrigen, m\u00e4nnlichen Patienten mit nach Hause gegeben. Dieser stellte das Ger\u00e4t ca. 4m von seinem Schlafplatz auf. Am selben Tag wurde eine Referenzmessung in der Praxis durchgef\u00fchrt, die den Ist-Zustand des Patienten vor Anwendung des Harmonisierers festhielt. Am 16.5.2015, also nach einer Woche Anwendung des Ger\u00e4ts, wurde dann eine erneute Messung durchgef\u00fchrt. Aus dem Vergleich mit der Referenzmessung konnte man so schlie\u00dfen, welche Ver\u00e4nderungen im K\u00f6rper des Patienten durch Anwendung des Harmonisierers stattgefunden haben.    \n<\/p>\n\n<p class=\"anwendung fs16\">\n<span class=\"emphDark\">Die Ergebnisse des Tests (Siehe Bilder f\u00fcr Details zu einzelnen Organen):<\/span> \n<\/p>\n\n<div style=\"margin-left:30px\">\n<p class=\"anwendung fs16\">\n<span class=\"emphLight\">Es ergaben sich deutliche Verbesserungen in den Blutzellen und wichtigen Organen.<\/span> \n<\/p>\n<p class=\"anwendung\">\n<span class=\"emphLight fs16\">Sehr interessant ist die Verbesserung von 49%* im Bereich der Hypophyse.<\/span>\nWie Sie auf unseren Erkl\u00e4rungsseiten zum Thema Elektrosmog noch lernen werden, ist die Hypophyse einer der wichtigsten bis jetzt bekannten Orte im Gehirn, die von Elektrosmog gest\u00f6rt werden. Andere Orte sind die Zirbeldr\u00fcse (siehe dazu auch das Feedback von Neuropsychiater Dr. med. H.R.) und die aufgeweichte Blut-Hirn-Schranke.\n<\/p>\n<p class=\"anwendung\">\n<span class=\"emphLight fs16\">Interessant ist auch die energetische Verbesserung in der Nebenniere von 20%*.<\/span>\nDenn die Nebenniere, so wie die Hypophyse eine Hormondr\u00fcse, spielt eine zentrale Rolle im Stressystem unseres K\u00f6rpers. Genau dort werden die Stresshormone wie z.B. Cortisol oder Adrenalin gebildet.\n<\/p>\n<\/div>\n\n<p class=\"anwendung fs16\">\n<span class=\"emphDark\">Weitere Erfahrungen von Heilpraktiker Stefan Mattausch mit dem Hamoni\u00ae Harmonisierer:<\/span> \n<\/p>\n\n<p class=\"anwendung\">\nSeit den ersten Messungen von Heilpraktiker Stefan Mattausch berichtet er uns regelm\u00e4\u00dfig von seinen Erfahrungen mit dem Ger\u00e4t, wor\u00fcber wir uns immer sehr freuen.\n<\/p>\n\n<p class=\"anwendung\">\nAm 17.8.2015 erhielten wir beispielsweise folgende Email von ihm:\n<\/p>\n\n<p class=\"anwendung report\" style=\"color:#0989D6;text-decoration:underline\">\nBetr.: Hamoni\u00ae Harmonisierer &#8211; Erfolgsgeschichte in Mittelfranken\n<\/p>\n\n<p class=\"anwendung report\">\n&#8222;Hallo Herr Fennesz,<br \/>\n                  Ihr Harmonisierer schreibt eine weitere Erfolgsgeschichte!<br \/>\n                  Alle PatientInnen, denen ich bislang den Hamoni zum Testen mitgab, haben ihn behalten! Andere haben diesen, auf meine Empfehlung hin, gleich selbst gekauft.<br \/>\n                  Heute werde ich wieder zwei Ger\u00e4te bestellen. Einer davon wird Mitte September in einer N\u00fcrnberger Naturheilpraxis von einem weiteren Heilpraktiker getestet&#8230;<br \/>\n                  Viele Gr\u00fc\u00dfe aus N\u00fcrnberg!<br \/>\n                  Stefan Mattausch (HP)&#8220;\n<\/p>\n\n<p class=\"anwendung\">\nUnd am 1.9.2015 erreichte uns diese Email von ihm:\n<\/p>\n\n<p class=\"anwendung report\" style=\"color:#0989D6;text-decoration:underline\">\nBetr.: Hamoni\u00ae Harmonisierer &#8211; Lustiges Feedback einer Patientin\n<\/p>\n\n<p class=\"anwendung report\">\n&#8222;Hallo Herr Fennesz,<br \/>\n                  habe heute mit einer 77-j\u00e4hrigen Patientin telefoniert, die den HAMONI ca. 3 Wochen im Einsatz hat. Sie ist seit ihrer Kindheit monds\u00fcchtig und kann bis heute um die Vollmondzeit schlecht schlafen (geht ja vielen so&#8230;) Bei der gerade zu Ende gegangenen Vollmondphase, die aufgrund des Hochdruckgebietes sehr intensiv war, hat sie zum ersten Mal sehr gut geschlafen, und das trotz eines Schlafzimmers in \u00f6stlicher Richtung \ud83d\ude42 <br \/>\n                  Viele Gr\u00fc\u00dfe an das ganze Team und bis bald!<br \/>\n                  Stefan Mattausch&#8220;\n<\/p>\n\n<p class=\"anwendung\">\nAm 2.9.2015 schrieb er uns Herr Mattausch noch:\n<\/p>\n\n<p class=\"anwendung report\" style=\"color:#0989D6;text-decoration:underline\">\nBetr.: Re: Hamoni\u00ae Harmonisierer \u2013 Lustiges Feedback einer Patientin\n<\/p>\n\n<p class=\"anwendung report\">\n&#8222;Hallo Herr Fennesz,<br \/>\n                  meine R\u00fcckmeldungen k\u00f6nnen Sie gerne ver\u00f6ffentlichen und ich freue mich selbst jedes Mal, wenn ich meinen Patienten neben den Behandlungen auch mit Ihrem Harmonisierer noch zus\u00e4tzlich was Gutes tun kann &#8211; auch wenn diese dann nicht mehr so oft in meine Praxis kommen (m\u00fcssen)&#8230;<br \/>\n                  Viele Gr\u00fc\u00dfe!<br \/>\n                  Stefan Mattausch&#8220;\n<\/p>\n<div style=\"clear:both\"><\/div>\n<div style=\"width: 100px;float:left;margin-left:12px;margin-right: 12px;font-size: 12px;font-style: italic;\">\n    <img src=\"https:\/\/www.elektrosmoghilfe.com\/erdstrahlen\/wp-content\/uploads\/images\/schlafwandlerin.jpg\" style=\"width: 100px; margin-top:6px; float:left;\">\n<\/div>\n<p class=\"anwendung\" style=\"padding-top:18px\">\n<span class=\"emphDark\">Die Mondsucht ist auch bekannt als Schlafwandeln.<\/span>\n<\/p>\n\n<p class=\"anwendung\" style=\"padding-top:6px;margin-top:0px;\">\nDer medizinische Fachbegriff f\u00fcr diese Schlafst\u00f6rung ist <i>Somnambulismus.<\/i> Jeder Mensch wacht nachts kurz auf und bewegt sich (z.B. Umdrehen). Normalerweise schl\u00e4ft man danach aber weiter. Der Schlafwandler jedoch f\u00fchrt eine gesteigerte motorische Aktivit\u00e4t aus. Er dreht sich nicht nur um, sondern steht auf, wandert umher und kann auch verschiedene T\u00e4tigkeiten aus\u00fcben. W\u00e4hrend nur ca. 2 Prozent der Erwachsenen schlafwandeln, tun das hingegen fast 1\/3 aller Kinder. Bei Kindern gilt das noch nicht voll entwickelte zentrale Nervensystem als Ursache. Bei Erwachsenen hingegen tappt man bei der Ursachenfindung noch weitgehend im Dunkeln. Sollten Sie einem Schlafwandler begegnen, so wecken Sie ihn nicht auf, sondern leiten ihn behutsam in sein Bett zur\u00fcck.\n<\/p>\n<div style=\"clear:both\"><\/div>\n<p class=\"anwendung\" style=\"text-align:center;\">\n<span class=\"emphLight\">Zusatzinformationen zu den pr\u00e4sentierten Messungen<\/span>\n<\/p>\n<p class=\"anwendung\">\nAlle hier vorgestellten Messungen wurden an einem 49j\u00e4hrigen, m\u00e4nnlichen Patienten am 9.5.2015 (Referenzmessung vor Beginn der Anwendung) und am 16.5.2015 nach 7 Tagen Anwendung des Hamoni\u00ae Harmonisierers ausgef\u00fchrt. Die pr\u00e4sentierten energetischen Verbesserungen in den Organen stammem genau aus diesen Messungen durch Vergleich des Messwerts nach 7 Tagen Anwendung mit dem Referenzwert. Das Ger\u00e4t war in ca. 4m vom Schlafplatz des Patienten aufgestellt. Die Messungen wurden mit dem NLS-Diagnoseger\u00e4t <i>Deltascan Platinum<\/i> durchgef\u00fchrt. \n<\/p>\n<p class=\"anwendung fs16\" style=\"text-align:center;\">\n<span class=\"emphDark\">Die Original-emails von Heilpraktiker Stefan Mattausch<\/span> \n<\/p>\n<div style=\"clear:both\"><\/div>\n<a class=\"fusion-modal-text-link\" data-toggle=\"modal\" data-target=\".fusion-modal.modal08\" href=\"#\">\n<p class=\"anwendung emphDark fs16\" style=\"text-align:center;width:50%;float:left\">\n<img src=\"https:\/\/www.elektrosmoghilfe.com\/erdstrahlen\/wp-content\/uploads\/images\/feedback_stefan_mattausch_01.jpg\" style=\"\">\n<\/p>\n<\/a>\n<div class=\"fusion-modal modal fade modal-1 modal08\" tabindex=\"-1\" role=\"dialog\" aria-labelledby=\"modal-heading-1\" aria-hidden=\"true\"><style type=\"text\/css\">.modal-1 .modal-header, .modal-1 .modal-footer{border-color:#ebebeb;}<\/style><div class=\"modal-dialog modal-lg\" role=\"document\"><div class=\"modal-content fusion-modal-content\" style=\"background-color:#ffffff\"><div class=\"modal-header\"><button class=\"close\" type=\"button\" data-dismiss=\"modal\" aria-hidden=\"true\" aria-label=\"Close\">&times;<\/button><h3 class=\"modal-title\" id=\"modal-heading-1\" data-dismiss=\"modal\" aria-hidden=\"true\">1. Original-email von Heilpraktiker Stefan Mattausch<\/h3><\/div><div class=\"modal-body fusion-clearfix\">\n<img src=\"https:\/\/www.elektrosmoghilfe.com\/erdstrahlen\/wp-content\/uploads\/images\/feedback_stefan_mattausch_01.jpg\">\n<\/div><\/div><\/div><\/div>\n\n<a class=\"fusion-modal-text-link\" data-toggle=\"modal\" data-target=\".fusion-modal.modal09\" href=\"#\">\n<p class=\"anwendung emphDark fs16\" style=\"text-align:center;width:50%;float:left\">\n<img src=\"https:\/\/www.elektrosmoghilfe.com\/erdstrahlen\/wp-content\/uploads\/images\/feedback_stefan_mattausch_02.jpg\" style=\"\">\n<\/p>\n<\/a>\n<div class=\"fusion-modal modal fade modal-2 modal09\" tabindex=\"-1\" role=\"dialog\" aria-labelledby=\"modal-heading-2\" aria-hidden=\"true\"><style type=\"text\/css\">.modal-2 .modal-header, .modal-2 .modal-footer{border-color:#ebebeb;}<\/style><div class=\"modal-dialog modal-lg\" role=\"document\"><div class=\"modal-content fusion-modal-content\" style=\"background-color:#ffffff\"><div class=\"modal-header\"><button class=\"close\" type=\"button\" data-dismiss=\"modal\" aria-hidden=\"true\" aria-label=\"Close\">&times;<\/button><h3 class=\"modal-title\" id=\"modal-heading-2\" data-dismiss=\"modal\" aria-hidden=\"true\">2. Original-email von Heilpraktiker Stefan Mattausch<\/h3><\/div><div class=\"modal-body fusion-clearfix\">\n<img src=\"https:\/\/www.elektrosmoghilfe.com\/erdstrahlen\/wp-content\/uploads\/images\/feedback_stefan_mattausch_02.jpg\">\n<\/div><\/div><\/div><\/div>\n<div style=\"clear:both\"><\/div>\n\n<a class=\"fusion-modal-text-link\" data-toggle=\"modal\" data-target=\".fusion-modal.modal10\" href=\"#\">\n<p class=\"anwendung emphDark fs16\" style=\"text-align:center;width:50%;float:left\">\n<img src=\"https:\/\/www.elektrosmoghilfe.com\/erdstrahlen\/wp-content\/uploads\/images\/feedback_stefan_mattausch_03.jpg\" style=\"\">\n<\/p>\n<\/a>\n<div class=\"fusion-modal modal fade modal-3 modal10\" tabindex=\"-1\" role=\"dialog\" aria-labelledby=\"modal-heading-3\" aria-hidden=\"true\"><style type=\"text\/css\">.modal-3 .modal-header, .modal-3 .modal-footer{border-color:#ebebeb;}<\/style><div class=\"modal-dialog modal-lg\" role=\"document\"><div class=\"modal-content fusion-modal-content\" style=\"background-color:#ffffff\"><div class=\"modal-header\"><button class=\"close\" type=\"button\" data-dismiss=\"modal\" aria-hidden=\"true\" aria-label=\"Close\">&times;<\/button><h3 class=\"modal-title\" id=\"modal-heading-3\" data-dismiss=\"modal\" aria-hidden=\"true\">3. Original-email von Heilpraktiker Stefan Mattausch<\/h3><\/div><div class=\"modal-body fusion-clearfix\">\n<img src=\"https:\/\/www.elektrosmoghilfe.com\/erdstrahlen\/wp-content\/uploads\/images\/feedback_stefan_mattausch_03.jpg\">\n<\/div><\/div><\/div><\/div>\n\n<a class=\"fusion-modal-text-link\" data-toggle=\"modal\" data-target=\".fusion-modal.modal11\" href=\"#\">\n<p class=\"anwendung emphDark fs16\" style=\"text-align:center;width:50%;float:left\">\n<img src=\"https:\/\/www.elektrosmoghilfe.com\/erdstrahlen\/wp-content\/uploads\/images\/feedback_stefan_mattausch_04.jpg\" style=\"\">\n<\/p>\n<\/a>\n<div class=\"fusion-modal modal fade modal-4 modal11\" tabindex=\"-1\" role=\"dialog\" aria-labelledby=\"modal-heading-4\" aria-hidden=\"true\"><style type=\"text\/css\">.modal-4 .modal-header, .modal-4 .modal-footer{border-color:#ebebeb;}<\/style><div class=\"modal-dialog modal-lg\" role=\"document\"><div class=\"modal-content fusion-modal-content\" style=\"background-color:#ffffff\"><div class=\"modal-header\"><button class=\"close\" type=\"button\" data-dismiss=\"modal\" aria-hidden=\"true\" aria-label=\"Close\">&times;<\/button><h3 class=\"modal-title\" id=\"modal-heading-4\" data-dismiss=\"modal\" aria-hidden=\"true\">4. Original-email von Heilpraktiker Stefan Mattausch<\/h3><\/div><div class=\"modal-body fusion-clearfix\">\n<img src=\"https:\/\/www.elektrosmoghilfe.com\/erdstrahlen\/wp-content\/uploads\/images\/feedback_stefan_mattausch_04.jpg\">\n<\/div><\/div><\/div><\/div>\n\n<div class=\"fusion-clearfix\"><\/div><\/div><\/div>\n<div class=\"fusion-layout-column fusion_builder_column fusion-builder-column-1 fusion_builder_column_1_3 1_3 fusion-one-third fusion-column-last twofifth1\" style=\"width:30.6666%;margin-top:0px;margin-bottom:0px;\" id=\"columnSide\"><div class=\"fusion-column-wrapper fusion-flex-column-wrapper-legacy\" style=\"background-position:left\ntop;background-repeat:no-repeat;-webkit-background-size:cover;-moz-background-size:cover;-o-background-size:cover;background-size:cover;padding: 0px 0px 0px 0px;\">\n\n<p class=\"emphDark fs16\" style=\"line-height: 19px;margin-bottom: 6px;\">\n\u201eHallo Herr Fennesz, Ihr Harmonisierer schreibt eine weitere Erfolgsgeschichte! Alle PatientInnen, denen ich bislang den Hamoni zum Testen mitgab, haben ihn behalten! Andere haben diesen, auf meine Empfehlung hin, gleich selbst gekauft. Heute werde ich wieder zwei Ger\u00e4te bestellen&#8230;\u201c&nbsp;*\n<\/p>\n\n<p class=\"emphLight fs16\" style=\"text-align:right;margin-bottom: 6px;\">\n    Heilpraktiker Stefan Mattausch\n<\/p>\n<span class=\"emphLight fs14\">Dieser Heilpraktiker-Test als pdf-Datei:<\/span><br clear='none'>\n<a href=\"https:\/\/www.elektrosmoghilfe.com\/erdstrahlen\/wp-content\/uploads\/documents\/hamoni_broschuere_heilpraktiker_test_stefan_mattausch.pdf\">\n    <img class=\"img_pdf\"\n         src=\"https:\/\/www.elektrosmoghilfe.com\/erdstrahlen\/wp-content\/uploads\/images\/hamoni_broschuere_heilpraktiker_test_stefan_mattausch.jpg\">\n<\/a>\n\n<p class=\"imgDescr\" style=\"margin-top:20px;\">\n<span class=\"emphDark\">Dokumentation der Messergebnisse in Bildern:<\/span>\nAlle Bilder stammen aus dem Analyseger\u00e4t <i>Deltascan Platinum<\/i>\nund wurden uns von Herrn Mattausch zur Verf\u00fcgung gestellt. Alle Messungen wurden an einem 49j\u00e4hrigen, m\u00e4nnlichen Patienten durchgef\u00fchrt.\nDie energetischen Verbesserungen in Prozent stammen aus diesen Bildern (Vergr\u00f6\u00dfern durch Anklicken). \nDer Wert ist jeweils in der letzten Zeile im Bild abzulesen.*\n<\/p>\n\n<p class=\"emphDark fs16\" style=\"line-height: 19px;margin-bottom: 6px;margin-top: 30px;\">\n    Messung Hypophyse<br clear='none'>\n<span class=\"emphLight\">\nEnergetische Verbesserung mit<br clear='none'>\nHamoni\u00ae Harmonisierer: +49%&nbsp;*\n<\/span>\n<\/p>\n<a class=\"fusion-modal-text-link\" data-toggle=\"modal\" data-target=\".fusion-modal.modal02\" href=\"#\">\n<img src=\"https:\/\/www.elektrosmoghilfe.com\/erdstrahlen\/wp-content\/uploads\/images\/Messungen_Stefan_Mattausch_Hypophyse.jpg\" style=\"\"><br clear='none'>\n<\/a>\n<div class=\"fusion-modal modal fade modal-5 modal02\" tabindex=\"-1\" role=\"dialog\" aria-labelledby=\"modal-heading-5\" aria-hidden=\"true\"><style type=\"text\/css\">.modal-5 .modal-header, .modal-5 .modal-footer{border-color:#ebebeb;}<\/style><div class=\"modal-dialog modal-lg\" role=\"document\"><div class=\"modal-content fusion-modal-content\" style=\"background-color:#ffffff\"><div class=\"modal-header\"><button class=\"close\" type=\"button\" data-dismiss=\"modal\" aria-hidden=\"true\" aria-label=\"Close\">&times;<\/button><h3 class=\"modal-title\" id=\"modal-heading-5\" data-dismiss=\"modal\" aria-hidden=\"true\">Messung Hypophyse. Energetische Verbesserung mit Hamoni\u00ae Harmonisierer: +49%&nbsp;*<\/h3><\/div><div class=\"modal-body fusion-clearfix\">\n<img src=\"https:\/\/www.elektrosmoghilfe.com\/erdstrahlen\/wp-content\/uploads\/images\/Messungen_Stefan_Mattausch_Hypophyse.jpg\"><br clear='none'>\n<\/div><\/div><\/div><\/div>\n\n<p class=\"emphDark fs16\" style=\"line-height: 19px;margin-bottom: 6px;margin-top: 30px;\">\n    Messung Blutzellen<br clear='none'>\n<span class=\"emphLight\">\nEnergetische Verbesserung mit<br clear='none'>\nHamoni\u00ae Harmonisierer: +43%&nbsp;*\n<\/span>\n<\/p>\n<a class=\"fusion-modal-text-link\" data-toggle=\"modal\" data-target=\".fusion-modal.modal03\" href=\"#\">\n<img src=\"https:\/\/www.elektrosmoghilfe.com\/erdstrahlen\/wp-content\/uploads\/images\/Messungen_Stefan_Mattausch_Blutzellen.jpg\" style=\"\"><br clear='none'>\n<\/a>\n<div class=\"fusion-modal modal fade modal-6 modal03\" tabindex=\"-1\" role=\"dialog\" aria-labelledby=\"modal-heading-6\" aria-hidden=\"true\"><style type=\"text\/css\">.modal-6 .modal-header, .modal-6 .modal-footer{border-color:#ebebeb;}<\/style><div class=\"modal-dialog modal-lg\" role=\"document\"><div class=\"modal-content fusion-modal-content\" style=\"background-color:#ffffff\"><div class=\"modal-header\"><button class=\"close\" type=\"button\" data-dismiss=\"modal\" aria-hidden=\"true\" aria-label=\"Close\">&times;<\/button><h3 class=\"modal-title\" id=\"modal-heading-6\" data-dismiss=\"modal\" aria-hidden=\"true\">Messung Blutzellen. Energetische Verbesserung mit Hamoni\u00ae Harmonisierer: +43%&nbsp;*<\/h3><\/div><div class=\"modal-body fusion-clearfix\">\n<img src=\"https:\/\/www.elektrosmoghilfe.com\/erdstrahlen\/wp-content\/uploads\/images\/Messungen_Stefan_Mattausch_Blutzellen.jpg\"><br clear='none'>\n<\/div><\/div><\/div><\/div>\n\n<p class=\"emphDark fs16\" style=\"line-height: 19px;margin-bottom: 6px;margin-top: 30px;\">\n    Messung Zelle allgemein<br clear='none'>\n<span class=\"emphLight\">\nEnergetische Verbesserung mit<br clear='none'>\nHamoni\u00ae Harmonisierer: +42%&nbsp;*\n<\/span>\n<\/p>\n<a class=\"fusion-modal-text-link\" data-toggle=\"modal\" data-target=\".fusion-modal.modal04\" href=\"#\">\n<img src=\"https:\/\/www.elektrosmoghilfe.com\/erdstrahlen\/wp-content\/uploads\/images\/Messungen_Stefan_Mattausch_Zelle_allgemein.jpg\" style=\"\"><br clear='none'>\n<\/a>\n<div class=\"fusion-modal modal fade modal-7 modal04\" tabindex=\"-1\" role=\"dialog\" aria-labelledby=\"modal-heading-7\" aria-hidden=\"true\"><style type=\"text\/css\">.modal-7 .modal-header, .modal-7 .modal-footer{border-color:#ebebeb;}<\/style><div class=\"modal-dialog modal-lg\" role=\"document\"><div class=\"modal-content fusion-modal-content\" style=\"background-color:#ffffff\"><div class=\"modal-header\"><button class=\"close\" type=\"button\" data-dismiss=\"modal\" aria-hidden=\"true\" aria-label=\"Close\">&times;<\/button><h3 class=\"modal-title\" id=\"modal-heading-7\" data-dismiss=\"modal\" aria-hidden=\"true\">Messung Zelle allgemein. Energetische Verbesserung mit Hamoni\u00ae Harmonisierer: +42%&nbsp;*<\/h3><\/div><div class=\"modal-body fusion-clearfix\">\n<img src=\"https:\/\/www.elektrosmoghilfe.com\/erdstrahlen\/wp-content\/uploads\/images\/Messungen_Stefan_Mattausch_Zelle_allgemein.jpg\"><br clear='none'>\n<\/div><\/div><\/div><\/div>\n\n<p class=\"emphDark fs16\" style=\"line-height: 19px;margin-bottom: 6px;margin-top: 30px;\">\n    Messung Lymphknoten<br clear='none'>\n<span class=\"emphLight\">\nEnergetische Verbesserung mit<br clear='none'>\nHamoni\u00ae Harmonisierer: +33%&nbsp;*\n<\/span>\n<\/p>\n<a class=\"fusion-modal-text-link\" data-toggle=\"modal\" data-target=\".fusion-modal.modal05\" href=\"#\">\n<img src=\"https:\/\/www.elektrosmoghilfe.com\/erdstrahlen\/wp-content\/uploads\/images\/Messungen_Stefan_Mattausch_Lymphknoten.jpg\" style=\"\"><br clear='none'>\n<\/a>\n<div class=\"fusion-modal modal fade modal-8 modal05\" tabindex=\"-1\" role=\"dialog\" aria-labelledby=\"modal-heading-8\" aria-hidden=\"true\"><style type=\"text\/css\">.modal-8 .modal-header, .modal-8 .modal-footer{border-color:#ebebeb;}<\/style><div class=\"modal-dialog modal-lg\" role=\"document\"><div class=\"modal-content fusion-modal-content\" style=\"background-color:#ffffff\"><div class=\"modal-header\"><button class=\"close\" type=\"button\" data-dismiss=\"modal\" aria-hidden=\"true\" aria-label=\"Close\">&times;<\/button><h3 class=\"modal-title\" id=\"modal-heading-8\" data-dismiss=\"modal\" aria-hidden=\"true\">Messung Lymphknoten. Energetische Verbesserung mit Hamoni\u00ae Harmonisierer: +33%&nbsp;*<\/h3><\/div><div class=\"modal-body fusion-clearfix\">\n<img src=\"https:\/\/www.elektrosmoghilfe.com\/erdstrahlen\/wp-content\/uploads\/images\/Messungen_Stefan_Mattausch_Lymphknoten.jpg\"><br clear='none'>\n<\/div><\/div><\/div><\/div>\n\n<p class=\"emphDark fs16\" style=\"line-height: 19px;margin-bottom: 6px;margin-top: 30px;\">\n    Messung Bronchien<br clear='none'>\n<span class=\"emphLight\">\nEnergetische Verbesserung mit<br clear='none'>\nHamoni\u00ae Harmonisierer: +33%&nbsp;*\n<\/span>\n<\/p>\n<a class=\"fusion-modal-text-link\" data-toggle=\"modal\" data-target=\".fusion-modal.modal06\" href=\"#\">\n<img src=\"https:\/\/www.elektrosmoghilfe.com\/erdstrahlen\/wp-content\/uploads\/images\/Messungen_Stefan_Mattausch_Bronchien.jpg\" style=\"\"><br clear='none'>\n<\/a>\n<div class=\"fusion-modal modal fade modal-9 modal06\" tabindex=\"-1\" role=\"dialog\" aria-labelledby=\"modal-heading-9\" aria-hidden=\"true\"><style type=\"text\/css\">.modal-9 .modal-header, .modal-9 .modal-footer{border-color:#ebebeb;}<\/style><div class=\"modal-dialog modal-lg\" role=\"document\"><div class=\"modal-content fusion-modal-content\" style=\"background-color:#ffffff\"><div class=\"modal-header\"><button class=\"close\" type=\"button\" data-dismiss=\"modal\" aria-hidden=\"true\" aria-label=\"Close\">&times;<\/button><h3 class=\"modal-title\" id=\"modal-heading-9\" data-dismiss=\"modal\" aria-hidden=\"true\">Messung Bronchien. Energetische Verbesserung mit Hamoni\u00ae Harmonisierer: +33%&nbsp;*<\/h3><\/div><div class=\"modal-body fusion-clearfix\">\n<img src=\"https:\/\/www.elektrosmoghilfe.com\/erdstrahlen\/wp-content\/uploads\/images\/Messungen_Stefan_Mattausch_Bronchien.jpg\"><br clear='none'>\n<\/div><\/div><\/div><\/div>\n\n<p class=\"emphDark fs16\" style=\"line-height: 19px;margin-bottom: 6px;margin-top: 30px;\">\n    Messung Nebennieren<br clear='none'>\n<span class=\"emphLight\">\nEnergetische Verbesserung mit<br clear='none'>\nHamoni\u00ae Harmonisierer: +20%&nbsp;*\n<\/span>\n<\/p>\n<a class=\"fusion-modal-text-link\" data-toggle=\"modal\" data-target=\".fusion-modal.modal07\" href=\"#\">\n<img src=\"https:\/\/www.elektrosmoghilfe.com\/erdstrahlen\/wp-content\/uploads\/images\/Messungen_Stefan_Mattausch_Nebenniere.jpg\" style=\"\"><br clear='none'>\n<\/a>\n<div class=\"fusion-modal modal fade modal-10 modal07\" tabindex=\"-1\" role=\"dialog\" aria-labelledby=\"modal-heading-10\" aria-hidden=\"true\"><style type=\"text\/css\">.modal-10 .modal-header, .modal-10 .modal-footer{border-color:#ebebeb;}<\/style><div class=\"modal-dialog modal-lg\" role=\"document\"><div class=\"modal-content fusion-modal-content\" style=\"background-color:#ffffff\"><div class=\"modal-header\"><button class=\"close\" type=\"button\" data-dismiss=\"modal\" aria-hidden=\"true\" aria-label=\"Close\">&times;<\/button><h3 class=\"modal-title\" id=\"modal-heading-10\" data-dismiss=\"modal\" aria-hidden=\"true\">Messung Nebennieren. Energetische Verbesserung mit Hamoni\u00ae Harmonisierer: +20%&nbsp;*<\/h3><\/div><div class=\"modal-body fusion-clearfix\">\n<img src=\"https:\/\/www.elektrosmoghilfe.com\/erdstrahlen\/wp-content\/uploads\/images\/Messungen_Stefan_Mattausch_Nebenniere.jpg\"><br clear='none'>\n<\/div><\/div><\/div><\/div>\n\n<div class=\"fusion-clearfix\"><\/div><\/div><\/div><\/div><\/div>","protected":false},"excerpt":{"rendered":"","protected":false},"author":1,"featured_media":0,"parent":0,"menu_order":0,"comment_status":"closed","ping_status":"closed","template":"","meta":[],"_links":{"self":[{"href":"https:\/\/www.elektrosmoghilfe.com\/erdstrahlen\/wp-json\/wp\/v2\/pages\/872"}],"collection":[{"href":"https:\/\/www.elektrosmoghilfe.com\/erdstrahlen\/wp-json\/wp\/v2\/pages"}],"about":[{"href":"https:\/\/www.elektrosmoghilfe.com\/erdstrahlen\/wp-json\/wp\/v2\/types\/page"}],"author":[{"embeddable":true,"href":"https:\/\/www.elektrosmoghilfe.com\/erdstrahlen\/wp-json\/wp\/v2\/users\/1"}],"replies":[{"embeddable":true,"href":"https:\/\/www.elektrosmoghilfe.com\/erdstrahlen\/wp-json\/wp\/v2\/comments?post=872"}],"version-history":[{"count":1,"href":"https:\/\/www.elektrosmoghilfe.com\/erdstrahlen\/wp-json\/wp\/v2\/pages\/872\/revisions"}],"predecessor-version":[{"id":1335,"href":"https:\/\/www.elektrosmoghilfe.com\/erdstrahlen\/wp-json\/wp\/v2\/pages\/872\/revisions\/1335"}],"wp:attachment":[{"href":"https:\/\/www.elektrosmoghilfe.com\/erdstrahlen\/wp-json\/wp\/v2\/media?parent=872"}],"curies":[{"name":"wp","href":"https:\/\/api.w.org\/{rel}","templated":true}]}}