{"id":870,"date":"2016-09-01T20:40:09","date_gmt":"2016-09-01T20:40:09","guid":{"rendered":"https:\/\/www.elektrosmoghilfe.com\/erdstrahlen\/?page_id=870"},"modified":"2017-09-15T22:58:23","modified_gmt":"2017-09-15T22:58:23","slug":"der-hamoni-harmonisierer-im-ersten-heilpraktiker-test","status":"publish","type":"page","link":"https:\/\/www.elektrosmoghilfe.com\/erdstrahlen\/der-hamoni-harmonisierer-im-ersten-heilpraktiker-test\/","title":{"rendered":"Der Hamoni\u00ae Harmonisierer im 1. Heilpraktiker-Test"},"content":{"rendered":"<div class=\"fusion-fullwidth fullwidth-box fusion-builder-row-1 nonhundred-percent-fullwidth non-hundred-percent-height-scrolling\" style=\"background-color: rgba(255,255,255,0);background-position: left top;background-repeat: no-repeat;padding-top:0px;padding-right:0px;padding-bottom:0px;padding-left:0px;margin-bottom: 0px;margin-top: 0px;border-width: 0px 0px 0px 0px;border-color:#eae9e9;border-style:solid;\" ><div class=\"fusion-builder-row fusion-row\">\n<div class=\"fusion-layout-column fusion_builder_column fusion-builder-column-0 fusion_builder_column_2_3 2_3 fusion-two-third fusion-column-first threefifth1\" style=\"width:65.3333%; margin-right: 4%;margin-top:0px;margin-bottom:0px;\" id=\"columnMain\"><div class=\"fusion-column-wrapper fusion-flex-column-wrapper-legacy\" style=\"background-position:left top;background-repeat:no-repeat;-webkit-background-size:cover;-moz-background-size:cover;-o-background-size:cover;background-size:cover;padding: 0px 0px 0px 0px;\">\n\n<h1 class=\"subpage\">Der Hamoni\u00ae Harmonisierer im 1. Heilpraktiker-Test<br clear='none'>\n    <span class=\"h1SubTitle\">Testbericht liefert aussergew\u00f6hnliche Ergebnisse*<\/span><\/h1>\n\n<p class=\"anwendung fs16 sum\">\n<span class=\"emphDark\">Da waren auch wir sprachlos: Heilpraktiker Lothar Kappes aus 38518 Gifhorn, Niedersachsen, war auf unsere Webseite gestossen und\nhatte sich unentgeltlich angeboten, den Harmonisierer an seinen Patienten zu testen. Nach einigen Wochen erreichten uns seine ersten Testergebnisse, in\ndenen er den Harmonisierer w\u00f6rtlich als &#8222;Wunder&#8220; bezeichnet. Herr Kappes lieferte uns Untersuchungsergebnisse von Gro\u00dfhirn, Lunge und Magen einer Frau \nund eines Mannes. Die Bilder auf dieser Seite zeigen die energetischen Verbesserungen in den Organen dieser Patienten, die durch Einsatz des Ger\u00e4ts erzielt werden konnten.*<\/span>\n<\/p>\n\n<p class=\"anwendung report\">\n    \u201eHallo Hr. Fennesz,\n<\/p>\n\n<p class=\"anwendung report\">\n    hier nun ein repr\u00e4sentativer Querschnitt bei 2 Patienten, die wir als graphische Anlage anbei f\u00fcgen. Im Moment sind\n    wir haupts\u00e4chlich mit Metascan am austesten, ob der Hamoni Verbesserungen erbringt\u2026 Die eigentlichen Tests erfolgen\n    ohne Hamoni im ersten Durchlauf,- sozusagen die Erstmessung\u2026\n<\/p>\n\n<p class=\"anwendung report indent2\">\n    Dann testen wir geeignete hom\u00f6opathische Heilmittel und Bachbbl\u00fcten sowie andere Medikamente aus, um den Patient zu\n    balancieren. Wir haben excellente reproduzierbare Daten mit Metascan, der sehr zuverl\u00e4ssig anzeigt, was den\n    bioenergetischen und k\u00f6rperlichen Zustand angeht. So kommt es durchaus vor, dass die ersten 10 Mittel bei der\n    Nachmessung \u00fcberhaupt nichts verbessern\u2026\n<\/p>\n\n<p class=\"anwendung report indent2\">\n    Anbei die Daten von 2 Patienten, bei der wir durch den Einsatz des Hamoni so EXTREME VERBESSERUNGEN erzielen\n    konnten, dass man wirklich nur staunen kann. In der Regel erzielen wir im Durchschnitt 20 \u2013 35% Verbesserung,\n    nachdem wir 1 bis 40 verschiedene Mittel getestet haben\u2026\n<\/p>\n\n<p class=\"anwendung report indent2\" style=\"color:#054d80\">\n    Verbesserungen im Bereich 80% wie mit der Anwendung des Hamoni sind bei der Austestung der Medikamente ausgesprochen\n    superselten zu erzielen und nur bei ganz wenigen Patienten im Jahr erleben wir dieses Wunder\u2026 mit Hamoni haben wir\n    dieses Wunder jetzt in nur 3 Wochen mehrfach erzielen k\u00f6nnen.\n    (Siehe Daten der Messungen bei den Patienten in der Anlage)\n    Wir sind mittlerweile der Meinung, dass der Hamoni ein sehr n\u00fctzliches Instrument ist, um die Gesundheit der\n    Patienten zu stabilisieren.\n<\/p>\n\n<p class=\"anwendung report indent2\">\n    Ich m\u00f6chte ausdr\u00fccklich nochmals darauf hinweisen, dass die Messungen mit Metascan mit dem k\u00f6rperlichen Wohlbefinden\n    supergut korrelieren und das wir sehr sicher damit nachweisen k\u00f6nnen , inwieweit Verbesserungen subjektiv und auch\n    via Kontrollmessung erfolgt sind. Wir w\u00fcrden uns sehr freuen, wenn wir das Ger\u00e4t hier in der Praxis an die Patienten\n    direkt abgeben k\u00f6nnten, damit sie es sozusagen sofort aufstellen k\u00f6nnen.\n<\/p>\n\n<p class=\"anwendung report\">\n    Mit freundlichen Gr\u00fc\u00dfen<br clear='none'>\n    Ihr Heilpraktiker Lothar Kappes\u201c\n<\/p>\n\n\n<a class=\"fusion-modal-text-link\" data-toggle=\"modal\" data-target=\".fusion-modal.modal01\" href=\"#\">\n<p class=\"anwendung emphDark fs16\" style=\"text-align:center;width:50%;margin-left:auto;margin-right:auto;margin-top:24px\">\n    Original-email von Heilpraktiker Lothar Kappes<br clear='none'>\n    <img src=\"https:\/\/www.elektrosmoghilfe.com\/erdstrahlen\/wp-content\/uploads\/images\/erfahrungsbericht_lothar_kappes_large.png\" style=\"\"><br clear='none'>\n<\/p>\n\n<\/a>\n<div class=\"fusion-modal modal fade modal-1 modal01\" tabindex=\"-1\" role=\"dialog\" aria-labelledby=\"modal-heading-1\" aria-hidden=\"true\"><style type=\"text\/css\">.modal-1 .modal-header, .modal-1 .modal-footer{border-color:#ebebeb;}<\/style><div class=\"modal-dialog modal-lg\" role=\"document\"><div class=\"modal-content fusion-modal-content\" style=\"background-color:#ffffff\"><div class=\"modal-header\"><button class=\"close\" type=\"button\" data-dismiss=\"modal\" aria-hidden=\"true\" aria-label=\"Close\">&times;<\/button><h3 class=\"modal-title\" id=\"modal-heading-1\" data-dismiss=\"modal\" aria-hidden=\"true\">Original-email von Heilpraktiker Lothar Kappes<\/h3><\/div><div class=\"modal-body fusion-clearfix\">\n<img src=\"https:\/\/www.elektrosmoghilfe.com\/erdstrahlen\/wp-content\/uploads\/images\/erfahrungsbericht_lothar_kappes_large.png\"><br clear='none'>\n<\/div><\/div><\/div><\/div>\n\n<h2 style=\"margin-bottom:24px;\">Unsere Anmerkungen zum besseren Verst\u00e4ndnis der Untersuchungsergebnisse<\/h2>\n\n<div style=\"width: 300px;float:left;margin-left:12px;margin-right: 12px;font-size: 12px;font-style: italic;\">\n    <img src=\"https:\/\/www.elektrosmoghilfe.com\/erdstrahlen\/wp-content\/uploads\/images\/nesterov.png\" style=\"width: 300px; margin-top:6px; float:left;\">\n    S.P. Nesterov, Erfinder der NLS-Diagnose\n<\/div>\n<p class=\"anwendung\">Die bei den Untersuchungen eingesetzte Diagnosemethode hei\u00dft NLS (Nicht Lineare System Diagnose).\n    Im Gegensatz zu den bekannten &#8222;alten&#8220; Diagnosemethoden R\u00f6ntgen und Magnetresonanz-Tomographie ist diese Methode noch\n    relativ jung. Sie wurde Anfang der 90er Jahre von S.P. Nesterov, Mitglied der Russ. Akademie der Wissenschaften,\n    erfunden. In den 90er Jahren wurde sie klinisch getestet und\n    seit dem Jahr 2000 wird sie weltweit in der diagnostischen Praxis eingesetzt. <\/p>\n\n<p class=\"anwendung indent2\"> Der K\u00f6rper wird dabei mit Frequenzen von 1,4&nbsp;&#8211;&nbsp;4,9&nbsp;GHz bestrahlt. Ein Sensor misst die\n    Resonanzen (sozusagen die\n    Antwort unseres K\u00f6rpers) und kann daraus die Schwere und den Fortschritt von Ver\u00e4nderungen unseres Gewebes bis auf\n    3\/100 mm genau feststellen. Aus den Messpunkten\n    kann das NLS-Ger\u00e4t ein Bild des Organs mit den lokalen Belastungen erstellen. Beispiele daf\u00fcr sind die Bilder der\n    Messergebnisse auf dieser Seite. NLS-Systeme werden von div. Herstellern produziert und unter versch. Markennamen\n    weltweit eingesetzt. Das im Bericht angef\u00fchrte &#8222;Metascan&#8220;-Ger\u00e4t ist eines dieser NLS-Systeme.\n    Bei einem weiteren Test des Harmonisierers von Heilpraktiker Stefan Mattausch aus N\u00fcrnberg wurde ein weiteres\n    NLS-System namens &#8222;Delta-Scan&#8220; verwendet.\n<\/p>\n\n<div class=\"fusion-clearfix\"><\/div><\/div><\/div>\n<div class=\"fusion-layout-column fusion_builder_column fusion-builder-column-1 fusion_builder_column_1_3 1_3 fusion-one-third fusion-column-last twofifth1\" style=\"width:30.6666%;margin-top:0px;margin-bottom:0px;\" id=\"columnSide\"><div class=\"fusion-column-wrapper fusion-flex-column-wrapper-legacy\" style=\"background-position:left\ntop;background-repeat:no-repeat;-webkit-background-size:cover;-moz-background-size:cover;-o-background-size:cover;background-size:cover;padding: 0px 0px 0px 0px;\">\n\n<p class=\"emphDark fs16\" style=\"line-height: 19px;margin-bottom: 6px;\">\n    \u201eVerbesserungen im Bereich 80% wie mit der Anwendung des Hamoni sind bei der Austestung der Medikamente\n    ausgesprochen superselten zu erzielen und nur bei ganz wenigen Patienten im Jahr erleben wir dieses Wunder\u2026\u201c *\n<\/p>\n\n<p class=\"emphLight fs16\" style=\"text-align:right;margin-bottom: 6px;\">\n    Heilpraktiker Lothar Kappes\n<\/p>\n<span class=\"emphLight fs14\">Dieser Heilpraktiker-Test als pdf-Datei:<\/span><br clear='none'>\n<a href=\"https:\/\/www.elektrosmoghilfe.com\/erdstrahlen\/wp-content\/uploads\/documents\/hamoni_broschuere_heilpraktiker_test_lothar_kappes.pdf\">\n    <img class=\"img_pdf\"\n         src=\"https:\/\/www.elektrosmoghilfe.com\/erdstrahlen\/wp-content\/uploads\/images\/hamoni_broschuere_heilpraktiker_test_lothar_kappes.jpg\">\n<\/a>\n\n<p class=\"imgDescr\" style=\"margin-top:20px;\">\n<span class=\"emphDark\">Dokumentation der Messergebnisse in Bildern:<\/span>\nAlle Bilder stammen aus dem Analyseger\u00e4t <i>Metascan<\/i> und wurden uns von Herrn Kappes zur Verf\u00fcgung gestellt. Die energetischen Verbesserungen in Prozent stammen aus diesen Bildern (Vergr\u00f6\u00dfern durch Anklicken). Der Wert ist jeweils in der vorletzten Zeile der rechten Bildh\u00e4lfte abzulesen.*\n<\/p>\n\n<p class=\"emphDark fs16\" style=\"line-height: 19px;margin-bottom: 6px;margin-top: 30px;\">\n    Patientin \u201eSusanne\u201c, Gro\u00dfhirnrinde.<br clear='none'>\n<span class=\"emphLight\">\nEnergetische Verbesserung mit<br clear='none'>\nHamoni\u00ae Harmonisierer: +79%&nbsp;*\n<\/span>\n<\/p>\n<a class=\"fusion-modal-text-link\" data-toggle=\"modal\" data-target=\".fusion-modal.modal02\" href=\"#\">\n<img src=\"https:\/\/www.elektrosmoghilfe.com\/erdstrahlen\/wp-content\/uploads\/images\/Susanne_Grosshirn_large.png\" style=\"\"><br clear='none'>\n<\/a>\n<div class=\"fusion-modal modal fade modal-2 modal02\" tabindex=\"-1\" role=\"dialog\" aria-labelledby=\"modal-heading-2\" aria-hidden=\"true\"><style type=\"text\/css\">.modal-2 .modal-header, .modal-2 .modal-footer{border-color:#ebebeb;}<\/style><div class=\"modal-dialog modal-lg\" role=\"document\"><div class=\"modal-content fusion-modal-content\" style=\"background-color:#ffffff\"><div class=\"modal-header\"><button class=\"close\" type=\"button\" data-dismiss=\"modal\" aria-hidden=\"true\" aria-label=\"Close\">&times;<\/button><h3 class=\"modal-title\" id=\"modal-heading-2\" data-dismiss=\"modal\" aria-hidden=\"true\">Patientin Susanne, Gro\u00dfhirnrinde. Energetische Verbesserung mit Hamoni\u00ae Harmonisierer: +79%&nbsp;*<\/h3><\/div><div class=\"modal-body fusion-clearfix\">\n<img src=\"https:\/\/www.elektrosmoghilfe.com\/erdstrahlen\/wp-content\/uploads\/images\/Susanne_Grosshirn_large.png\"><br clear='none'>\n<\/div><\/div><\/div><\/div>\n\n<p class=\"emphDark fs16\" style=\"line-height: 19px;margin-bottom: 6px;margin-top: 30px;\">\n    Patient \u201eReinhard\u201c, Magen.<br clear='none'>\n<span class=\"emphLight\">\nEnergetische Verbesserung mit<br clear='none'>\nHamoni\u00ae Harmonisierer: +82%&nbsp;*\n<\/span>\n<\/p>\n<a class=\"fusion-modal-text-link\" data-toggle=\"modal\" data-target=\".fusion-modal.modal03\" href=\"#\">\n<img src=\"https:\/\/www.elektrosmoghilfe.com\/erdstrahlen\/wp-content\/uploads\/images\/Reinhard_Magen_large.png\" style=\"\"><br clear='none'>\n<\/a>\n<div class=\"fusion-modal modal fade modal-3 modal03\" tabindex=\"-1\" role=\"dialog\" aria-labelledby=\"modal-heading-3\" aria-hidden=\"true\"><style type=\"text\/css\">.modal-3 .modal-header, .modal-3 .modal-footer{border-color:#ebebeb;}<\/style><div class=\"modal-dialog modal-lg\" role=\"document\"><div class=\"modal-content fusion-modal-content\" style=\"background-color:#ffffff\"><div class=\"modal-header\"><button class=\"close\" type=\"button\" data-dismiss=\"modal\" aria-hidden=\"true\" aria-label=\"Close\">&times;<\/button><h3 class=\"modal-title\" id=\"modal-heading-3\" data-dismiss=\"modal\" aria-hidden=\"true\">Patient Reinhard, Magen. Energetische Verbesserung mit Hamoni\u00ae Harmonisierer: +82%&nbsp;*<\/h3><\/div><div class=\"modal-body fusion-clearfix\">\n<img src=\"https:\/\/www.elektrosmoghilfe.com\/erdstrahlen\/wp-content\/uploads\/images\/Reinhard_Magen_large.png\"><br clear='none'>\n<\/div><\/div><\/div><\/div>\n\n<p class=\"emphDark fs16\" style=\"line-height: 19px;margin-bottom: 6px;margin-top: 30px;\">\n    Patientin \u201eSusanne\u201c, Lunge.<br clear='none'>\n<span class=\"emphLight\">\nEnergetische Verbesserung mit<br clear='none'>\nHamoni\u00ae Harmonisierer: +80%&nbsp;*\n<\/span>\n<\/p>\n<a class=\"fusion-modal-text-link\" data-toggle=\"modal\" data-target=\".fusion-modal.modal04\" href=\"#\">\n<img src=\"https:\/\/www.elektrosmoghilfe.com\/erdstrahlen\/wp-content\/uploads\/images\/Susanne_Lunge_large.png\" style=\"\"><br clear='none'>\n<\/a>\n<div class=\"fusion-modal modal fade modal-4 modal04\" tabindex=\"-1\" role=\"dialog\" aria-labelledby=\"modal-heading-4\" aria-hidden=\"true\"><style type=\"text\/css\">.modal-4 .modal-header, .modal-4 .modal-footer{border-color:#ebebeb;}<\/style><div class=\"modal-dialog modal-lg\" role=\"document\"><div class=\"modal-content fusion-modal-content\" style=\"background-color:#ffffff\"><div class=\"modal-header\"><button class=\"close\" type=\"button\" data-dismiss=\"modal\" aria-hidden=\"true\" aria-label=\"Close\">&times;<\/button><h3 class=\"modal-title\" id=\"modal-heading-4\" data-dismiss=\"modal\" aria-hidden=\"true\">Patientin Susanne, Lunge. Energetische Verbesserung mit Hamoni\u00ae Harmonisierer: +80%&nbsp;*<\/h3><\/div><div class=\"modal-body fusion-clearfix\">\n<img src=\"https:\/\/www.elektrosmoghilfe.com\/erdstrahlen\/wp-content\/uploads\/images\/Susanne_Lunge_large.png\"><br clear='none'>\n<\/div><\/div><\/div><\/div>\n\n<p class=\"emphDark fs16\" style=\"line-height: 19px;margin-bottom: 6px;margin-top: 30px;\">\n    Patient \u201eReinhard\u201c, Lunge.<br clear='none'>\n<span class=\"emphLight\">\nEnergetische Verbesserung mit<br clear='none'>\nHamoni\u00ae Harmonisierer: +89%&nbsp;*\n<\/span>\n<\/p>\n<a class=\"fusion-modal-text-link\" data-toggle=\"modal\" data-target=\".fusion-modal.modal05\" href=\"#\">\n<img src=\"https:\/\/www.elektrosmoghilfe.com\/erdstrahlen\/wp-content\/uploads\/images\/Reinhard_Lunge_large.png\" style=\"\"><br clear='none'>\n<\/a>\n<div class=\"fusion-modal modal fade modal-5 modal05\" tabindex=\"-1\" role=\"dialog\" aria-labelledby=\"modal-heading-5\" aria-hidden=\"true\"><style type=\"text\/css\">.modal-5 .modal-header, .modal-5 .modal-footer{border-color:#ebebeb;}<\/style><div class=\"modal-dialog modal-lg\" role=\"document\"><div class=\"modal-content fusion-modal-content\" style=\"background-color:#ffffff\"><div class=\"modal-header\"><button class=\"close\" type=\"button\" data-dismiss=\"modal\" aria-hidden=\"true\" aria-label=\"Close\">&times;<\/button><h3 class=\"modal-title\" id=\"modal-heading-5\" data-dismiss=\"modal\" aria-hidden=\"true\">Patient Reinhard, Lunge. Energetische Verbesserung mit Hamoni\u00ae Harmonisierer: +89%&nbsp;*<\/h3><\/div><div class=\"modal-body fusion-clearfix\">\n<img src=\"https:\/\/www.elektrosmoghilfe.com\/erdstrahlen\/wp-content\/uploads\/images\/Reinhard_Lunge_large.png\"><br clear='none'>\n<\/div><\/div><\/div><\/div>\n\n<div class=\"fusion-clearfix\"><\/div><\/div><\/div><\/div><\/div>","protected":false},"excerpt":{"rendered":"","protected":false},"author":1,"featured_media":0,"parent":0,"menu_order":0,"comment_status":"closed","ping_status":"closed","template":"","meta":[],"_links":{"self":[{"href":"https:\/\/www.elektrosmoghilfe.com\/erdstrahlen\/wp-json\/wp\/v2\/pages\/870"}],"collection":[{"href":"https:\/\/www.elektrosmoghilfe.com\/erdstrahlen\/wp-json\/wp\/v2\/pages"}],"about":[{"href":"https:\/\/www.elektrosmoghilfe.com\/erdstrahlen\/wp-json\/wp\/v2\/types\/page"}],"author":[{"embeddable":true,"href":"https:\/\/www.elektrosmoghilfe.com\/erdstrahlen\/wp-json\/wp\/v2\/users\/1"}],"replies":[{"embeddable":true,"href":"https:\/\/www.elektrosmoghilfe.com\/erdstrahlen\/wp-json\/wp\/v2\/comments?post=870"}],"version-history":[{"count":1,"href":"https:\/\/www.elektrosmoghilfe.com\/erdstrahlen\/wp-json\/wp\/v2\/pages\/870\/revisions"}],"predecessor-version":[{"id":1336,"href":"https:\/\/www.elektrosmoghilfe.com\/erdstrahlen\/wp-json\/wp\/v2\/pages\/870\/revisions\/1336"}],"wp:attachment":[{"href":"https:\/\/www.elektrosmoghilfe.com\/erdstrahlen\/wp-json\/wp\/v2\/media?parent=870"}],"curies":[{"name":"wp","href":"https:\/\/api.w.org\/{rel}","templated":true}]}}