{"id":838,"date":"2016-08-31T04:09:12","date_gmt":"2016-08-31T04:09:12","guid":{"rendered":"https:\/\/localhost\/hamoni8b\/?page_id=838"},"modified":"2021-07-13T04:32:07","modified_gmt":"2021-07-13T04:32:07","slug":"der-hochwirksame-schutz-gegen-elektrosmog-2","status":"publish","type":"page","link":"https:\/\/www.elektrosmoghilfe.com\/erdstrahlen\/","title":{"rendered":"Der hochwirksame Schutz gegen Elektrosmog"},"content":{"rendered":"<div class=\"fusion-fullwidth fullwidth-box fusion-builder-row-1 hundred-percent-fullwidth non-hundred-percent-height-scrolling\" style=\"background-color: rgba(255,255,255,0);background-position: center center;background-repeat: no-repeat;padding-top:0px;padding-right:0px;padding-bottom:0px;padding-left:0px;margin-bottom: 0px;margin-top: 0px;border-width: 0px 0px 0px 0px;border-color:#eae9e9;border-style:solid;\" >\r\n<div id=\"mainDiv\">\r\n    <div class=\"fusion-builder-row fusion-row\">\r\n    <div class=\"fusion-layout-column fusion_builder_column fusion-builder-column-0 fusion_builder_column_1_1 1_1 fusion-one-full fusion-column-first fusion-column-last\" style=\"margin-top:0px;margin-bottom:0px;\"><div class=\"fusion-column-wrapper fusion-flex-column-wrapper-legacy\" style=\"background-position:left top;background-repeat:no-repeat;-webkit-background-size:cover;-moz-background-size:cover;-o-background-size:cover;background-size:cover;padding: 0px 0px 0px 0px;\">\r\n    <h1>\r\n        Der Hamoni\u00ae Harmonisierer\r\n        <span class=\"h1SubTitle\"> &#8211; Der hochwirksame Schutz gegen Elektrosmog (Handy &#8211; <span class=\"ul\">insbes. 5G,<\/span> WLAN, Stromnetz,&#8230;)<\/span>\r\n    <\/h1>\r\n\r\n    <div id=\"video01\">\r\n        <div class='embed-container' style=\"\">\r\n            <iframe src='https:\/\/www.youtube.com\/embed\/Y9aFfpjF2T8?rel=0&amp;showinfo=0' frameborder='0'\r\n                    allowfullscreen><\/iframe>\r\n        <\/div>\r\n        <span class=\"emphDark fs14\">Bitte beachten Sie zu den Aussagen in diesem Video unsere rechtlichen Hinweise*<\/span>\r\n    <\/div>\r\n<div style=\"clear:both;\"><\/div>\r\n<div class=\"publication\">\r\n        <span class=\"emphLight fs16\">Wie stark strahlen 5G Antennen?\r\n<br\/><\/span>\r\n        <span class=\"emphDark fs16\">\r\n\t\t Exklusive Analyse des Hamoni\u00ae Forschungsteams\r\n<br\/>\r\n<\/span>\r\n    <a href=\"https:\/\/www.elektrosmoghilfe.com\/erdstrahlen\/wie-stark-strahlen-5g-antennen-exklusive-analyse-des-hamoni-forschungsteams\/\">\r\n        <img style=\"margin-top:4px;\"\r\n             src=\"https:\/\/www.elektrosmoghilfe.com\/erdstrahlen\/wp-content\/uploads\/images\/5G_antennen_auf_krankenhaus.jpg\">\r\n    <\/a>\r\n<\/div>\r\n<div class=\"publication\">\r\n        <span class=\"emphLight fs16\">Abfrage Netzausbau 5G in Deutschland:\r\n<br\/><\/span>\r\n        <span class=\"emphDark fs16\">\r\n\t\tDerzeit mehr als 50% der Bev\u00f6lkerung versorgt.\r\n<br\/>\r\n<\/span>\r\n    <a href=\"https:\/\/www.elektrosmoghilfe.com\/erdstrahlen\/gibt-es-an-meinem-wohnort-schon-5g-abfrage-der-5g-abdeckung-fuer-deutschland\/\">\r\n        <img style=\"margin-top:4px;\"\r\n             src=\"https:\/\/www.elektrosmoghilfe.com\/erdstrahlen\/wp-content\/uploads\/images\/5G_netzabdeckung_DE.jpg\">\r\n    <\/a>\r\n<\/div>\r\n<div style=\"clear:both;\"><\/div>\r\n\t<h2 style=\"margin-top:20px\">\r\n        Neu: Ein Interview mit unserem Physiker\r\n    <\/h2>\r\n\t    <div id=\"video01\">\r\n        <div class='embed-container' style=\"\">\r\n            <iframe src='https:\/\/www.youtube.com\/embed\/JCh5kaTfcGY?rel=0&amp;showinfo=0' frameborder='0'\r\n                    allowfullscreen><\/iframe>\r\n        <\/div>\r\n        <span class=\"emphDark fs14\">Bitte beachten Sie zu den Aussagen in diesem Video unsere rechtlichen Hinweise*<\/span>\r\n    <\/div>\r\n    <div class=\"fusion-clearfix\"><\/div><\/div><\/div>\r\n    <\/div>\r\n    <div class=\"fusion-builder-row fusion-row\">\r\n    <div class=\"fusion-layout-column fusion_builder_column fusion-builder-column-1 fusion_builder_column_1_2 1_2 fusion-one-half fusion-column-first column01\" style=\"width:50%;width:calc(50% - ( ( 4% ) * 0.5 ) );margin-right: 4%;margin-top:0px;margin-bottom:0px;\"><div class=\"fusion-column-wrapper fusion-flex-column-wrapper-legacy\" style=\"background-position:left top;background-repeat:no-repeat;-webkit-background-size:cover;-moz-background-size:cover;-o-background-size:cover;background-size:cover;padding: 0px 0px 0px 0px;\">\r\n    <div class=\"fusion-text fusion-text-1\"><p>\t<a href=\"https:\/\/www.elektrosmoghilfe.com\/erdstrahlen\/wp-content\/uploads\/documents\/flip\/harmonisierer_erlaeuterung_funktionsweise_langfassung\/index.html\"><\/p>\n<h2 class=\"imgHeader\">So funktioniert der Hamoni\u00ae Harmonisierer<br clear='none'>\n\t<span class=\"h2SubTitle\">F\u00fcr alle, die es <span class=\"ul\">genauer wissen<\/span> wollen<\/span>\n\t<\/h2>\n<p><\/a><\/p>\n<\/div>\r\n\t<a href=\"https:\/\/www.elektrosmoghilfe.com\/erdstrahlen\/wp-content\/uploads\/documents\/flip\/harmonisierer_erlaeuterung_funktionsweise_langfassung\/index.html\">\r\n    <img alt=\"Design\"\r\n         src=\"https:\/\/www.elektrosmoghilfe.com\/erdstrahlen\/wp-content\/uploads\/images\/harmonisierer_vortragssaal_02.jpg\"\/>\r\n\t\t<\/a>\r\n    <div class=\"fusion-clearfix\"><\/div><\/div><\/div>\r\n    <div class=\"fusion-layout-column fusion_builder_column fusion-builder-column-2 fusion_builder_column_1_2 1_2 fusion-one-half fusion-column-last column01\" style=\"width:50%;width:calc(50% - ( ( 4% ) * 0.5 ) );margin-top:0px;margin-bottom:0px;\"><div class=\"fusion-column-wrapper fusion-flex-column-wrapper-legacy\" style=\"background-position:left top;background-repeat:no-repeat;-webkit-background-size:cover;-moz-background-size:cover;-o-background-size:cover;background-size:cover;padding: 0px 0px 0px 0px;\">\r\n     <div class=\"fusion-text fusion-text-2\"><p>\t<a href=\"https:\/\/www.elektrosmoghilfe.com\/erdstrahlen\/wp-content\/uploads\/documents\/harmonisierer_erlaeuterung_funktionsweise_vereinfacht.pdf\"><\/p>\n<h2 class=\"imgHeader\">So funktioniert der Hamoni\u00ae Harmonisierer<br clear='none'>\n\t<span class=\"h2SubTitle\">F\u00fcr alle, die <span class=\"ul\">wenig Zeit<\/span> haben<\/span>\n\t<\/h2>\n<p>\t\t<\/a><\/p>\n<\/div>\r\n\t<a href=\"https:\/\/www.elektrosmoghilfe.com\/erdstrahlen\/wp-content\/uploads\/documents\/harmonisierer_erlaeuterung_funktionsweise_vereinfacht.pdf\">\r\n    <img alt=\"Design\"\r\n         src=\"https:\/\/www.elektrosmoghilfe.com\/erdstrahlen\/wp-content\/uploads\/images\/harmonisierer_schultafel.jpg\"\/>\r\n\t\t<\/a>\r\n    <div class=\"fusion-clearfix\"><\/div><\/div><\/div>\r\n    <\/div>\r\n    <div class=\"fusion-builder-row fusion-row\">\r\n    <div class=\"fusion-layout-column fusion_builder_column fusion-builder-column-3 fusion_builder_column_1_1 1_1 fusion-one-full fusion-column-first fusion-column-last column01\" style=\"margin-top:0px;margin-bottom:0px;\"><div class=\"fusion-column-wrapper fusion-flex-column-wrapper-legacy\" style=\"background-position:left top;background-repeat:no-repeat;-webkit-background-size:cover;-moz-background-size:cover;-o-background-size:cover;background-size:cover;padding: 0px 0px 0px 0px;\">\r\n    <h2 class=\"imgHeader\" style=\"padding-top: 12px;\">Elektrosmog macht krank<br clear='none'>\r\n        <span class=\"h2SubTitle\">Wir kl\u00e4ren auf<\/span><\/h2>\r\n\r\n    <div style=\"margin-left:auto;margin-right:auto;text-align:center;\">\r\n        <a href=\"https:\/\/www.elektrosmoghilfe.com\/erdstrahlen\/so-macht-uns-elektrosmog-krank\/\">\r\n            <img src=\"https:\/\/www.elektrosmoghilfe.com\/erdstrahlen\/wp-content\/uploads\/images\/schaeden_hirn2_kraeftig.jpg\">\r\n        <\/a>\r\n    <\/div>\r\n    <h2 class=\"imgHeader\" style=\"margin-top: 24px;\">Sie m\u00fcssen selbst aktiv werden!<\/h2>\r\n    <p class=\"verantwortung\">\r\n        Genauso wie Sie f\u00fcr gesunde Ern\u00e4hrung und ausreichend Bewegung sorgen m\u00fcssen,\r\n        sind Sie daf\u00fcr verantwortlich, Ihren K\u00f6rper vor Elektrosmog zu sch\u00fctzen.\r\n        <br clear='none'>\r\n        <span class=\"markO\">Diese Verantwortung nimmt Ihnen keiner ab.<\/span>\r\n        <br clear='none'>\r\n        Kein Arzt, keine Krankenkasse und kein Politiker.\r\n    <\/p>\r\n\t <div class=\"fusion-clearfix\"><\/div><\/div><\/div>\r\n    <\/div>\r\n    <div class=\"fusion-builder-row fusion-row\">\r\n\t<div class=\"fusion-layout-column fusion_builder_column fusion-builder-column-4 fusion_builder_column_1_2 1_2 fusion-one-half fusion-column-first\" style=\"width:50%;width:calc(50% - ( ( 2% ) * 0.5 ) );margin-right: 2%;margin-top:0px;margin-bottom:0px;\" id=\"info\"><div class=\"fusion-column-wrapper fusion-flex-column-wrapper-legacy\" style=\"background-position:left top;background-repeat:no-repeat;-webkit-background-size:cover;-moz-background-size:cover;-o-background-size:cover;background-size:cover;padding: 0px 0px 0px 0px;\">\r\n        <h2 style=\"color:#0989D6\"><i class=\"fas fa-info info\"><\/i>\r\n\t\tDer Harmonisierer \u2013 Das Wichtigste in K\u00fcrze<\/h2>\r\n        <table class=\"wichtig\">\r\n            <tbody>\r\n            <tr>\r\n                <td><i class=\"fas fa-check-square\"><\/i><\/td>\r\n                <td><span class=\"ul\">Hochwirksamer Schutz vor Elektrosmog (Handy, WLAN, Stromnetz,&#8230;) und \r\n                        Erdstrahlen (geopathische Belastungen).<\/span><\/td>\r\n            <\/tr>\r\n            <tr>\r\n                <td><i class=\"fas fa-check-square\"><\/i><\/td>\r\n                <td><span class=\"ul\">Sehr positives Kundenfeedback<\/span>:\r\n                    Bitte lesen Sie dazu die zahlreichen Erfahrungsberichte auf dieser Webseite*\r\n                <\/td>\r\n            <\/tr>\r\n            <tr>\r\n                <td><i class=\"fas fa-check-square\"><\/i><\/td>\r\n                <td>\r\n                    <a href=\"https:\/\/www.elektrosmoghilfe.com\/erdstrahlen\/der-hamoni-harmonisierer-im-baubiologischen-test-wirkung-eindrucksvoll-bestaetigt\/\"><span\r\n                            class=\"emphLight ul\">Baubiologe zeigt im Herzfrequenz-Variabilit\u00e4ts-Test:<\/span><\/a>\r\n                    Dauerstress sowohl bei Belastung durch\r\n                    Elektrosmog (Mobiltelefon) als auch bei Erdstrahlung (Wasserader) bei allen Probanden stark\r\n                    reduziert.*\r\n                <\/td>\r\n            <\/tr>\r\n            <tr>\r\n                <td><i class=\"fas fa-check-square\"><\/i><\/td>\r\n                <td>Sehr eindrucksvolle Ergebnisse in <span class=\"ul\">2 Heilpraktiker-Tests<\/span><br clear='none'>\r\n                    Siehe <a\r\n                            href=\"https:\/\/www.elektrosmoghilfe.com\/erdstrahlen\/der-hamoni-harmonisierer-im-ersten-heilpraktiker-test\/\">\r\n                        <span class=\"emphLight ul\">Heilpraktiker-Test Nr. 1<\/span><\/a> und <a\r\n                            href=\"https:\/\/www.elektrosmoghilfe.com\/erdstrahlen\/der-hamoni-harmonisierer-im-zweiten-heilpraktiker-test\/\"><span\r\n                            class=\"emphLight ul\">Heilpraktiker-Test Nr. 2*<\/span><\/a>\r\n                <\/td>\r\n            <\/tr>\r\n            <tr>\r\n                <td><i class=\"fas fa-check-square\"><\/i><\/td>\r\n                <td><span class=\"ul\">2-Komponenten-Technologie:<\/span> Elektronische und Festk\u00f6rperphysikalische\r\n                    Komponente. Bauteile aus 5 Kontinenten.\r\n                <\/td>\r\n            <\/tr>\r\n            <tr>\r\n                <td><i class=\"fas fa-check-square\"><\/i><\/td>\r\n                <td>30j\u00e4hrige Entwicklungshistorie (Deutschland, Kanada, \u00d6sterreich). <span class=\"ul\">Patentierte Technologie.<\/span>\r\n                    Jedes St\u00fcck per Hand gefertigt.\r\n                <\/td>\r\n            <\/tr>\r\n            <tr>\r\n                <td><i class=\"fas fa-check-square\"><\/i><\/td>\r\n                <td><span class=\"ul\">Nur 1 Ger\u00e4t sch\u00fctzt<\/span> auch gro\u00dfe H\u00e4user und Wohnungen.<\/td>\r\n            <\/tr>\r\n            <tr>\r\n                <td><i class=\"fas fa-check-square\"><\/i><\/td>\r\n                <td>Preis: 169,- EUR. Keine Versandkosten. <span class=\"ul\">F\u00fcr jeden (hoffentlich) leistbar.<\/span>\r\n                <\/td>\r\n            <\/tr>\r\n            <\/tbody>\r\n        <\/table>\r\n\t<div class=\"fusion-clearfix\"><\/div><\/div><\/div>\r\n\t<div class=\"fusion-layout-column fusion_builder_column fusion-builder-column-5 fusion_builder_column_1_2 1_2 fusion-one-half fusion-column-last\" style=\"width:50%;width:calc(50% - ( ( 2% ) * 0.5 ) );margin-top:0px;margin-bottom:0px;\"><div class=\"fusion-column-wrapper fusion-flex-column-wrapper-legacy\" style=\"background-position:left top;background-repeat:no-repeat;-webkit-background-size:cover;-moz-background-size:cover;-o-background-size:cover;background-size:cover;padding: 0px 0px 0px 0px;\">\r\n        <a class=\"fusion-modal-text-link\" data-toggle=\"modal\" data-target=\".fusion-modal.modal01\" href=\"#\">\r\n        <img src=\"https:\/\/www.elektrosmoghilfe.com\/erdstrahlen\/wp-content\/uploads\/images\/schutzkuppel2.jpg\"\r\n             style=\"width: 100%;margin-bottom:10px;\"><br clear='none'>\r\n        <\/a>\r\n        <div class=\"fusion-modal modal fade modal-1 modal01\" tabindex=\"-1\" role=\"dialog\" aria-labelledby=\"modal-heading-1\" aria-hidden=\"true\"><style type=\"text\/css\">.modal-1 .modal-header, .modal-1 .modal-footer{border-color:#ebebeb;}<\/style><div class=\"modal-dialog modal-lg\" role=\"document\"><div class=\"modal-content fusion-modal-content\" style=\"background-color:#ffffff\"><div class=\"modal-header\"><button class=\"close\" type=\"button\" data-dismiss=\"modal\" aria-hidden=\"true\" aria-label=\"Close\">&times;<\/button><h3 class=\"modal-title\" id=\"modal-heading-1\" data-dismiss=\"modal\" aria-hidden=\"true\">Die Hamoni\u00ae Schutzkuppel: Der Harmonisierer sch\u00fctzt eine Halbkugel von ca.\r\n        12m Radius.<\/h3><\/div><div class=\"modal-body fusion-clearfix\">\r\n        <img src=\"https:\/\/www.elektrosmoghilfe.com\/erdstrahlen\/wp-content\/uploads\/images\/schutzkuppel2.jpg\"\r\n             style=\"width: 100%;margin-bottom:10px;\"><br clear='none'>\r\n        <\/div><\/div><\/div><\/div>\r\n        <p class=\"imgDescr1\"><i class=\"fas fa-umbrella info\"><\/i><span class=\"emphLight\">Die Hamoni\u00ae Schutzkuppel:<\/span> Der Harmonisierer sch\u00fctzt eine\r\n            Halbkugel von ca. 12m Radius.\r\n            Er eignet sich damit ideal f\u00fcr den Schutz selbst gro\u00dfer Wohnungen und Einfamilienh\u00e4user.<\/p>\r\n\r\n        <p class=\"imgDescr1\"><i class=\"fas fa-check info\"><\/i><span class=\"emphLight\">Einfache Anwendung:<\/span> Ger\u00e4t wird am passenden Ort am Fu\u00dfboden\r\n            platziert.\r\n            Kurze, gut verst\u00e4ndliche Bedienungsanleitung liegt bei.<\/p>\r\n\r\n        <p class=\"imgDescr1\"><i class=\"fas fa-exclamation-triangle info\"><\/i><span class=\"emphLight\">Insbes. kein Esoterik-Produkt: <\/span>Die &#8222;Blume des Lebens&#8220;<br\/>\r\n            auf dem Ger\u00e4t ist ein blo\u00dfes Designelement.<\/p>\r\n\t<div class=\"fusion-clearfix\"><\/div><\/div><\/div>\r\n\t<\/div>\r\n\t<div class=\"fusion-builder-row fusion-row\">\r\n    <div class=\"fusion-layout-column fusion_builder_column fusion-builder-column-6 fusion_builder_column_1_2 1_2 fusion-one-half fusion-column-first\" style=\"width:50%;width:calc(50% - ( ( 2% ) * 0.5 ) );margin-right: 2%;margin-top:0px;margin-bottom:0px;\"><div class=\"fusion-column-wrapper fusion-flex-column-wrapper-legacy\" style=\"background-position:left top;background-repeat:no-repeat;-webkit-background-size:cover;-moz-background-size:cover;-o-background-size:cover;background-size:cover;padding: 0px 0px 0px 0px;\">\r\n\t<div style=\"width: 320px;margin-left: auto;margin-right: auto;text-align:center;\">\r\n        <a href=\"https:\/\/www.elektrosmoghilfe.com\/erdstrahlen\/der-hamoni-harmonisierer-im-portrait\/\">\r\n            <img src=\"https:\/\/www.elektrosmoghilfe.com\/erdstrahlen\/wp-content\/uploads\/images\/foto_manfred_fennesz.jpg\" style=\"margin-top: 12px;\"> <\/a>\r\n        <table class=\"kontakt\">\r\n            <tr>\r\n                <td colspan=\"2\" style=\"padding-bottom:8px;text-align: center;\"><i class=\"fas fa-question-circle info\"><\/i>Ihre Fragen beantworten wir sehr gerne:<\/td>\r\n            <\/tr>\r\n            <tr>\r\n                <td><a href=\"https:\/\/www.elektrosmoghilfe.com\/erdstrahlen\/kontakt\/\">\r\n                    <i class=\"fas fa-mobile-alt green\"><\/i>\r\n                <\/a><\/td>\r\n                <td><a href=\"https:\/\/www.elektrosmoghilfe.com\/erdstrahlen\/kontakt\/\"><i class=\"fas fa-external-link-alt link-ext\"><\/i>Rufen Sie uns an. Mo-So: 10h-21h.<br clear='none'>0043 676 526 76 40<\/a><\/td>\r\n            <\/tr>\r\n            <tr>\r\n                <td><a href=\"https:\/\/www.elektrosmoghilfe.com\/erdstrahlen\/gratis-rueckruf\/\">\r\n                    <i class=\"fas fa-phone-volume green\"><\/i>\r\n                <\/a><\/td>\r\n                <td><a href=\"https:\/\/www.elektrosmoghilfe.com\/erdstrahlen\/gratis-rueckruf\/\"><i class=\"fas fa-external-link-alt link-ext\"><\/i>Weltweiter Gratis-R\u00fcckruf.<\/a><\/td>\r\n            <\/tr>\r\n            <tr>\r\n                <td><a href=\"mailto:forschung@elektrosmoghilfe.com\">\r\n                    <i class=\"fas fa-envelope-open-text green\"><\/i>\r\n                <\/a><\/td>\r\n                <td><a href=\"mailto:forschung@elektrosmoghilfe.com\"><i class=\"fas fa-external-link-alt link-ext\"><\/i>Schreiben Sie uns.<\/a><\/td>\r\n            <\/tr>\r\n            <td>\r\n                <div class='sprite_icon icon_physiker'><\/div>\r\n            <\/td>\r\n            <td> Physikalisch-technische Fragen<br\/>\r\n                beantwortet Ihnen unser Diplom-Physiker.\r\n            <\/td>\r\n        <\/table>\r\n\t\t<\/div>\r\n    <div class=\"fusion-clearfix\"><\/div><\/div><\/div>\t\r\n    <div class=\"fusion-layout-column fusion_builder_column fusion-builder-column-7 fusion_builder_column_1_2 1_2 fusion-one-half fusion-column-last column\" style=\"width:50%;width:calc(50% - ( ( 2% ) * 0.5 ) );margin-top:0px;margin-bottom:0px;\"><div class=\"fusion-column-wrapper fusion-flex-column-wrapper-legacy\" style=\"background-position:left top;background-repeat:no-repeat;-webkit-background-size:cover;-moz-background-size:cover;-o-background-size:cover;background-size:cover;padding: 0px 0px 0px 0px;\">\r\n    <div id=\"divVertrauen2\" style=\"text-align:center;\">\r\n        <h2 class=\"imgHeader\" style=\"margin-top:12px\">Schenken Sie uns Ihr Vertrauen!<\/h2>\r\n        <p class=\"anwendung\">Der Forschung an Elektrosmog und Erdstrahlung\r\n            haben ich und mein\r\n            Forschungsteam viele Lebensjahre gewidmet.\r\n            Das Produkt dieser Anstrengung ist der Hamoni\u00ae Harmonisierer. Wir haben uns bem\u00fcht, den Harmonisierer so\r\n            leistbar wie m\u00f6glich zu machen, damit er einer gr\u00f6\u00dftm\u00f6glichen Zahl von Menschen helfen kann. <\/p>\r\n\r\n        <p style=\"line-height: 20px;\"><span class=\"markO\">Denn nicht Geld, sondern erst die R\u00fcckmeldungen von dankbaren Kunden geben uns eine wirklich zufriedenstellende Motivation f\u00fcr unsere Arbeit.<\/span>\r\n        <\/p>\r\n        <img src=\"https:\/\/www.elektrosmoghilfe.com\/erdstrahlen\/wp-content\/uploads\/images\/unterschrift_manfred_fennesz.png\">\r\n\r\n        <p class=\"anwendung\"><i>Ihr Manfred Fennesz,\r\n            Entwickler des Hamoni\u00ae Harmonisierers in 2. Familiengeneration\r\n            und Leiter des Hamoni\u00ae Forschungsteams<\/i><\/p>\r\n    <\/div>\r\n\t<div class=\"fusion-clearfix\"><\/div><\/div><\/div>\r\n\t<\/div>\r\n<\/div>\r\n<style type=\"text\/css\">.fusion-fullwidth.fusion-builder-row-1 { overflow:visible; }<\/style><\/div>","protected":false},"excerpt":{"rendered":"","protected":false},"author":1,"featured_media":0,"parent":0,"menu_order":0,"comment_status":"closed","ping_status":"closed","template":"","meta":[],"_links":{"self":[{"href":"https:\/\/www.elektrosmoghilfe.com\/erdstrahlen\/wp-json\/wp\/v2\/pages\/838"}],"collection":[{"href":"https:\/\/www.elektrosmoghilfe.com\/erdstrahlen\/wp-json\/wp\/v2\/pages"}],"about":[{"href":"https:\/\/www.elektrosmoghilfe.com\/erdstrahlen\/wp-json\/wp\/v2\/types\/page"}],"author":[{"embeddable":true,"href":"https:\/\/www.elektrosmoghilfe.com\/erdstrahlen\/wp-json\/wp\/v2\/users\/1"}],"replies":[{"embeddable":true,"href":"https:\/\/www.elektrosmoghilfe.com\/erdstrahlen\/wp-json\/wp\/v2\/comments?post=838"}],"version-history":[{"count":21,"href":"https:\/\/www.elektrosmoghilfe.com\/erdstrahlen\/wp-json\/wp\/v2\/pages\/838\/revisions"}],"predecessor-version":[{"id":2573,"href":"https:\/\/www.elektrosmoghilfe.com\/erdstrahlen\/wp-json\/wp\/v2\/pages\/838\/revisions\/2573"}],"wp:attachment":[{"href":"https:\/\/www.elektrosmoghilfe.com\/erdstrahlen\/wp-json\/wp\/v2\/media?parent=838"}],"curies":[{"name":"wp","href":"https:\/\/api.w.org\/{rel}","templated":true}]}}