{"id":588,"date":"2016-07-01T23:34:57","date_gmt":"2016-07-01T23:34:57","guid":{"rendered":"http:\/\/localhost\/hamoni8b\/?page_id=588"},"modified":"2021-07-13T04:48:03","modified_gmt":"2021-07-13T04:48:03","slug":"kontakt","status":"publish","type":"page","link":"https:\/\/www.elektrosmoghilfe.com\/erdstrahlen\/kontakt\/","title":{"rendered":"Kontakt"},"content":{"rendered":"<div class=\"fusion-fullwidth fullwidth-box fusion-builder-row-1 nonhundred-percent-fullwidth non-hundred-percent-height-scrolling\" style=\"background-color: rgba(255,255,255,0);background-position: left top;background-repeat: no-repeat;padding-top:20px;padding-right:0px;padding-bottom:0px;padding-left:0px;margin-bottom: 0px;margin-top: 0px;border-width: 0px 0px 0px 0px;border-color:#eae9e9;border-style:solid;\" id=\"kontakt_container\" ><div class=\"fusion-builder-row fusion-row\">\r\n<div class=\"fusion-layout-column fusion_builder_column fusion-builder-column-0 fusion_builder_column_2_5 2_5 fusion-two-fifth fusion-column-first\" style=\"width:37.6%; margin-right: 4%;margin-top:0px;margin-bottom:0px;\" id=\"kontakt_div\"><div class=\"fusion-column-wrapper fusion-flex-column-wrapper-legacy\" style=\"background-position:left top;background-repeat:no-repeat;-webkit-background-size:cover;-moz-background-size:cover;-o-background-size:cover;background-size:cover;padding: 0px 0px 0px 0px;\">\r\n<div class=\"fusion-text fusion-text-1\"><h1 class=\"subpage contact\">Kontakt<\/h1>\n<hr class=\"contact\" \/>\n<h2 class=\"subpage contact\"><i class=\"fas fa-globe-americas\"><\/i>Adresse<\/h2>\n<p class=\"contact\">Hamoni\u00ae Forschungsteam<br clear='none'>\nz.Hd. Manfred Fennesz<br clear='none'>\nAmtshausgasse 3-5\/3\/R01<br clear='none'>\n1050 Wien<br clear='none'>\n\u00d6sterreich<\/p>\n<h2 class=\"subpage contact\"><i class=\"fas fa-mobile-alt\"><\/i>Telefon (Mo-So, 10h-21h)<\/h2>\n<p class=\"contact contact2\"><i class=\"fas fa-question icon1\"><\/i>&nbsp;<span class=\"light\">Fragen zum Ger\u00e4t:<\/span><br clear='none'>\nManfred Fennesz: 0043 676 526 7640<\/p>\n<p class=\"contact contact2\"><i class=\"fas fa-box icon1\"><\/i>&nbsp;<span class=\"light\">Fragen zur Bestellung:<\/span><br clear='none'>\nChrista Zauner: 0043 680 237 1908<\/p>\n<p class=\"contact\"><i class=\"fas fa-truck icon1\"><\/i>&nbsp;Produktion und Versand<br clear='none'>(f\u00fcr Lieferanten etc.):<br clear='none'>\nKontakt: Julia B\u00fchringer<br clear='none'><\/p>\n<h2 class=\"subpage contact\"><i class=\"fas fa-phone-volume\"><\/i>Gratis-R\u00fcckruf<\/h2>\n<p class=\"contact\">\n<a href=\"https:\/\/www.elektrosmoghilfe.com\/erdstrahlen\/gratis-rueckruf\/\">\n<i class=\"fas fa-external-link-alt link-ext\"><\/i>Neu: Nutzen Sie unseren\nweltweiten Gratis-R\u00fcckruf f\u00fcr Beratung durch unseren Physiker\nDipl.-Ing. Erkinger<\/a><\/p>\n<h2 class=\"subpage contact\"><i class=\"fas fa-envelope-open-text\"><\/i>Email<\/h2>\n<p class=\"contact\"><a href=\"mailto:forschung@elektrosmoghilfe.com\"><i class=\"fas fa-external-link-alt link-ext\"><\/i>forschung@elektrosmoghilfe.com<\/a><\/p>\n<h2 class=\"subpage contact\"><i class=\"fas fa-microphone\"><\/i>Interviews, Presseanfragen etc.<\/h2>\n<p class=\"contact\">F\u00fcr Interviews stehen wir gerne zur Verf\u00fcgung. Aus Zeitgr\u00fcnden k\u00f6nnen wir allerdings keine weiten Reisen\nunternehmen. Sie m\u00fcssten also am besten zu uns vor Ort kommen (wir bitten um vorherige Reservierung eines Termins).<\/p>\n<\/div>\r\n<div class=\"fusion-clearfix\"><\/div><\/div><\/div>\r\n<div class=\"fusion-layout-column fusion_builder_column fusion-builder-column-1 fusion_builder_column_3_5 3_5 fusion-three-fifth fusion-column-last map_box\" style=\"width:58.4%;margin-top:0px;margin-bottom:20px;\" id=\"map_kontakt\"><div class=\"fusion-column-wrapper fusion-flex-column-wrapper-legacy\" style=\"background-position:left top;background-repeat:no-repeat;-webkit-background-size:cover;-moz-background-size:cover;-o-background-size:cover;background-size:cover;padding: 0px 0px 0px 0px;\">\r\n\t\t\t\t\t<script type=\"text\/javascript\">\n\t\t\t\t\t\tvar map_fusion_map_69d64ba6910d7;\n\t\t\t\t\t\tvar markers = [];\n\t\t\t\t\t\tvar counter = 0;\n\t\t\t\t\t\t\t\t\t\t\t\t\t\t\t\t\t\t\t\tvar fusionMapNonce = 'bfa79196d8';\n\t\t\t\t\t\t\t\t\t\t\t\tfunction fusion_run_map_fusion_map_69d64ba6910d7() {\n\t\t\t\t\t\t\tjQuery('#fusion_map_69d64ba6910d7').fusion_maps({\n\t\t\t\t\t\t\t\taddresses: [{\"address\":\"Amtshausgasse 3-5\\\/3\\\/R01, 1050 Wien, Austria \",\"infobox_content\":\"<i class='fas fa-building'><\\\/i>\\u00a0\\u00a0Hamoni\\u00ae Forschungsteam, Administration<br clear='none'>Amtshausgasse 3-5\\\/3\\\/R01, 1050 Wien<br clear='none'>0043 676 526 76 40 \",\"marker\":\"https:\\\/\\\/www.elektrosmoghilfe.com\\\/erdstrahlen\\\/wp-content\\\/uploads\\\/images\\\/Hamoni_Logo_Pyramide_small.png\",\"coordinates\":false,\"cache\":false},{\"address\":\" Neudauerstra\\u00dfe 14, 3420 Klosterneuburg \",\"infobox_content\":\" <i class='fas fa-industry'><\\\/i>\\u00a0\\u00a0Produktionsst\\u00e4tte und Versand<br clear='none'>Neudauerstra\\u00dfe 14, 3420 Klosterneuburg \",\"marker\":\"https:\\\/\\\/www.elektrosmoghilfe.com\\\/erdstrahlen\\\/wp-content\\\/uploads\\\/images\\\/Hamoni_Logo_Pyramide_small.png\",\"coordinates\":false,\"cache\":true,\"latitude\":\"48.3365369\",\"longitude\":\"16.2951536\"},{\"address\":\" Millergasse 32, 1060 Wien\",\"infobox_content\":\" <i class='fas fa-microscope'><\\\/i>\\u00a0\\u00a0Elektroniklabor, 3D-Druck<br clear='none'>Millergasse 32, 1060 Wien\",\"marker\":\"https:\\\/\\\/www.elektrosmoghilfe.com\\\/erdstrahlen\\\/wp-content\\\/uploads\\\/images\\\/Hamoni_Logo_Pyramide_small.png\",\"coordinates\":false,\"cache\":true,\"latitude\":\"48.1940068\",\"longitude\":\"16.3428022\"}],\n\t\t\t\t\t\t\t\tanimations: true,\n\t\t\t\t\t\t\t\tinfobox_background_color: '#fff',\n\t\t\t\t\t\t\t\tinfobox_styling: 'custom',\n\t\t\t\t\t\t\t\tinfobox_text_color: '#000',\n\t\t\t\t\t\t\t\tmap_style: 'custom',\n\t\t\t\t\t\t\t\tmap_type: 'roadmap',\n\t\t\t\t\t\t\t\tmarker_icon: 'https:\/\/www.elektrosmoghilfe.com\/erdstrahlen\/wp-content\/uploads\/images\/Hamoni_Logo_Pyramide_small.png',\n\t\t\t\t\t\t\t\toverlay_color: '',\n\t\t\t\t\t\t\t\toverlay_color_hsl: {\"hue\":0,\"sat\":0,\"lum\":100},\n\t\t\t\t\t\t\t\tpan_control: true,\n\t\t\t\t\t\t\t\tshow_address: true,\n\t\t\t\t\t\t\t\tscale_control: true,\n\t\t\t\t\t\t\t\tscrollwheel: true,\n\t\t\t\t\t\t\t\tzoom: 11,\n\t\t\t\t\t\t\t\tzoom_control: true,\n\t\t\t\t\t\t\t});\n\t\t\t\t\t\t}\n\n\t\t\t\t\t\tgoogle.maps.event.addDomListener(window, 'load', fusion_run_map_fusion_map_69d64ba6910d7);\n\t\t\t\t\t<\/script>\n\t\t\t\t\t<div class=\"shortcode-map fusion-google-map fusion-maps-js-type\" style=\"height:500px;width:100%;\" id=\"fusion_map_69d64ba6910d7\"><\/div>\r\n<h2 class=\"subpage contact\"><i class=\"fas fa-user-md\"><\/i>Aufruf an interessierte Vertriebspartner:<\/h2>\r\n<p class=\"contact\" style=\"margin-left:0px\">Sie sind Arzt, Heilpraktiker bzw. allgemein am Vertrieb der Hamoni\u00ae Harmonisierer interessiert? \r\nMelden Sie sich bei Interesse gerne bei uns.<\/p>\r\n<h2 class=\"subpage contact\"><i class=\"fas fa-medkit\"><\/i>Kennen Sie schon den Hamoni\u00ae Edelschungit?<\/h2>\r\n<p class=\"contact\" style=\"margin-left:0px\">Das hochwirksame Naturheilmittel aus Russland.<\/p>\r\n<a href=\"https:\/\/www.heilschungit.com\/\">\r\n<img src=\"https:\/\/www.elektrosmoghilfe.com\/erdstrahlen\/wp-content\/uploads\/images\/kennen_sie_den_hamoni_edelschungit_02.jpg\" alt=\"Hamoni\u00ae Edelschungit\" style=\"margin-top: -20px;\" \/>\r\n<\/a>\r\n<div class=\"fusion-clearfix\"><\/div><\/div><\/div>\r\n<div class=\"fusion-layout-column fusion_builder_column fusion-builder-column-2 fusion_builder_column_1_1 1_1 fusion-one-full fusion-column-first fusion-column-last\" style=\"margin-top:0px;margin-bottom:0px;\" id=\"impressum_div\"><div class=\"fusion-column-wrapper fusion-flex-column-wrapper-legacy\" style=\"background-position:left top;background-repeat:no-repeat;-webkit-background-size:cover;-moz-background-size:cover;-o-background-size:cover;background-size:cover;padding: 0px 0px 0px 0px;\">\r\n<div class=\"fusion-text fusion-text-2\"><h1 class=\"subpage contact\">Impressum<\/h1>\n<hr class=\"contact\" \/>\n<img class=\"wegweiser\" src=\"https:\/\/www.elektrosmoghilfe.com\/erdstrahlen\/wp-content\/uploads\/images\/hamoni_firmenwegweiser.jpg\" alt=\"Wegweiser Hamoni\" \/><\/p>\n<h2 class=\"subpage contact\"><i class=\"fas fa-users\"><\/i>Firmeninformation<\/h2>\n<p class=\"contact\">\nHamoni Vital Forschungs GmbH<br clear='none'>\nAmtshausgasse 3-5\/3\/R01<br clear='none'>\n1050 Wien<br clear='none'>\n\u00d6sterreich\n<\/p>\n<p class=\"contact\">\nFirmenbuchnummer: 554778a<br clear='none'>\nFirmensitz und Handelsgericht: Wien<br clear='none'>\nGesch\u00e4ftsf\u00fchrer: Manfred Fennesz\n<\/p>\n<div style=\"clear: both;\"><\/div>\n<h2 class=\"subpage contact\"><i class=\"fas fa-credit-card\"><\/i>Bankverbindungen<\/h2>\n<div style=\"clear: both;\"><\/div>\n<div class=\"table-1 contact\">\n<table>\n<tbody>\n<tr>\n<td class=\"header\" colspan=\"2\">Konto Deutschland<\/td>\n<\/tr>\n<tr>\n<td>Empf\u00e4nger<\/td>\n<td>Manfred Fennesz<\/td>\n<\/tr>\n<tr>\n<td>Bank<\/td>\n<td>Deutsche Bank<\/td>\n<\/tr>\n<tr>\n<td>IBAN<\/td>\n<td>DE25&nbsp;7007&nbsp;0024&nbsp;0190&nbsp;5835&nbsp;00<\/td>\n<\/tr>\n<tr>\n<td>BIC<\/td>\n<td>DEUTDEDBMUC<\/td>\n<\/tr>\n<\/tbody>\n<\/table>\n<\/div>\n<div class=\"table-1 contact konto2\">\n<table>\n<tbody>\n<tr>\n<td class=\"header\" colspan=\"2\">Konto \u00d6sterreich<\/td>\n<\/tr>\n<tr>\n<td>Empf\u00e4nger<\/td>\n<td>Hamoni Vital Forschungs GmbH<\/td>\n<\/tr>\n<tr>\n<td>Bank<\/td>\n<td>Erste Bank<\/td>\n<\/tr>\n<tr>\n<td>IBAN<\/td>\n<td>AT81&nbsp;2011&nbsp;1843&nbsp;9492&nbsp;6500<\/td>\n<\/tr>\n<tr>\n<td>BIC<\/td>\n<td>GIBAATWWXXX<\/td>\n<\/tr>\n<\/tbody>\n<\/table>\n<\/div>\n<div style=\"clear: both;\"><\/div>\n<h2 class=\"subpage contact\"><i class=\"fas fa-balance-scale\"><\/i>Rechtliche Angaben<\/h2>\n<p class=\"contact\">EU-UST-ID: ATU76934114\nSteuernummer: 07 396\/7374\nEORI-Nummer: ATEOS1000115976<\/p>\n<h2 class=\"subpage contact\"><i class=\"fas fa-users-cog\"><\/i>Firmeninformation im Detail<\/h2>\n<p class=\"contact\"><a href=\"http:\/\/firmen.wko.at\/Web\/DetailsInfos.aspx?FirmaID=478670ea-52dd-4c66-b6a5-93fe5f361c76\">\n<i class=\"fas fa-external-link-alt link-ext\"><\/i>Detaillierte Firmeninformationen\nder Wirtschaftskammer \u00d6sterreichs,\nInformationen lt. E-Commerce-Gesetz\nund Mediengesetz der Republik \u00d6sterreich\n<\/a><\/p>\n<p class=\"contact\">\nAlternative Streitbeilegung:<br clear='none'>\nDie Europ\u00e4ische Kommission stellt eine Plattform f\u00fcr die au\u00dfergerichtliche Online-Streitbeilegung (OS-Plattform) bereit, \naufrufbar unter <a href=\"https:\/\/ec.europa.eu\/odr\"><i class=\"fas fa-external-link-alt link-ext\"><\/i>https:\/\/ec.europa.eu\/odr.<\/a>\n<\/p>\n<h2 class=\"subpage contact\"><i class=\"fas fa-images\"><\/i>Bildnachweis<\/h2>\n<p class=\"contact\">\nAlle Bilder bzw. Grafiken selbst photographiert bzw. gezeichnet oder<br clear='none'>\nlizenziert von <a href=\"https:\/\/www.bigstockphoto.com\"><i class=\"fas fa-external-link-alt link-ext\"><\/i>www.bigstockphoto.com<\/a><\/p>\n<\/div>\r\n<div class=\"fusion-clearfix\"><\/div><\/div><\/div><\/div><\/div>","protected":false},"excerpt":{"rendered":"","protected":false},"author":1,"featured_media":0,"parent":0,"menu_order":0,"comment_status":"closed","ping_status":"closed","template":"","meta":[],"_links":{"self":[{"href":"https:\/\/www.elektrosmoghilfe.com\/erdstrahlen\/wp-json\/wp\/v2\/pages\/588"}],"collection":[{"href":"https:\/\/www.elektrosmoghilfe.com\/erdstrahlen\/wp-json\/wp\/v2\/pages"}],"about":[{"href":"https:\/\/www.elektrosmoghilfe.com\/erdstrahlen\/wp-json\/wp\/v2\/types\/page"}],"author":[{"embeddable":true,"href":"https:\/\/www.elektrosmoghilfe.com\/erdstrahlen\/wp-json\/wp\/v2\/users\/1"}],"replies":[{"embeddable":true,"href":"https:\/\/www.elektrosmoghilfe.com\/erdstrahlen\/wp-json\/wp\/v2\/comments?post=588"}],"version-history":[{"count":25,"href":"https:\/\/www.elektrosmoghilfe.com\/erdstrahlen\/wp-json\/wp\/v2\/pages\/588\/revisions"}],"predecessor-version":[{"id":2189,"href":"https:\/\/www.elektrosmoghilfe.com\/erdstrahlen\/wp-json\/wp\/v2\/pages\/588\/revisions\/2189"}],"wp:attachment":[{"href":"https:\/\/www.elektrosmoghilfe.com\/erdstrahlen\/wp-json\/wp\/v2\/media?parent=588"}],"curies":[{"name":"wp","href":"https:\/\/api.w.org\/{rel}","templated":true}]}}