{"id":2379,"date":"2020-09-25T15:51:36","date_gmt":"2020-09-25T15:51:36","guid":{"rendered":"https:\/\/www.elektrosmoghilfe.com\/erdstrahlen\/?page_id=2379"},"modified":"2020-09-28T22:41:09","modified_gmt":"2020-09-28T22:41:09","slug":"hamoni-harmonisierer-stationaer-und-hamoni-harmonisierer-mobil-erfahrungsbericht-wirkung-bei-5g","status":"publish","type":"page","link":"https:\/\/www.elektrosmoghilfe.com\/erdstrahlen\/hamoni-harmonisierer-stationaer-und-hamoni-harmonisierer-mobil-erfahrungsbericht-wirkung-bei-5g\/","title":{"rendered":"Hamoni\u00ae Harmonisierer Station\u00e4r und Hamoni\u00ae Harmonisierer Mobil: Erfahrungsbericht Wirkung bei 5G"},"content":{"rendered":"<div class=\"fusion-fullwidth fullwidth-box fusion-builder-row-1 nonhundred-percent-fullwidth non-hundred-percent-height-scrolling\" style=\"background-color: rgba(255,255,255,0);background-position: left top;background-repeat: no-repeat;padding-top:0px;padding-right:0px;padding-bottom:0px;padding-left:0px;margin-bottom: 0px;margin-top: 0px;border-width: 0px 0px 0px 0px;border-color:#eae9e9;border-style:solid;\" ><div class=\"fusion-builder-row fusion-row\">\r\n<div class=\"fusion-layout-column fusion_builder_column fusion-builder-column-0 fusion_builder_column_2_3 2_3 fusion-two-third fusion-column-first threefifth1\" style=\"width:65.3333%; margin-right: 4%;margin-top:0px;margin-bottom:0px;\" id=\"columnMain\"><div class=\"fusion-column-wrapper fusion-flex-column-wrapper-legacy\" style=\"background-position:left top;background-repeat:no-repeat;-webkit-background-size:cover;-moz-background-size:cover;-o-background-size:cover;background-size:cover;padding: 0px 0px 0px 0px;\">\r\n<div class=\"fusion-text fusion-text-1\"><\/div>\r\n<h1 class=\"subpage\">Erfahrungsbericht zur Wirkung des Hamoni\u00ae Harmonisierer Station\u00e4r und\r\nHamoni\u00ae Harmonisierer Mobil bei 5G<br clear='none'>\r\n<span class=\"h1SubTitle\">Herr F.&nbsp;R., Kunde aus der N\u00e4he von Sch\u00e4rding, Ober\u00f6sterreich<\/span><\/h1>\r\n\t\r\n<p class=\"anwendung fs16 sum\">\r\n<span class=\"emphDark\">\r\nHerr R. hatte uns einen 3&frac12; Seiten langen Brief geschrieben, in dem er\r\ndie Wirkung des Harmonisierers bei Belastung durch 5G beschreibt. Herr R. schrieb\r\nuns den Brief im Fr\u00fchjahr 2020, hatte also schon die neue, 5G-f\u00e4hige Version des\r\nHarmonisierers im Einsatz. Alle station\u00e4ren Harmonisierer seit Baudatum Juli 2019 \r\nund alle mobilen Harmonisierer seit Baudatum November 2019 sind 5G-f\u00e4hig.\r\n<\/span>\r\n<\/p>\r\n\r\n<p class=\"anwendung report report2\">\r\n    \u201eLieber Herr Fennesz!\r\n<\/p>\r\n\r\n<p class=\"anwendung report report2 indent2\">\r\nWie versprochen berichte ich ihnen jetzt, ein paar Wochen nach Erhalt des Hamoni Harmonisierers, von einigen Erfahrungen,\r\ndie ich mit ihm machen durfte. Zuerst aber zur Vorgeschichte und zu den Gr\u00fcnden, warum ich den Hamoni bestellte und wie ich\r\nihn zuf\u00e4llig im Internet entdeckte.\r\n<\/p>\r\n\r\n<p class=\"anwendung report report2 indent2\">\r\nWie allseits bekannt, will die Bundesregierung das 5G Netz bis 2030 in ganz \u00d6sterreich fl\u00e4chendeckend ausbauen.\r\nEinige Gegenden wurden ausgew\u00e4hlt als erste, also schon heuer, mit dieser Technologie &#8222;begl\u00fcckt&#8220; zu werden, so auch\r\ndie Gegend, in der meine Frau und ich mit einem Kater und Aquarienfischen in einem sch\u00f6nen Haus in Holzriegelbauweise\r\nwohnen.\r\n<\/p>\r\n\r\n<p class=\"anwendung report report2 indent2\">\r\nWir verwendeten mehrere Jahre lang zur Minderung der Elektrosmogbelastung ein Hilfsmittel, das, wie sich\r\nherausstellte, nur bis zu 4G wirksam ist und daher mit 5G \u00fcberfordert erscheint. So stieg nach Aufstellen eines\r\n5G Mastens in unmittelbarer N\u00e4he zu unserem Haus die Elektrosmogbelastung immens an. Wir glaubten schon, zumindest\r\nzeitweilig, ausziehen zu m\u00fcssen. Die Pflanzen drohten abzusterben und das Gesicht des Katers wurde immer l\u00e4nger etc.\r\n<\/p>\r\n\r\n<p class=\"anwendung report report2 indent2\">\r\nIn dieser Notsituation &#8222;servierte&#8220; mir die Google Suchmaschine, neben vielen anderen Produkten, ihren Hamoni Harmonisierer,\r\nden ich in banger Hoffnung sogleich bestellte. Die Zeit bis zu seinem Eintreffen empfanden wir als fast unertr\u00e4glich\r\nlange. Als es endlich so weit war und ich ihn endlich gem\u00e4\u00df der Anleitung aufstellen konnte, sp\u00fcrte ich sofort seine\r\nWirkung, worauf mir ein riesen Stein vom Herzen fiel. Am Telefon best\u00e4tigten sie mir noch dazu, dass die Form unseres Hauses ideal dieser Wirkung entgegengekommt.\r\nSeit Installation des Harmonisierers reduzieren wir daher auch die Verwendung des anderen Hilfsmittels nach und\r\nnach und verwenden es jetzt nur mehr zur Energetisierung der Lebensmittel.\r\n<\/p>\r\n\r\n<p class=\"anwendung report report2 indent2\">\r\nNat\u00fcrlich wurden wir auch neugierig auf den mobilen Harmonisierer. Nach \u00dcberwindung einiger\r\nHindernisse trafen zwei von ihnen, etwas versp\u00e4tet, bei uns ein. Vielleicht ist es gut, dass es\r\nzu dieser Versp\u00e4tung kam, da die Gew\u00f6hnung an den station\u00e4ren Hamoni doch einiger Zeit bei uns\r\nbedurfte. Seit ungef\u00e4hr zwei Wochen ist mir jedoch der mobile Hamoni ein steter Begleiter au\u00dferhalb\r\ndes Hauses geworden. Zuerst trug ich ihn in der Tasche, seit ein paar Tagen trage ich ihn um den\r\nHals geh\u00e4ngt. In Zukunft werde ich ihn auch noch in Kombination mit einem Halsbandanh\u00e4nger ausprobieren.\r\n<\/p>\r\n\r\n<p class=\"anwendung report report2 indent2\">\r\nAuf jeden Fall ist seine Wirkung geradezu gro\u00dfartig.\r\nSo danke ich ihnen und ihrem Forschungsteam von ganzem Herzen f\u00fcr ihre\r\nBem\u00fchungen, von denen aber nur solche Menschen profitieren werden, die sich\r\nder Gefahren von Elektrosmog bewusst sind, und ich w\u00fcnsch ihnen noch viel\r\nFreude und Erfolg bei ihrer weiteren Arbeit!\r\n<\/p>\r\n\r\n<p class=\"anwendung report report2 \">\r\nHochachtungsvoll\r\nF.&nbsp;R.&#8220;\r\n<\/p>\r\n\r\n<p class=\"anwendung\" style=\"text-align:center;margin-bottom:12px\">\r\n    <img style=\"margin-top: 0px;\" src=\"https:\/\/www.elektrosmoghilfe.com\/erdstrahlen\/wp-content\/uploads\/images\/5G_massive_MIMO_Antenne_Ericsson_AIR_6488.jpg\"\r\n         alt=\"5G massive MIMO Antenne Ericsson AIR 6488 Innenleben mit 64 Sendeelementen\">\r\n<span class=\"emphDark fs14\">\r\nEin 5G mMIMO (massive MIMO) Antenne:<\/span> Im Bild sehen sie die Ericsson AIR 6488, die wohl verbreitetste 5G-Antenne\r\nderzeit. Es gibt keine &#8222;typische 5G-Antenne&#8220;, denn 5G setzt sowohl auf aktive als auch auf passive Antennen.\r\nPassive Antennen sind die Ihnen wohlbekannten Antennen aus der Vergangenheit. Aktive Antennen sind eine\r\nNeuheit bei 5G. Sie bestehen aus viel mehr Antennenelementen als passive Antennen, die Ericsson Air im Bild\r\nhat 64 davon (die runden metallischen Pl\u00e4ttchen). Der 5G-Standard erlaubt bis zu 256 solcher einzelnen\r\nAntennenelemente. Da das Thema Antennentechnologie im 5G-Zeitalter so wichtig ist, kommt ein eigener\r\nArtikel und ein Video zu diesem Thema von uns. Wir bitten noch um etwas Geduld.\r\n\r\n<\/p>\r\n\r\n<h2>Unsere Anmerkungen<\/h2>\r\n\r\n<p class=\"anwendung\">\r\n<span class=\"emphDark fs16\">\r\n1) &#8222;&#8230;will die Bundesregierung das 5G Netz bis 2030 in ganz \u00d6sterreich fl\u00e4chendeckend ausbauen.&#8220;\r\n<\/span>\r\nWir halten diesen Zeitplan f\u00fcr deutlich zu konservativ gesch\u00e4tzt. Nachdem die niedrigeren 5G-Frequenzen\r\nf\u00fcr die Fl\u00e4chenabdeckung im Jahr 2020 versteigert wurden, sollte es sehr z\u00fcgig mit dem Ausbau vorangehen.\r\nDer Marktf\u00fchrer A1 hat beispielsweise schon lange vor Versteigerung der Frequenzen neue Antennen montiert,\r\ndie nun nur noch freigeschalten werden m\u00fcssen. Wir rechnen mit einem vollfl\u00e4chigen Ausbau in \u00d6sterreich\r\nbis sp\u00e4testens 2025. \r\n<\/p>\r\n<p class=\"anwendung\">\r\nIn Deutschland, wo die niedrigen Frequenzen f\u00fcr die Fl\u00e4chenabdeckung schon deutlich \r\nfr\u00fcher versteigert wurden, ging der Ausbau, zumindest bei der Telekom, sehr schnell. Mittlerweile wird\r\ndie H\u00e4lfte der Bev\u00f6lkerung mit 5G versorgt,\r\n<a href=\"https:\/\/www.elektrosmoghilfe.com\/erdstrahlen\/gibt-es-an-meinem-wohnort-schon-5g-abfrage-der-5g-abdeckung-fuer-deutschland\/\"><i class=\"fas fa-external-link-alt link-ext\"><\/i>\r\nsiehe unsere aktuelle 5G-Abdeckungskarte f\u00fcr Deutschland.\r\n<\/a>\r\nDie erste H\u00e4lfte l\u00e4sst sich immer deutlich schneller versorgen als die zweite H\u00e4lfte der Bev\u00f6lkerung, da\r\nanfangs die Ballungsgebiete und Verkehrswege versorgt werden, die weniger Aufwand pro Person ben\u00f6tigen.\r\nDie Versorgung der zweiten H\u00e4lfte der Bev\u00f6lkerung, insbes. im l\u00e4ndlichen Raum, wird daher deutlich l\u00e4nger \r\nin Anspruch nehmen, aber <span class=\"emphLight fs16\">bis 2025 sollte es auch in Deutschland praktische Vollabdeckung (95%) mit 5G geben.<\/span>\r\n<\/p>\r\n<p class=\"anwendung\">\r\n<span class=\"emphDark fs16\">\r\n2) &#8222;&#8230;in einem sch\u00f6nen Haus in Holzriegelbauweise wohnen.&#8220;\r\n<\/span>\r\nDie Holzriegelbauweise wird immer beliebter, da sie ein sehr schnelles und g\u00fcnstiges Bauen\r\nerm\u00f6glicht. Die W\u00e4nde werden dabei, oft in Fertigteilbauweise, mit Holzbalken konstruiert,\r\ndie Zwischenr\u00e4ume ged\u00e4mmt (z.B. mit Styropor, Glaswolle oder Zellulose), als Abschluss dienen\r\nOSB-Platten (Spanplatten) sowie Verputz. <span class=\"emphLight fs16\">Wenn es um das Thema Elektrosmog geht, hat die Bauweise\r\nallerdings einen gro\u00dfen Nachteil gegen\u00fcber anderen Bauweisen.<\/span>\r\n<\/p>\r\n<p class=\"anwendung indent2\">\r\nEinerseits sind die verwendeten Baustoffe (Holz und D\u00e4mmmaterial) in dieser Bauweise sehr gute\r\nelektrische Isolatoren. Dadurch gibt es kaum Verbindung mit dem Erdpotential und es k\u00f6nnen sich\r\nim ung\u00fcnstigen Fall teils <span class=\"emphDark fs16\">hohe elektrische Felder<\/span> aufbauen, da die Ladungstr\u00e4ger nicht zur Erde abflie\u00dfen\r\nk\u00f6nnen. Dasselbe gilt auch f\u00fcr andere H\u00e4user in Leicht- bzw. Trockenbauweise, wo z.B. auch gerne Gipskartonplatten,\r\ndie ebenfalls kaum leitf\u00e4hig sind, eingesetzt werden.\r\nH\u00e4user in Massivbauweise hingegen zeigen viel weniger Feldauff\u00e4lligkeiten, da deren Baumaterialien\r\nwie Stein, Ziegel oder Beton elektrisch deutlich leitf\u00e4higer sind. Dadurch werden Ladungstr\u00e4ger zur\r\nErde abgeleitet, es k\u00f6nnen sich viel schwerer auff\u00e4llig hohe elektrische Felder bilden. Zudem dringen\r\nelektrische Felder von au\u00dfen (z.B. durch eine elektrische Freileitung verursacht) viel leichter in \r\nHolzriegelh\u00e4user ein.\r\n<\/p>\r\n<p class=\"anwendung indent2\">\r\n<span class=\"emphDark fs16\">\r\nAuch im HF-Bereich (also Strahlung von Handy und WLAN) sind die H\u00e4user in Trockenbauweise am schlechtesten,\r\nwenn es um Elektrosmogbelastung geht.<\/span> Holz oder Gipskartonplatten schw\u00e4chen von au\u00dfen kommende\r\nhochfrequente Strahlung (z.B. von einem Handymasten in der N\u00e4he) kaum ab, H\u00e4user in Massivbauweise d\u00e4mpfen die\r\nStrahlung deutlich besser. Wir vermuten stark, dass die Holzriegel-Bauweise des Hauses, verbunden mit der deutlich\r\nh\u00f6heren Strahlungsleistung durch 5G, f\u00fcr die Probleme von Herrn R. hauptverantwortlich sind.\r\nDetail am Rande: wir haben schon Werbung f\u00fcr Holzh\u00e4user gesehen, die lautete &#8222;Wohnen Sie frei von\r\nElektrosmog in unseren Holzh\u00e4usern!&#8220; So sch\u00f6n das Wohngef\u00fchl in einem Holzhaus auch sein mag: dieses\r\nWerbeargument ist sicher falsch, genau das Gegenteil ist der Fall.\r\n<span class=\"emphLight fs16\">\r\nNur weil ein Baustoff nat\u00fcrlich ist, sagt dies noch lange nichts \u00fcber die Elektrosmogbelastung aus.\r\n<\/span>\r\n<\/p>\r\n<p class=\"anwendung\" style=\"text-align:center\">\r\n    <img style=\"margin-top: 0px;\" src=\"https:\/\/www.elektrosmoghilfe.com\/erdstrahlen\/wp-content\/uploads\/images\/komposition_holzriegelbauweise.jpg\"\r\n         alt=\"Durch 5G belastetes Haus in Holzriegelbauweise\">\r\n<span class=\"emphDark fs14\">\r\nHaus in Holzriegelbauweise:\r\n<\/span>\r\nAus Elektrosmogsicht leider problematisch.\r\n<\/p>\r\n\r\n<p class=\"anwendung\">\r\n<span class=\"emphDark fs16\">\r\n3) &#8222;Wir verwendeten mehrere Jahre lang zur Minderung der Elektrosmogbelastung ein Hilfsmittel, das, wie sich\r\nherausstellte, nur bis zu 4G wirksam ist und daher mit 5G \u00fcberfordert erscheint.&#8220;\r\n<\/span>\r\nHerr R. erw\u00e4hnt weiter unten im Brief, dass er mit diesem Hilfsmittel auch &#8222;Lebensmittel energetisiert&#8220;.\r\nLeider hat er keinen Produktnamen genannt, sodass wir nicht wissen, was genau dieses Hilfsmittel ist.\r\nWir nehmen stark an, dass es sich um ein <span class=\"emphLight fs16\">sog. feinstofflich wirkendes<\/span> Produkt handelt, d.h. ein\r\nProdukt, das physikalisch (m\u00f6glicherweise noch) nicht erkl\u00e4rbar ist. \r\n<\/p>\r\n<p class=\"anwendung indent2\">\r\nDer Tenor unserer sehr elektrosensiblen Kunden,\r\ndie schon alles m\u00f6gliche ausprobiert haben, darunter auch viele &#8222;feinstoffliche&#8220; Produkte,\r\nist seit 10 Jahren unisono: <span class=\"emphDark fs16\">diese Produkte wirken bei ihnen entweder nur sehr schwach oder gar nicht.<\/span>\r\nDass so ein Produkt mit &#8222;5G \u00fcberfordert&#8220; (genauer: mit der durch 5G deutlich gestiegenen Strahlungsleistung \u00fcberfordert) ist, \r\nist daher nichts Ungew\u00f6hnliches, ist doch die\r\ndurchschnittliche Strahlungsleistung bei 5G-best\u00fcckten Basisstationen im Schnitt <span class=\"emphLight fs16\">um 68% h\u00f6her als bei 4G-Basisstationen.<\/span>\r\n<a href=\"https:\/\/www.elektrosmoghilfe.com\/erdstrahlen\/wie-stark-strahlen-5g-antennen-exklusive-analyse-des-hamoni-forschungsteams\/\"><i class=\"fas fa-external-link-alt link-ext\"><\/i>\r\nDies haben wir vom Hamoni\u00ae Forschungsteam in einer aufwendigen, exklusiven Untersuchung\r\nan ca. 16.000 Basisstationen ermittelt.\r\n<\/a>\r\n<\/p>\r\n\r\n<p class=\"anwendung\">\r\n<span class=\"emphDark fs16\">\r\n4) &#8222;Am Telefon best\u00e4tigten sie mir noch dazu, dass die Form unseres Hauses ideal dieser Wirkung entgegengekommt.&#8220;\r\n<\/span>\r\nDies ist etwas ungl\u00fccklich bzw. missverst\u00e4ndlich formuliert. Die Form\r\ndes Hauses hat per se nichts mit der Wirkung des Hamoni\u00ae Harmonisierers zu tun. Es ist hier\r\nwohl gemeint, dass das Haus von seiner Gr\u00f6\u00dfe her gut von einem Ger\u00e4t\r\n(Wirkradius: 12m) abgedeckt wird, d.h. dass ein Ger\u00e4t, so wie in den meisten\r\nAnwendungsf\u00e4llen, f\u00fcr das Haus von Herrn R. ausreichend ist.\r\n<\/p>\r\n\r\n<p class=\"anwendung\">\r\n<span class=\"emphDark fs16\">\r\n5) &#8222;Als es endlich so weit war und ich ihn endlich gem\u00e4\u00df der Anleitung aufstellen konnte, sp\u00fcrte ich sofort seine\r\nWirkung, worauf mir ein riesen Stein vom Herzen fiel.&#8220;\r\n<\/span>\r\nNormalerweise sp\u00fcrt der &#8222;Durchschnittsmensch&#8220; die Wirkung des Harmonisierers nicht so schnell. Die Erfahrung\r\nvon Herrn R. l\u00e4sst daher vermuten, dass er besonders (elektro-)sensibel ist. \r\n<\/p>\r\n<p class=\"anwendung indent2\">\r\nBeim &#8222;Durchschnittsmenschen&#8220; dauert\r\nes i.d.R. l\u00e4nger, bis bewusst eine Wirkung wahrgenommen wird. Die physikalische Wirkung des Ger\u00e4ts ist wohlgemerkt immer\r\nsofort nach dem Aufstellen vorhanden. Genauer: sie ist schon dann vorhanden, wenn der letzte L\u00f6tpunkt bei uns in der\r\nProduktion gesetzt wird. Bis die Wirkung aber auch bewusst wahrgenommen wird, dauert es i.d.R. einige Zeit, au\u00dfer\r\nman ist sehr (elektro-)sensibel. <span class=\"emphDark fs16\">Am ehesten und schnellsten sollten Sie eine Wirkung bei ihrer Schlafqualit\u00e4t\r\nsp\u00fcren. Die Bandbreite der Zeit, bis eine Wirkung bewusst wahrgenommen wird, kann nach langj\u00e4hriger Erfahrung\r\nmit unseren Kunden zwischen sofort und einigen Wochen liegen.<\/span>\r\n<\/p>\r\n\r\n<p class=\"anwendung\">\r\n<span class=\"emphDark fs16\">\r\n6) &#8222;Nach \u00dcberwindung einiger Hindernisse trafen zwei von ihnen, etwas versp\u00e4tet, bei uns ein.&#8220;\r\n<\/span>\r\nWir nehmen an, dass es hier Probleme bei der Zustellung gab. Wenn man die Zustellfehler\r\nstatistisch betrachtet, sind sie eigentlich nicht gro\u00df (im niedrigen einstelligen Prozentbereich).\r\nAllerdings sind sie im Laufe der Jahre etwas gestiegen, was wahrscheinlich mit der zunehmenden\r\nBelastung der Zusteller zu tun hat. \u00c4rgerlich ist es, wenn ein Zusteller gar nicht probiert, das\r\nPaket pers\u00f6nlich zu \u00fcbergeben, sondern es z.B. aus Zeitdruck gleich in einem Paketshop abgibt.\r\nWenn wir uns bei der Paketfirma in diesen F\u00e4llen beschweren, bekommen wir meist nicht mal eine\r\nAntwort. <span class=\"emphDark fs16\">Deutlich mehr als 90% aller Zustellungen klappen aber reibungslos und im Problemfall k\u00f6nnen\r\nwir i.d.R. immer schnell nachforschen und helfen.<\/span>\r\n<\/p>\r\n\r\n<p class=\"anwendung emphDark fs16 screenPrev\">\r\n<a href=\"https:\/\/www.elektrosmoghilfe.com\/erdstrahlen\/wp-content\/uploads\/documents\/rueckmeldung_5G_Herr_F_R_oberoesterreich_alle_seiten.pdf\">\r\n<i class=\"far fa-file-pdf\"><\/i>&nbsp;Erfahrungsbericht von Herrn F.&nbsp;R. (Scan des Briefes als pdf-Datei)\r\n    <img src=\"https:\/\/www.elektrosmoghilfe.com\/erdstrahlen\/wp-content\/uploads\/images\/rueckmeldung_5G_Herr_F_R_oberoesterreich_alle_seiten.jpg\">\r\n<\/a>\r\n<\/p>\r\n\r\n<p class=\"anwendung\" style=\"margin-top: 24px;\">\r\n<span class=\"emphLight fs14\">Weitere Informationen:<\/span>\r\n<\/p>\r\n\r\n<p id=\"ref01\" class=\"anwendung\">\r\nZum Missbrauch der Quantenphysik durch die Esoterik: H\u00fcmmler, H. G. (2019).   \r\n<a href=\"https:\/\/www.springer.com\/de\/book\/9783662538296\">\r\n<i class=\"fas fa-external-link-alt link-ext\"><\/i>\r\n<span class=\"emphDark fs14\">\r\nRelativer Quantenquark: Kann die moderne Physik die Esoterik belegen?<\/span><\/a>\r\nSpringer-Verlag.\r\n<\/p>\r\n\r\n<div class=\"fusion-clearfix\"><\/div><\/div><\/div>\r\n<div class=\"fusion-layout-column fusion_builder_column fusion-builder-column-1 fusion_builder_column_1_3 1_3 fusion-one-third fusion-column-last twofifth1\" style=\"width:30.6666%;margin-top:0px;margin-bottom:0px;\" id=\"columnSide\"><div class=\"fusion-column-wrapper fusion-flex-column-wrapper-legacy\" style=\"background-position:left\r\ntop;background-repeat:no-repeat;-webkit-background-size:cover;-moz-background-size:cover;-o-background-size:cover;background-size:cover;padding: 0px 0px 0px 0px;\">\r\n\r\n<p class=\"emphDark fs16\" style=\"text-align:center;line-height: 19px;margin-bottom: 0px;\">\r\n    &#8222;Als es endlich so weit war und ich ihn endlich gem\u00e4\u00df der Anleitung aufstellen konnte, sp\u00fcrte ich sofort seine\r\nWirkung, worauf mir ein riesen Stein vom Herzen fiel.&#8220;\r\n<\/p>\r\n\r\n<p class=\"emphLight fs16\" style=\"text-align:center;margin-bottom: 12px;\">\r\n    Herr&nbsp;F.&nbsp;R.\r\n<\/p>\r\n\r\n<img class=\"sidebar\"\r\n     src=\"https:\/\/www.elektrosmoghilfe.com\/erdstrahlen\/wp-content\/uploads\/images\/steigerung_strahlungsleistung_4G_auf_5G.jpg\"\r\n     alt=\"Steigerung der Strahlungsleistung 5G im Vergleich mit 4G Antennen\">\r\n<p class=\"imgDescr\">\r\n<span class=\"emphDark fs14\">\r\nDie deutlich st\u00e4rkere Strahlungsbelastung durch 5G ist nichts\r\nEingebildetes oder eine Verschw\u00f6rungstheorie, sondern ganz real.<\/span>\r\nDie Erfahrung von Herrn R. und seiner Frau sind nichts Ungew\u00f6hnliches,\r\ndenn die durchschnittliche Strahlungsleistung einer 5G-best\u00fcckten\r\nBasisstation ist im Schnitt <span class=\"emphLight fs14\">um 68% gr\u00f6\u00dfer<\/span> als die einer 4G-Basisstation,\r\nwie wir vom Hamoni\u00ae Forschungsteam in einer exklusiven Studie an\r\nca. 16.000 Basisstationen in \u00d6sterreich ermittelt haben.\r\nMehr zu diesem Ergebnis finden Sie in einem eigenen Artikel:\r\n<a href=\"https:\/\/www.elektrosmoghilfe.com\/erdstrahlen\/wie-stark-strahlen-5g-antennen-exklusive-analyse-des-hamoni-forschungsteams\/\"><i class=\"fas fa-external-link-alt link-ext\"><\/i>\r\nWie stark strahlen 5G-Antennen?\r\n<\/a>\r\n<\/p>\r\n\r\n<img class=\"sidebar\"\r\n     src=\"https:\/\/www.elektrosmoghilfe.com\/erdstrahlen\/wp-content\/uploads\/images\/5G_USB_Stick_UK.jpg\"\r\n     alt=\"Angeblicher Schutz gegen 5G\" style=\"margin-top:20px\"><br clear='none'>\r\n<p class=\"imgDescr\">\r\n<span class=\"emphDark fs14\">Achtung vor Scharlatanerie!<\/span>\r\nIn Gro\u00dfbritannien erregte im Fr\u00fchjahr 2020 der Fall eines angeblichen Schutzes\r\ngegen 5G um 339,- GBP (ca. 380,- EUR) f\u00fcr Aufsehen. Es stellte sich heraus, dass\r\nes sich um einen gew\u00f6hnlichen USB-Speicherstick handelte. Wir selbst haben\r\nbeobachtet, dass die Anzahl der Produkte, die angeblichen Schutz vor 5G\r\nversprechen, seit 2019 wie Pilze aus dem Boden gesprossen sind. Von den Herstellern dieser\r\nProdukten hatte vorher nie jemand etwas geh\u00f6rt. Eine Firmen-Recherche von uns\r\nzeigte meist, dass die Firmen gerade erst gegr\u00fcndet und die Webseiten\r\n<a href=\"https:\/\/archive.org\/\"><i class=\"fas fa-external-link-alt link-ext\"><\/i>\r\nim Internet Archive<\/a> nie vorher registriert waren. Impressum? Fehlanzeige.\r\nDas T\u00fcpfelchen auf dem\r\nI war bei einem Anbieter ein Bild von einer riesigen Firmenzentrale, die sich bei \r\nn\u00e4herem Hinsehen als Fotomontage herausstellte.\r\n<\/p>\r\n\r\n<p class=\"imgDescr\">\r\n<span class=\"emphDark fs14\">So etwas sind absolute\r\nAlarmzeichen, denn ein Produkt gegen Elektrosmog entwickelt sich nicht\r\neinfach \u00fcber Nacht.<\/span> Die Urversion des Harmonisierers gibt es beispielsweise\r\nseit Anfang der 1980er Jahre, \r\n<a href=\"https:\/\/www.elektrosmoghilfe.com\/erdstrahlen\/die-geschichte-des-hamoni-harmonisierers\/\"><i class=\"fas fa-external-link-alt link-ext\"><\/i>\r\nsiehe dazu unseren Artikel zur Geschichte des\r\nHamoni\u00ae Harmonisierers.<\/a> \r\nMeist werden die Produkte intensiv \u00fcber\r\ndie sozialen Netzwerke durch Influencer beworben, um so schnell wie m\u00f6glich\r\nGeld zu machen, bevor der Betrug auffliegt. Die Produkte stammen h\u00e4ufig aus\r\nChina, wo Sie auf Gro\u00dfhandelsplattformen wie Alibaba f\u00fcr wenige USD gekauft\r\nwerden, und bei uns unter verschiedensten Namen weiterverkauft werden.\r\n<a href=\"https:\/\/www.bbc.com\/news\/technology-52810220\"><i class=\"fas fa-external-link-alt link-ext\"><\/i>Hier finden Sie den Bericht der\r\nBBC zu erw\u00e4hntem Produkt.<\/a>\r\n<\/p>\r\n\r\n<p class=\"imgDescr\">\r\n<span class=\"emphDark fs14\">\r\nMissbrauch der Quantenphysik:<\/span> So wie bei vielen anderen Scharlatanerie-Produkten auch passt die\r\nErkl\u00e4rung, der Speicherstick arbeite mit einem nebul\u00f6sen &#8222;Quanteneffekt&#8220;, von dem noch\r\nnie jemand au\u00dfer der Hersteller selbst etwas geh\u00f6rt hat, perfekt in das uns\r\ngut bekannte Schema. Mit so einer Aussage k\u00f6nnen Sie grunds\u00e4tzlich nichts falsch machen,\r\ndenn alles, was sich physikalisch beschreiben l\u00e4sst, ist heuzutage letzten Endes ein\r\nQuanteneffekt, da die Quantenphysik die Theorie ist, mit der Physiker heute die Welt\r\nbeschreiben. Auch die Tatsache, dass Sie auf einem Stuhl sitzen und nicht durch seine\r\nSitzfl\u00e4che zu Boden fallen, ist ein Quanteneffekt. F\u00fcr das Verst\u00e4ndnis der Wirkweise eines\r\nProduktes hilft die Aussage \u00fcberhaupt nicht weiter, erzeugt aber die Aura des Wissenschaftlichen,\r\nwomit sich viele Menschen als Erkl\u00e4rung schon zufrieden geben. Der Missbrauch der Quantenphysik\r\ndurch die Esoterik wird z.B. im lesenswerten Buch\r\n<a href=\"#ref01\">\r\n<i class=\"fas fa-external-link-alt link-ext\"><\/i>\r\n&#8222;Relativer Quantenquark: Kann die moderne Physik die Esoterik belegen?&#8220;\r\n<\/a>\r\nbehandelt. Die Funktionsweise des Hamoni\u00ae Harmonisierers hat hingegen mit Quantenphysik nichts zu\r\ntun bzw. braucht keinen wie auch immer gearteten Quanteneffekt zur Beschreibung. \r\nDas Ger\u00e4t l\u00e4sst sich durch ganz normale klassische Elektrodynamik, die sp\u00e4testens Ende\r\ndes 19. Jahrhunderts im Wesentlichen theoretisch abgeschlossen war, verstehen.\r\n<\/p>\r\n\r\n\r\n\r\n<div class=\"fusion-clearfix\"><\/div><\/div><\/div><\/div><\/div>","protected":false},"excerpt":{"rendered":"","protected":false},"author":1,"featured_media":0,"parent":0,"menu_order":0,"comment_status":"closed","ping_status":"closed","template":"","meta":[],"_links":{"self":[{"href":"https:\/\/www.elektrosmoghilfe.com\/erdstrahlen\/wp-json\/wp\/v2\/pages\/2379"}],"collection":[{"href":"https:\/\/www.elektrosmoghilfe.com\/erdstrahlen\/wp-json\/wp\/v2\/pages"}],"about":[{"href":"https:\/\/www.elektrosmoghilfe.com\/erdstrahlen\/wp-json\/wp\/v2\/types\/page"}],"author":[{"embeddable":true,"href":"https:\/\/www.elektrosmoghilfe.com\/erdstrahlen\/wp-json\/wp\/v2\/users\/1"}],"replies":[{"embeddable":true,"href":"https:\/\/www.elektrosmoghilfe.com\/erdstrahlen\/wp-json\/wp\/v2\/comments?post=2379"}],"version-history":[{"count":24,"href":"https:\/\/www.elektrosmoghilfe.com\/erdstrahlen\/wp-json\/wp\/v2\/pages\/2379\/revisions"}],"predecessor-version":[{"id":2408,"href":"https:\/\/www.elektrosmoghilfe.com\/erdstrahlen\/wp-json\/wp\/v2\/pages\/2379\/revisions\/2408"}],"wp:attachment":[{"href":"https:\/\/www.elektrosmoghilfe.com\/erdstrahlen\/wp-json\/wp\/v2\/media?parent=2379"}],"curies":[{"name":"wp","href":"https:\/\/api.w.org\/{rel}","templated":true}]}}