{"id":2300,"date":"2020-09-09T19:55:00","date_gmt":"2020-09-09T19:55:00","guid":{"rendered":"https:\/\/www.elektrosmoghilfe.com\/erdstrahlen\/?page_id=2300"},"modified":"2020-09-11T02:26:53","modified_gmt":"2020-09-11T02:26:53","slug":"wie-stark-strahlen-5g-antennen-exklusive-analyse-des-hamoni-forschungsteams","status":"publish","type":"page","link":"https:\/\/www.elektrosmoghilfe.com\/erdstrahlen\/wie-stark-strahlen-5g-antennen-exklusive-analyse-des-hamoni-forschungsteams\/","title":{"rendered":"Wie stark strahlen 5G-Antennen? Exklusive Analyse des Hamoni\u00ae Forschungsteams"},"content":{"rendered":"<div class=\"fusion-fullwidth fullwidth-box fusion-builder-row-1 hundred-percent-fullwidth non-hundred-percent-height-scrolling\" style=\"background-color: rgba(255,255,255,0);background-position: center center;background-repeat: no-repeat;padding-top:0px;padding-right:0px;padding-bottom:0px;padding-left:0px;margin-bottom: 0px;margin-top: 0px;border-width: 0px 0px 0px 0px;border-color:#eae9e9;border-style:solid;\" >\r\n<div id=\"mainDiv\">\r\n<div class=\"fusion-builder-row fusion-row\">\r\n<div class=\"fusion-layout-column fusion_builder_column fusion-builder-column-0 fusion_builder_column_1_1 1_1 fusion-one-full fusion-column-first fusion-column-last\" style=\"margin-top:0px;margin-bottom:0px;\"><div class=\"fusion-column-wrapper fusion-flex-column-wrapper-legacy\" style=\"background-position:left top;background-repeat:no-repeat;-webkit-background-size:cover;-moz-background-size:cover;-o-background-size:cover;background-size:cover;padding: 0px 0px 0px 0px;\">\r\n<h1 class=\"subpage\">Wie stark strahlen 5G-Antennen?<br clear='none'>Eine exklusive Analyse des Hamoni\u00ae&nbsp;Forschungsteams<\/h1>\r\n<p class=\"anwendung intro\">\r\n    <span class=\"emphDark fs16\">Die derzeit gro\u00dffl\u00e4chig in den Industriestaaten durchgef\u00fchrte Installation von Sendeanlagen der neuen Mobilfunkgeneration 5G hat so wie andere Generationswechsel zuvor eine teils heftige Debatte entfacht. Der Diskurs hat dieses Mal besonders verh\u00e4rtete Standpunkte hervorgebracht. Sie reichen von Verschw\u00f6rungstheorien auf der einen Seite bis zu l\u00e4cherlicher, wissenschaftlich nicht haltbarer Verharmlosung auf der anderen Seite.<\/span>\r\n<\/p>\r\n<p class=\"anwendung indent2\">\r\n    Eine gepflegte Diskussionskultur, basierend auf wissenschaftlichen Fakten, ist leider kaum wahrzunehmen. Damit\r\n    erinnert die Debatte an viele andere gesellschaftliche Diskurse unserer Zeit, die immer polarisierter abzulaufen\r\n    scheinen.\r\n<\/p>\r\n<p class=\"anwendung indent2\">\r\n<span class=\"emphLight\">\r\n    Das Hamoni\u00ae Forschungsteam m\u00f6chte einen kleinen Beitrag zu einer hoffentlich pragmatischeren und differenzierteren\r\n    Diskussion geben.<\/span> Wir haben zu diesem Zweck die installierten Sendeleistungen von neu installierten Basisstationen,\r\n    die sowohl 5G als auch 2G, 3G und 4G abstrahlen, mit den Sendeleistungen von Basisstationen, die nur die Kombination\r\n    2G\/3G\/4G abstrahlen, verglichen. Diese Art des Vergleichs ist unserer Meinung nach die sinnvollste Methode, um zu\r\n    ermitteln, um wieviel die Sendeleistung von Basisstationen durch Einf\u00fchrung von 5G ansteigt. Das Ergebnis unserer\r\n    Analyse ist folgendes:\r\n<\/p>\r\n<h2 class=\"dark\" style=\"text-align:center;margin-top:12px\">Die Sendeleistung von 5G-Basisstationen ist im Schnitt <span\r\n        class=\"light ul\">68% h\u00f6her<\/span> als bei herk\u00f6mmlichen Mobilfunksendern.<\/h2>\r\n<a class=\"fusion-modal-text-link\" data-toggle=\"modal\" data-target=\".fusion-modal.modal01\" href=\"#\">\r\n<img src=\"https:\/\/www.elektrosmoghilfe.com\/erdstrahlen\/wp-content\/uploads\/images\/grafik_leistung_5G_antennen.png\"><br clear='none'>\r\n<\/a>\r\n<p class=\"anwendung\" style=\"text-align:center\">\r\n    <i>Statistische Analyse: Hamoni\u00ae&nbsp;Forschungsteam, www.elektrosmoghilfe.com<br clear='none'>\r\n        Analyse von 15.551 Basisstationen 2G\/3G\/4G und 427 Basisstationen 2G\/3G\/4G\/5G in \u00d6sterreich<br clear='none'>\r\n        Stichtag: 11.9.2020. Datenquelle: <a href=\"https:\/\/www.senderkataster.at\/\">www.senderkataster.at<\/a><\/i>\r\n<\/p>\r\n<div class=\"fusion-modal modal fade modal-1 modal01\" tabindex=\"-1\" role=\"dialog\" aria-labelledby=\"modal-heading-1\" aria-hidden=\"true\"><style type=\"text\/css\">.modal-1 .modal-header, .modal-1 .modal-footer{border-color:#ebebeb;}<\/style><div class=\"modal-dialog modal-lg\" role=\"document\"><div class=\"modal-content fusion-modal-content\" style=\"background-color:#ffffff\"><div class=\"modal-header\"><button class=\"close\" type=\"button\" data-dismiss=\"modal\" aria-hidden=\"true\" aria-label=\"Close\">&times;<\/button><h3 class=\"modal-title\" id=\"modal-heading-1\" data-dismiss=\"modal\" aria-hidden=\"true\">Die Sendeleistung von 5G-Basisstationen ist im Schnitt 68% h\u00f6her als bei\r\nherk\u00f6mmlichen Mobilfunksendern.<\/h3><\/div><div class=\"modal-body fusion-clearfix\">\r\n<img src=\"https:\/\/www.elektrosmoghilfe.com\/erdstrahlen\/wp-content\/uploads\/images\/grafik_leistung_5G_antennen.png\"><br clear='none'>\r\n<p class=\"anwendung\" style=\"text-align:center\">\r\n    <i>Statistische Analyse: Hamoni\u00ae&nbsp;Forschungsteam, www.elektrosmoghilfe.com<br clear='none'>\r\n        Analyse von 15.551 Basisstationen 2G\/3G\/4G und 427 Basisstationen 2G\/3G\/4G\/5G in \u00d6sterreich<br clear='none'>\r\n        Stichtag: 11.9.2020. Datenquelle: <a href=\"https:\/\/www.senderkataster.at\/\">www.senderkataster.at<\/a><\/i>\r\n<\/p>\r\n<\/div><\/div><\/div><\/div>\r\n<p class=\"anwendung\" style=\"text-align:center\">\r\n<span class=\"emphDark fs16\">\r\nUnsere Auswertung umfasste 15.551 Sender in \u00d6sterreich, die kombiniert 2G\/3G\/4G abstrahlen und 427 Sender, die kombiniert 2G\/3G\/4G\/5G abstrahlen. Die durchschnittliche Strahlungsleistung der Gruppe 2G\/3G\/4G betrug 166 Watt, die der Gruppe 2G\/3G\/4G\/5G betrug 279 Watt.\r\n<\/span>\r\n<\/p>\r\n<p class=\"anwendung\" style=\"text-align:center;margin-top:12px\">\r\n<span class=\"emphLight fs16\">\r\nDamit ergibt sich durch die Einf\u00fchrung von 5G eine durchschnittliche Steigerung der Strahlungsleistung pro Basisstation von 113 Watt.<br clear='none'>Dies entspricht einem prozentualen Anstieg von 68%.\r\n<\/span>\r\n<\/p>\r\n<p class=\"anwendung\">\r\n    Wir gehen davon aus, dass dieses Ergebnis gr\u00f6\u00dfenordnungsm\u00e4\u00dfig auch f\u00fcr andere Industriestaaten gilt.\r\n<\/p>\r\n<h2 class=\"dark\" style=\"text-align:center;margin-top:12px\">Was bedeutet dieses Ergebnis in der Praxis?<\/h2>\r\n<p class=\"anwendung intro\" style=\"line-height: 20px;\">\r\n<span class=\"emphDark\">\r\n    Elektrosmog durch Hochfrequenzstrahlung, wie sie u.a. von Mobilfunkantennen ausgeht, stellt heute eine der\r\n    wichtigsten Quellen von sog. Umweltstress dar. <span class=\"emphLight\">Unser Ergebnis zeigt, dass durch die Einf\u00fchrung von 5G die\r\n    Hochfrequenzbelastung abermals deutlich ansteigt.<\/span> So weit ist das nichts Unerwartetes, aber unsere Analyse erlaubt\r\n    es, diese Steigerung erstmals zu quantifizieren:<br clear='none'><span class=\"emphLight ul\">Das Ergebnis bedeutet, dass wir bei 5G im Schnitt von einer um ca. 2\/3 gestiegenen Belastung im sog. Downlink-Bereich (Funkweg Basisstation zu Endger\u00e4t, z.B. Ihr Mobiltelefon) ausgehen k\u00f6nnen.<\/span> Unseres Wissens nach ist dies die erste Untersuchung weltweit zu diesem Thema.\r\n<\/span>\t\r\n<\/p>\r\n\r\n<p class=\"anwendung indent2\">\r\n<span class=\"emphDark\">\r\n    Der Downlink-Bereich ist jedoch nur ein Aspekt der gestiegenen Belastung durch 5G.\r\n\tEine \u00e4hnliche Problematik sehen wir im Uplink-Bereich (Funkweg vom mobilen Endger\u00e4t zur\r\n    Basisstation).<\/span> Da die Endger\u00e4te deutlich weniger Abstand zum K\u00f6rper als Basisstationen haben, ist die im Uplink generierte \r\n\tHochfrequenz-Belastung meist signifikant h\u00f6her als die in umgekehrter Richtung. Dies ist eine wichtige Feststellung,\r\n    denn wir gehen auch im Uplink von einer signifikanten Belastungssteigerung durch 5G aus. Erste SAR-Messungen an\r\n\t5G-f\u00e4higen Smartphones best\u00e4tigen bislang unsere Annahme, die auf 2 \u00dcberlegungen beruht.\r\n<\/p>\r\n<p class=\"anwendung\">\r\n    1) Da 5G die Anzahl der unterst\u00fctzten Endger\u00e4te pro Basisstation um den Faktor 1000 erh\u00f6ht, u.a. um das Internet der\r\n    Dinge zu erm\u00f6glichen, rechnen wir mit einer stark steigenden Anzahl an Endger\u00e4ten im pers\u00f6nlichen Umfeld. Auch wenn\r\n    der Einzelne heute noch wenige vernetzte Dinge betreibt, zeigt die Geschichte, dass die M\u00f6glichkeiten einer neuen\r\n    Technologie, und sei ihr Nutzen auch noch so zweifelhaft, fr\u00fcher oder sp\u00e4ter ausgereizt werden.\r\n<\/p>\r\n<p class=\"anwendung\">\r\n\t2) Da 5G zumindest in den Anfangsjahren zwingend eine zweite, parallele 4G-Verbindung (sog. Ankerfrequenz) voraussetzt (sog. NSA, d.h.\r\n    Non-Standalone-Betrieb), gehen wir bei der Nutzung von mobilen Endger\u00e4ten ebenfalls von einer signifikanten\r\n    Steigerung der Strahlungsleistung aus.\r\n<\/p>\r\n<p class=\"anwendung intro\">\r\nFazit: Neben der signifikant h\u00f6heren Sendeleistung im Downlink wird auch die steigende Sendeleistung im Uplink aus unserer\r\nSicht einen nicht unwesentlichen Anteil der gestiegenen Hochfrequenzbelastung in der 5G-Welt ausmachen.\r\n<\/p>\r\n\r\n<h2 class=\"dark\" style=\"text-align:center;margin-top:12px\">5G-mMIMO (massive MIMO) Antennen am Dach des \r\n<span class=\"light ul\">Lorenz-B\u00f6hler-Unfallkrankenhauses in Wien<\/span> als Beispiel f\u00fcr 5G-Antennen an\r\nsensiblen Orten<\/h2>\r\n<p class=\"anwendung\">\r\n<span class=\"emphDark\">\r\nBetreiber: T-Mobile (Magenta), je 2 mMIMO-Antennen je Sektor (3 Sektoren) plus\r\nje 2 x passive Antennen (Multiband 2G\/3G\/4G bzw. 4G-Ankerantenne), insges. 12 Antennen\r\n<\/span>\r\n<\/p>\r\n<a class=\"fusion-modal-text-link\" data-toggle=\"modal\" data-target=\".fusion-modal.modal02\" href=\"#\">\r\n<img src=\"https:\/\/www.elektrosmoghilfe.com\/erdstrahlen\/wp-content\/uploads\/images\/5G_antennen_auf_lorenz_boehler_unfallkrankenhaus_wien.jpg\"><br clear='none'>\r\n<\/a>\r\n<p class=\"anwendung\">\r\n<span class=\"emphLight\">\r\nEs geht auch anders: in der Stadt Rom ist es z.B. verboten, n\u00e4her als 100m bei \u201esensiblen\u201c Orten, dazu geh\u00f6ren\r\nKrankenh\u00e4user, Altenheime, Kinderg\u00e4rten, Schulen und Spielpl\u00e4tze, Mobilfunkantennen\r\n(jeder Technologie) zu installieren.\r\n<\/span>\r\n<\/p>\r\n<div class=\"fusion-modal modal fade modal-2 modal02\" tabindex=\"-1\" role=\"dialog\" aria-labelledby=\"modal-heading-2\" aria-hidden=\"true\"><style type=\"text\/css\">.modal-2 .modal-header, .modal-2 .modal-footer{border-color:#ebebeb;}<\/style><div class=\"modal-dialog modal-lg\" role=\"document\"><div class=\"modal-content fusion-modal-content\" style=\"background-color:#ffffff\"><div class=\"modal-header\"><button class=\"close\" type=\"button\" data-dismiss=\"modal\" aria-hidden=\"true\" aria-label=\"Close\">&times;<\/button><h3 class=\"modal-title\" id=\"modal-heading-2\" data-dismiss=\"modal\" aria-hidden=\"true\">5G-mMIMO (massive MIMO) Antennen am Dach des Lorenz-B\u00f6hler-Unfallkrankenhauses in Wien<\/h3><\/div><div class=\"modal-body fusion-clearfix\">\r\n<p class=\"anwendung intro\" style=\"text-align:center\">\r\nBetreiber: T-Mobile (Magenta), je 2 mMIMO-Antennen je Sektor (3 Sektoren) plus\r\nje 2 x passive Antennen (Multiband 2G\/3G\/4G bzw. 4G-Ankerantenne), insges. 12 Antennen\r\n<\/p>\r\n<img src=\"https:\/\/www.elektrosmoghilfe.com\/erdstrahlen\/wp-content\/uploads\/images\/5G_antennen_auf_lorenz_boehler_unfallkrankenhaus_wien.jpg\"><br clear='none'>\r\n<\/div><\/div><\/div><\/div>\r\n<p class=\"anwendung\">\r\n<span class=\"emphDark\">Anmerkungen f\u00fcr Medienvertreter:<\/span><br clear='none'>\r\n1) Bitte zitieren Sie die Ergebnisse unserer Analyse mit der Quellenangabe &#8222;Hamoni\u00ae Forschungsteam, www.elektrosmoghilfe.com&#8220;.<br clear='none'>\r\n2) Medienvertretern stellen wir auf Anfrage das Daten-Rohmaterial unserer Analyse (ca. 16.000 Datens\u00e4tze) und unser Analyseskript \r\nin der statistischen Programmiersprache R zur Verf\u00fcgung.<br clear='none'>\r\n3) Die Quantifizierung der gesteigerten Belastung im Uplink ist ein laufendes Forschungsprojekt von uns. Auf Anfrage geben wir\r\ngerne Auskunft \u00fcber unsere vorl\u00e4ufigen Ergebnisse dazu.\r\n<\/p>\r\n\r\n<p class=\"anwendung\" style=\"margin-top: 24px;\">\r\n<span class=\"emphLight fs14\">Literatur:<\/span>\r\n<\/p>\r\n<p id=\"ref01\" class=\"anwendung\">\r\n[1] Regionalgesetzblatt der Stadt Rom mit dem Gesetz, das die Installation von Mobilfunksendeanlagen\r\nim Umkreis von weniger als 100m von sensiblen Orten untersagt.\r\n<a href=\"https:\/\/www.comune.roma.it\/web-resources\/cms\/documents\/DACDelib_N_26_14.05.2015.pdf\">\r\n<i class=\"fas fa-external-link-alt link-ext\"><\/i>\r\n<span class=\"emphDark fs14\">\r\nRegolamento per la localizzazione, l\u2019installazione e la modifica degli impianti di telefonia mobile.<\/span><\/a>\r\n<\/p>\r\n<p id=\"ref02\" class=\"anwendung\">\r\n[2] Chiaraviglio, L., Cacciapuoti, A. S., Martino, G. D., Fiore, M., Montesano, M., Trucchi, D., &amp; Melazzi, N. B. (2018).\r\n<a href=\"https:\/\/ieeexplore.ieee.org\/document\/8453791\">\r\n<i class=\"fas fa-external-link-alt link-ext\"><\/i>\r\n<span class=\"emphDark fs14\">Planning 5G networks under EMF constraints: State of the art and vision.<\/span><\/a> IEEE Access, 6, 51021-51037.\r\n<\/p>\r\n<p id=\"ref03\" class=\"anwendung\">\r\n[3] Colombi, D., Joshi, P., Pereira, R., Thomas, D., Shleifman, D., Tootoonchi, B., \u2026 Tornevik, C. (2019). <a href=\"https:\/\/ieeexplore.ieee.org\/document\/9017343\">\r\n<i class=\"fas fa-external-link-alt link-ext\"><\/i>\r\n<span class=\"emphDark fs14\">Assessment of actual maximum RF EMF exposure from radio base stations with massive MIMO antennas.<\/span><\/a> 2019 PhotonIcs &amp; Electromagnetics Research Symposium &#8211; Spring (PIERS-Spring).\r\n<\/p>\r\n<div class=\"fusion-clearfix\"><\/div><\/div><\/div>\r\n<\/div>\r\n<\/div>\r\n<style type=\"text\/css\">.fusion-fullwidth.fusion-builder-row-1 { overflow:visible; }<\/style><\/div>","protected":false},"excerpt":{"rendered":"","protected":false},"author":1,"featured_media":0,"parent":0,"menu_order":0,"comment_status":"closed","ping_status":"closed","template":"","meta":[],"_links":{"self":[{"href":"https:\/\/www.elektrosmoghilfe.com\/erdstrahlen\/wp-json\/wp\/v2\/pages\/2300"}],"collection":[{"href":"https:\/\/www.elektrosmoghilfe.com\/erdstrahlen\/wp-json\/wp\/v2\/pages"}],"about":[{"href":"https:\/\/www.elektrosmoghilfe.com\/erdstrahlen\/wp-json\/wp\/v2\/types\/page"}],"author":[{"embeddable":true,"href":"https:\/\/www.elektrosmoghilfe.com\/erdstrahlen\/wp-json\/wp\/v2\/users\/1"}],"replies":[{"embeddable":true,"href":"https:\/\/www.elektrosmoghilfe.com\/erdstrahlen\/wp-json\/wp\/v2\/comments?post=2300"}],"version-history":[{"count":22,"href":"https:\/\/www.elektrosmoghilfe.com\/erdstrahlen\/wp-json\/wp\/v2\/pages\/2300\/revisions"}],"predecessor-version":[{"id":2366,"href":"https:\/\/www.elektrosmoghilfe.com\/erdstrahlen\/wp-json\/wp\/v2\/pages\/2300\/revisions\/2366"}],"wp:attachment":[{"href":"https:\/\/www.elektrosmoghilfe.com\/erdstrahlen\/wp-json\/wp\/v2\/media?parent=2300"}],"curies":[{"name":"wp","href":"https:\/\/api.w.org\/{rel}","templated":true}]}}