{"id":2241,"date":"2020-04-30T00:51:01","date_gmt":"2020-04-30T00:51:01","guid":{"rendered":"https:\/\/www.elektrosmoghilfe.com\/erdstrahlen\/?page_id=2241"},"modified":"2021-06-30T18:49:17","modified_gmt":"2021-06-30T18:49:17","slug":"der-hamoni-harmonisierer-mobil-im-portrait","status":"publish","type":"page","link":"https:\/\/www.elektrosmoghilfe.com\/erdstrahlen\/der-hamoni-harmonisierer-mobil-im-portrait\/","title":{"rendered":"Der Hamoni\u00ae Harmonisierer Mobil im Portrait"},"content":{"rendered":"<div class=\"fusion-fullwidth fullwidth-box fusion-builder-row-1 hundred-percent-fullwidth non-hundred-percent-height-scrolling\" style=\"background-color: rgba(255,255,255,0);background-position: center center;background-repeat: no-repeat;padding-top:0px;padding-right:0px;padding-bottom:0px;padding-left:0px;margin-bottom: 0px;margin-top: 0px;border-width: 0px 0px 0px 0px;border-color:#eae9e9;border-style:solid;\" >\r\n<div id=\"mainDiv\">\r\n<div class=\"fusion-builder-row fusion-row\">\r\n<div class=\"fusion-layout-column fusion_builder_column fusion-builder-column-0 fusion_builder_column_1_1 1_1 fusion-one-full fusion-column-first fusion-column-last\" style=\"margin-top:0px;margin-bottom:0px;\"><div class=\"fusion-column-wrapper fusion-flex-column-wrapper-legacy\" style=\"background-position:left top;background-repeat:no-repeat;-webkit-background-size:cover;-moz-background-size:cover;-o-background-size:cover;background-size:cover;padding: 0px 0px 0px 0px;\">\r\n<h1 class=\"subpage\">Der Hamoni\u00ae Harmonisierer Mobil im Portrait<br clear='none'>\r\n    <span class=\"light\">Der hochwirksame Schutz vor Elektrosmog<br clear='none'> und Erdstrahlung f\u00fcr <span\r\n                class=\"ul\">unterwegs<\/span><\/span>\r\n<\/h1>\r\n<p class=\"anwendung intro\" style=\"margin-bottom:12px\">\r\n    Beim Thema \u201eSchutz vor Elektrosmog\u201c ist <span class=\"light\">meist der Schutz des Zuhauses<\/span> im kollektiven\r\n    Bewusstsein. Dies ist auch begr\u00fc\u00dfenswert, allerdings ist zu beobachten, dass viele Menschen <span class=\"light\">dem Schutz au\u00dfer Haus weniger Stellenwert einr\u00e4umen.<\/span>\r\n    Nun ist aber gerade au\u00dferhalb der eigenen vier W\u00e4nde <span class=\"light\">die Belastung besonders hoch,<\/span> meist\r\n    sogar um ein Vielfaches (im Falle der Hochfrequenzbelastung ist sie z.B. 5x h\u00f6her im PKW und 9x h\u00f6her in der Bahn\r\n    als zuhause). Zudem verbringt der Durchschnittsb\u00fcrger einen <span class=\"light\">betr\u00e4chtlichen Teil seiner Lebenszeit au\u00dfer Haus.<\/span>\r\n\t<\/p>\r\n<p class=\"anwendung intro\" style=\"margin-bottom:12px\">\t\r\nWie sein gro\u00dfer Bruder (das station\u00e4re Ger\u00e4t f\u00fcr den Einsatz zuhause) <span class=\"light\">wirkt der Hamoni\u00ae Harmonisierer Mobil rein physikalisch<\/span> \r\nund unterscheidet sich dadurch wesentlich von der \u00fcberwiegenden Mehrheit der Ger\u00e4te gegen Elektrosmog am Markt, die &#8222;feinstofflich&#8220;, d.h. nicht physikalisch\r\nerkl\u00e4rbar, wirken. Dies ist der Grund f\u00fcr seine hohe Beliebtheit insbes. bei elektrosensiblen\r\nMenschen, die mit dem Ger\u00e4t endlich eine L\u00f6sung f\u00fcr ihre Probleme unterwegs (insbes. bei\r\ngro\u00dfen Menschenansammlungen, in Einkaufszentren, \u00f6ffentlichen Verkehrsmitteln, im PKW\r\nund im Beruf) gefunden haben.\r\n<\/p>\r\n<div style=\"clear:both;\"><\/div>\r\n<div style=\"width:100%\">\r\n    <img class=\"mobil mobil_left\" style=\"float:left\" src=\"https:\/\/www.elektrosmoghilfe.com\/erdstrahlen\/wp-content\/uploads\/images\/produktbilder_hhmw_komposition_eng.jpg\">\r\n    <img class=\"mobil mobil_right\" style=\"float:right\"\r\n         src=\"https:\/\/www.elektrosmoghilfe.com\/erdstrahlen\/wp-content\/uploads\/images\/produktbilder_hhma_komposition_eng.jpg\">\r\n<\/div>\r\n<div style=\"clear:both;\"><\/div>\r\n<p class=\"anwendung intro\" style=\"margin-top:12px;margin-bottom:24px\">\r\n    Vorder-, Seiten-, und R\u00fcckansicht des Hamoni\u00ae Harmonisierer Mobil in Wei\u00df und\r\nAnthrazit\r\n<\/p>\r\n<h2 class=\"dark\" style=\"margin-bottom: 12px;margin-top: 12px;\">Das Hamoni\u00ae Harmonisierer Mobil \u2013 Das Wichtigste in K\u00fcrze:<\/h2>\t\r\n        <table class=\"wichtig\">\r\n            <tbody>\r\n            <tr>\r\n                <td><i class=\"fas fa-check-square\"><\/i><\/td>\r\n                <td><span class=\"ul\">Hochwirksamer Schutz vor Elektrosmog:<\/span> Sowohl bei Hochfrequenz (Handy,\r\nWLAN etc.) als auch bei Niederfrequenz (Stromleitungen, Haushaltsger\u00e4te, Bahnstrom etc.)<br clear='none'>\r\nAlle Ger\u00e4te seit Baudatum November 2019 sind wirksam bei 5G.<\/td>\r\n            <\/tr>\t\t\t\r\n<tr>\r\n                <td><i class=\"fas fa-check-square\"><\/i><\/td>\r\n                <td><span class=\"ul\">Hochwirksamer Schutz vor Erdstrahlung:<\/span> Wasserader, Gesteinsbr\u00fcche- und Verwerfungen,\r\ndiverse Gitterbelastungen. Hinweis: &#8222;Erdstrahlung&#8220; ist der umgangssprachliche Ausdruck f\u00fcr geomagnetische St\u00f6rungen. Man\r\nverwendet daf\u00fcr auch den Ausdruck &#8222;geopathische Belastungen&#8220;. Erdstrahlung tritt nat\u00fcrlich auch unterwegs auf. Sie ist\r\nimmer dann problematisch, wenn Sie sich l\u00e4nger an einem geopathisch belasteten Ort aufhalten.<\/td>\r\n            <\/tr>\r\n            <tr>\r\n                <td><i class=\"fas fa-check-square\"><\/i><\/td>\r\n                <td><span class=\"ul\">Basiert auf \r\n<\/span> \r\nder jahrelang bew\u00e4hrten, von Heilpraktikern,\r\nBaubiologen und Kunden gesch\u00e4tzten, Technologie des station\u00e4ren Hamoni\u00ae Harmonisierers.\r\n<\/td>\r\n            <\/tr>\t\t\t\r\n            <tr>\r\n                <td><i class=\"fas fa-check-square\"><\/i><\/td>\r\n                <td><span class=\"ul\">Reaktionen auf das Ger\u00e4t:\r\n<\/span> \r\nNach all unseren Erfahrungen mit Kunden, reagieren diejenigen Menschen, die positiv auf das\r\nstation\u00e4re Ger\u00e4t reagieren, durchwegs auch positiv auf das mobile Ger\u00e4t. Dies gilt auch vice versa und\r\nliegt sehr wahrscheinlich, dass beide die gleiche Technologie verwenden.\r\n<\/td>\r\n            <\/tr>\t\t\t\r\n            <tr>\r\n                <td><i class=\"fas fa-check-square\"><\/i><\/td>\r\n                <td><span class=\"ul\">Forschungsteam:<\/span> Wissenschaftler, Ingenieure und\r\nExperten mit mittlerweile mehr als 10 Jahren Praxiserfahrung auf dem Gebiet Elektrosmog und geopathische Belastungen.<\/td>\r\n            <\/tr>\r\n\t\t\t<tr>\r\n                <td><i class=\"fas fa-check-square\"><\/i><\/td>\r\n                <td><span class=\"ul\">Sehr leicht und kompakt. <\/span>Gewicht: 14g. Abmessungen: 6,6&nbsp;cm&nbsp;x&nbsp;3,4&nbsp;cm&nbsp;x&nbsp;2,4 cm.<\/td>\r\n            <\/tr>\r\n            <tr>\r\n                <td><i class=\"fas fa-check-square\"><\/i><\/td>\r\n                <td><span class=\"ul\">Kann umgeh\u00e4ngt werden, muss aber nicht.<\/span>\r\n\t\t\t\t<\/td>\r\n            <\/tr>\r\n            <tr>\r\n                <td><i class=\"fas fa-check-square\"><\/i><\/td>\r\n                <td><span class=\"ul\">Mitf\u00fchren in Kleider- und Handtaschen, Rucksack,\r\nSchul- und Arbeitstaschen etc. m\u00f6glich.<\/span><\/td>\r\n            <\/tr>\r\n            <tr>\r\n                <td><i class=\"fas fa-check-square\"><\/i><\/td>\r\n                <td><span class=\"ul\">Anwendung im PKW <\/span> beispielsweise durch Ablegen in Konsolen.<\/td>\r\n            <\/tr>\r\n            <tr>\r\n                <td><i class=\"fas fa-check-square\"><\/i><\/td>\r\n                <td><span class=\"ul\">Auch zuhause verwendbar:<\/span> Zum Beispiel nachts durch\r\nPlatzierung auf dem Nachtk\u00e4stchen oder im Bett oder tags\u00fcber am Schreibtisch im Home-Office.<\/td>\r\n            <\/tr>\r\n            <tr>\r\n                <td><i class=\"fas fa-check-square\"><\/i><\/td>\r\n                <td><span class=\"ul\">Reichweite:<\/span> Mindestens 3m im Radius. Reichweite bedeutet hierbei, dass\r\nSie sich im Wirkradius befinden m\u00fcssen. Die Strahlungs- und Feldquellen k\u00f6nnen sich hingegen irgendwo, d.h. auch\r\nau\u00dferhalb des Wirkbereichs befinden. Das Ger\u00e4t wirkt immer auf die Summe aller Felder, die sich im Wirkbereich \u00fcberlagern. \r\nEs ist dabei unerheblich, ob die Felder innerhalb oder au\u00dferhalb des Wirkbereichs erzeugt werden.<\/td>\r\n            <\/tr>\t\t\t\r\n<tr>\r\n                <td><i class=\"fas fa-check-square\"><\/i><\/td>\r\n                <td><span class=\"ul\">Energieversorgung:<\/span> Keine Batterie n\u00f6tig. Ger\u00e4t versorgt sich\r\nselbst durch elektromagnetisches \u201eEnergy Harvesting\u201c. Es ist daher sofort wirksam, sobald der letzte L\u00f6tpunkt in der Produktion\r\ngesetzt wurde.<\/td>\r\n            <\/tr>\r\n            <tr>\r\n                <td><i class=\"fas fa-check-square\"><\/i><\/td>\r\n                <td><span class=\"ul\">Wartungsfrei, sto\u00dfsicher und wasserresistent.<\/span> \u00dcbersteht eine Dusche oder starken Regenschauer.<\/td>\r\n            <\/tr>\r\n            <tr>\r\n                <td><i class=\"fas fa-check-square\"><\/i><\/td>\r\n                <td><span class=\"ul\">Im Flugzeug mitnehmbar.<\/span> Sowohl am K\u00f6rper, im Handgep\u00e4ck als auch im Aufgabegep\u00e4ck.<\/td>\r\n            <\/tr>\r\n            <tr>\r\n                <td><i class=\"fas fa-check-square\"><\/i><\/td>\r\n                <td><span class=\"ul\">Ideal f\u00fcr:<\/span> Arbeitsplatz, Schule, \u00f6ffentlichen Verkehr, PKW, Orte mit vielen\r\n\t\t\t\tMenschen (z.B. Einkaufszentren)<\/td>\r\n            <\/tr>\t\t\t\r\n<\/tbody>\r\n        <\/table>\r\n<!--\r\n<h2 style=\"font-size:24px;margin-bottom:6px;\">Hamoni\u00ae Harmonisierer Mobil \u2013 Das Wichtigste in K\u00fcrze:<\/h2>\r\n<table class=\"wichtig wichtig2\">\r\n    <tbody>\r\n    <tr>\r\n        <td><i class=\"fas fa-check\"><\/i><\/td>\r\n        <td>Basiert auf der <span class=\"light\">jahrelang bew\u00e4hrten, von Heilpraktikern, Baubiologen und Kunden gesch\u00e4tzten,<\/span>\r\n            Technologie des station\u00e4ren Hamoni\u00ae Harmonisierers.\r\n        <\/td>\r\n    <\/tr>\r\n    <tr>\r\n        <td><i class=\"fas fa-microscope\"><\/i><\/td>\r\n        <td><span class=\"light\">Rein physikalische Wirkung.<\/span> Keine Esoterik.<\/td>\r\n    <\/tr>\r\n    <tr>\r\n        <td><i class=\"fas fa-user-check\"><\/i><\/td>\r\n        <td>Durchgehend <span class=\"light\">sehr gute R\u00fcckmeldungen<\/span> bei einj\u00e4hrigem Test durch 60, meist\r\n            elektrosensible, Tester.\r\n        <\/td>\r\n    <\/tr>\r\n    <tr>\r\n        <td><i class=\"fas fa-feather-alt\"><\/i><\/td>\r\n        <td><span class=\"light\">Sehr leicht und kompakt.<\/span> Gewicht: ca. 15g. Abmessungen ca. 6&nbsp;x&nbsp;3&nbsp;x&nbsp;2&nbsp;cm.\r\n        <\/td>\r\n    <\/tr>\r\n    <tr>\r\n        <td><i class=\"fas fa-shopping-bag\"><\/i><\/td>\r\n        <td>Mitf\u00fchren in <span class=\"light\">Kleider- und Handtaschen, Rucksack,\r\n\t\t\t\t\tSchul- und Arbeitstaschen etc.<\/span> m\u00f6glich.\r\n        <\/td>\r\n    <\/tr>\r\n    <tr>\r\n        <td><i class=\"fas fa-car-alt\"><\/i><\/td>\r\n        <td><span class=\"light\">Anwendung im PKW<\/span> z.B. durch Ablegen in Konsolen.<\/td>\r\n    <\/tr>\r\n    <tr>\r\n        <td><i class=\"fas fa-home\"><\/i><\/td>\r\n        <td><span class=\"light\">Auch zuhause verwendbar.<\/span> Z.B. nachts durch Platzierung auf dem Nachtk\u00e4stchen oder\r\n            im Bett.\r\n        <\/td>\r\n    <\/tr>\r\n    <tr>\r\n        <td><i class=\"fas fa-dot-circle\"><\/i><\/td>\r\n        <td><span class=\"light\">Reichweite:<\/span> ca. 3m im Radius.<\/td>\r\n    <\/tr>\r\n    <tr>\r\n        <td><i class=\"fas fa-euro-sign\"><\/i><\/td>\r\n        <td><span class=\"light\">Preis: 198,- EUR. (Hoffentlich) Leistbar.<\/span> Keine Batterien. Wartungsfrei.\r\n            Sto\u00dfsicher.\r\n        <\/td>\r\n    <\/tr>\r\n    <tr>\r\n        <td><i class=\"fas fa-briefcase\"><\/i><\/td>\r\n        <td><span class=\"light\">Ideal f\u00fcr<\/span> Arbeitsplatz, Schule, \u00f6ffentlichen Verkehr.<\/td>\r\n    <\/tr>\r\n    <\/tbody>\r\n<\/table>\r\n-->\r\n<h2 class=\"video\"><i class=\"fas fa-video\"><\/i>\r\n    F\u00fcr diejenigen, die nicht gerne viel lesen, eignet sich dieses Interview mit unserem\r\n    Physiker wahrscheinlich am besten, einen kurzen \u00dcberblick \u00fcber das Ger\u00e4t zu bekommen:\r\n<\/h2>\r\n<div id=\"video01\">\r\n    <div class='embed-container' style=\"\">\r\n        <iframe src='https:\/\/www.youtube.com\/embed\/LWPwmFkrHYg?rel=0&amp;showinfo=0' frameborder='0'\r\n                allowfullscreen><\/iframe>\r\n    <\/div>\r\n    <span class=\"emphDark fs14\">Bitte beachten Sie zu den Aussagen in diesem Video unsere rechtlichen Hinweise*<\/span>\r\n<\/div>\r\n<p class=\"anwendung\" style=\"text-align:center\">\r\n    Aufgrund der zeitlichen Beschr\u00e4nkung eines Interviews l\u00e4sst dieses fast zwangsl\u00e4ufig den n\u00f6tigen\r\n    Tiefgang vermissen. Allen denjenigen, die mehr zur Thematik erfahren wollen, empfehlen wir daher\r\n    sehr, die weiteren Artikel unter dem Men\u00fcpunkt &#8222;Mobiler Schutz&#8220; auf dieser Webseite zu lesen bzw. in unserer Brosch\u00fcre zum mobilen Ger\u00e4t zu bl\u00e4ttern.\r\n<\/p>\r\n<p class=\"anwendung\" style=\"text-align:center\">\r\n    Vielen Menschen ist nicht bewusst, wie stark die Belastung au\u00dfer Haus ist, und woher diese\r\n    im konkreten Fall stammt. Anhand von Beschreibungen der wichtigsten Alltagssituationen au\u00dfer\r\n    Haus, wie z.B. Bahn, PKW, Schule und diversen Arbeitspl\u00e4tzen, versuchen wir, ein besseres\r\n    Verst\u00e4ndnis f\u00fcr das Thema Elektrosmog abseits der eigenen vier W\u00e4nde zu schaffen. Falls Sie\r\n    Zeit haben, empfehlen wir Ihnen f\u00fcr ein tiefergehendes\r\n    Verst\u00e4ndnis der Materie die Lekt\u00fcre der folgenden Artikel.\r\n<\/p>\r\n<h2 style=\"font-size:24px;margin-bottom:6px;margin-top:12px;\">Weiterf\u00fchrende Artikel:<\/h2>\r\n<div style=\"clear:both;\"><\/div>\r\n<div class=\"publication\">\r\n    <a href=\"https:\/\/www.elektrosmoghilfe.com\/erdstrahlen\/hamoni-harmonisierer-mobil-warum-braucht-man-ihn\/\">\r\n        <i class=\"fas fa-external-link-alt link-ext\"><\/i>\r\n        <span class=\"emphLight fs16\"> Hamoni\u00ae Harmonisierer Mobil\r\n<br\/><\/span>\r\n        <span class=\"emphDark fs16\">\r\nWarum braucht man ihn?<br\/>\r\n<\/span>\r\n    <\/a>\r\n    <a href=\"https:\/\/www.elektrosmoghilfe.com\/erdstrahlen\/hamoni-harmonisierer-mobil-warum-braucht-man-ihn\/\">\r\n        <img class=\"img_pdf\" style=\"margin-top:4px;\"\r\n             src=\"https:\/\/www.elektrosmoghilfe.com\/erdstrahlen\/wp-content\/uploads\/images\/hamoni_mobil_artikel_belastung_in_umgebungen.jpg\">\r\n    <\/a>\r\n<\/div>\r\n<div class=\"publication\">\r\n    <a href=\"https:\/\/www.elektrosmoghilfe.com\/erdstrahlen\/hamoni-harmonisierer-mobil-haeufige-fragen-und-antworten\/\">\r\n        <i class=\"fas fa-external-link-alt link-ext\"><\/i>\r\n        <span class=\"emphLight fs16\"> Hamoni\u00ae Harmonisierer Mobil\r\n<br\/><\/span>\r\n        <span class=\"emphDark fs16\">\r\nH\u00e4ufige Fragen und Antworten<br\/>\r\n<\/span>\r\n    <\/a>\r\n    <a href=\"https:\/\/www.elektrosmoghilfe.com\/erdstrahlen\/hamoni-harmonisierer-mobil-haeufige-fragen-und-antworten\/\">\r\n        <img class=\"img_pdf\" style=\"margin-top:4px;\" src=\"https:\/\/www.elektrosmoghilfe.com\/erdstrahlen\/wp-content\/uploads\/images\/hamoni_mobil_artikel_buero.jpg\">\r\n    <\/a>\r\n<\/div>\r\n\r\n<div style=\"clear:both;\"><\/div>\r\n<div class=\"publication\">\r\n    <a href=\"https:\/\/www.elektrosmoghilfe.com\/erdstrahlen\/daraus-besteht-der-hamoni-harmonisierer-mobil\/\">\r\n        <i class=\"fas fa-external-link-alt link-ext\"><\/i>\r\n        <span class=\"emphLight fs16\"> Hamoni\u00ae Harmonisierer Mobil\r\n<br\/><\/span>\r\n        <span class=\"emphDark fs16\">\r\nDas Innenleben<br\/>\r\n<\/span>\r\n    <\/a>\r\n    <a href=\"https:\/\/www.elektrosmoghilfe.com\/erdstrahlen\/daraus-besteht-der-hamoni-harmonisierer-mobil\/\">\r\n        <img class=\"img_pdf\" style=\"margin-top:4px;\"\r\n             src=\"https:\/\/www.elektrosmoghilfe.com\/erdstrahlen\/wp-content\/uploads\/images\/herstellung_hhm_platine.jpg\">\r\n    <\/a>\r\n<\/div>\r\n<div class=\"publication\">\r\n    <a href=\"https:\/\/www.elektrosmoghilfe.com\/erdstrahlen\/elektrosmog-im-pkw\/\">\r\n        <i class=\"fas fa-external-link-alt link-ext\"><\/i>\r\n        <span class=\"emphLight fs16\"> Elektrosmog\r\n<br\/><\/span>\r\n        <span class=\"emphDark fs16\">\r\nim PKW<br\/>\r\n<\/span>\r\n    <\/a>\r\n    <a href=\"https:\/\/www.elektrosmoghilfe.com\/erdstrahlen\/elektrosmog-im-pkw\/\">\r\n        <img class=\"img_pdf\" style=\"margin-top:4px;\"\r\n             src=\"https:\/\/www.elektrosmoghilfe.com\/erdstrahlen\/wp-content\/uploads\/images\/hamoni_mobil_artikel_elektrosmog_pkw.jpg\">\r\n    <\/a>\r\n<\/div>\r\n\r\n<div style=\"clear:both;\"><\/div>\r\n<div class=\"publication\">\r\n    <a href=\"https:\/\/www.elektrosmoghilfe.com\/erdstrahlen\/elektrosmog-in-der-bahn\/\">\r\n        <i class=\"fas fa-external-link-alt link-ext\"><\/i>\r\n        <span class=\"emphLight fs16\"> Elektrosmog\r\n<br\/><\/span>\r\n        <span class=\"emphDark fs16\">\r\nin der Bahn<br\/>\r\n<\/span>\r\n    <\/a>\r\n    <a href=\"https:\/\/www.elektrosmoghilfe.com\/erdstrahlen\/elektrosmog-in-der-bahn\/\">\r\n        <img class=\"img_pdf\" style=\"margin-top:4px;\"\r\n             src=\"https:\/\/www.elektrosmoghilfe.com\/erdstrahlen\/wp-content\/uploads\/images\/hamoni_mobil_artikel_elektrosmog_bahn.jpg\">\r\n    <\/a>\r\n<\/div>\r\n<div class=\"publication\">\r\n    <a href=\"https:\/\/www.elektrosmoghilfe.com\/erdstrahlen\/elektrosmog-in-der-schule\/\">\r\n        <i class=\"fas fa-external-link-alt link-ext\"><\/i>\r\n        <span class=\"emphLight fs16\"> Elektrosmog\r\n<br\/><\/span>\r\n        <span class=\"emphDark fs16\">\r\nin der Schule<br\/>\r\n<\/span>\r\n    <\/a>\r\n    <a href=\"https:\/\/www.elektrosmoghilfe.com\/erdstrahlen\/elektrosmog-in-der-schule\/\">\r\n        <img class=\"img_pdf\" style=\"margin-top:4px;\" src=\"https:\/\/www.elektrosmoghilfe.com\/erdstrahlen\/wp-content\/uploads\/images\/hamoni_mobil_artikel_schule.jpg\">\r\n    <\/a>\r\n<\/div>\r\n\r\n<div style=\"clear:both;\"><\/div>\r\n<div class=\"publication\">\r\n    <a href=\"https:\/\/www.elektrosmoghilfe.com\/erdstrahlen\/elektrosmog-am-arbeitsplatz\/\">\r\n        <i class=\"fas fa-external-link-alt link-ext\"><\/i>\r\n        <span class=\"emphLight fs16\"> Elektrosmog am Arbeitsplatz\r\n<br\/><\/span>\r\n        <span class=\"emphDark fs16\">\r\nBesch\u00e4ftigte in der Industrie, Gro\u00dfraumb\u00fcros\r\n<br\/>\r\n<\/span>\r\n    <\/a>\r\n    <a href=\"https:\/\/www.elektrosmoghilfe.com\/erdstrahlen\/elektrosmog-am-arbeitsplatz\/\">\r\n        <img class=\"img_pdf\" style=\"margin-top:4px;\"\r\n             src=\"https:\/\/www.elektrosmoghilfe.com\/erdstrahlen\/wp-content\/uploads\/images\/hamoni_mobil_artikel_grossraumbuero.jpg\">\r\n    <\/a>\r\n<\/div>\r\n<div class=\"publication\">\r\n    <a href=\"https:\/\/www.elektrosmoghilfe.com\/erdstrahlen\/elektrosmog-am-arbeitsplatz-lehrer-und-beschaeftigte-in-arztpraxen-und-krankenhaeusern\/\">\r\n        <i class=\"fas fa-external-link-alt link-ext\"><\/i>\r\n        <span class=\"emphLight fs16\"> Elektrosmog am Arbeitsplatz\r\n<br\/><\/span>\r\n        <span class=\"emphDark fs16\">\r\nLehrer, Besch\u00e4ftigte im Gesundheitswesen\r\n<br\/>\r\n<\/span>\r\n    <\/a>\r\n    <a href=\"https:\/\/www.elektrosmoghilfe.com\/erdstrahlen\/elektrosmog-am-arbeitsplatz-lehrer-und-beschaeftigte-in-arztpraxen-und-krankenhaeusern\/\">\r\n        <img class=\"img_pdf\" style=\"margin-top:4px;\" src=\"https:\/\/www.elektrosmoghilfe.com\/erdstrahlen\/wp-content\/uploads\/images\/hamoni_mobil_artikel_lehrer.jpg\">\r\n    <\/a>\r\n<\/div>\r\n<div style=\"clear:both;\"><\/div>\r\n<div class=\"publication\">\r\n    <a href=\"https:\/\/www.elektrosmoghilfe.com\/erdstrahlen\/elektrosmog-am-arbeitsplatz-lkw-fahrer-taxifahrer-mitarbeiter-in-gastronomie-und-im-hotelgewerbe\/\">\r\n        <i class=\"fas fa-external-link-alt link-ext\"><\/i>\r\n        <span class=\"emphLight fs16\"> Elektrosmog am Arbeitsplatz\r\n<br\/><\/span>\r\n        <span class=\"emphDark fs16\">\r\nLKW-Fahrer, Taxi-Fahrer, Gastronomie, Hotel\r\n<br\/>\r\n<\/span>\r\n    <\/a>\r\n    <a href=\"https:\/\/www.elektrosmoghilfe.com\/erdstrahlen\/elektrosmog-am-arbeitsplatz-lkw-fahrer-taxifahrer-mitarbeiter-in-gastronomie-und-im-hotelgewerbe\/\">\r\n        <img class=\"img_pdf\" style=\"margin-top:4px;\" src=\"https:\/\/www.elektrosmoghilfe.com\/erdstrahlen\/wp-content\/uploads\/images\/hamoni_mobil_artikel_lkw_fahrer.jpg\">\r\n    <\/a>\r\n<\/div>\r\n<div class=\"publication\">\r\n<span class=\"emphDark fs16\">Infobrosch\u00fcre Hamoni\u00ae Harmonisierer Mobil.<br clear='none'>\r\n1. Aufl., 2020, 48 Seiten. Liegt jeder Bestellung bei.<br \/>\r\n<\/span>\r\n<a href=\"https:\/\/www.elektrosmoghilfe.com\/erdstrahlen\/wp-content\/uploads\/documents\/hamoni_broschuere_mobil\/\">\r\n<img style=\"margin-top:4px;margin-bottom: 8px;\" src=\"https:\/\/www.elektrosmoghilfe.com\/erdstrahlen\/wp-content\/uploads\/images\/broschuere_mobil.jpg\">\r\n<\/a><br clear='none'>\r\n<span class=\"emphDark fs16\">\r\n<a href=\"https:\/\/www.elektrosmoghilfe.com\/erdstrahlen\/wp-content\/uploads\/documents\/hamoni_broschuere_mobil\/\">\r\n<i class=\"fas fa-book-open\"><\/i>&nbsp;online durchbl\u00e4ttern&nbsp;&nbsp;\r\n<\/a>\r\n<a href=\"https:\/\/www.elektrosmoghilfe.com\/erdstrahlen\/wp-content\/uploads\/documents\/hamoni_broschuere_mobil_2te_auflage.pdf\">\r\n<i class=\"far fa-file-pdf\"><\/i>&nbsp;als pdf-Datei\r\n<\/a>\r\n<\/span>\r\n<\/div>\r\n<div class=\"fusion-clearfix\"><\/div><\/div><\/div>\r\n<\/div>\r\n<\/div>\r\n<style type=\"text\/css\">.fusion-fullwidth.fusion-builder-row-1 { overflow:visible; }<\/style><\/div>","protected":false},"excerpt":{"rendered":"","protected":false},"author":1,"featured_media":0,"parent":0,"menu_order":0,"comment_status":"closed","ping_status":"closed","template":"","meta":[],"_links":{"self":[{"href":"https:\/\/www.elektrosmoghilfe.com\/erdstrahlen\/wp-json\/wp\/v2\/pages\/2241"}],"collection":[{"href":"https:\/\/www.elektrosmoghilfe.com\/erdstrahlen\/wp-json\/wp\/v2\/pages"}],"about":[{"href":"https:\/\/www.elektrosmoghilfe.com\/erdstrahlen\/wp-json\/wp\/v2\/types\/page"}],"author":[{"embeddable":true,"href":"https:\/\/www.elektrosmoghilfe.com\/erdstrahlen\/wp-json\/wp\/v2\/users\/1"}],"replies":[{"embeddable":true,"href":"https:\/\/www.elektrosmoghilfe.com\/erdstrahlen\/wp-json\/wp\/v2\/comments?post=2241"}],"version-history":[{"count":27,"href":"https:\/\/www.elektrosmoghilfe.com\/erdstrahlen\/wp-json\/wp\/v2\/pages\/2241\/revisions"}],"predecessor-version":[{"id":2569,"href":"https:\/\/www.elektrosmoghilfe.com\/erdstrahlen\/wp-json\/wp\/v2\/pages\/2241\/revisions\/2569"}],"wp:attachment":[{"href":"https:\/\/www.elektrosmoghilfe.com\/erdstrahlen\/wp-json\/wp\/v2\/media?parent=2241"}],"curies":[{"name":"wp","href":"https:\/\/api.w.org\/{rel}","templated":true}]}}