{"id":2219,"date":"2020-04-24T19:49:34","date_gmt":"2020-04-24T19:49:34","guid":{"rendered":"https:\/\/www.elektrosmoghilfe.com\/erdstrahlen\/?page_id=2219"},"modified":"2020-04-24T19:49:34","modified_gmt":"2020-04-24T19:49:34","slug":"stadt-oder-land-wo-ist-die-elektrosmog-belastung-groesser","status":"publish","type":"page","link":"https:\/\/www.elektrosmoghilfe.com\/erdstrahlen\/stadt-oder-land-wo-ist-die-elektrosmog-belastung-groesser\/","title":{"rendered":"Stadt oder Land? &#8211; Wo ist die Elektrosmog-Belastung gr\u00f6\u00dfer?"},"content":{"rendered":"<div class=\"fusion-fullwidth fullwidth-box fusion-builder-row-1 nonhundred-percent-fullwidth non-hundred-percent-height-scrolling\" style=\"background-color: rgba(255,255,255,0);background-position: left top;background-repeat: no-repeat;padding-top:0px;padding-right:0px;padding-bottom:0px;padding-left:0px;margin-bottom: 0px;margin-top: 0px;border-width: 0px 0px 0px 0px;border-color:#eae9e9;border-style:solid;\" ><div class=\"fusion-builder-row fusion-row\">\r\n<div class=\"fusion-layout-column fusion_builder_column fusion-builder-column-0 fusion_builder_column_2_3 2_3 fusion-two-third fusion-column-first threefifth1\" style=\"width:65.3333%; margin-right: 4%;margin-top:0px;margin-bottom:0px;\" id=\"columnMain\"><div class=\"fusion-column-wrapper fusion-flex-column-wrapper-legacy\" style=\"background-position:left top;background-repeat:no-repeat;-webkit-background-size:cover;-moz-background-size:cover;-o-background-size:cover;background-size:cover;padding: 0px 0px 0px 0px;\">\r\n<div class=\"fusion-text fusion-text-1\"><h1 class=\"subpage\">Stadt oder Land?<br clear='none'>Wo ist die Elektrosmog-Belastung gr\u00f6\u00dfer?<\/h1>\n<p class=\"anwendung\" style=\"text-align:center\">\n    <span class=\"emphDark fs16\">Sie werden sich jetzt wundern, warum wir die Frage \u00fcberhaupt stellen. Die Antwort sollte doch klar sein. Stadt hei\u00dft hohe Belastung, Land niedrige Belastung, oder haben wir da irgendetwas \u00fcbersehen?<\/span>\n<\/p>\n<p class=\"anwendung indent2\">\nWenn man nur die Belastung der Umgebung ansieht, also von Mobilfunkmasten und anderen Menschen rings um uns (physikalisch sprechen wir vom sog. Fernfeld), dann ist Ihre Intuition nat\u00fcrlich richtig: Die h\u00f6here Dichte an Mobilfunksendeanlagen und telefonierenden Mitmenschen bedeutet in der Stadt eine h\u00f6here Belastung von au\u00dfen als am Land.\nEin Blick auf unseren Vergleich der Anzahl der Mobilfunksendeanlagen in der Stadt mit der Anzahl am Land am Beispiel Wien (Stadt) und Nordburgenland (Land) zeigt Ihnen\nauf den Landkarten weiter unten in diesem Artikel auf einen Blick, wovon wir sprechen.\n<\/p>\n<p class=\"anwendung\" style=\"text-align:center\">\n<span class=\"emphDark fs16\">\nDurch bewussten Umgang mit der Mobilfunktechnik k\u00f6nnen wir selbst daran auch nichts \u00e4ndern, wir haben es also mit Umweltstress im wahrsten Sinne des Wortes zu tun.<\/span><br clear='none'> Wie zu erwarten war, steigt diese Belastung mit der Bev\u00f6lkerungs- bzw. Senderdichte.\n<\/p>\n<div style=\"text-align:center;line-height:15px;margin-top:12px\">\n<img style=\"margin-top:0px;margin-bottom:4px\" src=\"https:\/\/www.elektrosmoghilfe.com\/erdstrahlen\/wp-content\/uploads\/images\/empfangsbedingungen_stadt.jpg\" alt=\"Sendeantennen und Mobiltelefon mit gutem Empfang in der Stadt\">\n<span class=\"emphDark fs14\">\nEin Blick aus einer Wohnung in der Stadt:\nDie Belastung von au\u00dfen ist aufgrund der h\u00f6heren Dichte (und damit im Mittel niedrigeren Abst\u00e4nde) der Mobilfunksendeanlagen h\u00f6her als am Land.<\/span> \n<span class=\"emphLight fs14\">\nUmgekehrt erzeugen Sie mit Ihren Endger\u00e4ten aber weniger Hochfrequenzbelastung als am Land, da Ihre Ger\u00e4te aufgrund der besseren Empfangsbedingungen in der Stadt\n(im Bild durch die volle Balkenanzahl bei der Empfangssignalst\u00e4rke dargestellt) die n\u00f6tige Sendeleistung im Vergleich zum Land reduzieren k\u00f6nnen.\n<\/span>\n<\/div>\n<div style=\"text-align:center;line-height:15px;margin-top:12px\">\n<img style=\"margin-top:0px;margin-bottom:4px\" src=\"https:\/\/www.elektrosmoghilfe.com\/erdstrahlen\/wp-content\/uploads\/images\/mobilfunknutzerin_in_der_stadt.jpg\" alt=\"\">\n<span class=\"emphDark fs14\">\nEine Mobilfunknutzerin in der Stadt:\n<\/span>\n<span class=\"emphLight fs14\">\nSie hat zwar h\u00f6here Belastung durch die Einwirkung der Umgebung (h\u00f6here Dichte an Sendeanlagen sowie anderer Mobilfunknutzer\nin n\u00e4chster N\u00e4he) als sie dies am Land h\u00e4tte. Andererseits erzeugt sie selbst beim Telefonieren weniger Belastung als sie\ndies am Land tun w\u00fcrde.\n<\/span>\n<\/div>\n<p class=\"anwendung indent2\">\nAm Land ist die Belastung von au\u00dfen am geringsten, wird h\u00f6her in Klein- und Vorst\u00e4dten und ist besonders hoch im Stadtzentrum. Das Fernfeld ist aber nur eine Seite der Medaille. Die andere Seite ist die Belastung, die Sie selbst durch die Verwendung funkvernetzter Ger\u00e4te erzeugen. Hier sprechen wir vom sog. Nahfeld. Und diese Belastung ist umso h\u00f6her, je weniger dicht die Versorgung mit Mobilfunkmasten ist. Ihr Handy erreicht den Masten am schlechter versorgten Land im Mittel weniger gut als im gut versorgten st\u00e4dtischen Gebiet. Es muss daher am Land im Schnitt mit h\u00f6herer Sendeleistung senden als in der Stadt.\n<\/p>\n<p class=\"anwendung\" style=\"text-align:center\">\n<span class=\"emphLight fs16\">\nDie selbst gemachte Belastung, die Sie allerdings durch bewussten Umgang mit der Technologie auch selbst beeinflussen k\u00f6nnen, ist am Land also h\u00f6her als in der Stadt.\n<\/span>\n<\/p>\n<div style=\"text-align:center;line-height:15px;margin-top:12px\">\n<img style=\"margin-top:0px;margin-bottom:4px\" src=\"https:\/\/www.elektrosmoghilfe.com\/erdstrahlen\/wp-content\/uploads\/images\/empfangsbedingungen_land.jpg\" alt=\"Mobilfunk-Sendeturm und Mobiltelefon mit schlechtem Empfang am Land\">\n<span class=\"emphDark fs14\">\nEin Blick auf einen weit entfernten Mobilfunk-Sendeturm am Land:\nDie Belastung von au\u00dfen ist hier aufgrund der niedrigeren Dichte (und damit im Mittel niedrigeren Abst\u00e4nde) der Mobilfunksendeanlagen niedriger als in der Stadt.<\/span> \n<span class=\"emphLight fs14\">\nUmgekehrt erzeugen aber Sie selbst mit Ihren Endger\u00e4ten mehr Hochfrequenzbelastung als in der Stadt, da Ihre Ger\u00e4te aufgrund der schlechteren Empfangsbedingungen (im Bild durch die niedrigste Balkenanzahl bei der Empfangssignalst\u00e4rke dargestellt) am Land die n\u00f6tige Sendeleistung im Vergleich zur Stadt erh\u00f6hen m\u00fcssen.\n<\/span>\n<\/div>\n<div style=\"text-align:center;line-height:15px;margin-top:12px\">\n<img style=\"margin-top:0px;margin-bottom:4px\" src=\"https:\/\/www.elektrosmoghilfe.com\/erdstrahlen\/wp-content\/uploads\/images\/mobilfunknutzer_am_land.jpg\" alt=\"\">\n<span class=\"emphDark fs14\">\nEin Mobilfunknutzer am Land:\nEr hat niedrigere Belastung durch die Einwirkung der Umgebung (niedrigere Dichte an Sendeanlagen sowie anderer Mobilfunknutzer\nin n\u00e4chster N\u00e4he) als er dies in der Stadt h\u00e4tte.\n<\/span>\n<span class=\"emphLight fs14\">\nAndererseits erzeugt er selbst beim Telefonieren mehr Belastung als er dies in der Stadt tun w\u00fcrde.\n<\/span>\n<\/div>\n<p class=\"anwendung\" style=\"text-align:center\">\nZusammengefasst l\u00e4sst sich dieser Sachverhalt vereinfacht auch so ausdr\u00fccken:<br clear='none'>\n<span class=\"emphDark fs16\">\nIn der Stadt werden Sie von der Umgebung st\u00e4rker bestrahlt als am Land, daf\u00fcr m\u00fcssen Sie selbst weniger stark strahlen, um zu kommunizieren.\n<\/span>\n<\/p>\n<p class=\"anwendung\" style=\"text-align:center\">\nDiese Erkenntnis wurde bei\n<a href=\"#ref01\">\n<i class=\"fas fa-external-link-alt link-ext\"><\/i>\neiner Studie des Netzwerkausr\u00fcsters Ericsson in Schweden an Benutzern im LTE-Netzwerk<\/a> deutlich best\u00e4tigt:<br clear='none'>\n<span class=\"emphLight fs16\">\nEs zeigte sich, dass Handys im l\u00e4ndlichen Gebiet im Schnitt mit 3-facher Sendeleistung wie Handys im st\u00e4dtischen Gebiet senden.\n<\/span>\n<\/p>\n<div style=\"text-align:center;line-height:15px;margin-top:12px\">\n<img style=\"margin-top:0px;margin-bottom:4px\" src=\"https:\/\/www.elektrosmoghilfe.com\/erdstrahlen\/wp-content\/uploads\/images\/senderstandorte_stadt.jpg\" alt=\"Karte der Mobilfunksendeanlagen in Wien\">\n<span class=\"emphDark fs14\">\nIllustration der <span class=\"emphLight fs14\">hohen Senderdichte in der Stadt<\/span> am Beispiel Wien, Quelle: <a href=\"https:\/\/www.senderkataster.at\/\">\n<i class=\"fas fa-external-link-alt link-ext\"><\/i>https:\/\/www.senderkataster.at\/<\/a>\nDie Karte ist im selben Ma\u00dfstab wie die Karte unten.\n<\/span>\n<\/div>\n<div style=\"text-align:center;line-height:15px;margin-top:12px\">\n<img style=\"margin-top:0px;margin-bottom:4px\" src=\"https:\/\/www.elektrosmoghilfe.com\/erdstrahlen\/wp-content\/uploads\/images\/senderstandorte_land.jpg\" alt=\"Karte der Mobilfunksendeanlagen im Nordburgenland\">\n<span class=\"emphDark fs14\">\nIllustration der <span class=\"emphLight fs14\">niedrigen Senderdichte am Land<\/span> am Beispiel Nordburgenland (Westufer des Neusiedlersees), Quelle: <a href=\"https:\/\/www.senderkataster.at\/\">\n<i class=\"fas fa-external-link-alt link-ext\"><\/i>https:\/\/www.senderkataster.at\/<\/a>\nDie Karte ist im selben Ma\u00dfstab wie die Karte oben.\n<\/span>\n<\/div>\n<p class=\"anwendung\" style=\"margin-top: 24px;\">\n<span class=\"emphLight fs14\">Literatur:<\/span>\n<\/p>\n<p id=\"ref01\" class=\"anwendung\">\n[1] Joshi, P., et al. (2017). <a href=\"https:\/\/ieeexplore.ieee.org\/document\/7879218\">\n<i class=\"fas fa-external-link-alt link-ext\"><\/i>\n<span class=\"emphDark fs14\">\nOutput Power Levels of 4G User Equipment and Implications on Realistic RF EMF Exposure Assessments.<\/span><\/a> IEEE Access, 5, 4545-4550.<\/p>\n<\/div>\r\n<div class=\"fusion-clearfix\"><\/div><\/div><\/div>\r\n<div class=\"fusion-layout-column fusion_builder_column fusion-builder-column-1 fusion_builder_column_1_3 1_3 fusion-one-third fusion-column-last twofifth1\" style=\"width:30.6666%;margin-top:0px;margin-bottom:0px;\" id=\"columnSide\"><div class=\"fusion-column-wrapper fusion-flex-column-wrapper-legacy\" style=\"background-position:left\r\ntop;background-repeat:no-repeat;-webkit-background-size:cover;-moz-background-size:cover;-o-background-size:cover;background-size:cover;padding: 0px 0px 0px 0px;\">\r\n\r\n<p class=\"pdfPageDownload\">\r\n<span class=\"emphDark fs14\">&#8222;Vergleich Stadt-Land&#8220; als pdf-Datei:<\/span><br clear='none'>\r\n<a href=\"https:\/\/www.elektrosmoghilfe.com\/erdstrahlen\/wp-content\/uploads\/documents\/hamoni_mobil_broschuere_vergleich_stadt_land.pdf\">\r\n    <img class=\"img_pdf\"\r\n         src=\"https:\/\/www.elektrosmoghilfe.com\/erdstrahlen\/wp-content\/uploads\/images\/hamoni_mobil_broschuere_vergleich_stadt_land.jpg\"><\/a>\r\n<\/p>\r\n\r\n\r\n<div class=\"fusion-clearfix\"><\/div><\/div><\/div><\/div><\/div>","protected":false},"excerpt":{"rendered":"","protected":false},"author":1,"featured_media":0,"parent":0,"menu_order":0,"comment_status":"closed","ping_status":"closed","template":"","meta":[],"_links":{"self":[{"href":"https:\/\/www.elektrosmoghilfe.com\/erdstrahlen\/wp-json\/wp\/v2\/pages\/2219"}],"collection":[{"href":"https:\/\/www.elektrosmoghilfe.com\/erdstrahlen\/wp-json\/wp\/v2\/pages"}],"about":[{"href":"https:\/\/www.elektrosmoghilfe.com\/erdstrahlen\/wp-json\/wp\/v2\/types\/page"}],"author":[{"embeddable":true,"href":"https:\/\/www.elektrosmoghilfe.com\/erdstrahlen\/wp-json\/wp\/v2\/users\/1"}],"replies":[{"embeddable":true,"href":"https:\/\/www.elektrosmoghilfe.com\/erdstrahlen\/wp-json\/wp\/v2\/comments?post=2219"}],"version-history":[{"count":14,"href":"https:\/\/www.elektrosmoghilfe.com\/erdstrahlen\/wp-json\/wp\/v2\/pages\/2219\/revisions"}],"predecessor-version":[{"id":2233,"href":"https:\/\/www.elektrosmoghilfe.com\/erdstrahlen\/wp-json\/wp\/v2\/pages\/2219\/revisions\/2233"}],"wp:attachment":[{"href":"https:\/\/www.elektrosmoghilfe.com\/erdstrahlen\/wp-json\/wp\/v2\/media?parent=2219"}],"curies":[{"name":"wp","href":"https:\/\/api.w.org\/{rel}","templated":true}]}}