{"id":2181,"date":"2020-04-20T20:12:26","date_gmt":"2020-04-20T20:12:26","guid":{"rendered":"https:\/\/www.elektrosmoghilfe.com\/erdstrahlen\/?page_id=2181"},"modified":"2020-04-20T22:40:49","modified_gmt":"2020-04-20T22:40:49","slug":"elektrosmog-am-arbeitsplatz-lehrer-und-beschaeftigte-in-arztpraxen-und-krankenhaeusern","status":"publish","type":"page","link":"https:\/\/www.elektrosmoghilfe.com\/erdstrahlen\/elektrosmog-am-arbeitsplatz-lehrer-und-beschaeftigte-in-arztpraxen-und-krankenhaeusern\/","title":{"rendered":"Elektrosmog am Arbeitsplatz &#8211; Lehrer und Besch\u00e4ftigte in Arztpraxen und Krankenh\u00e4usern"},"content":{"rendered":"<div class=\"fusion-fullwidth fullwidth-box fusion-builder-row-1 nonhundred-percent-fullwidth non-hundred-percent-height-scrolling\" style=\"background-color: rgba(255,255,255,0);background-position: left top;background-repeat: no-repeat;padding-top:0px;padding-right:0px;padding-bottom:0px;padding-left:0px;margin-bottom: 0px;margin-top: 0px;border-width: 0px 0px 0px 0px;border-color:#eae9e9;border-style:solid;\" ><div class=\"fusion-builder-row fusion-row\">\r\n<div class=\"fusion-layout-column fusion_builder_column fusion-builder-column-0 fusion_builder_column_2_3 2_3 fusion-two-third fusion-column-first threefifth1\" style=\"width:65.3333%; margin-right: 4%;margin-top:0px;margin-bottom:0px;\" id=\"columnMain\"><div class=\"fusion-column-wrapper fusion-flex-column-wrapper-legacy\" style=\"background-position:left top;background-repeat:no-repeat;-webkit-background-size:cover;-moz-background-size:cover;-o-background-size:cover;background-size:cover;padding: 0px 0px 0px 0px;\">\r\n<div class=\"fusion-text fusion-text-1\"><h1 class=\"subpage\">Elektrosmog am Arbeitsplatz<\/h1>\n<h2 class=\"dark\" style=\"margin-top: 12px;text-align:center\">Berufe mit hoher Elektrosmogbelastung: <span class=\"light\">Lehrer<\/span>\n<\/h2>\n<p class=\"anwendung indent2\">\n    <span class=\"emphDark fs16\">Lehrer geh\u00f6ren zu der Berufsgruppe, die sich am h\u00e4ufigsten an uns wendet, um Hilfe zu bekommen.<\/span>\nUnd dies nicht ohne Grund. In unserem eigenen Artikel zum Thema Elektrosmog in der Schule behandeln wir die Belastung mit den Sch\u00fclern\nim Fokus, aber nat\u00fcrlich sind Lehrer genauso davon betroffen.<br clear='none'> \n<span class=\"emphDark fs16\">1) Einerseits leiden Lehrer unter hoher HF-Belastung.<\/span> Diese liegt laut Studien ungef\u00e4hr gleich hoch wie die von Sch\u00fclern und setzt sich aus den Beitr\u00e4gen von Schul-WLAN, Smartphones von Lehrern und Sch\u00fclern sowie DECT-(Schnurlos-)Telefonen zusammen.<br clear='none'>\n<span class=\"emphDark fs16\">2) Andererseits sind Lehrer auch zunehmender NF-Belastung ausgesetzt.<\/span> In Studien war diese ca. 50% h\u00f6her als die von Sch\u00fclern. Die Erkl\u00e4rung daf\u00fcr ist diese, dass Lehrer mehr Zeit vor dem Computer verbringen und weniger Abstand als ihre Sch\u00fcler zu elektronischen Unterrichtshilfsmitteln wie Overhead-Projektor und den immer h\u00e4ufiger eingesetzten \u201eintelligenten Schultafeln\u201c haben. Zur hohen psychologischen Stressbelastung, der ein Lehrer heute ausgesetzt ist (wer daran zweifelt, stelle sich einen Vormittag lang in eine Klasse mit pubertierenden Sch\u00fclern), kommt also auch noch \u00fcberdurchschnittlich hoher Umweltstress durch Elektrosmog.\n<\/p>\n<p class=\"anwendung\" style=\"text-align:center\">\n    <img style=\"margin-top: 0px;\" src=\"https:\/\/www.elektrosmoghilfe.com\/erdstrahlen\/wp-content\/uploads\/images\/mathematiklehrer.jpg\"\n         alt=\"Ein Mathematiklehrer\">\n<span class=\"emphDark fs14\">Ein Mathematiklehrer in seinem Element.<\/span>\n<\/p>\n<h2 class=\"dark\" style=\"margin-top: 12px;text-align:center\">Berufe mit hoher Elektrosmogbelastung:<br clear='none'>\n    <span class=\"light\">Besch\u00e4ftigte in Arztpraxen und Krankenh\u00e4usern (\u00c4rzte, Krankenschwestern etc.)<\/span>\n<\/h2>\n<p class=\"anwendung indent2\">\n    <span class=\"emphDark fs16\">K\u00f6nnen Sie sich noch erinnern, wie es fr\u00fcher war, als man in der Arztpraxis oder Krankenhausambulanz im Wartezimmer sa\u00df?<\/span>\nDa vertrieb man sich meist die Zeit beim Durchbl\u00e4ttern diverser Illustrierter. Heute hat sich diese Gewohnheit bei vielen aufgeh\u00f6rt, stattdessen ist das Smartphone zum bevorzugten Zeitvertreiber geworden. Zudem ist WLAN im Wartezimmer und im Krankenhaus (dort gibt es viele Router und Repeater) zum Standard geworden. Viele Strahlenquellen auf engem Raum &#8211; Sie wissen mittlerweile, was das bedeutet. \nIm Krankenhaus, also dort, wo sich geschw\u00e4chte und erholungsbed\u00fcrftige Menschen aufhalten, w\u00e4re m\u00f6glichst niedrige Belastung besonders wichtig, denn wir wissen: Elektrosmog setzt den K\u00f6rper unter Dauerstress, der wiederum das Immunsystem und die Selbstheilungskr\u00e4fte negativ beeinflusst.\n<\/p>\n<p class=\"anwendung\" style=\"text-align:center\">\n    <img style=\"margin-top: 0px;\" src=\"https:\/\/www.elektrosmoghilfe.com\/erdstrahlen\/wp-content\/uploads\/images\/szene_im_wartezimmer.jpg\"\n         alt=\"Wartezimmer beim Arzt\">\n<span class=\"emphDark fs14\">Typische Szene in einem Wartezimmer beim Arzt<\/span>\n<\/p>\n<p class=\"anwendung indent2\">\n<span class=\"emphDark fs16\">Und diesem Stress sind auch die Besch\u00e4ftigten ausgesetzt: Sehr h\u00e4ufig werden DECT-Telefone eingesetzt, wor\u00fcber \u00c4rzte und Krankenschwestern erreichbar sind. Die Basisstationen strahlen, auch wenn gar nicht telefoniert wird, au\u00dfer man besitzt strahlungsarme Anlagen.<\/span> Die Funktion zur Strahlungsreduktion muss aber oft erst vom Benutzer aktiviert werden, was vielfach aus Unwissen nicht geschieht. Ein besorgniserregender Trend: Immer mehr Ger\u00e4te, die Gesundheitsdaten und Vitalparameter messen, werden mit Bluetooth und\/oder WLAN-Schnittstelle angeboten. Der per Bluetooth verstellbare Operationstisch (ja, den gibt es wirklich) setzt dem Fass die Krone auf.\n<\/p>\n<p class=\"anwendung\" style=\"text-align:center\">\n    <img style=\"margin-top: 0px;\" src=\"https:\/\/www.elektrosmoghilfe.com\/erdstrahlen\/wp-content\/uploads\/images\/mobile_visite.jpg\"\n         alt=\"Mobile Visite mit Tablet im Krankenhaus\">\n<span class=\"emphDark fs14\">Mobile Visite mit Tablet im Krankenhaus<\/span>\n<\/p>\n<p class=\"anwendung indent2\">\nIn vielen Krankenh\u00e4usern wird die Visite heute per Tablet durchgef\u00fchrt, das nennt sich \u201emobile Visite\u201c. Die Daten f\u00fcr die Patientenakte \u00fcbermitteln die Ger\u00e4te per WLAN. Die Krankenh\u00e4user beruhigen: \u201eDas WLAN ist nicht mit dem Internet verbunden.\u201c Das ist zwar aus Datenschutzsicht wichtig, hat aber f\u00fcr den Elektrosmog keine reduzierende Wirkung. Zudem wird daf\u00fcr meist eine zweite WLAN-Infrastruktur ben\u00f6tigt. Neben Routern f\u00fcr Patienten und G\u00e4ste (mit Zugang zum Internet), gibt es zus\u00e4tzliche Router f\u00fcr das Krankenhaus-interne Netz (ohne Zugang zum Internet). <span class=\"emphLight fs16\">Es gibt viele \u00c4rzte, auch unter unseren Kunden, die den vielen Elektrosmog im Krankenhaus als \u00e4u\u00dferst bedenklich ansehen.<\/span> Allerdings ist es f\u00fcr den Einzelnen sehr schwierig, an der Situation etwas zu \u00e4ndern. Am Ende des Tages ist man Angestellter des Krankenhauses und hat mit der Infrastruktur zu arbeiten, die der Dienstgeber zur Verf\u00fcgung stellt. Meist ist man vor vollendete Tatsachen gestellt und hat keine M\u00f6glichkeit, nachtr\u00e4glich an der Krankenhaus-IT auch nur die kleinste \u00c4nderung vorzunehmen. Zudem ist ein Krankenhaus, so wie jede gro\u00dfe Organisation, ein oft streng hierarchischer Betrieb. Als \u201ekleiner\u201c Arzt hat man gegen Entscheider in der Krankenhausf\u00fchrung kaum eine Chance bzw. ein Mitspracherecht.\n<\/p>\n<h2 class=\"dark\" style=\"margin-top: 12px;text-align:center\">Ein Rechenbeispiel, um einen Eindruck von der Hochfrequenz-Belastung in einem Krankenhaus zu bekommen:\n<\/h2>\n<p class=\"anwendung indent2\">\nDas Wiener AKH (Allgemeines Krankenhaus) ist zugegebenerma\u00dfen ein sehr gro\u00dfes Krankenhaus, eines der gr\u00f6\u00dften in Europa. Es hat 8700 Angestellte und 1800 Betten. Auf 2 station\u00e4r behandelte Patienten kommt zus\u00e4tzlich noch ein ambulant behandelter. Wenn wir annehmen, dass zu jedem Zeitpunkt 50% der Angestellten mit ihren privaten Smartphones im Geb\u00e4ude und die Betten zu 75% ausgelastet sind, ergibt das alleine <span class=\"emphLight fs16\">5700 private Handys.<\/span> Dazu kommen noch die Ger\u00e4te der Besucher, der wartenden Ambulanzpatienten und deren Begleiter. <span class=\"emphLight fs16\">Sie sehen, dass blo\u00df die Privatger\u00e4te eine enorme Zahl an Strahlungsquellen ausmachen. Die Belastung durch den Krankenhausbetrieb selbst (DECT-Telefon, WLAN-Router, Tablets der mobilen Visite etc.) haben wir dabei noch gar nicht ber\u00fccksichtigt.<\/span>\n<\/p>\n<p class=\"anwendung\" style=\"margin-top: 24px;\">\n    <span class=\"emphLight fs14\">Literatur:<\/span>\n<\/p>\n<p id=\"ref01\" class=\"anwendung\">\n    [1] Roh, J. H., et. al. (2009). <a href=\"https:\/\/anesthesiology.pubs.asahq.org\/article.aspx?articleid=1923707\">\n        <i class=\"fas fa-external-link-alt link-ext\"><\/i>\n        <span class=\"emphDark fs14\">\n Intensity of extremely low-frequency electromagnetic fields produced in operating rooms during surgery at the standing position of anesthesiologists.\n<\/span><\/a>\n    Anesthesiology, 111(2), 275-278.\n<\/p>\n<p id=\"ref02\" class=\"anwendung\">\n    [2] Ghazikhanlou-Sani, K., et. al. (2018). <a\n            href=\"https:\/\/akjournals.com\/view\/journals\/1646\/10\/3\/article-p121.xml#B24\">\n        <i class=\"fas fa-external-link-alt link-ext\"><\/i>\n        <span class=\"emphDark fs14\">\n\t\t Evaluation of the electromagnetic field intensity in operating rooms and estimation of occupational exposures of personnel. \n\t\t<\/span><\/a> Interventional Medicine and Applied Science, 1-6.\n<\/p>\n<p id=\"ref03\" class=\"anwendung\">\n    [3] Sagar, S., et. al. (2017). <a\n            href=\"https:\/\/www.nature.com\/articles\/jes201713?proof=true&#038;draft=collection\">\n        <i class=\"fas fa-external-link-alt link-ext\"><\/i>\n        <span class=\"emphDark fs14\">\n\t\tRadiofrequency electromagnetic field exposure in everyday microenvironments in Europe: A systematic literature review. Journal of Exposure \n\t\t<\/span><\/a> Science &amp; Environmental Epidemiology, 28(2), 147-160.<\/p>\n<\/div>\r\n<div class=\"fusion-clearfix\"><\/div><\/div><\/div>\r\n<div class=\"fusion-layout-column fusion_builder_column fusion-builder-column-1 fusion_builder_column_1_3 1_3 fusion-one-third fusion-column-last twofifth1\" style=\"width:30.6666%;margin-top:0px;margin-bottom:0px;\" id=\"columnSide\"><div class=\"fusion-column-wrapper fusion-flex-column-wrapper-legacy\" style=\"background-position:left\r\ntop;background-repeat:no-repeat;-webkit-background-size:cover;-moz-background-size:cover;-o-background-size:cover;background-size:cover;padding: 0px 0px 0px 0px;\">\r\n\r\n<p class=\"pdfPageDownload\">\r\n    <span class=\"emphDark fs14\">&#8222;Elektrosmog am Arbeitsplatz&#8220; als pdf-Datei:<\/span><br clear='none'>\r\n    <a href=\"https:\/\/www.elektrosmoghilfe.com\/erdstrahlen\/wp-content\/uploads\/documents\/hamoni_mobil_broschuere_elektrosmog_am_arbeitsplatz.pdf\">\r\n        <img class=\"img_pdf\"\r\n             src=\"https:\/\/www.elektrosmoghilfe.com\/erdstrahlen\/wp-content\/uploads\/images\/hamoni_mobil_broschuere_elektrosmog_am_arbeitsplatz.jpg\"><\/a>\r\n<\/p>\r\n\r\n<img src=\"https:\/\/www.elektrosmoghilfe.com\/erdstrahlen\/wp-content\/uploads\/images\/kinder_am_digitalen_whiteboard_small.jpg\" alt=\"\"><br clear='none'>\r\n<p class=\"imgDescr id2\" style=\"margin-bottom:24px\">\r\n<span class=\"emphDark fs14\">\r\nM\u00e4dchen in der Grundschule arbeiten am &#8222;digitalen, interaktiven\r\nWhiteboard&#8220;:\r\n<\/span>\r\nSo nennt man neudeutsch die Schultafel. Die Sch\u00fcler werden durch diese\r\nelektronischen Schultafeln zwar auch belastet, verbringen im zeitlichen\r\nSchnitt aber weniger Zeit in der N\u00e4her der Tafeln als Lehrer.\r\nDies wird als einer der Gr\u00fcnde daf\u00fcr angesehen (neben mehr Zeit,\r\ndie am PC\/Laptop verbracht wird), warum Lehrer in Studien eine ca. 50%\r\nh\u00f6here NF-Belastung aufweisen als ihre Sch\u00fcler. Bei HF-Belastung sind\r\ndie Werte von Sch\u00fclern und Lehrern in etwa gleich. Das hat damit zu tun,\r\ndass die Abst\u00e4nde zu Strahlungsquellen (WLAN-Router, Mobilfunkmast, Smartphones\r\nvon Sch\u00fclern und Lehrern) f\u00fcr Sch\u00fcler und Lehrer im Mittel gleich hoch ist.\r\n<\/p>\r\n\r\n<img src=\"https:\/\/www.elektrosmoghilfe.com\/erdstrahlen\/wp-content\/uploads\/images\/5G_roboter_operation.jpg\"\r\n     alt=\"Mit 5G gesteuerter Roboter bei einer Operation im Krankenhaus\"><br clear='none'>\r\n<p class=\"imgDescr id2\" style=\"margin-bottom:24px\">\r\n<span class=\"emphDark fs14\">\r\nMit 5G gesteuerter Roboter bei einer Operation im Krankenhaus:\r\n<\/span>\r\nAls eine wichtige Anwendung, die erst durch 5G m\u00f6glich w\u00e4re,\r\nwird immer wieder die Telemedizin genannt, z.B. die Operation\r\nan einem Patienten durch einen Spezialisten, der sich tausende\r\nKilometer entfernt befindet. Die niedrigen Latenzen (Signallaufzeiten\r\nbzw. Antwortzeiten) von 5G w\u00e4ren daf\u00fcr notwendig, meint man.\r\nWarum das nicht per Kabel geht, konnte uns bislang noch keiner\r\nerkl\u00e4ren. Wie dem auch sei, der Einzug von Operationsrobotern und\r\nvirtueller bzw. augmentierter Realit\u00e4t etc. wird f\u00fcr das\r\nKrankenhauspersonal eine zus\u00e4tzliche Belastung durch Elektrosmog\r\nbedeuten. Und diese ist heute in der N\u00e4he von medizintechnischen\r\nSystemen schon sehr betr\u00e4chtlich, siehe z.B. <a href=\"#ref01\"><i class=\"fas fa-external-link-alt link-ext\"><\/i>die Studie in [1].<\/a>\r\n<\/p>\r\n\r\n<img src=\"https:\/\/www.elektrosmoghilfe.com\/erdstrahlen\/wp-content\/uploads\/images\/krankenhausmitarbeiter_mit_smartphone.jpg\" alt=\"Krankenhausarzt in einer Pause am Smartphone\"><br clear='none'>\r\n<p class=\"imgDescr id2\" style=\"margin-bottom:24px\">\r\n    <span class=\"emphDark fs14\">Krankenhausarzt in einer Pause am Smartphone:<\/span>\r\n\tNeben der pers\u00f6nlichen Mobilger\u00e4te der Patienten und G\u00e4ste wird oft \u00fcbersehen,\r\ndass auch die Ger\u00e4te der Krankenhausmitarbeiter zur Belastung im Krankenhaus beitragen.\r\nAuch wenn diese nicht aktiv benutzt werden, weil sie im Spind, in Kleidertaschen,\r\nPersonalzimmern etc. liegen, sind oft Datenverbindungen und damit Funkverbindung\r\nim Hintergrund aktiv, z.B. durch Messenger wie WhatsApp.\r\n<\/p>\r\n\r\n\r\n<div class=\"fusion-clearfix\"><\/div><\/div><\/div><\/div><\/div>","protected":false},"excerpt":{"rendered":"","protected":false},"author":1,"featured_media":0,"parent":0,"menu_order":0,"comment_status":"closed","ping_status":"closed","template":"","meta":[],"_links":{"self":[{"href":"https:\/\/www.elektrosmoghilfe.com\/erdstrahlen\/wp-json\/wp\/v2\/pages\/2181"}],"collection":[{"href":"https:\/\/www.elektrosmoghilfe.com\/erdstrahlen\/wp-json\/wp\/v2\/pages"}],"about":[{"href":"https:\/\/www.elektrosmoghilfe.com\/erdstrahlen\/wp-json\/wp\/v2\/types\/page"}],"author":[{"embeddable":true,"href":"https:\/\/www.elektrosmoghilfe.com\/erdstrahlen\/wp-json\/wp\/v2\/users\/1"}],"replies":[{"embeddable":true,"href":"https:\/\/www.elektrosmoghilfe.com\/erdstrahlen\/wp-json\/wp\/v2\/comments?post=2181"}],"version-history":[{"count":10,"href":"https:\/\/www.elektrosmoghilfe.com\/erdstrahlen\/wp-json\/wp\/v2\/pages\/2181\/revisions"}],"predecessor-version":[{"id":2197,"href":"https:\/\/www.elektrosmoghilfe.com\/erdstrahlen\/wp-json\/wp\/v2\/pages\/2181\/revisions\/2197"}],"wp:attachment":[{"href":"https:\/\/www.elektrosmoghilfe.com\/erdstrahlen\/wp-json\/wp\/v2\/media?parent=2181"}],"curies":[{"name":"wp","href":"https:\/\/api.w.org\/{rel}","templated":true}]}}