{"id":2167,"date":"2020-04-17T19:26:23","date_gmt":"2020-04-17T19:26:23","guid":{"rendered":"https:\/\/www.elektrosmoghilfe.com\/erdstrahlen\/?page_id=2167"},"modified":"2020-04-17T21:15:49","modified_gmt":"2020-04-17T21:15:49","slug":"elektrosmog-am-arbeitsplatz","status":"publish","type":"page","link":"https:\/\/www.elektrosmoghilfe.com\/erdstrahlen\/elektrosmog-am-arbeitsplatz\/","title":{"rendered":"Elektrosmog am Arbeitsplatz"},"content":{"rendered":"<div class=\"fusion-fullwidth fullwidth-box fusion-builder-row-1 nonhundred-percent-fullwidth non-hundred-percent-height-scrolling\" style=\"background-color: rgba(255,255,255,0);background-position: left top;background-repeat: no-repeat;padding-top:0px;padding-right:0px;padding-bottom:0px;padding-left:0px;margin-bottom: 0px;margin-top: 0px;border-width: 0px 0px 0px 0px;border-color:#eae9e9;border-style:solid;\" ><div class=\"fusion-builder-row fusion-row\">\r\n<div class=\"fusion-layout-column fusion_builder_column fusion-builder-column-0 fusion_builder_column_2_3 2_3 fusion-two-third fusion-column-first threefifth1\" style=\"width:65.3333%; margin-right: 4%;margin-top:0px;margin-bottom:0px;\" id=\"columnMain\"><div class=\"fusion-column-wrapper fusion-flex-column-wrapper-legacy\" style=\"background-position:left top;background-repeat:no-repeat;-webkit-background-size:cover;-moz-background-size:cover;-o-background-size:cover;background-size:cover;padding: 0px 0px 0px 0px;\">\r\n<div class=\"fusion-text fusion-text-1\"><h1 class=\"subpage\">Elektrosmog am Arbeitsplatz<\/h1>\n<p class=\"anwendung indent2\">\n    <span class=\"emphDark fs16\">Berufst\u00e4tige Menschen verbringen fast die H\u00e4lfte des Tages au\u00dfer Haus. Die meiste Zeit davon wird auf dem Weg zur und von der Arbeit sowie am Arbeitsplatz selbst verbracht.<\/span>\n    Die Belastung am Arbeitsweg haben wir in separaten Artikeln zu den Themen <a\n            href=\"https:\/\/www.elektrosmoghilfe.com\/erdstrahlen\/elektrosmog-im-pkw\/\"><i class=\"fas fa-external-link-alt link-ext\"><\/i>Elektrosmog im PKW\n        bzw.<\/a> <a href=\"https:\/\/www.elektrosmoghilfe.com\/erdstrahlen\/elektrosmog-in-der-bahn\/\"><i class=\"fas fa-external-link-alt link-ext\"><\/i>Elektrosmog\n        in der Bahn<\/a> erl\u00e4utert.\n<\/p>\n<p class=\"anwendung indent2\">\n    <span class=\"emphDark fs16\">1) Hochfrequenzbelastung am Arbeitsplatz:<\/span> Hier sind nicht nur die Arbeitsger\u00e4te,\n    z.B. PC, Laptop, Firmenhandy etc. wirksam. Auch die privaten Ger\u00e4te (Smartphones) der\n    Arbeitskollegen haben einen Einfluss. Genauso wie in Schulen wird in Firmen, vorwiegend aus Kosten- und\n    Bequemlichkeitsgr\u00fcnden, heute meist WLAN zur Vernetzung verwendet. Zudem ist der Trend erkennbar, dass, wiederum aus\n    Kostengr\u00fcnden, bei Erneuerung von Hardware bislang kabelverbundene Ger\u00e4te auf WLAN-Vernetzung umgestellt werden.\n<\/p>\n<p class=\"anwendung\">\n    <img style=\"margin-top: 0px;\" src=\"https:\/\/www.elektrosmoghilfe.com\/erdstrahlen\/wp-content\/uploads\/images\/hamoni_mobil_wirkbereich_in_buero.jpg\"\n         alt=\"B\u00fcroumgebung mit Elektrosmog und Hamoni\u00ae Harmonisierer Mobil\">\n    <span class=\"emphLight fs16\">\nTypische Arbeitsumgebung in einem Gro\u00dfraumb\u00fcro: Viele Strahlungs- und Feldquellen auf engem Raum, sowohl durch private Handys als auch diverse Arbeitsger\u00e4te.\n<\/span>\n<\/p>\n<p class=\"anwendung indent2\"><span class=\"emphDark fs16\">\n    Ein besorgniserregender Trend ist hier auch die zunehmende Verabschiedung vom kabelgebundenen Festnetztelefon.\n\t<\/span>\n\tIn nicht wenigen Firmen wird im Zuge der Umstellung der Festnetz-Telefonie auf IP-Telefonie auch auf WLAN-vernetzte\n    Endger\u00e4te gesetzt. Und dies, obwohl sich die vorhandenen kabelgebundenen Festnetztelefon-Endger\u00e4te problemlos und\n    g\u00fcnstig per Adapter weiterhin verwenden lie\u00dfen. Diese Entwicklung ist oft auch von den Anbietern getrieben, die\n    nat\u00fcrlich ein Interesse daran haben, neue Ger\u00e4te zu verkaufen. Der Verantwortliche Technik-Eink\u00e4ufer bzw.\n    IT-Entscheider in der Firma denkt oft gar nicht an Elektrosmog. Schnell ist die Kaufentscheidung f\u00fcr eine\n    funkbasierte Technologie gefallen, die meist auch billiger als kabelgebundene Technologie ist. Dem Management\n    gef\u00e4llt\u2018s: Die neue Technik klingt modern und ist zudem g\u00fcnstiger als Alternativen. Manche Firmen gehen auch dazu\n    \u00fcber, das Festnetz ganz abzuschaffen und setzen auf eine \u201emobile first\u201c (\u201eHandy zuerst\u201c)-Kultur. So hat z.B. eine\n    der weltgr\u00f6\u00dften Beratungsfirmen, PwC, in Gro\u00dfbritannien 2018 alle Mitarbeiter auf reine Smartphone-Erreichbarkeit\n    umgestellt.\n<\/p>\n<p class=\"anwendung indent2\">\n    <span class=\"emphDark fs16\">2) Niederfrequenzbelastung am Arbeitsplatz:<\/span>\n    Hier sprechen wir von den Feldern, die durch Stromversorgung und Stromverbrauch erzeugt werden, z.B. durch Maschinen\n    in Produktionsbetrieben, aber auch durch Arbeitsplatz-PCs oder Firmenserver. Die Belastung kann hier je nach\n    Berufsfeld und Lage des Arbeitsplatzes relativ zu den Feldquellen sehr unterschiedlich sein. Wenn Sie z.B. in einem\n    Industriebetrieb direkt mit Maschinen arbeiten, die gro\u00dfe Stromverbraucher sind, oder Ihr B\u00fcro neben dem Serverraum\n    Ihres Betriebes liegt, ist ihre Belastung deutlich\n    h\u00f6her als wenn Sie an einem Arbeitsplatz-PC sitzen mit wenigen Kollegen und Maschinen in Ihrer unmittelbaren\n    Umgebung.\n<\/p>\n<p class=\"anwendung indent2\">\n<span class=\"emphDark fs16\">Die Belastung kann in praktisch jedem Beruf stark schwanken, dennoch gibt es Berufsgruppen, die im Mittel deutlich h\u00f6here Belastung als andere\nBerufe zeigen.<\/span> Wir wollen uns diese Berufsgruppen in einer Reihe von Artikeln auf dieser Webseite genauer ansehen\n    und erkl\u00e4ren, woher die besonders hohe spezifische\n    Belastung bei ihnen stammt. Wenn Sie selbst keiner dieser Berufsgruppen angeh\u00f6ren, hei\u00dft das nicht, dass Sie\n    grunds\u00e4tzlich wenig belastet sind, allerdings\n    ist die Wahrscheinlichkeit f\u00fcr hohe Belastung im Mittel geringer.\n<\/p>\n<h2 class=\"dark\" style=\"margin-top: 12px;text-align:center\">Berufe mit hoher Elektrosmogbelastung:<br clear='none'>\n    Besch\u00e4ftigte in der Industrie\n<\/h2>\n<div style=\"text-align:center\">\n    <img style=\"margin-top: 0px;\" src=\"https:\/\/www.elektrosmoghilfe.com\/erdstrahlen\/wp-content\/uploads\/images\/industriebeschaeftigter_an_CNC_maschine.jpg\"\n         alt=\"Elektrosmog-Belastung von Industriearbeiter an CNC-Maschine\">\n    <span class=\"emphLight fs16\">\nIndustriebesch\u00e4ftigter an CNC-Maschine.\n<\/span>\n<\/div>\n<p class=\"anwendung indent2\">\n<span class=\"emphDark fs16\">\n    Elektrische Maschinen in der Industrie ben\u00f6tigen oft hohe Leistungen und Str\u00f6me. Damit geht ein hohes\n    niederfrequentes Magnetfeld und niederfrequente Belastung einher.<\/span>\n    Die N\u00e4he zu den Maschinen ist ein entscheidender Faktor bei der Belastung. Menschen, die Maschinen wie\n    Laserschneidmaschinen, Schwei\u00dfmaschinen, CNC-Fr\u00e4sen, Roboter etc. bedienen, oder sich in der N\u00e4he der\n    Zuleitungskabel aufhalten, sind besonders gef\u00e4hrdet. Am st\u00e4rksten belastet sind oft Arbeitspl\u00e4tze in der N\u00e4he von\n    Verteilerschrank (meist ein ganzer Verteilerraum) oder Serverraum einer Fabrik. Diese Aussage gilt aber im Prinzip\n    auch f\u00fcr alle anderen Arbeitspl\u00e4tze, d.h. beispielsweise auch f\u00fcr Verteilerschr\u00e4nke oder Serverr\u00e4ume in B\u00fcros.\n<\/p>\n<p class=\"anwendung indent2\">\n<span class=\"emphDark fs16\">\n    \u00dcbrigens muss hohe Belastung an einem Industriearbeitsplatz nicht zwingend durch die Arbeit an einer gro\u00dfen,\n    leistungsstarken Maschine bedingt sein, wie das Beispiel Bekleidungsindustrie zeigt.<\/span> Die Anzahl an Arbeitspl\u00e4tzen in\n    dieser Industrie ist bei uns zwar deutlich geschrumpft, doch hat man z.B. bei N\u00e4herinnen an elektrischen\n    N\u00e4hmaschinen hohe NF-Belastung gefunden.\n    In diesem Fall ist zwar die elektrische Leistung der Maschine vergleichsweise bescheiden, doch kommt hier der 2.\n    wichtige Faktor f\u00fcr die Belastung ins Spiel: der Abstand zum K\u00f6rper, der im Falle einer N\u00e4hmaschine sehr gering ist.\n    Dieser <span class=\"emphLight fs16\">Abstandsfaktor<\/span> gilt nat\u00fcrlich auch f\u00fcr alle anderen Arbeitspl\u00e4tze wo mit kleinen Motorleistungen, aber\n    geringen Abst\u00e4nden gearbeitet wird, z.B. bei der Arbeit am Band.\n<\/p>\n<h2 class=\"dark\" style=\"margin-top: 12px;text-align:center\">Berufe mit hoher Elektrosmogbelastung:<br clear='none'>\n    Besch\u00e4ftigte in Gro\u00dfraumb\u00fcros und Call-Centern\n<\/h2>\n<div style=\"text-align:center\">\n    <img style=\"margin-top: 0px;\" src=\"https:\/\/www.elektrosmoghilfe.com\/erdstrahlen\/wp-content\/uploads\/images\/elektrosmog_im_grossraumbuero.jpg\" alt=\"\">\n    <span class=\"emphLight fs16\">\nEin Gro\u00dfraumb\u00fcro nach Dienstschluss. Die Leuchtstoffr\u00f6hren belasten zus\u00e4tzlich.\n<\/span>\n<\/div>\n<p class=\"anwendung indent2\">\n    Die Arbeit im Call-Center ist mit enormem Stress und schlechter Bezahlung verbunden. Call-Center Mitarbeiter stehen\n    an der Spitze derjenigen Arbeitnehmer, die wegen Depressionen und anderer stressbedingter Leiden krank geschrieben\n    werden.\n    <span class=\"emphLight fs16\">Neben der hohen psychischen Belastung kommt am typischen Arbeitsplatz in dieser Branche sehr starke Stressbelastung\n    durch Elektrosmog hinzu.<\/span> Einerseits erzeugen die PCs der Mitarbeiter niederfrequente Belastung. Andererseits kommt\n    eine ganze Reihe von Hochfrequenzquellen hinzu: Die PCs werden h\u00e4ufig per WLAN vernetzt. Zudem werden kabelgebundene\n    Headsets zunehmend durch kabellose Headsets, die Daten \u00fcber Bluetooth \u00fcbertragen, ersetzt. Dadurch holt man sich\n    einen Dauersender sowohl direkt an den Kopf als auch eine weitere Strahlungsquelle (Bluetooth-Dongle) an den\n    Arbeits-PC.\n<\/p>\n<p class=\"anwendung indent2\">\n<span class=\"emphDark fs16\">\n    In Gro\u00dfraumb\u00fcros, die nicht als Call-Center fungieren, f\u00e4llt die Belastung durch das Headset zwar weg, allerdings\n    beobachten wir dort einen anderen besorgniserregenden Trend.<\/span>\n    Immer h\u00e4ufiger wird dort das Festnetztelefon durch WLAN-Telefonie ersetzt. WLAN-Telefone haben eine geringere\n    Sendeleistung als DECT-Telefone (also die herk\u00f6mmlichen Schnurlostelefone). Das bedeutet aber umgekehrt, dass die\n    Reichweite geringer ist. Bei WLAN-Telefonen liegt sie bei nur ca. 10 Metern. Das hat zur Folge, dass man in\n    WLAN-basierten Telefonnetzwerken deutlich mehr WLAN-Sender ben\u00f6tigt. Kunden von uns, in deren Firmen auf\n    WLAN-Telefonie umgestellt wurde, haben uns dies best\u00e4tigt. Das Absurde ist, dass uns dieselben Kunden sagen, dass\n    sie f\u00fcr den Ersatz ihres vorhandenen Festnetztelefons durch ein schnurloses WLAN-Telefon gar keinen Bedarf haben, da\n    sie ohnehin den ganzen Tag am eigenen Schreibtisch verbringen.\n\t<span class=\"emphLight fs16\">\n    Ein weiterer negativer Faktor: In Gro\u00dfraumb\u00fcros kommen h\u00e4ufig Leuchtstoffr\u00f6hren zum Einsatz. Diese sind aus\n    Elektromsog-Sicht die schlechteste Beleuchtungsart, zudem erzeugen sie Lichtflimmern, eine weitere Form von\n    Umweltstress.<\/span>\n<\/p>\n<p class=\"anwendung\" style=\"margin-top: 24px;\">\n    <span class=\"emphLight fs14\">Literatur:<\/span>\n<\/p>\n<p id=\"ref01\" class=\"anwendung\">\n    [1] Joseph, W., et al. <a href=\"https:\/\/www.sciencedirect.com\/science\/article\/abs\/pii\/S0013935110001015\">\n        <i class=\"fas fa-external-link-alt link-ext\"><\/i>\n        <span class=\"emphDark fs14\">\nComparison of personal radio frequency electromagnetic field exposure in different urban areas across Europe.<\/span><\/a>\n    Environmental Res 110(7): 658\u201363.\n<\/p>\n<p id=\"ref02\" class=\"anwendung\">\n    [2] R\u00f6\u00f6sli, M. (2014). <a\n            href=\"https:\/\/www.routledge.com\/Epidemiology-of-Electromagnetic-Fields\/Roosli\/p\/book\/9781466568167\">\n        <i class=\"fas fa-external-link-alt link-ext\"><\/i>\n        <span class=\"emphDark fs14\">Epidemiology of Electromagnetic Fields.<\/span><\/a> Boca Raton, FL: CRC Press.<\/p>\n<\/div>\r\n<div class=\"fusion-clearfix\"><\/div><\/div><\/div>\r\n<div class=\"fusion-layout-column fusion_builder_column fusion-builder-column-1 fusion_builder_column_1_3 1_3 fusion-one-third fusion-column-last twofifth1\" style=\"width:30.6666%;margin-top:0px;margin-bottom:0px;\" id=\"columnSide\"><div class=\"fusion-column-wrapper fusion-flex-column-wrapper-legacy\" style=\"background-position:left\r\ntop;background-repeat:no-repeat;-webkit-background-size:cover;-moz-background-size:cover;-o-background-size:cover;background-size:cover;padding: 0px 0px 0px 0px;\">\r\n\r\n<p class=\"pdfPageDownload\">\r\n    <span class=\"emphDark fs14\">&#8222;Elektrosmog am Arbeitsplatz&#8220; als pdf-Datei:<\/span><br clear='none'>\r\n    <a href=\"https:\/\/www.elektrosmoghilfe.com\/erdstrahlen\/wp-content\/uploads\/documents\/hamoni_mobil_broschuere_elektrosmog_am_arbeitsplatz.pdf\">\r\n        <img class=\"img_pdf\"\r\n             src=\"https:\/\/www.elektrosmoghilfe.com\/erdstrahlen\/wp-content\/uploads\/images\/hamoni_mobil_broschuere_elektrosmog_am_arbeitsplatz.jpg\"><\/a>\r\n<\/p>\r\n\r\n<img src=\"https:\/\/www.elektrosmoghilfe.com\/erdstrahlen\/wp-content\/uploads\/images\/5G_schweissroboter.jpg\" alt=\"Elektrosmog durch 5G-vernetzten Schweissroboter\"><br clear='none'>\r\n<p class=\"imgDescr id2\" style=\"margin-bottom:24px\">\r\n<span class=\"emphDark fs14\">\r\nPrototyp eine 5G-vernetzten Schwei\u00dfroboters:\r\n<\/span>\r\n    Der Roboter ist ein typisches Beispiel daf\u00fcr, wie 5G die\r\n    industrielle Fertigung revolutionieren soll. WLAN ist f\u00fcr\r\n    die Steuerung zu langsam, man ben\u00f6tigt die niedrigen\r\n    Latenzen (Signallaufzeiten) von 5G f\u00fcr die Realisierung\r\n    der sog. &#8222;Industrie 4.0&#8220;. Durch diesen Trend, die es\r\n    Konzernen erlaubt, eigene 5G-Netzwerke in ihren Produktionsst\u00e4tten\r\n    zu betreiben, kommt neben der teils hohen niederfrequenten\r\n    Belastung auch zus\u00e4tzliche Hochfrequenzbelastung auf die\r\n    Besch\u00e4ftigten zu.\r\n<\/p>\r\n\r\n<img src=\"https:\/\/www.elektrosmoghilfe.com\/erdstrahlen\/wp-content\/uploads\/images\/naeharbeiterin_lederindustrie.jpg\"\r\n     alt=\"Elektrosmog durch Arbeit an einer N\u00e4hmaschine\"><br clear='none'>\r\n<p class=\"imgDescr id2\" style=\"margin-bottom:24px\">\r\n<span class=\"emphDark fs14\">\r\nArbeiterin an einer N\u00e4hmaschine in der Lederindustrie:\r\n<\/span>\r\n    Das Problem liegt im geringen Abstand zwischen Motor und Oberk\u00f6rper bzw. Kopf.\r\n    Dasselbe Problem haben alle Besch\u00e4ftigten, die lange Zeit mit Maschinen in geringem K\u00f6rperabstand arbeiten, z.B.\r\n    Bandarbeiter. Man sieht hier, dass es nicht blo\u00df auf die &#8222;Gr\u00f6\u00dfe&#8220;\r\n    (d.h. den Stromverbrauch) einer Maschine ankommt, sondern genauso auch auf den\r\n    Abstand der Maschine zum K\u00f6rper. Eine kleine Maschine kann hier durchaus viel\r\n    gr\u00f6\u00dfere Felder als eine gro\u00dfe Maschine erzeugen, wenn die kleine Maschine\r\n    n\u00e4her am K\u00f6rper betrieben wird.\r\n<\/p>\r\n\r\n<img src=\"https:\/\/www.elektrosmoghilfe.com\/erdstrahlen\/wp-content\/uploads\/images\/elektrosmog_im_call_center.jpg\" alt=\"Besch\u00e4ftigte im Call-Center\"><br clear='none'>\r\n<p class=\"imgDescr id2\" style=\"margin-bottom:24px\">\r\n    <span class=\"emphDark fs14\">Arbeit im Call-Center: Viel Stress, viel Elektrosmog, geringe Bezahlung.<\/span>\r\n<\/p>\r\n\r\n\r\n<div class=\"fusion-clearfix\"><\/div><\/div><\/div><\/div><\/div>","protected":false},"excerpt":{"rendered":"","protected":false},"author":1,"featured_media":0,"parent":0,"menu_order":0,"comment_status":"closed","ping_status":"closed","template":"","meta":[],"_links":{"self":[{"href":"https:\/\/www.elektrosmoghilfe.com\/erdstrahlen\/wp-json\/wp\/v2\/pages\/2167"}],"collection":[{"href":"https:\/\/www.elektrosmoghilfe.com\/erdstrahlen\/wp-json\/wp\/v2\/pages"}],"about":[{"href":"https:\/\/www.elektrosmoghilfe.com\/erdstrahlen\/wp-json\/wp\/v2\/types\/page"}],"author":[{"embeddable":true,"href":"https:\/\/www.elektrosmoghilfe.com\/erdstrahlen\/wp-json\/wp\/v2\/users\/1"}],"replies":[{"embeddable":true,"href":"https:\/\/www.elektrosmoghilfe.com\/erdstrahlen\/wp-json\/wp\/v2\/comments?post=2167"}],"version-history":[{"count":10,"href":"https:\/\/www.elektrosmoghilfe.com\/erdstrahlen\/wp-json\/wp\/v2\/pages\/2167\/revisions"}],"predecessor-version":[{"id":2182,"href":"https:\/\/www.elektrosmoghilfe.com\/erdstrahlen\/wp-json\/wp\/v2\/pages\/2167\/revisions\/2182"}],"wp:attachment":[{"href":"https:\/\/www.elektrosmoghilfe.com\/erdstrahlen\/wp-json\/wp\/v2\/media?parent=2167"}],"curies":[{"name":"wp","href":"https:\/\/api.w.org\/{rel}","templated":true}]}}