{"id":2044,"date":"2019-12-11T03:14:40","date_gmt":"2019-12-11T03:14:40","guid":{"rendered":"https:\/\/www.elektrosmoghilfe.com\/erdstrahlen\/?page_id=2044"},"modified":"2021-07-01T01:21:19","modified_gmt":"2021-07-01T01:21:19","slug":"daraus-besteht-der-hamoni-harmonisierer-mobil","status":"publish","type":"page","link":"https:\/\/www.elektrosmoghilfe.com\/erdstrahlen\/daraus-besteht-der-hamoni-harmonisierer-mobil\/","title":{"rendered":"Hamoni\u00ae Harmonisierer Mobil &#8211; Daraus besteht das Ger\u00e4t"},"content":{"rendered":"<div class=\"fusion-fullwidth fullwidth-box fusion-builder-row-1 nonhundred-percent-fullwidth non-hundred-percent-height-scrolling\" style=\"background-color: rgba(255,255,255,0);background-position: left top;background-repeat: no-repeat;padding-top:0px;padding-right:0px;padding-bottom:0px;padding-left:0px;margin-bottom: 0px;margin-top: 0px;border-width: 0px 0px 0px 0px;border-color:#eae9e9;border-style:solid;\" ><div class=\"fusion-builder-row fusion-row\">\r\n<div class=\"fusion-layout-column fusion_builder_column fusion-builder-column-0 fusion_builder_column_2_3 2_3 fusion-two-third fusion-column-first threefifth1\" style=\"width:65.3333%; margin-right: 4%;margin-top:0px;margin-bottom:0px;\" id=\"columnMain\"><div class=\"fusion-column-wrapper fusion-flex-column-wrapper-legacy\" style=\"background-position:left top;background-repeat:no-repeat;-webkit-background-size:cover;-moz-background-size:cover;-o-background-size:cover;background-size:cover;padding: 0px 0px 0px 0px;\">\r\n<div class=\"fusion-text fusion-text-1\"><h1 class=\"subpage\">Hamoni\u00ae Harmonisierer Mobil<br clear='none'>\n    <span class=\"h1SubTitle\">Daraus besteht das Ger\u00e4t<\/span><\/h1>\n<h2 class=\"dark\" style=\"margin-top: 12px;text-align: center;\">1) Das Geh\u00e4use:<\/h2>\n<p class=\"anwendung indent2\">\n    W\u00e4hrend wir f\u00fcr die 1. Generation des Ger\u00e4ts die Geh\u00e4use noch selbst im sog. 3D-Druck-Verfahren hergestellt haben, sind wir mittlerweile auf eine <span class=\"emphDark fs16\">Produktion im sog. Spritzgussverfahren<\/span> umgestiegen.\n<\/p>\n<p class=\"anwendung indent2\">\nDie Gr\u00fcnde daf\u00fcr waren die hohe Ausschu\u00dfquote beim 3D-Druck sowie die lange Druckdauer, die wir nun sinnvoller f\u00fcr unsere Entwicklungst\u00e4tigkeit verwenden k\u00f6nnen. Das jetzige Geh\u00e4use besteht aus ABS, dem f\u00fcr Konsumg\u00fcter meistverwendeten Kunststoff der Welt. W\u00e4hrend die Geh\u00e4use nun nicht mehr die charakteristische Rillenform auf der Oberfl\u00e4che aufweisen, die typisch f\u00fcr den 3D-Druck sind, und die viele Kunden lieb gewonnen haben, \u00fcberwiegen dennoch die Vorteile des neuen Herstellverfahrens.\n<\/p>\n<p class=\"anwendung indent2\">\nInsbesondere besitzen nun alle Bauteile (Boden und Deckel) exakt dieselben Dimensionen und die Klebefl\u00e4chen liegen genau plan aufeinander, wodurch die Geh\u00e4use deutlich resistenter gegen Wassereintritt sind. \n<span class=\"emphDark fs16\">Ein gro\u00dfer Vorteil ist auch, dass das Geh\u00e4use wesentlich weniger schnell verschmutzt und leichter zu reinigen ist.<\/span> Sie k\u00f6nnen es dazu feucht abwischen und tun dies am besten mit einem K\u00fcchentuch, das Sie mit etwas Fensterreiniger und Wasser tr\u00e4nken.\n<span class=\"emphDark fs16\">Zudem ist das neue Geh\u00e4use sehr resistent gegen Krafteinwirkung.<\/span> Auch mit einem Seitenschneider gelang es uns nicht, das Geh\u00e4use zu zerst\u00f6ren. Sie m\u00fcssen schon beispielsweise eine Metalls\u00e4ge verwenden, um es zu zerst\u00f6ren zu k\u00f6nnen.\n<\/p>\n<p><img class=\"\" style=\"margin-top: 12px;\" src=\"https:\/\/www.elektrosmoghilfe.com\/erdstrahlen\/wp-content\/uploads\/images\/halbschalen_hhm.jpg\" alt=\"Innenansicht der Geh\u00e4use-Halbschalen des Hamoni\u00ae Harmonisierer Mobil\"><\/p>\n<p class=\"anwendung\">\nInnenansicht der beiden Geh\u00e4use-Halbschalen des Hamoni\u00ae Harmonisierer Mobil\n<\/p>\n<h2 class=\"dark\" style=\"margin-top: 12px;text-align: center;\">2) Das Innenleben:<\/h2>\n<p class=\"anwendung indent2\">\n<span class=\"emphDark fs16\">\nHerzst\u00fcck des Hamoni\u00ae Harmonisierer Mobil ist eine elektronische Platine.\n<\/span>\nSie sehen unten einen kleinen Ausschnitt der R\u00fcckseite. Als Ehrung f\u00fcr den wahrscheinlich untersch\u00e4tztesten und der \u00d6ffentlichkeit weitgehend unbekannten schottischen Physiker James Clerk Maxwell, findet man darauf die sog. Maxwell\u2018schen Gleichungen gedruckt. Diese Gleichungen bilden die theoretische Grundlage aller elektromagnetischen Naturerscheinungen und sind damit elementar f\u00fcr unser modernes Leben sowie f\u00fcr die Funktion des Ger\u00e4ts.\n<\/p>\n<p><img class=\"\" style=\"\" src=\"https:\/\/www.elektrosmoghilfe.com\/erdstrahlen\/wp-content\/uploads\/images\/ausschnitt_platine_horizontal.jpg\" alt=\"Kleiner Ausschnitt der R\u00fcckseite der Platine im Hamoni\u00ae Harmonisierer Mobil\"><\/p>\n<p class=\"anwendung\">\nLange Zeit haben wir die Platine all unserer Ger\u00e4te mit der Hand gel\u00f6tet und die sog. THT-Technologie (engl. \u201ethrough hole technology\u201c) benutzt. Dabei werden die elektronischen Bauteile durch L\u00f6cher in der Platine gesteckt und an der R\u00fcckseite verl\u00f6tet. Seit Mitte 2021 sind wir auf die sog. SMD-Technologie (engl. \u201esurface mounted device\u201c, also \u201eoberfl\u00e4chenmontiertes Ger\u00e4t\u201c) umgestiegen. \u201eOberfl\u00e4chenmontiert\u201c deswegen, weil hier die Bauteile nicht mehr durch L\u00f6cher in der Platine gesteckt werden, sondern direkt auf der Oberfl\u00e4che der Platine verl\u00f6tet werden. \n<\/p>\n<p class=\"anwendung indent2\">\n<span class=\"emphDark fs16\">\nDie Technologie bietet verschiedene Vorz\u00fcge wie eine deutlich kleinere Bauteilgr\u00f6\u00dfe (siehe Bild) und leichtere Automatisierbarkeit. \nEin besonders wichtiger Vorteil ist die gr\u00f6\u00dfere Verf\u00fcgbarkeit an Bauteilen, da heute Neuentwicklungen praktisch nur mehr in SMD-Technologie auf den Markt gebracht werden.\n<\/span>\n<\/p>\n<p class=\"anwendung indent2\">\nNeu entwickelte Bauteile zeichnen sich h\u00e4ufig durch bessere elektronische und physikalische Eigenschaften aus. Dazu geh\u00f6rt insbes. die Temperaturstabilit\u00e4t, d.h. die Abh\u00e4ngigkeit der elektronischen Kenngr\u00f6\u00dfen von der Temperatur.\n<span class=\"emphDark fs16\">\nDamit Ihr Harmonisierer auch im tiefsten Winter und im hei\u00dfesten Sommer korrekt funktioniert, m\u00fcssen die Bauteile besonders temperaturstabil sein. \n<\/span>\nDer Technologiewechsel war f\u00fcr uns wichtig, damit wir unseren Kunden auch in Zukunft die beste Technologie bieten k\u00f6nnen. Da die SMD-Bauteile so klein sind, lassen Sie sich aber nicht mehr sinnvoll mit der Hand l\u00f6ten, sondern werden von einer Maschine gel\u00f6tet.\n<\/p>\n<hr class=\"line\" style=\"margin-top: 12px;margin-bottom: 12px;width:100%\">\n<img class=\"\" style=\"margin-bottom: -12px;\" src=\"https:\/\/www.elektrosmoghilfe.com\/erdstrahlen\/wp-content\/uploads\/images\/komposition_produktion_platine_01.jpg\" alt=\"Illustration zur automatisierten Platinenl\u00f6tung\"><\/p>\n<p class=\"anwendung\">\n<span class=\"emphDark fs16\">Illustration zur automatisierten Platinenl\u00f6tung:<\/span> Die SMD-Bauteile werden der Best\u00fccker-Firma auf B\u00e4ndern (links oben) geliefert, die in die Best\u00fcckungsmaschine (engl. \u201epick and place machine\u201c) in eng nebeneinander liegende Zuf\u00fchrungseinheiten eingesetzt werden (rechts oben). Die Maschine holt sich die ben\u00f6tigten Bauteile aus den B\u00e4ndern (eng. \u201ereels\u201c) und setzt sie punktgenau auf die mit L\u00f6tpaste versehenen Kontaktstellen auf der Platine (unten links).\n<\/p>\n<p class=\"anwendung indent2\">\nAus Kostengr\u00fcnden werden die Harmonisierer-Platinen nicht einzeln best\u00fcckt, sondern mehrere Platinen auf einmal, die auf einem sog. Panel von ca. 30x40cm nebeinander liegen. Best\u00fcckungsmaschinen kosten mehrere Millionen Euro und sind Meisterwerke der Technik. Per Kamera analysieren sie die leere Platine und setzen dann blitzschnell und extrem genau die Bauteile auf die korrekten Stellen in die  feuchte L\u00f6tpaste. \n<\/p>\n<p class=\"anwendung indent2\">\nDanach folgt der letzte Schritt: das Panel rollt in einen 10m langen sog. \u201eReflow\u201c-Ofen, wo es mehrere genau definierte Temperaturzonen durchl\u00e4uft. Die L\u00f6tpaste wird dadurch hart und am Ende des Ofens kommen die fertigen Panels heraus. Nun braucht man nur noch die einzelnen kleinen Harmonisierer-Platinen an vordefinierten Bruchkanten aus dem Panel herauszutrennen.\n<\/p>\n<hr class=\"line\" style=\"margin-top: 12px;margin-bottom: 12px;width:100%\">\n<p class=\"anwendung\">\nWir lassen unsere Platinen ausschlie\u00dflich in der EU fertigen und best\u00fccken. Trotzdem dauert die Wartezeit zwischen Auftragsaufgabe und -fertigstellung im Schnitt sechs Wochen. Es kann auch deutlich l\u00e4nger dauern, wenn ben\u00f6tigte Bauteile nicht oder nur sehr schwer zu bekommen sind, wie es beispielsweise w\u00e4hrend der Covid-Pandemie der Fall war.\n<\/p>\n<p class=\"anwendung indent2\">\nNachdem die Platinen vom Best\u00fccker bei uns eingetroffen sind, m\u00fcssen Sie bei uns von Hand feineingestellt werden. Dazu haben unsere Mitarbeiter ein computergesteuertes Messger\u00e4t, das so lange Feedback gibt, bis der Sollwert bei der Einstellung erreicht ist. Man braucht f\u00fcr diese Einstellarbeit eine sehr ruhige Hand und viel Konzentration, die Arbeit kann von keiner Maschine gemacht werden.\n<\/p>\n<p class=\"anwendung indent2\">\nNach einer Kontrolle durch einen separaten Mitarbeiter werden die Platinen mit Polyurethan ged\u00e4mpft. Erst durch diese D\u00e4mpfung erreicht die Platine (genauer: bestimmte Bauteile darauf) ihre notwendige Sto\u00dfsicherheit. Ohne sie w\u00fcrde bei schweren St\u00f6\u00dfen die Feineinstellung des Ger\u00e4ts verloren gehen. Nun steht der fertige Elektronikteil bereit f\u00fcr den Einbau ins Geh\u00e4use.\n<\/p>\n<p class=\"anwendung\">\n<span class=\"emphDark fs16\">Unser gro\u00dfes Problem:<\/span> die Industrie hat in den letzten Jahren schrittweise aufgeh\u00f6rt, von uns ben\u00f6tigte wichtige Bauteile zu produzieren. Der Grund ist die mangelnde Nachfrage, weil der Trend schon seit Jahrzehnten immer mehr zu integrierten Schaltkreisen f\u00fchrt, d.h. Bauteile, die ganze Schaltungen in sich vereinigen. Bestes Beispiel ist ein Radio, dessen Funktionalit\u00e4t heute auf einem Chip untergebracht ist, der kleiner als Ihr Fingernagel ist.\n<\/p>\n<p class=\"anwendung indent2\">\nBevor die Firma Philips in den fr\u00fchen 1980er-Jahren den ersten voll integrierten FM-Radiochip herausbrachte, mussten Radios aus vielen Einzelteilen hergestellt werden und waren dementsprechend volumin\u00f6s. Unser Problem ist, dass wir mit solchen Chips nichts anfangen k\u00f6nnen, da es keinen Chip gibt, der die Funktionalit\u00e4t des Harmonisierers beinhaltet. Wir brauchen vielmehr Einzelbauteile (sog. diskrete Komponenten), die immer weniger nachgefragt werden und in Einzelf\u00e4llen von der Elektronikindustrie nicht mehr hergestellt werden. Einzige L\u00f6sung f\u00fcr dieses Problem ist, m\u00f6glichst viel vorhandenen Lagerbestand bei H\u00e4ndlern vorsorglich aufzukaufen.<br clear='none'>\n<span class=\"emphLight fs16\">\nAnsonsten k\u00f6nnten wir eines Tages den Harmonisierer nicht mehr herstellen.\n<\/span>\n<\/p>\n<p class=\"anwendung indent2\">\nZum Abschluss dieses Artikels wollen wir uns noch kurz mit zwei Physikern besch\u00e4ftigen, ohne deren Leistungen es den Harmonisierer und unsere ganze moderne, elektronische Welt nicht g\u00e4be. \nDer erste ist <span class=\"emphDark fs16\">der schottische Physiker James Clerk Maxwell,<\/span> der den meisten von Ihnen wahrscheinlich bislang unbekannt war. Er sagte schon 1860 mit Hilfe der nach ihm benannten Gleichungen vorher, dass es elektromagnetische Wellen geben sollte. Sein gro\u00dfer Verdienst war, dass er die zuvor getrennten Ph\u00e4nomene Elektrizit\u00e4t und Magnetismus in einer zusammenfassende Theorie des Elektromagnetismus beschrieb.\n<\/p>\n<p class=\"anwendung indent2\">\nMaxwell wird als der Physiker des 19. Jahrhunderts angesehen, der den gr\u00f6\u00dften Einfluss auf die Physik des 20. Jh. hatte. Unsere gesamte moderne Kommunikationstechnik, insbes. die Funktechnik, beruht auf seinen Erkenntnissen.\nWenn man heute Funktechnologie entwirft (z.B. die Antennen Ihres Mobiltelefons), simuliert man deren physikalische Eigenschaften mit Software, welche die Maxwell-Gleichungen numerisch l\u00f6st. Erst dann baut man einen realen Prototypen. Die Resultate stimmen meist bis auf 1% mit den tats\u00e4chlich gemessenen Werten \u00fcberein. Die Abweichung kommt aber nicht etwa daher, weil Maxwells Gleichungen ungenau w\u00e4ren, sondern weil man komplexe, reale Systeme nur n\u00e4herungsweise modellieren kann, da sonst der Rechenaufwand zu hoch w\u00e4re.\n<\/p>\n<p class=\"anwendung indent2\">\nAlbert Einstein bezeichnete die Arbeit Maxwells als \u201edas Tiefste und Fruchtbarste, das die Physik seit Newton entdeckt hat\u201c. Und f\u00fcgte hinzu: \u201eIch stehe auf Maxwells Schultern\u201c. 26 Jahre nach seiner Vorhersage der elektromagnetischen Wellen gelang <span class=\"emphDark fs16\">dem deutschen Physiker Heinrich Hertz<\/span> der experimentelle Nachweis im Jahr 1886.\n<\/p>\n<p class=\"anwendung\" style=\"margin-top: 24px;\">\n<span class=\"emphLight fs14\">Literatur bzw. Videodokumentation:<\/span><br clear='none'>\n[1] Mahon, B. (2015). <span class=\"emphDark fs14\">The Man Who Changed Everything: The Life of James Clerk Maxwell.<\/span> Hoboken, NJ: John Wiley &amp; Sons.<br clear='none'>\n[2] <span class=\"emphDark fs14\">Scotland&#8217;s Einstein: James Clerk Maxwell &#8211; The Man Who Changed the World.<\/span> BBC Two, 2015.<br clear='none'>\n[3] Maxwell, J. C. (1873). <span class=\"emphDark fs14\">A Treatise on Electricity and Magnetism.<\/span> Oxford: Clarendon Press.<br clear='none'>\n[4] Jackson, J. D. (2006). <span class=\"emphDark fs14\">Klassische Elektrodynamik.<\/span> Berlin, Germany: Walter de Gruyter.<br clear='none'>\n[5] <i class=\"fas fa-film\"><\/i> <span class=\"emphDark fs14\">YouTube-Video aus einer Leiterplatten-Best\u00fcckungsfabrik<\/span> (eines von mehreren empfehlenswerten YouTube-Videos zum Thema): \n<a href=\"https:\/\/www.youtube.com\/watch?v=24ehoo6RX8w\">https:\/\/www.youtube.com\/watch?v=24ehoo6RX8w<\/a><\/p>\n<\/div>\r\n<div class=\"fusion-clearfix\"><\/div><\/div><\/div>\r\n<div class=\"fusion-layout-column fusion_builder_column fusion-builder-column-1 fusion_builder_column_1_3 1_3 fusion-one-third fusion-column-last twofifth1\" style=\"width:30.6666%;margin-top:0px;margin-bottom:0px;\" id=\"columnSide\"><div class=\"fusion-column-wrapper fusion-flex-column-wrapper-legacy\" style=\"background-position:left\r\ntop;background-repeat:no-repeat;-webkit-background-size:cover;-moz-background-size:cover;-o-background-size:cover;background-size:cover;padding: 0px 0px 0px 0px;\">\r\n\r\n\r\n<p class=\"pdfPageDownload\">\r\n<span class=\"emphDark fs14\">Das Innenleben des Hamoni\u00ae Harmonisierer Mobil als pdf-Datei:<\/span><br clear='none'>\r\n<a href=\"https:\/\/www.elektrosmoghilfe.com\/erdstrahlen\/wp-content\/uploads\/documents\/hamoni_mobil_broschuere_das_innenleben.pdf\">\r\n    <img class=\"img_pdf\"\r\n         src=\"https:\/\/www.elektrosmoghilfe.com\/erdstrahlen\/wp-content\/uploads\/images\/hamoni_mobil_broschuere_das_innenleben.jpg\"><\/a>\r\n<\/p>\r\n\r\n<a class=\"fusion-modal-text-link\" data-toggle=\"modal\" data-target=\".fusion-modal.modal04\" href=\"#\">\r\n<img class=\"sidebar\" style=\"margin-top: 24px;\" src=\"https:\/\/www.elektrosmoghilfe.com\/erdstrahlen\/wp-content\/uploads\/images\/hamoni_mobil_ansichten.jpg\" alt=\"Geh\u00e4use-Abmessungen und Gewicht des Hamoni\u00ae Harmonisierer Mobil\"><br clear='none'>\r\n<\/a>\r\n<div class=\"fusion-modal modal fade modal-1 modal04\" tabindex=\"-1\" role=\"dialog\" aria-labelledby=\"modal-heading-1\" aria-hidden=\"true\"><style type=\"text\/css\">.modal-1 .modal-header, .modal-1 .modal-footer{border-color:#ebebeb;}<\/style><div class=\"modal-dialog modal-lg\" role=\"document\"><div class=\"modal-content fusion-modal-content\" style=\"background-color:#ffffff\"><div class=\"modal-header\"><button class=\"close\" type=\"button\" data-dismiss=\"modal\" aria-hidden=\"true\" aria-label=\"Close\">&times;<\/button><h3 class=\"modal-title\" id=\"modal-heading-1\" data-dismiss=\"modal\" aria-hidden=\"true\">Das Ger\u00e4t ist sehr kompakt und leicht. Die Abmessungen betragen \r\n6,6&nbsp;cm&nbsp;x&nbsp;3,4&nbsp;cm&nbsp;x&nbsp;2,4 cm.<br clear='none'> Das Gewicht inkl.Platine betr\u00e4gt 14g.<\/h3><\/div><div class=\"modal-body fusion-clearfix\">\r\n<img src=\"https:\/\/www.elektrosmoghilfe.com\/erdstrahlen\/wp-content\/uploads\/images\/hamoni_mobil_ansichten.jpg\" alt=\"Geh\u00e4use-Abmessungen und Gewicht des Hamoni\u00ae Harmonisierer Mobil\"><br clear='none'>\r\n<\/div><\/div><\/div><\/div>\r\n<p class=\"imgDescr\" style=\"margin-bottom: 24px;\">\r\n<span class=\"emphDark fs14\">\r\nGeh\u00e4use-Abmessungen und Gewicht des Hamoni\u00ae Harmonisierer Mobil:\r\n<\/span>\r\nDas Ger\u00e4t ist sehr kompakt und leicht. Die Abmessungen betragen \r\n6,6&nbsp;cm&nbsp;x&nbsp;3,4&nbsp;cm&nbsp;x&nbsp;2,4 cm.<br clear='none'>\r\nDas Gewicht inkl.Platine betr\u00e4gt 14g. \r\n<\/p>\r\n<a class=\"fusion-modal-text-link\" data-toggle=\"modal\" data-target=\".fusion-modal.modal02\" href=\"#\">\r\n<img class=\"sidebar\" style=\"margin-top: 24px;\" src=\"https:\/\/www.elektrosmoghilfe.com\/erdstrahlen\/wp-content\/uploads\/images\/vergleich_THT_SMD_Bauteile.jpg\" alt=\"Gr\u00f6\u00dfenvergleich von Elektronikbauteilen\r\nin THT und SMD Technik\"><br clear='none'>\r\n<\/a>\r\n<p class=\"imgDescr\" style=\"margin-bottom: 24px;\">\r\n<span class=\"emphDark fs14\">\r\nVergleich von Technologien bei Elektronikbauteilen:<\/span> Links ein Kondensator aus dem mobilen Ger\u00e4t in SMD-Technik. Rechts ein Kondensator mit denselben elektronischen Kennwerten in THT-Technik. Die Miniaturisierung der Bauteile ist ein schon lange anhaltender Trend in der Elektronikindustrie. Der Bauteil links ist \u00fcbrigens noch ein Riese unter den SMD-Bauteilen. Den Bauteil gibt es mit denselben Werten auch in einer Gr\u00f6\u00dfe von nur 0,4mm x 0,2mm. Mit freiem Auge sieht er wie ein Staubkorn aus.\r\n<\/p>\r\n<div class=\"fusion-modal modal fade modal-2 modal02\" tabindex=\"-1\" role=\"dialog\" aria-labelledby=\"modal-heading-2\" aria-hidden=\"true\"><style type=\"text\/css\">.modal-2 .modal-header, .modal-2 .modal-footer{border-color:#ebebeb;}<\/style><div class=\"modal-dialog modal-lg\" role=\"document\"><div class=\"modal-content fusion-modal-content\" style=\"background-color:#ffffff\"><div class=\"modal-header\"><button class=\"close\" type=\"button\" data-dismiss=\"modal\" aria-hidden=\"true\" aria-label=\"Close\">&times;<\/button><h3 class=\"modal-title\" id=\"modal-heading-2\" data-dismiss=\"modal\" aria-hidden=\"true\">Gr\u00f6\u00dfenvergleich von Elektronikbauteilen\r\nin THT und SMD Technik<\/h3><\/div><div class=\"modal-body fusion-clearfix\">\r\n<p class=\"anwendung\">\r\n<span class=\"emphDark fs14\">\r\nVergleich von Technologien bei Elektronikbauteilen:<\/span> Links ein Kondensator aus dem mobilen Ger\u00e4t in SMD-Technik. Rechts ein Kondensator mit denselben elektronischen Kennwerten in THT-Technik. Die Miniaturisierung der Bauteile ist ein schon lange anhaltender Trend in der Elektronikindustrie. Der Bauteil links ist \u00fcbrigens noch ein Riese unter den SMD-Bauteilen. Den Bauteil gibt es mit denselben Werten auch in einer Gr\u00f6\u00dfe von nur 0,4mm x 0,2mm. Mit freiem Auge sieht er wie ein Staubkorn aus.\r\n<\/p>\r\n<img src=\"https:\/\/www.elektrosmoghilfe.com\/erdstrahlen\/wp-content\/uploads\/images\/vergleich_THT_SMD_Bauteile.jpg\" alt=\"Gr\u00f6\u00dfenvergleich von Elektronikbauteilen\r\nin THT und SMD Technik\"><br clear='none'>\r\n<\/div><\/div><\/div><\/div>\r\n\r\n<a class=\"fusion-modal-text-link\" data-toggle=\"modal\" data-target=\".fusion-modal.modal05\" href=\"#\">\r\n<img class=\"sidebar\" style=\"margin-top: 24px;\" src=\"https:\/\/www.elektrosmoghilfe.com\/erdstrahlen\/wp-content\/uploads\/images\/portrait_james_clerk_maxwell.jpg\" alt=\"Portraitfoto des jungen James Clerk Maxwell (1831-1879)\"><br clear='none'>\r\n<\/a>\r\n<p class=\"imgDescr\" style=\"margin-bottom: 24px;\">\r\n<span class=\"emphDark fs14\">\r\nDer junge Maxwell (1831-1879).<\/span>\r\n<\/p>\r\n<div class=\"fusion-modal modal fade modal-3 modal05\" tabindex=\"-1\" role=\"dialog\" aria-labelledby=\"modal-heading-3\" aria-hidden=\"true\"><style type=\"text\/css\">.modal-3 .modal-header, .modal-3 .modal-footer{border-color:#ebebeb;}<\/style><div class=\"modal-dialog modal-lg\" role=\"document\"><div class=\"modal-content fusion-modal-content\" style=\"background-color:#ffffff\"><div class=\"modal-header\"><button class=\"close\" type=\"button\" data-dismiss=\"modal\" aria-hidden=\"true\" aria-label=\"Close\">&times;<\/button><h3 class=\"modal-title\" id=\"modal-heading-3\" data-dismiss=\"modal\" aria-hidden=\"true\">Der junge Maxwell (1831-1879).<\/h3><\/div><div class=\"modal-body fusion-clearfix\">\r\n<img src=\"https:\/\/www.elektrosmoghilfe.com\/erdstrahlen\/wp-content\/uploads\/images\/portrait_james_clerk_maxwell.jpg\" alt=\"Portraitfoto des jungen James Clerk Maxwell (1831-1879)\"><br clear='none'>\r\n<\/div><\/div><\/div><\/div>\r\n\r\n<a class=\"fusion-modal-text-link\" data-toggle=\"modal\" data-target=\".fusion-modal.modal06\" href=\"#\">\r\n<img class=\"sidebar\" style=\"margin-top: 24px;\" src=\"https:\/\/www.elektrosmoghilfe.com\/erdstrahlen\/wp-content\/uploads\/images\/portrait_heinrich_hertz.jpg\" alt=\"Portraitfoto von Heinrich Hertz (1857-1894)\"><br clear='none'>\r\n<\/a>\r\n<p class=\"imgDescr\" style=\"margin-bottom: 24px;\">\r\n<span class=\"emphDark fs14\">\r\nHeinrich Hertz (1857-1894). Leider verstarb er viel zu fr\u00fch im Alter von nicht einmal 37 Jahren.<\/span>\r\n<\/p>\r\n<div class=\"fusion-modal modal fade modal-4 modal06\" tabindex=\"-1\" role=\"dialog\" aria-labelledby=\"modal-heading-4\" aria-hidden=\"true\"><style type=\"text\/css\">.modal-4 .modal-header, .modal-4 .modal-footer{border-color:#ebebeb;}<\/style><div class=\"modal-dialog modal-lg\" role=\"document\"><div class=\"modal-content fusion-modal-content\" style=\"background-color:#ffffff\"><div class=\"modal-header\"><button class=\"close\" type=\"button\" data-dismiss=\"modal\" aria-hidden=\"true\" aria-label=\"Close\">&times;<\/button><h3 class=\"modal-title\" id=\"modal-heading-4\" data-dismiss=\"modal\" aria-hidden=\"true\">Heinrich Hertz (1857-1894). Leider verstarb er viel zu fr\u00fch im Alter von nicht einmal 37 Jahren.<\/h3><\/div><div class=\"modal-body fusion-clearfix\">\r\n<img src=\"https:\/\/www.elektrosmoghilfe.com\/erdstrahlen\/wp-content\/uploads\/images\/portrait_heinrich_hertz.jpg\" alt=\"Portraitfoto von Heinrich Hertz (1857-1894)\"><br clear='none'>\r\n<\/div><\/div><\/div><\/div>\r\n\r\n<a class=\"fusion-modal-text-link\" data-toggle=\"modal\" data-target=\".fusion-modal.modal03\" href=\"#\">\r\n<img class=\"sidebar\" style=\"margin-top: 24px;\" src=\"https:\/\/www.elektrosmoghilfe.com\/erdstrahlen\/wp-content\/uploads\/images\/maxwell_gleichungen.jpg\" alt=\"Die Maxwell-Gleichungen in der sog. Differentialform\"><br clear='none'>\r\n<\/a>\r\n<p class=\"imgDescr\" style=\"margin-bottom: 24px;\">\r\n<span class=\"emphDark fs14\">\r\nDie Maxwell-Gleichungen in der sog. Differentialform\r\n<\/span>\r\nEin Hauptgrund daf\u00fcr, dass praktisch jeder Isaac Newton und die Newton\u2018schen Gesetze kennt, aber kaum jemand die Maxwell-Gleichungen, ist der, dass letztere mathematisch deutlich komplizierter sind. Daher kann man sie in der Schulphysik Sch\u00fclern nur schwer erkl\u00e4ren.\r\n<\/p>\r\n<div class=\"fusion-modal modal fade modal-5 modal03\" tabindex=\"-1\" role=\"dialog\" aria-labelledby=\"modal-heading-5\" aria-hidden=\"true\"><style type=\"text\/css\">.modal-5 .modal-header, .modal-5 .modal-footer{border-color:#ebebeb;}<\/style><div class=\"modal-dialog modal-lg\" role=\"document\"><div class=\"modal-content fusion-modal-content\" style=\"background-color:#ffffff\"><div class=\"modal-header\"><button class=\"close\" type=\"button\" data-dismiss=\"modal\" aria-hidden=\"true\" aria-label=\"Close\">&times;<\/button><h3 class=\"modal-title\" id=\"modal-heading-5\" data-dismiss=\"modal\" aria-hidden=\"true\">Die Maxwell-Gleichungen in der sog. Differentialform<\/h3><\/div><div class=\"modal-body fusion-clearfix\">\r\n<p class=\"anwendung\">\r\nEin Hauptgrund daf\u00fcr, dass praktisch jeder Isaac Newton und die Newton\u2018schen Gesetze kennt, aber kaum jemand die Maxwell-Gleichungen, ist der, dass letztere mathematisch deutlich komplizierter sind. Daher kann man sie in der Schulphysik Sch\u00fclern nur schwer erkl\u00e4ren.\r\n<\/p>\r\n<img src=\"https:\/\/www.elektrosmoghilfe.com\/erdstrahlen\/wp-content\/uploads\/images\/maxwell_gleichungen.jpg\" alt=\"Die Maxwell-Gleichungen in der sog. Differentialform\"><br clear='none'>\r\n<\/div><\/div><\/div><\/div>\r\n\r\n<img class=\"sidebar\" style=\"margin-top: 24px;\" src=\"https:\/\/www.elektrosmoghilfe.com\/erdstrahlen\/wp-content\/uploads\/images\/nase_geruch_hhm.jpg\" alt=\"Nase in Seitenansicht\">\r\n<p class=\"imgDescr\">\r\n<span class=\"emphDark fs14\">Hinweis f\u00fcr sehr geruchsempfindliche Kunden:<\/span> Wir haben bislang erst ein einziges Mal von einer Kundin die R\u00fcckmeldung bekommen, dass das Geh\u00e4use nach dem Auspacken nach \u201ePlastik\u201c rieche. Wir selbst k\u00f6nnen hingegen keinerlei Geruch wahrnehmen, wahrscheinlich sind wir einfach zu geruchsunempfindlich. Seit dieser R\u00fcckmeldung warten wir immer 2 Tage nach der Produktion bis zum Verpacken des Ger\u00e4ts, um eventuellen Geruch ausdampfen zu lassen.\r\n<\/p>\r\n<p class=\"imgDescr\">\r\nSollten Sie dennoch einen Geruch wahrnehmen, lassen Sie das Ger\u00e4t einfach einen Tag lang offen and der Luft liegen. Erw\u00e4hnte geruchsempfindliche Dame meldete uns zur\u00fcck, dass sie danach keinerlei Geruch mehr wahrnahm.\r\n<\/p>\r\n\r\n\r\n\r\n<div class=\"fusion-clearfix\"><\/div><\/div><\/div><\/div><\/div>","protected":false},"excerpt":{"rendered":"","protected":false},"author":1,"featured_media":0,"parent":0,"menu_order":0,"comment_status":"closed","ping_status":"closed","template":"","meta":[],"_links":{"self":[{"href":"https:\/\/www.elektrosmoghilfe.com\/erdstrahlen\/wp-json\/wp\/v2\/pages\/2044"}],"collection":[{"href":"https:\/\/www.elektrosmoghilfe.com\/erdstrahlen\/wp-json\/wp\/v2\/pages"}],"about":[{"href":"https:\/\/www.elektrosmoghilfe.com\/erdstrahlen\/wp-json\/wp\/v2\/types\/page"}],"author":[{"embeddable":true,"href":"https:\/\/www.elektrosmoghilfe.com\/erdstrahlen\/wp-json\/wp\/v2\/users\/1"}],"replies":[{"embeddable":true,"href":"https:\/\/www.elektrosmoghilfe.com\/erdstrahlen\/wp-json\/wp\/v2\/comments?post=2044"}],"version-history":[{"count":17,"href":"https:\/\/www.elektrosmoghilfe.com\/erdstrahlen\/wp-json\/wp\/v2\/pages\/2044\/revisions"}],"predecessor-version":[{"id":2570,"href":"https:\/\/www.elektrosmoghilfe.com\/erdstrahlen\/wp-json\/wp\/v2\/pages\/2044\/revisions\/2570"}],"wp:attachment":[{"href":"https:\/\/www.elektrosmoghilfe.com\/erdstrahlen\/wp-json\/wp\/v2\/media?parent=2044"}],"curies":[{"name":"wp","href":"https:\/\/api.w.org\/{rel}","templated":true}]}}