{"id":2018,"date":"2019-11-30T00:48:21","date_gmt":"2019-11-30T00:48:21","guid":{"rendered":"https:\/\/www.elektrosmoghilfe.com\/erdstrahlen\/?page_id=2018"},"modified":"2019-12-11T02:36:53","modified_gmt":"2019-12-11T02:36:53","slug":"hamoni-harmonisierer-mobil-haeufige-fragen-und-antworten","status":"publish","type":"page","link":"https:\/\/www.elektrosmoghilfe.com\/erdstrahlen\/hamoni-harmonisierer-mobil-haeufige-fragen-und-antworten\/","title":{"rendered":"Hamoni\u00ae Harmonisierer Mobil &#8211; H\u00e4ufige Fragen und Antworten"},"content":{"rendered":"<div class=\"fusion-fullwidth fullwidth-box fusion-builder-row-1 nonhundred-percent-fullwidth non-hundred-percent-height-scrolling\" style=\"background-color: rgba(255,255,255,0);background-position: left top;background-repeat: no-repeat;padding-top:0px;padding-right:0px;padding-bottom:0px;padding-left:0px;margin-bottom: 0px;margin-top: 0px;border-width: 0px 0px 0px 0px;border-color:#eae9e9;border-style:solid;\" ><div class=\"fusion-builder-row fusion-row\">\r\n<div class=\"fusion-layout-column fusion_builder_column fusion-builder-column-0 fusion_builder_column_2_3 2_3 fusion-two-third fusion-column-first threefifth1\" style=\"width:65.3333%; margin-right: 4%;margin-top:0px;margin-bottom:0px;\" id=\"columnMain\"><div class=\"fusion-column-wrapper fusion-flex-column-wrapper-legacy\" style=\"background-position:left top;background-repeat:no-repeat;-webkit-background-size:cover;-moz-background-size:cover;-o-background-size:cover;background-size:cover;padding: 0px 0px 0px 0px;\">\r\n<div class=\"fusion-text fusion-text-1\"><h1 class=\"subpage\">Hamoni\u00ae Harmonisierer Mobil<br clear='none'>\n    <span class=\"h1SubTitle\">H\u00e4ufige Fragen und Antworten<\/span><\/h1>\n<p><!--\n\n\n<p class=\"anwendung emphDark fs16 sum\" style=\"text-align:center\">\n    Einige Fragen zum Harmonisierer treten immer wieder auf. Deshalb haben wir einige h\u00e4ufige Fragen und die Antworten\n    darauf hier f\u00fcr Sie zusammengestellt.\n<\/p>\n\n\n-->\n<img class=\"faq\" src=\"https:\/\/www.elektrosmoghilfe.com\/erdstrahlen\/wp-content\/uploads\/images\/_hamoni_mobil_faq_hosentasche.jpg\"><\/p>\n<h2 class=\"dark\">Muss ich das Ger\u00e4t um den Hals h\u00e4ngen? Kann ich es beispielsweise auch in Hosen- oder Jackentasche stecken?<\/h2>\n<p class=\"anwendung indent2\">\n    Wenn Ihnen das Ger\u00e4t zu klobig ist (leider ist die derzeitige Gr\u00f6\u00dfe technisch notwendig) oder Sie zu den Menschen geh\u00f6ren, die sich einfach nichts umh\u00e4ngen wollen, \n\t<span class=\"emphLight ul\">m\u00fcssen Sie das nicht.<\/span> Sie k\u00f6nnen das Ger\u00e4t gerne in eine Tasche Ihrer Kleidung stecken oder so wie gleich folgend beschrieben verwenden.\n<\/p>\n<div class=\"divSpacer\"><\/div>\n<p><img class=\"faq\" src=\"https:\/\/www.elektrosmoghilfe.com\/erdstrahlen\/wp-content\/uploads\/images\/_hamoni_mobil_faq_tasche.jpg\"><\/p>\n<h2 class=\"dark\">Kann ich das Ger\u00e4t in Taschen, Rucksack etc. mitnehmen?<\/h2>\n<p class=\"anwendung indent2\">\n    <span class=\"emphLight ul\">Ja. Wir denken, dass dies auch der meistverbreitete Anwendungsfall sein wird.<\/span> Wenn das Ger\u00e4t beispielsweise am Boden einer Tasche liegt, achten Sie darauf, dass Sie keine Gegenst\u00e4nde mit metallischen Fl\u00e4chen darauf legen. Dazu geh\u00f6ren z.B. ein Schl\u00fcsselbund, ein Mobiltelefon oder ein Laptop. \nWenn Sie solche Gegenst\u00e4nde in Ihrer Tasche aufbewahren, legen Sie das Ger\u00e4t m\u00f6glichst neben bzw. auf diese Gegenst\u00e4nde, und nicht darunter. \n<\/p>\n<p class=\"anwendung indent2\">\nAlternativ w\u00e4re auch das Unterbringen in einer Seitentasche m\u00f6glich, wenn der metallische Gegenstand sich dann nicht zwischen Ger\u00e4t und Ihrem K\u00f6rper befindet. \nHalten Sie sich an diese einfach Regel: Denken Sie sich eine Linie zwischen dem Ger\u00e4t und Ihrem K\u00f6rper. Diese soll nicht durch metallische Fl\u00e4chen blockiert werden.\n<\/p>\n<div class=\"divSpacer\"><\/div>\n<p><img class=\"faq\" src=\"https:\/\/www.elektrosmoghilfe.com\/erdstrahlen\/wp-content\/uploads\/images\/_hamoni_mobil_faq_pkw.jpg\"><\/p>\n<h2 class=\"dark\">Kann ich das Ger\u00e4t im PKW verwenden?<\/h2>\n<p class=\"anwendung indent2\">\n    <span class=\"emphLight ul\">Ja, f\u00fcr diesen Einsatzzweck ist es ausdr\u00fccklich gedacht.<\/span> Legen Sie es z.B. in die Mittelkonsole oder befestigen Sie es am Mittelspiegel. Sie k\u00f6nnen es aber auch im PKW so anwenden, dass Sie es einfach in Ihrer Handtasche, Ihrem Rucksack etc. belassen und auf den Beifahrersitz oder R\u00fccksitz stellen.\n<\/p>\n<div class=\"divSpacer\"><\/div>\n<p><img class=\"faq\" src=\"https:\/\/www.elektrosmoghilfe.com\/erdstrahlen\/wp-content\/uploads\/images\/_hamoni_mobil_faq_schluesselanhaenger.jpg\"><\/p>\n<h2 class=\"dark\" style=\"padding-top: 24px;\">Kann ich das Ger\u00e4t als Schl\u00fcsselanh\u00e4nger verwenden?<\/h2>\n<p class=\"anwendung indent2\">\n<span class=\"emphLight ul\">Nein.<\/span> Davon raten wir ausdr\u00fccklich ab, da die metallischen Schl\u00fcssel die Ger\u00e4tewirkung blockieren.\n<\/p>\n<div class=\"divSpacer\"><\/div>\n<p><img class=\"faq\" src=\"https:\/\/www.elektrosmoghilfe.com\/erdstrahlen\/wp-content\/uploads\/images\/_hamoni_mobil_faq_reichweite.jpg\"><\/p>\n<h2 class=\"dark\">Wie weit wirkt das Ger\u00e4t?<\/h2>\n<p class=\"anwendung indent2\">\n<span class=\"emphLight ul\">Aus den R\u00fcckmeldungen unserer Tester geben wir derzeit eine sichere Wirkung in ca. 3m Radius an.<\/span> Es ist wahrscheinlich auch dar\u00fcber hinaus wirksam, allerdings mit reduzierter Wirkkraft. Falls Sie zu den sehr elektrosensiblen Menschen geh\u00f6ren, kann es sinnvoll sein, es dauerhaft am K\u00f6rper zu tragen.\n<\/p>\n<p class=\"anwendung indent2\">\n<span class=\"emphLight ul\">Genauso wie bei unserem station\u00e4ren Ger\u00e4t bedeutet Wirkbereich nicht, dass sich die Strahlen- bzw. Feldquellen innerhalb des Wirkbereichs befinden m\u00fcssen, damit der Harmonisierer darauf wirkt.<\/span> Vielmehr bedeutet Wirkbereich, dass der Organismus sich in diesem Bereich befinden muss, damit er durch das Ger\u00e4t gesch\u00fctzt ist. D.h. wenn das Ger\u00e4t weniger als ca. 3m von Ihnen entfernt ist, dann sind Sie in seinem Wirkbereich.\n<\/p>\n<p class=\"anwendung indent2\">\n<span class=\"emphLight ul\">Es wirkt dann aber wohlgemerkt auf alle Einfl\u00fcsse in diesem Wirkbereich, egal, ob sich die Strahlen- bzw. Feldquellen innerhalb oder au\u00dferhalb des Wirkbereichs befinden.<\/span> Physikalisch ist es so: Die von technischen aber auch nat\u00fcrlichen (Erdstrahlung) erzeugten elektromagnetischen Felder \u00fcberlagern sich in jedem Raumpunkt zu einem Gesamtfeld. Der Harmonisierer, egal ob station\u00e4res oder mobiles Ger\u00e4t, wirkt immer auf das Gesamtfeld. Er k\u00f6nnte auch gar nicht unterscheiden, ob sich die Feldquelle au\u00dfer- oder innerhalb des Wirkbereichs befindet. So eine Unterscheidung ist auch nicht zielf\u00fchrend, da das Ger\u00e4t auf die Gesamtheit der Belastung wirken soll, egal, ob diese innerhalb oder au\u00dferhalb des Wirkbereichs erzeugt wird.\n<\/p>\n<p class=\"anwendung indent2\">\n<span class=\"emphLight ul\">Zum besseren Verst\u00e4ndnis noch ein konkretes Beispiel:<\/span> Sie sitzen im B\u00fcro und haben das mobile Ger\u00e4t in Ihrer Tasche liegen, die neben Ihnen am Fu\u00dfboden steht. Sie befinden sich innerhalb des Wirkbereichs des Ger\u00e4ts. Dieses wirkt daher auf die Belastung, die Sie erzeugen, z.B. durch Ihr Smartphone oder die WLAN-Antenne und die niederfrequenten Felder (oft untersch\u00e4tzt) Ihres Laptops oder PCs. Zus\u00e4tzlich wirkt das Ger\u00e4t auch auf die Summe aller anderen Belastungen, die an Ihrem Arbeitsplatz wirksam sind, aber au\u00dferhalb des Wirkbereichs erzeugt werden. Z.B. die Smartphones Ihrer Kollegen, die Mobilfunkantenne am Geb\u00e4ude gegen\u00fcber, den WLAN-Router des B\u00fcros. Ihr Kollege, der 4m neben Ihnen sitzt, sp\u00fcrt keine Wirkung des Ger\u00e4ts, da sein Organismus au\u00dferhalb des Wirkbereichs des Ger\u00e4ts liegt.\n<\/p>\n<div class=\"divSpacer\"><\/div>\n<p><img class=\"faq\" src=\"https:\/\/www.elektrosmoghilfe.com\/erdstrahlen\/wp-content\/uploads\/images\/_hamoni_mobil_faq_nachtkaestchen.jpg\"><\/p>\n<h2 class=\"dark\" style=\"padding-top: 16px;\">Was mache ich in der Nacht mit dem Ger\u00e4t?<\/h2>\n<p class=\"anwendung indent2\">\n    Wir empfehlen, es auf das Nachtk\u00e4stchen zu legen. F\u00fcr sehr elektrosensible Menschen kann es sinnvoll sein, das Ger\u00e4t direkt neben oder unter das Kopfpolster zu legen.\n<\/p>\n<div class=\"divSpacer\"><\/div>\n<p><img class=\"faq\" src=\"https:\/\/www.elektrosmoghilfe.com\/erdstrahlen\/wp-content\/uploads\/images\/_hamoni_mobil_faq_dose_offen.jpg\"><\/p>\n<h2 class=\"dark\">Wir haben mehrere mobile Harmonisierer im Haushalt bzw. auch einen station\u00e4ren Harmonisierer im Einsatz. Muss ich etwas beachten?<\/h2>\n<p class=\"anwendung indent2\">\nIn der Regel (wenn Sie dem durchschnittlich sensiblen Menschen entsprechen) nicht. <span class=\"emphLight ul\">Allerdings kann es bei sehr sensiblen Menschen sein, dass die Wirkung mehrerer Ger\u00e4te f\u00fcr sie zu stark ist.<\/span> In diesem Fall verwenden Sie zuhause keinen (wenn Sie z.B. schon ein station\u00e4res Ger\u00e4t dort haben) bzw. nur einen mobilen Harmonisierer. \n<\/p>\n<p class=\"anwendung indent2\">\nSie k\u00f6nnen das Ger\u00e4t schnell au\u00dfer Betrieb nehmen, indem Sie es in die mitgelieferte Dose legen. Sie m\u00fcssen den Dosendeckel nicht verschrauben. Es reicht, den Deckel b\u00fcndig auf die Dose zu legen. Nehmen Sie dann das Ger\u00e4t immer aus der Dose, wenn Sie das Haus verlassen und legen Sie es wieder in die Dose zur\u00fcck, wenn Sie nach Hause kommen.\n<\/p>\n<div class=\"divSpacer\"><\/div>\n<p><img class=\"faq\" src=\"https:\/\/www.elektrosmoghilfe.com\/erdstrahlen\/wp-content\/uploads\/images\/_hamoni_mobil_faq_abstand_vergroessern.jpg\"><\/p>\n<h2 class=\"dark\">Was bedeutet \u201ezu starke\u201c Wirkung? Was kann ich dagegen\u00a0tun?<\/h2>\n<p class=\"anwendung indent2\">\nIn diesem Fall sp\u00fcren Sie die umgekehrte der gew\u00fcnschten Wirkung, d.h. Sie werden z.B. unruhig oder schlafen schlechter. Als Abhilfe empfiehlt sich, den Abstand des Ger\u00e4tes zu vergr\u00f6\u00dfern.\n<\/p>\n<p class=\"anwendung indent2\">\nWenn Sie es direkt am K\u00f6rper tragen, verlagern Sie es z.B. in eine Tasche. Oder wenn Sie es am Nachtk\u00e4stchen liegen haben, legen Sie es z.B. 1,5m-3m entfernt vom Bett auf einen Stuhl.  \n<\/p>\n<p class=\"anwendung indent2\">\nSehr h\u00e4ufig handelt es sich bei der unerw\u00fcnschten Wirkung um <span class=\"emphLight ul\">Anfangsbeschwerden, die sich meist nach einigen Tagen legen.<\/span> Ihr K\u00f6rper reagiert dabei auf das ver\u00e4nderte (strahlenreduzierte) Umfeld negativ, weil er keine abrupten Ver\u00e4nderungen (\u00e4hnlich wie bei Wetterumschw\u00fcngen oder pl\u00f6tzlichen Umstellung der Ern\u00e4hrung) mag. Er ben\u00f6tigt dann eine gewisse Anpassungszeit.    \n<\/p>\n<div class=\"divSpacer\"><\/div>\n<p><img class=\"faq\" src=\"https:\/\/www.elektrosmoghilfe.com\/erdstrahlen\/wp-content\/uploads\/images\/_hamoni_mobil_faq_welches_geraet.jpg\"><\/p>\n<h2 class=\"dark\">Wozu raten Sie mir: station\u00e4res Ger\u00e4t, mobiles Ger\u00e4t oder beide Ger\u00e4te?<\/h2>\n<p class=\"anwendung indent2\">\n<span class=\"emphLight ul\">Die Antwort h\u00e4ngt von Ihrer Lebenssituation ab.<\/span> Wenn Sie z.B. ein Rentner sind, der \u00fcberwiegend Zeit zuhause verbringt, und nur selten unterwegs ist, halten wir ein station\u00e4res Ger\u00e4t f\u00fcr die beste Wahl.\n<\/p>\n<p class=\"anwendung indent2\">\nWenn Sie berufst\u00e4tig oder in Ausbildung sind, d.h. mit dem PKW bzw. \u00f6ffentlichen Verkehrsmitteln unterwegs sind und regelm\u00e4\u00dfig von mehreren Menschen umgeben sind, sowie auf Reisen, ist das mobile Ger\u00e4t die beste Wahl. F\u00fcr zuhause ist ein zus\u00e4tzliches station\u00e4res Ger\u00e4t dann sinnvoll, wenn Sie dort das mobile Ger\u00e4t nicht immer bei sich tragen wollen bzw. kein Single-Haushalt sind.\n<\/p>\n<div class=\"divSpacer\"><\/div>\n<p><img class=\"faq\" src=\"https:\/\/www.elektrosmoghilfe.com\/erdstrahlen\/wp-content\/uploads\/images\/_hamoni_mobil_faq_nicht_wasserfest.jpg\"><\/p>\n<h2 class=\"dark\" style=\"padding-top: 16px;\">Ist das Ger\u00e4t wasserdicht?<\/h2>\n<p class=\"anwendung indent2\">\n<span class=\"emphLight ul\">Nein, d.h. Sie d\u00fcrfen es nicht unter Wasser tauchen.<\/span> Es ist aber spritzwassergesch\u00fctzt, d.h. \u00fcberlebt eine unbeabsichtigte Dusche oder starken Regenguss.\n<\/p>\n<div class=\"divSpacer\"><\/div>\n<p><img class=\"faq\" src=\"https:\/\/www.elektrosmoghilfe.com\/erdstrahlen\/wp-content\/uploads\/images\/_hamoni_mobil_faq_kaputt.jpg\"><\/p>\n<h2 class=\"dark\">Mir ist das Ger\u00e4t auf den Boden gefallen? Ist es nun kaputt?<\/h2>\n<p class=\"anwendung indent2\">\n<span class=\"emphLight ul\">In aller Regel nein.<\/span> Wir haben es so konstruiert, dass es \u00fcber die Lebensdauer viele St\u00f6\u00dfe aush\u00e4lt. Bitte \u00fcbertreiben Sie es aber nicht. Geben Sie so darauf acht, wie Sie z.B. auf ein Smartphone acht geben w\u00fcrden.\n<\/p>\n<div class=\"divSpacer\"><\/div>\n<p><img class=\"faq\" src=\"https:\/\/www.elektrosmoghilfe.com\/erdstrahlen\/wp-content\/uploads\/images\/_hamoni_mobil_faq_flugzeug.jpg\"><\/p>\n<h2 class=\"dark\" style=\"padding-top: 16px;\">Kann ich das Ger\u00e4t im Flugzeug mitnehmen?<\/h2>\n<p class=\"anwendung indent2\">\n<span class=\"emphLight ul\">Ja, auch im Handgep\u00e4ck.<\/span> Das Ger\u00e4t st\u00f6rt die Flugsicherheit nicht, auch die Bef\u00f6rderungsbedingungen verbieten die Mitnahme nicht. Es wurde schon mehrmals in der Praxis im Handgep\u00e4ck mitgenommen.\n<\/p>\n<div class=\"divSpacer\"><\/div>\n<p><img class=\"faq\" src=\"https:\/\/www.elektrosmoghilfe.com\/erdstrahlen\/wp-content\/uploads\/images\/_hamoni_mobil_faq_warum_teurer.jpg\"><\/p>\n<h2 class=\"dark\">Warum ist der mobile Harmonisierer teurer als der station\u00e4re?<\/h2>\n<p class=\"anwendung indent2\">\n<span class=\"emphLight ul\">Die Antwort liegt in den Arbeitskosten,<\/span> die beim mobilen Ger\u00e4t, genauso wie beim station\u00e4ren, den L\u00f6wenanteil der Kosten ausmachen. Beim mobilen Ger\u00e4t sind sie aus 2 Gr\u00fcnden um einiges h\u00f6her:\n<\/p>\n<p class=\"anwendung indent2\">\nErstens, weil wir hier das Geh\u00e4use selbst drucken m\u00fcssen (mittels 3D-Druck, mehr dazu an anderer Stelle auf dieser Webseite) und nicht einfach zukaufen k\u00f6nnen wie beim station\u00e4ren Ger\u00e4t. Der Drucker selbst verursacht zwar keine Arbeitskosten, wohl aber die laufende Wartung und die Nachbearbeitung der Fertigungsst\u00fccke. Die Drucker sind kleine \u201eDivas\u201c, sie lassen sich nicht einfach einmal einstellen und dr\u00fccken dann 100 St\u00fcck Geh\u00e4use, so wie es ein 2D-Drucker macht. Zudem m\u00fcssen wir die Innenseite der Geh\u00e4use um einiges nachbearbeiten (mit Ger\u00e4ten, die denen eines Zahnarztes \u00e4hnlich sind) und haben einen Ausschuss von ca. 30%, weil die Geh\u00e4use nicht in gro\u00dfer Zahl in konstanter Qualit\u00e4t druckbar sind. \n<\/p>\n<p class=\"anwendung indent2\">\nDer zweite Grund f\u00fcr die h\u00f6heren Arbeitskosten liegt in der notwendigen D\u00e4mpfung des Ger\u00e4ts, um es sehr sto\u00dfsicher zu machen. Dies macht es notwendig, dass das Ger\u00e4t 2mal eingestellt werden muss (dabei wird ein elektronischer Bauteil justiert), n\u00e4mlich vor- und nach der Anbringung eines D\u00e4mpfungsteils. Beim station\u00e4ren Harmonisierer ist nur eine Einstellung notwendig, die noch dazu leichter m\u00f6glich ist, da mehr Platz vorhanden ist.\n<\/p>\n<div class=\"divSpacer\"><\/div>\n<p><img class=\"faq\" src=\"https:\/\/www.elektrosmoghilfe.com\/erdstrahlen\/wp-content\/uploads\/images\/_hamoni_mobil_faq_funktion.jpg\"><\/p>\n<h2 class=\"dark\">Wie funktioniert der Hamoni\u00ae Harmonisierer Mobil?<\/h2>\n<p class=\"anwendung indent2\">\nDiese Frage ist f\u00fcr die meisten Menschen nat\u00fcrlich besonders interessant. <span class=\"emphLight ul\">Die Funktionsweise ist beim mobilen Harmonisierer dieselbe wie beim station\u00e4ren Ger\u00e4t.<\/span> Uns war immer klar, dass wir diesen Ansatz verfolgen w\u00fcrden, da wir bei der Technik des station\u00e4ren Harmonisierers aus vielen Jahren Erfahrung wissen, dass sie funktioniert. \n<\/p>\n<p class=\"anwendung indent2\">\nDer gro\u00dfe Unterschied beim mobilen Ger\u00e4t ist, dass die Technologie deutlich miniaturisiert und vor allem auch viel sto\u00dfsicherer gemacht werden musste. Dies resultiert in einer teureren und aufwendigeren Herstellung als beim station\u00e4ren Ger\u00e4t. Die grunds\u00e4tzliche Physik hinter der Funktionsweise bleibt aber dieselbe. \n<\/p>\n<p class=\"anwendung indent2\">\nWir verweisen daher auf die Erkl\u00e4rung der Funktionsweise in unserer Info-Brosch\u00fcre zum station\u00e4ren Ger\u00e4t (liegt Ihrem mobilen Ger\u00e4t bei) bzw. auf die Erkl\u00e4rungen dazu hier auf unserer Webseite. An dieser Stelle m\u00f6chten wir noch einmal darauf hinweisen, dass es eine Langfassung der Erkl\u00e4rung der Funktionsweise gibt, sowie eine Kurzfassung. Letztere ist f\u00fcr Menschen mit wenig Zeit gedacht und leichter verst\u00e4ndlich, muss aber zwangsl\u00e4ufig auf viele Details verzichten und hat daher weniger Tiefgang als die Langfassung.\n<\/p>\n<div class=\"divSpacer\"><\/div>\n<p><img class=\"faq\" src=\"https:\/\/www.elektrosmoghilfe.com\/erdstrahlen\/wp-content\/uploads\/images\/_hamoni_mobil_faq_kleinkinder.jpg\"><\/p>\n<h2 class=\"dark\" style=\"padding-top: 36px;\">Wichtiger Hinweis: Halten Sie das Ger\u00e4t au\u00dfer Reichweite von Kleinkindern!\nSie k\u00f6nnten mit den B\u00e4ndern spielen und dabei m\u00f6glicherweise ersticken.\n<\/h2>\n<p class=\"anwendung indent2\">\n<\/div>\r\n<div class=\"fusion-clearfix\"><\/div><\/div><\/div>\r\n<div class=\"fusion-layout-column fusion_builder_column fusion-builder-column-1 fusion_builder_column_1_3 1_3 fusion-one-third fusion-column-last twofifth1\" style=\"width:30.6666%;margin-top:0px;margin-bottom:0px;\" id=\"columnSide\"><div class=\"fusion-column-wrapper fusion-flex-column-wrapper-legacy\" style=\"background-position:left\r\ntop;background-repeat:no-repeat;-webkit-background-size:cover;-moz-background-size:cover;-o-background-size:cover;background-size:cover;padding: 0px 0px 0px 0px;\">\r\n\r\n<span class=\"emphDark fs14\">&#8222;H\u00e4ufige Fragen und Antworten&#8220; als pdf-Datei:<\/span><br clear='none'>\r\n<a href=\"https:\/\/www.elektrosmoghilfe.com\/erdstrahlen\/wp-content\/uploads\/documents\/hamoni_mobil_broschuere_haeufige_fragen_und_antworten.pdf\">\r\n    <img class=\"img_pdf\"\r\n         src=\"https:\/\/www.elektrosmoghilfe.com\/erdstrahlen\/wp-content\/uploads\/images\/hamoni_mobil_broschuere_haeufige_fragen_und_antworten.jpg\"><\/a>\r\n\r\n<a class=\"fusion-modal-text-link\" data-toggle=\"modal\" data-target=\".fusion-modal.modal03\" href=\"#\">\r\n<img class=\"sidebar\" style=\"margin-top: 24px;\" src=\"https:\/\/www.elektrosmoghilfe.com\/erdstrahlen\/wp-content\/uploads\/images\/hamoni_mobil_wirkbereich_in_buero.jpg\" alt=\"Illustration zum Wirkbereich des Hamoni\u00ae Harmonisierer Mobil\r\nim B\u00fcro\"><br clear='none'>\r\n<\/a>\r\n<div class=\"fusion-modal modal fade modal-1 modal03\" tabindex=\"-1\" role=\"dialog\" aria-labelledby=\"modal-heading-1\" aria-hidden=\"true\"><style type=\"text\/css\">.modal-1 .modal-header, .modal-1 .modal-footer{border-color:#ebebeb;}<\/style><div class=\"modal-dialog modal-lg\" role=\"document\"><div class=\"modal-content fusion-modal-content\" style=\"background-color:#ffffff\"><div class=\"modal-header\"><button class=\"close\" type=\"button\" data-dismiss=\"modal\" aria-hidden=\"true\" aria-label=\"Close\">&times;<\/button><h3 class=\"modal-title\" id=\"modal-heading-1\" data-dismiss=\"modal\" aria-hidden=\"true\">Illustration zum Wirkbereich des Hamoni\u00ae Harmonisierer Mobil im B\u00fcro<\/h3><\/div><div class=\"modal-body fusion-clearfix\">\r\n<p class=\"anwendung\">\r\nDie im hinteren Bereich des Fotos zu sehende\r\nDame hat das Ger\u00e4t in ihrer Handtasche mit im B\u00fcro. Im Wirkbereich\r\nvon ca. 3m befinden sich der Kollege rechts von ihr sowie teilweise\r\nder Kollege links von ihr. Die anderen Kollegen befinden sich\r\nau\u00dferhalb des Wirkbereichs.\r\n<\/p>\r\n<img src=\"https:\/\/www.elektrosmoghilfe.com\/erdstrahlen\/wp-content\/uploads\/images\/hamoni_mobil_wirkbereich_in_buero.jpg\" alt=\"Illustration zum Wirkbereich des Hamoni\u00ae Harmonisierer Mobil\r\nim B\u00fcro\"><br clear='none'>\r\n<\/div><\/div><\/div><\/div>\r\n<p class=\"imgDescr\" style=\"margin-bottom: 24px;\">\r\n<span class=\"emphDark fs14\">\r\nIllustration zum Wirkbereich\r\n<\/span>\r\nam Beispiel Verwendung des Hamoni\u00ae Harmonisierer Mobil\r\nim B\u00fcro. Die im hinteren Bereich des Fotos zu sehende\r\nDame hat das Ger\u00e4t in ihrer Handtasche mit im B\u00fcro. Im Wirkbereich\r\nvon ca. 3m befinden sich der Kollege rechts von ihr sowie teilweise\r\nder Kollege links von ihr. Die anderen Kollegen befinden sich\r\nau\u00dferhalb des Wirkbereichs.\r\n<\/p>\r\n\r\n<div class=\"fusion-clearfix\"><\/div><\/div><\/div><\/div><\/div>","protected":false},"excerpt":{"rendered":"","protected":false},"author":1,"featured_media":0,"parent":0,"menu_order":0,"comment_status":"closed","ping_status":"closed","template":"","meta":[],"_links":{"self":[{"href":"https:\/\/www.elektrosmoghilfe.com\/erdstrahlen\/wp-json\/wp\/v2\/pages\/2018"}],"collection":[{"href":"https:\/\/www.elektrosmoghilfe.com\/erdstrahlen\/wp-json\/wp\/v2\/pages"}],"about":[{"href":"https:\/\/www.elektrosmoghilfe.com\/erdstrahlen\/wp-json\/wp\/v2\/types\/page"}],"author":[{"embeddable":true,"href":"https:\/\/www.elektrosmoghilfe.com\/erdstrahlen\/wp-json\/wp\/v2\/users\/1"}],"replies":[{"embeddable":true,"href":"https:\/\/www.elektrosmoghilfe.com\/erdstrahlen\/wp-json\/wp\/v2\/comments?post=2018"}],"version-history":[{"count":12,"href":"https:\/\/www.elektrosmoghilfe.com\/erdstrahlen\/wp-json\/wp\/v2\/pages\/2018\/revisions"}],"predecessor-version":[{"id":2022,"href":"https:\/\/www.elektrosmoghilfe.com\/erdstrahlen\/wp-json\/wp\/v2\/pages\/2018\/revisions\/2022"}],"wp:attachment":[{"href":"https:\/\/www.elektrosmoghilfe.com\/erdstrahlen\/wp-json\/wp\/v2\/media?parent=2018"}],"curies":[{"name":"wp","href":"https:\/\/api.w.org\/{rel}","templated":true}]}}