{"id":1809,"date":"2018-04-24T22:16:44","date_gmt":"2018-04-24T22:16:44","guid":{"rendered":"https:\/\/www.elektrosmoghilfe.com\/erdstrahlen\/?page_id=1809"},"modified":"2018-04-27T00:18:34","modified_gmt":"2018-04-27T00:18:34","slug":"kleinkind-mit-schlafstoerungen-seit-geburt-schlaeft-dank-harmonisierer-durch-vater-reagiert-im-heilpraktiker-test-nicht-mehr-negativ-auf-handystrahlung","status":"publish","type":"page","link":"https:\/\/www.elektrosmoghilfe.com\/erdstrahlen\/kleinkind-mit-schlafstoerungen-seit-geburt-schlaeft-dank-harmonisierer-durch-vater-reagiert-im-heilpraktiker-test-nicht-mehr-negativ-auf-handystrahlung\/","title":{"rendered":"Kleinkind mit seit Geburt anhaltenden Schlafst\u00f6rungen schl\u00e4ft dank Harmonisierer durch. Vater reagiert im Heilpraktiker-Test nicht mehr negativ auf Handystrahlung."},"content":{"rendered":"<div class=\"fusion-fullwidth fullwidth-box fusion-builder-row-1 nonhundred-percent-fullwidth non-hundred-percent-height-scrolling\" style=\"background-color: rgba(255,255,255,0);background-position: left top;background-repeat: no-repeat;padding-top:0px;padding-right:0px;padding-bottom:0px;padding-left:0px;margin-bottom: 0px;margin-top: 0px;border-width: 0px 0px 0px 0px;border-color:#eae9e9;border-style:solid;\" ><div class=\"fusion-builder-row fusion-row\">\r\n<div class=\"fusion-layout-column fusion_builder_column fusion-builder-column-0 fusion_builder_column_2_3 2_3 fusion-two-third fusion-column-first threefifth1\" style=\"width:65.3333%; margin-right: 4%;margin-top:0px;margin-bottom:0px;\" id=\"columnMain\"><div class=\"fusion-column-wrapper fusion-flex-column-wrapper-legacy\" style=\"background-position:left top;background-repeat:no-repeat;-webkit-background-size:cover;-moz-background-size:cover;-o-background-size:cover;background-size:cover;padding: 0px 0px 0px 0px;\">\r\n\r\n<h1 class=\"subpage\">Kleinkind mit seit Geburt anhaltenden Schlafst\u00f6rungen schl\u00e4ft dank Hamoni\u00ae Harmonisierer durch. \r\nVater reagiert im Heilpraktiker-Test nicht mehr negativ auf Handystrahlung.*<br clear='none'>\r\n    <span class=\"h1SubTitle\">Herr Andre Z., Kunde aus 97522 Sand am Main<\/span><\/h1>\r\n\r\n<p class=\"anwendung fs16 sum\">\r\n<span class=\"emphDark\">\r\nHerr Z. hatte den Harmonisierer am 11.6.2017 bestellt. Es tat sich vor der Bestellung die Frage auf, wie er erkennen k\u00f6nne, dass das Ger\u00e4t auch wirklich wirkt, da es bei ihm keine gr\u00f6\u00dferen gesundheitlichen Probleme g\u00e4be. Wir sagten ihm, dass er z.B. einen Test auf Elektrosmogbelastung bei seinem Heilpraktiker machen k\u00f6nne. Am besten vor Verwendung des Ger\u00e4tes und nach einigen Wochen Anwendungszeit des Harmonisierers (um sicher zu gehen, dass der K\u00f6rper hinreichend lange der  Ger\u00e4twirkung ausgesetzt ist). Am 26.7.2017 erreichte uns diese Email von Herrn Z.:\r\n<\/span>\r\n<\/p>\r\n\r\n<p class=\"anwendung report report2\" style=\"color:#0989D6;text-decoration:underline\">\r\n    Re: Frage zu Harmonisierer\r\n<\/p>\r\n\r\n<p class=\"anwendung report report2\">\r\n    \u201eHallo Manfred,\r\n<\/p>\r\n\r\n<p class=\"anwendung report report2 indent2\">\r\nseit gut 6 Wochen habe ich euren Hamoni zum Testen im Einsatz und ich muss euch mitteilen das ich ihn behalte.\r\n<\/p>\r\n\r\n<p class=\"anwendung report report2 indent2\">\r\nMir wurde empfohlen ein Vorher-Nachher Test beim Heilpraktiker, was leider aus Termingr\u00fcnden nicht m\u00f6glich war. Also habe ich mich entschieden ihn ohne vorherige Testung aufzustellen.\r\nWas passierte nach dem Aufstellen des Hamoni?? Absolut nichts!! Zumindest die ersten 2 Wochen. In den ersten 2 Wochen merkte ich pers\u00f6nlich keinerlei Ver\u00e4nderung, kein besserer Schlaf usw. \r\n<\/p>\r\n\r\n<p class=\"anwendung report report2 indent2\">\r\nAber etwas passierte bei unserem 4-j\u00e4hrigen Sohn! Schon seit der Geburt schlief er immer sehr, sehr unruhig und wachte st\u00e4ndig auf. Er hat so gut wie nie eine Nacht ann\u00e4hernd durchgeschlafen und kam immer so zwischen 23 und 1 Uhr Nachts zu uns ins Elternbett. 2 Wochen seit der Aufstellung des Hamoni hat sich sein Schlaf enorm gebessert. Er schl\u00e4ft fast jeden Tag bis fr\u00fch durch ohne aufzuwachen!!! Zufall?? Ich denke nicht!\r\n<\/p>\r\n\r\n<p class=\"anwendung report report2 indent2\">\r\nNach fast 6 Wochen im Einsatz kann ich bei mir schlecht sagen ob sich etwas ver\u00e4ndert hat und beschloss deswegen den Hamoni bei meinem Heilpraktiker auszutesten.\r\nDer Termin war gestern und folgendes konnte mein Heilpraktiker feststellen:\r\n<\/p>\r\n\r\n<p class=\"anwendung report report2 indent2\">\r\nIch brachte den Hamoni dicht in Alu-Folie verpackt mit und die Funktion erst einmal zu unterbinden. Als erstes wurde mein K\u00f6rper mit &#8222;Mobilfunkstrahlung&#8220; OHNE Hamoni getestet. Dazu legte der Heilpraktiker ein Handy auf meinem Bauch und testete kinesiologisch wie \r\nmein K\u00f6rper darauf reagierte. Er reagierte deutlich NEGATIV!\r\n<\/p>\r\n\r\n<p class=\"anwendung report report2 indent2\">\r\nAls n\u00e4chstes wurde der Hamoni aus der Alu-Folie gepackt und ein Handy wieder auf meinen Bauch gelegt und der Hamoni neben mir auf dem Boden gestellt. \r\nZu unserem erstaunen reagierte mein K\u00f6per NICHT MEHR negativ!!! Also die Mobilfunkstrahlung hatte keine Auswirkung mehr auf meinem K\u00f6rper!\r\n<\/p>\r\n\r\n<p class=\"anwendung report report2 indent2\">\r\nAls weiteres packte mein Heilpraktiker dem Hamoni in einen Schrank und machte den gleichen Test noch einmal. \r\nMein K\u00f6rper reagierte wiederum NICHT negativ!!!\r\n<\/p>\r\n\r\n<p class=\"anwendung report report2 indent2\">\r\nSchlussendlich packten wir den Hamoni wieder in Alufolie ein und wiederholten den Test.\r\nMein K\u00f6rper reagierte daraufhin wieder NEGATIV auf die Mobilfunkstrahlung!\r\n<\/p>\r\n\r\n<p class=\"anwendung report report2 indent2\">\r\nWir beide waren sehr erstaunt. Wie immer das Teil funktioniert, es funktioniert.\r\nIch werde euch weiterhin auf dem Laufenden halten&#8230;\r\n<\/p>\r\n\r\n<p class=\"anwendung report report2 \">\r\nHerzlichen Dank und viele Gr\u00fc\u00dfe<br clear='none'>\r\nAndre&#8220;\r\n<\/p>\r\n<p class=\"anwendung report report2 indent2\">\r\nHinweis: Wir geben bewusst nicht den vollen Namen von Herrn Z. an. Es handelt sich bei unseren\r\nR\u00fcckmeldungen meist um sensible Gesundheitsdaten. Das Internet vergisst nichts, vertrauliche\r\nGesundheitsdaten k\u00f6nnten z.B. durch einen zuk\u00fcnftigen Arbeitgeber durch Googeln des Namens\r\nleicht gefunden werden. Etwaigen Bedenken zur Authentizit\u00e4t der R\u00fcckmeldungen m\u00f6chten wir\r\ndurch Abdruck von Bildschirmfotos der Original-Emails (siehe unten) entgegenkommen. Die\r\nGro\u00dfschreibung von W\u00f6rtern haben wir 1:1 aus der Email \u00fcbernommen.\r\n<\/i>\r\n<\/p>\r\n<h2>Unsere Anmerkungen<\/h2>\r\n\r\n<p class=\"anwendung\">\r\n<span class=\"emphDark fs16\">\r\n1) \u201eMir wurde empfohlen ein Vorher-Nachher Test beim Heilpraktiker.\u201c \r\n<\/span>\r\nIn der Tat empfehlen wir Kunden, die selbst schwer beurteilen k\u00f6nnen, ob das Ger\u00e4t auch wirklich wirkt, z.B. wenn Sie es als Prophylaxe verwenden wollen, einen solchen Test bei Ihrem Arzt oder Heilpraktiker durchf\u00fchren zu lassen, um Gewissheit zu erlangen. Diese Tests, die verschiedenartiger Natur sein k\u00f6nnen, beruhen i.d.R. auf demselben Prinzip: Man setzt den Patienten dem sog. Stressor (der Stressquelle) aus, in unserem Fall Elektrosmog. Dann misst man die Stressreaktion des K\u00f6rpers darauf, die eine Form von sog. Biofeedback (auf Deutsch \u201eAntwort des Organismus\u201c) ist. \r\n<\/p>\r\n<p class=\"anwendung indent2 subs\">\r\nDiese Stressreaktion k\u00f6nnen Sie nun auf verschiedenste Weise messen bzw. beobachten. Zu den wissenschaftlichen Methoden geh\u00f6ren das Messen der Stresshormone wie Cortisol oder Adrenalin im Speichel oder die Herzfrequenzvariationsmessung (HRV-Messung). Erstere Methode wird auch in neuesten wissenschaftlichen Ver\u00f6ffentlichungen nur ungern angewandt, da sie teuer und aufw\u00e4ndig ist. Als wissenschaftlicher Standard hat sich in Studien mittlerweile die HRV-Messung etabliert, weil sie ebenso genau ist, aber deutlich leichter durchzuf\u00fchren ist. Man erh\u00e4lt dabei n\u00e4mlich direkt ein elektrisches Signal, dass sich messtechnisch leicht und kosteng\u00fcnstig aufnehmen und am PC schnell auswerten l\u00e4sst. \r\n<\/p>\r\n<p class=\"anwendung indent2 subs\">\r\nDeutlich einfacher, aber f\u00fcr den Patienten meist eindrucksvoller, ist ein kinesiologischer Muskeltest. Hier erh\u00e4lt er keine f\u00fcr ihn m\u00f6glicherweise abstrakten Messwerte, sondern sieht am eigenen Leib die Stressreaktion seines K\u00f6rpers. Unter Elektrosmogeinfluss ist sein K\u00f6rper durch den Stress geschw\u00e4cht, er kann den Muskeltest, wo er einer vom Therapeuten ausge\u00fcbten Kraft entgegenwirken soll, nicht bestehen. Wenn dieser Stresseinfluss durch den Harmonisierer deutlich reduziert ist, schafft sein K\u00f6rper es wieder, der Gegenkraft des Therapeuten standzuhalten.\r\n<\/p>\r\n\r\n<img src=\"https:\/\/www.elektrosmoghilfe.com\/erdstrahlen\/wp-content\/uploads\/images\/schwangere_mit_smartphone.jpg\" alt=\"Schwangere mit Smartphone h\u00f6rt Musik-Stream\">\r\n<p class=\"anwendung\" style=\"margin-top:4px;text-align:center;\">\r\n<i>\r\nDiese werdende Mutter, die \u00fcber ihr Handy Musik streamt, scheint wenig \u00fcber Elektrosmog zu wissen. Sie belastet den Embryo gleich auf 2 Weisen: Erstens durch die Hochfrequenzbelastung von WLAN bzw. Mobilfunk, wor\u00fcber die Musik auf ihr Handy gestreamt wird. Und zweitens \u00fcber die Hochfrequenzbelastung durch die drahtlose \u00dcbermittlung der Musik per Bluetooth zum Kopfh\u00f6rer. W\u00fcsste Sie von diesem Erfahrungsbericht, wo die Stressreaktion des K\u00f6rpers auf ein am Bauch liegendes Handy per kinesiologischem Muskeltest gezeigt wurde, w\u00fcrde sie (hoffentlich) anders handeln.\r\n<\/i>\r\n<\/p>\r\n\r\n<p class=\"anwendung\">\r\n<span class=\"emphDark fs16\">\r\n2) \u201e2 Wochen seit der Aufstellung des Hamoni hat sich sein Schlaf enorm gebessert.\u201c \r\n<\/span>\r\nElektrosmog, sehr h\u00e4ufig aber auch geopathische Belastungen, f\u00fchren leicht zu Schlafst\u00f6rungen, die wiederum an der Spitze der uns von Kunden genannten Probleme liegen. \u00dcber die Jahre ist uns bei der Altersverteilung der Betroffenen ein doch recht deutliches Muster aufgefallen. Und zwar h\u00e4ufen sich die Schlafst\u00f6rungen bei unseren Kunden bzw. ihren Kindern zu Beginn des Lebens, nehmen dann zum jungen Erwachsenenalter hin ab und steigen dann wieder mit dem Alter an. \r\n<\/p>\r\n<p class=\"anwendung indent2 subs\">\r\nDie beste Erkl\u00e4rung daf\u00fcr ist, dass der sehr junge Mensch sich noch in Entwicklung befindet, daher besonders st\u00f6ranf\u00e4llig auf Stresseinfl\u00fcsse ist. Dies scheint auch beim 4-j\u00e4hrigen Sohn von Herrn Z. der Fall zu sein. Bis zum jungen Erwachsenenalter wird der Organismus laufend widerstandsf\u00e4higer, die Stressresistenz nimmt zu. Dann beginnt aber schon der Alterungsprozess, der genau durch abnehmende Stressresistenz mit steigendem Alter definiert ist. \r\n<\/p>\r\n<p class=\"anwendung indent2 subs\">\r\nBesonders st\u00f6ranf\u00e4llig sind nat\u00fcrlich die Keimzellen (mit Unfruchtbarkeit als h\u00e4ufiger Folge) und der sich entwickelnde Embryo, weswegen wir diese Stationen in unserem Leben in die Grafik mit aufgenommen haben.\r\n<\/p>\r\n\r\n<img src=\"https:\/\/www.elektrosmoghilfe.com\/erdstrahlen\/wp-content\/uploads\/images\/elektrosmog_schlafstoerungen_nach_lebensalter.jpg\" alt=\"Schlafst\u00f6rungen durch Elektrosmog in Abh\u00e4ngigkeit vom Lebensalter\">\r\n\r\n<p class=\"anwendung\">\r\n<span class=\"emphDark fs16\">\r\n3) \u201eIch werde euch weiterhin auf dem Laufenden halten&#8230;\u201c\r\n<\/span>\r\nWir haben von Herrn Z. nichts mehr geh\u00f6rt. Da er aber ca. 9 Monate nach seiner Erstbestellung \r\nein weiteres Ger\u00e4t bestellt hat, nehmen wir an, dass er weiterhin zufrieden war.\r\n<\/p>\r\n\r\n<a class=\"fusion-modal-text-link\" data-toggle=\"modal\" data-target=\".fusion-modal.modal08\" href=\"#\">\r\n<p class=\"anwendung emphDark fs16 screenPrev\">\r\n    Erfahrungsbericht von Herrn Andre Z. (Originale Email)\r\n    <img src=\"https:\/\/www.elektrosmoghilfe.com\/erdstrahlen\/wp-content\/uploads\/images\/erfahrungsbericht_andre_z.jpg\">\r\n<\/p>\r\n<\/a>\r\n<div class=\"fusion-modal modal fade modal-1 modal08\" tabindex=\"-1\" role=\"dialog\" aria-labelledby=\"modal-heading-1\" aria-hidden=\"true\"><style type=\"text\/css\">.modal-1 .modal-header, .modal-1 .modal-footer{border-color:#ebebeb;}<\/style><div class=\"modal-dialog modal-lg\" role=\"document\"><div class=\"modal-content fusion-modal-content\" style=\"background-color:#ffffff\"><div class=\"modal-header\"><button class=\"close\" type=\"button\" data-dismiss=\"modal\" aria-hidden=\"true\" aria-label=\"Close\">&times;<\/button><h3 class=\"modal-title\" id=\"modal-heading-1\" data-dismiss=\"modal\" aria-hidden=\"true\">Erfahrungsbericht von Herrn Andre Z. (Originale Email)<\/h3><\/div><div class=\"modal-body fusion-clearfix\">\r\n<img src=\"https:\/\/www.elektrosmoghilfe.com\/erdstrahlen\/wp-content\/uploads\/images\/erfahrungsbericht_andre_z.jpg\">\r\n<\/div><\/div><\/div><\/div>\r\n\r\n<div class=\"fusion-clearfix\"><\/div><\/div><\/div>\r\n<div class=\"fusion-layout-column fusion_builder_column fusion-builder-column-1 fusion_builder_column_1_3 1_3 fusion-one-third fusion-column-last twofifth1\" style=\"width:30.6666%;margin-top:0px;margin-bottom:0px;\" id=\"columnSide\"><div class=\"fusion-column-wrapper fusion-flex-column-wrapper-legacy\" style=\"background-position:left\r\ntop;background-repeat:no-repeat;-webkit-background-size:cover;-moz-background-size:cover;-o-background-size:cover;background-size:cover;padding: 0px 0px 0px 0px;\">\r\n\r\n<p class=\"emphDark fs16\" style=\"text-align:center;line-height: 19px;margin-bottom: 0px;\">\r\n    \u201eWir beide waren sehr erstaunt. Wie immer das Teil funktioniert, es funktioniert.\u201c\r\n<\/p>\r\n\r\n<p class=\"emphLight fs16\" style=\"text-align:center;margin-bottom: 12px;\">\r\n    Herr&nbsp;Andre&nbsp;Z.\r\n<\/p>\r\n<p class=\"emphLight fs14\" style=\"text-align:center;line-height:14px;\">Erfahrungsbericht als pdf-Datei:<br clear='none'>\r\n<a href=\"https:\/\/www.elektrosmoghilfe.com\/erdstrahlen\/wp-content\/uploads\/documents\/hamoni_broschuere_erfahrungsbericht_kinesiologischer_test_heilpraktiker.pdf\">\r\n    <img class=\"img_pdf\" style=\"margin-top:0px;margin-bottom:24px\" \r\n         src=\"https:\/\/www.elektrosmoghilfe.com\/erdstrahlen\/wp-content\/uploads\/images\/hamoni_broschuere_erfahrungsbericht_kinesiologischer_test_heilpraktiker.jpg\">\r\n<\/a>\r\n<\/p>\r\n\r\n<img class=\"sidebar\"\r\n     src=\"https:\/\/www.elektrosmoghilfe.com\/erdstrahlen\/wp-content\/uploads\/images\/kinesiologischer_muskeltest.jpg\"\r\n     alt=\"Kinesiologischer Muskeltest\">\r\n<p class=\"imgDescr\">\r\n<span class=\"emphDark fs14\">Beim kinesiologischen Muskeltest pr\u00fcft man u.a.\r\nwie stressbelastet unser K\u00f6rper bzw. einzelne K\u00f6rperteile sind.<\/span>\r\nMan nutzt dabei aus, dass Stress unseren K\u00f6rper schw\u00e4cht, und zwar nicht\r\nnur auf zellul\u00e4rer Ebene bzw. \u00fcber das Immunsystem, sondern im wahrsten\r\nSinne des Wortes in Form von reduzierter Muskelkraft, die wir einer \u00e4u\u00dferen,\r\nvom Kinesiologen verabreichten Krafteinwirkung, entgegensetzen k\u00f6nnen.\r\n<\/p>\r\n<p class=\"imgDescr indent2\">\r\nDieser Test ist f\u00fcr den Patienten deswegen so gut geeignet, weil er so anschaulich\r\nist und ihm direkt zeigt, wie sein K\u00f6rper auf einen <i>Stressor<\/i> (Stressfaktor) reagiert. \r\nEin wissenschaftlicher Test wie der Herzfrequenzvariations-Test (HRV-Test), wie er heute\r\nin akademischen Studien zur Stressmessung Standard ist, liefert viel Zahlenmaterial und \r\n<a href=\"https:\/\/www.elektrosmoghilfe.com\/erdstrahlen\/der-hamoni-harmonisierer-im-baubiologischen-test-wirkung-eindrucksvoll-bestaetigt\/\">\r\nauch damit wurde die stressreduzierende Wirkung des Hamoni\u00ae Harmonisierers gezeigt,\r\n<\/a>\r\nsiehe dazu den baubiologischen Test auf dieser Webseite. Allerdings ist er abstrakt und\r\ndaher f\u00fcr den Probanden nicht so anschaulich verst\u00e4ndlich wie ein kinesiologischer Test.\r\n<p class=\"imgDescr indent2\">\r\nBei Herrn Z. wurde der K\u00f6rper durch ein Mobiltelefon unter Stress gesetzt und \r\ndadurch geschw\u00e4cht. Er konnte daraufhin gegen die vom Heilpraktiker angewandte Kraft\r\nkeine ausreichende Gegenkraft mehr aufbringen. Wurde der Harmonisierer aufgestellt\r\nbzw. aus der Alufolie (die seine Wirkung elektromagnetisch unterbindet) ausgewickelt,\r\nkonnte Herr Z. der Gegenkraft standhalten, weil sein K\u00f6rper durch die Ger\u00e4tewirkung\r\nsignifikant weniger vom Elektrosmog gestresst war. Das Spiel wurde einige Male wiederholt,\r\nwie Sie dem Erfahrungsbericht entnehmen k\u00f6nnen, um sich der Wirkung des Ger\u00e4tes\r\nsicher zu sein.\r\n<\/p>\r\n\r\n<a class=\"fusion-modal-text-link\" data-toggle=\"modal\" data-target=\".fusion-modal.modal01\" href=\"#\">\r\n<img class=\"sidebar\"\r\n     src=\"https:\/\/www.elektrosmoghilfe.com\/erdstrahlen\/wp-content\/uploads\/images\/familie_mit_kind_schlafend.jpg\"\r\n     alt=\"Eltern und Kind schlafen in Bett, Kind bewegt sich nachts immer an dieselbe Stelle im Bett\">\r\n<\/a>\r\n<div class=\"fusion-modal modal fade modal-2 modal01\" tabindex=\"-1\" role=\"dialog\" aria-labelledby=\"modal-heading-2\" aria-hidden=\"true\"><style type=\"text\/css\">.modal-2 .modal-header, .modal-2 .modal-footer{border-color:#ebebeb;}<\/style><div class=\"modal-dialog modal-lg\" role=\"document\"><div class=\"modal-content fusion-modal-content\" style=\"background-color:#ffffff\"><div class=\"modal-header\"><button class=\"close\" type=\"button\" data-dismiss=\"modal\" aria-hidden=\"true\" aria-label=\"Close\">&times;<\/button><h3 class=\"modal-title\" id=\"modal-heading-2\" data-dismiss=\"modal\" aria-hidden=\"true\">Instinktives Ausweichen vor Belastungsorten: Ein Kleinkind schl\u00e4ft zwischen den Eltern ein, wandert nachts im Bett und\r\nwacht morgens immer auf derselben Bettseite auf, egal ob Mutter oder Vater auf dieser Bettseite schl\u00e4ft<\/h3><\/div><div class=\"modal-body fusion-clearfix\">\r\n<img src=\"https:\/\/www.elektrosmoghilfe.com\/erdstrahlen\/wp-content\/uploads\/images\/familie_mit_kind_schlafend.jpg\">\r\n<\/div><\/div><\/div><\/div>\r\n\r\n<p class=\"imgDescr\">\r\n<span class=\"emphDark fs14\">\r\nInstinktives Ausweichen vor Belastungsorten:<\/span>\r\nInsbesondere an geopathisch belasteten Orten und bei\r\nKleinkindern beobachtet man, dass sie immer wieder am\r\nselben Ort morgens im Bett aufwachen, obwohl Sie an ganz anderer\r\nStelle eingeschlafen sind. Dabei \u00fcberwinden sie anscheinend\r\nproblemlos auch Hindernisse wie den neben Ihnen schlafenden Elternteil.\r\n<\/p>\r\n<p class=\"imgDescr indent2\">\r\nDie obige Zeichnung haben wir angefertigt, nachdem uns\r\nKunden schon mehrmals von dieser Situation erz\u00e4hlt haben:\r\nEltern und Kleinkind schlafen alle in einem Bett, das Kind\r\nschl\u00e4ft zwischen den Eltern ein. Morgens liegt es immer\r\nan derselben Bettseite, muss also w\u00e4hrend der Nacht \u00fcber einen\r\nElternteil gekrabbelt sein. Dabei ist es egal, ob Vater\r\noder Mutter auf der bevorzugten Bettseite schl\u00e4ft. Man kann\r\nalso ausschlie\u00dfen, dass eine Pr\u00e4ferenz f\u00fcr einen Elternteil\r\nhinter dem Verhalten steckt. \r\n<\/p>\r\n<p class=\"imgDescr indent2\">\r\nDieses Ausweichverhalten ist auch\r\nbei Erwachsenen zu beobachten, wenn einer von den beiden\r\ngezwungen ist, auf der belasteten Seite zu schlafen (falls es\r\neine starke Seitenauspr\u00e4gung der Belastung gibt). Es ist dann\r\nbeispielsweise beobachtbar, dass beide Partner regelm\u00e4\u00dfig\r\nauf derselben Seite aufwachen, w\u00e4hrend die andere Betth\u00e4lfte\r\npraktisch leer bleibt.\r\n<\/p>\r\n<p class=\"imgDescr indent2\">\r\n<span class=\"emphDark fs14\">\r\nDas hier beschriebene Verhalten tritt \u00f6fter und ausgepr\u00e4gter\r\nbei geopathischer Belastung als bei Elektrosmog auf.<\/span>\r\nGrund daf\u00fcr ist, dass geopathische Belastung meist sehr lokalisiert\r\nauftritt, w\u00e4hrend die Elektrosmogbelastung \u00fcber eine Distanz\r\nvon 1,80m (Doppelbett-Breite) kaum variiert. Ausnahme ist\r\neine Strahlungs- bzw. Feldquelle, die sich nahe an einem\r\nder beiden Bettseiten befindet (z.B. Sicherungskasten, WLAN-Router\r\noder Smartphone auf einem Nachtk\u00e4stchen).\r\n<\/p>\r\n<img class=\"sidebar\"\r\n     src=\"https:\/\/www.elektrosmoghilfe.com\/erdstrahlen\/wp-content\/uploads\/images\/babies_geopathische_belastung_03.jpg\"\r\n     alt=\"Baby weicht Wasserader aus\">\r\n\r\n<p class=\"imgDescr\">\r\n<span class=\"emphDark fs14\">Der bekannte britische Radi\u00e4sthet Rolf Gordon<\/span>\r\nhat \u00fcber Jahre hinweg Bettplatzskizzen von Kinderbetten angefertigt.\r\nHierbei hatte sich an geopathisch belasteten Orten gezeigt, dass\r\nBabies regelm\u00e4\u00dfig an den unm\u00f6glichsten Stellen im Bett aufweichen und\r\ndiese Stellen genau jene sind, die m\u00f6glichst weit vom belasteten Ort\r\n(meist in Form von Reizstreifen) entfernt sind. Problematisch wird es\r\nnat\u00fcrlich, wenn das Bett zu klein ist und das Kind nicht ausweichen\r\nkann. Im Beispiel wich ein Baby regelm\u00e4\u00dfig einer Wasserader aus, die quer durch das\r\nBabybett verlief.\r\n<p class=\"imgDescr indent2\">\r\n<span class=\"emphDark fs14\">\r\nSehr h\u00e4ufig wird bei solchen Kindern neben schlechtem Schlaf zudem\r\nBettn\u00e4ssen festgestellt, was eine weitere typische Stressreaktion des K\u00f6rpers\r\ndarstellt.<\/span>\r\nUnser Verdauungssystem reagiert neben dem Herz- Kreislaufsystem\r\nsofort auf Stressituationen. Dies war evolution\u00e4r sinnvoll, um vor einer\r\ndrohenden Gefahr fl\u00fcchten zu k\u00f6nnen. Durch das Loswerden von K\u00f6rpergewicht\r\nin Form von Kot (Durchfall ist auch eine typische Stressreaktion) und\r\nUrin (siehe z.B. den Ausdruck &#8222;sich vor Angst in die Hose machen&#8220;),\r\nist eine schnellere Fluchtgeschwindigkeit m\u00f6glich.\r\n<\/p>\r\n\r\n<div class=\"fusion-clearfix\"><\/div><\/div><\/div><\/div><\/div>","protected":false},"excerpt":{"rendered":"","protected":false},"author":1,"featured_media":0,"parent":0,"menu_order":0,"comment_status":"closed","ping_status":"closed","template":"","meta":[],"_links":{"self":[{"href":"https:\/\/www.elektrosmoghilfe.com\/erdstrahlen\/wp-json\/wp\/v2\/pages\/1809"}],"collection":[{"href":"https:\/\/www.elektrosmoghilfe.com\/erdstrahlen\/wp-json\/wp\/v2\/pages"}],"about":[{"href":"https:\/\/www.elektrosmoghilfe.com\/erdstrahlen\/wp-json\/wp\/v2\/types\/page"}],"author":[{"embeddable":true,"href":"https:\/\/www.elektrosmoghilfe.com\/erdstrahlen\/wp-json\/wp\/v2\/users\/1"}],"replies":[{"embeddable":true,"href":"https:\/\/www.elektrosmoghilfe.com\/erdstrahlen\/wp-json\/wp\/v2\/comments?post=1809"}],"version-history":[{"count":15,"href":"https:\/\/www.elektrosmoghilfe.com\/erdstrahlen\/wp-json\/wp\/v2\/pages\/1809\/revisions"}],"predecessor-version":[{"id":1827,"href":"https:\/\/www.elektrosmoghilfe.com\/erdstrahlen\/wp-json\/wp\/v2\/pages\/1809\/revisions\/1827"}],"wp:attachment":[{"href":"https:\/\/www.elektrosmoghilfe.com\/erdstrahlen\/wp-json\/wp\/v2\/media?parent=1809"}],"curies":[{"name":"wp","href":"https:\/\/api.w.org\/{rel}","templated":true}]}}