{"id":1790,"date":"2018-04-19T18:08:25","date_gmt":"2018-04-19T18:08:25","guid":{"rendered":"https:\/\/www.elektrosmoghilfe.com\/erdstrahlen\/?page_id=1790"},"modified":"2020-05-06T02:31:11","modified_gmt":"2020-05-06T02:31:11","slug":"der-hamoni-harmonisierer-bewirkt-fast-vollstaendige-eliminierung-von-herzrhythmusstoerungen-reduziert-tinnitus-auf-ertraegliches-niveau-und-fuehrt-endlich-wieder-zu-erholsamem-schlaf","status":"publish","type":"page","link":"https:\/\/www.elektrosmoghilfe.com\/erdstrahlen\/der-hamoni-harmonisierer-bewirkt-fast-vollstaendige-eliminierung-von-herzrhythmusstoerungen-reduziert-tinnitus-auf-ertraegliches-niveau-und-fuehrt-endlich-wieder-zu-erholsamem-schlaf\/","title":{"rendered":"Der Hamoni\u00ae Harmonisierer bewirkt fast vollst\u00e4ndige Eliminierung von Herzrhythmusst\u00f6rungen, reduziert Tinnitus auf ertr\u00e4gliches Niveau und f\u00fchrt endlich wieder zu erholsamem Schlaf"},"content":{"rendered":"<div class=\"fusion-fullwidth fullwidth-box fusion-builder-row-1 nonhundred-percent-fullwidth non-hundred-percent-height-scrolling\" style=\"background-color: rgba(255,255,255,0);background-position: left top;background-repeat: no-repeat;padding-top:0px;padding-right:0px;padding-bottom:0px;padding-left:0px;margin-bottom: 0px;margin-top: 0px;border-width: 0px 0px 0px 0px;border-color:#eae9e9;border-style:solid;\" ><div class=\"fusion-builder-row fusion-row\">\r\n<div class=\"fusion-layout-column fusion_builder_column fusion-builder-column-0 fusion_builder_column_2_3 2_3 fusion-two-third fusion-column-first threefifth1\" style=\"width:65.3333%; margin-right: 4%;margin-top:0px;margin-bottom:0px;\" id=\"columnMain\"><div class=\"fusion-column-wrapper fusion-flex-column-wrapper-legacy\" style=\"background-position:left top;background-repeat:no-repeat;-webkit-background-size:cover;-moz-background-size:cover;-o-background-size:cover;background-size:cover;padding: 0px 0px 0px 0px;\">\r\n\r\n<h1 class=\"subpage\">Der Hamoni\u00ae Harmonisierer bewirkt fast vollst\u00e4ndige Eliminierung von Herzrhythmusst\u00f6rungen, reduziert Tinnitus\r\nauf ertr\u00e4gliches Niveau und f\u00fchrt endlich wieder zu erholsamem Schlaf. Elektrosensibler Kunde kann Smartphone wieder problemlos\r\nbenutzen und neben WLAN-Router durchschlafen.*\r\n    <span class=\"h1SubTitle\">Herr Benedikt T., Kunde aus 2130 Ebendorf, Nieder\u00f6sterreich<\/span><\/h1>\r\n\r\n<p class=\"anwendung fs16 sum\">\r\n<span class=\"emphDark\">\r\nHerr T. hatte den Harmonisierer am 3.9.2017 bestellt. Vor der Bestellung hatte er unsere R\u00fcckrufm\u00f6glichkeit in\r\nAnspruch genommen und uns schon damals gesagt, dass er uns erst nach l\u00e4ngerer Zeit Feedback geben w\u00fcrde, damit\r\ner einen eventuellen Placeboeffekt ausschlie\u00dfen k\u00f6nne. Sein Feedback erreichte uns am 5.12.2017, also nach\r\nfast genau 3 Monaten Anwendung. F\u00fcr uns war es nat\u00fcrlich ein sch\u00f6nes Vorweihnachtsgeschenk, nicht zuletzt deshalb,\r\nweil bei Herrn T. gleich eine ganze Reihe von behobenen bzw. stark gemilderten gesundheitlichen Problemen (allesamt\r\ntypische Stresssymptome) zusammengekommen sind. Das ist f\u00fcr uns eher ungew\u00f6hnlich, denn meist ist es nur ein\r\nganz bestimmtes gesundheitliches Problem, das unsere Kunden plagt.\r\n<\/span>\r\n<\/p>\r\n\r\n<p class=\"anwendung report report2\" style=\"color:#0989D6;text-decoration:underline\">\r\n    Betr.: Benachrichtigung nach Gebrauch des Harmonisierers\r\n<\/p>\r\n\r\n<p class=\"anwendung report report2\">\r\n    \u201eGuten Tag!\r\n<\/p>\r\n\r\n<p class=\"anwendung report report2 indent2\">\r\nMein Name ist Benedikt T. und ich habe seit ca. 3 Monaten ihren station\u00e4ren Harmonisierer in Kombination mit einem Edelschungit-Stein f\u00fcr Ausfl\u00fcge in Verwendung, und habe ihnen damals meine R\u00fcckmeldung zugesichert.\r\n<\/p>\r\n\r\n<p class=\"anwendung report report2 indent2\">\r\nIch m\u00f6chte meine Situation vor der Verwendung Ihres Harmonisierers\r\nbeschreiben:\r\n<\/p>\r\n\r\n<p class=\"anwendung report report2 indent2\">\r\nIch konnte, speziell in Wien, in der Wohnung meines Bruders, mit WLAN Router direkt neben dem Bett, nie eine Nacht durchschlafen, bin 3 bis 4 mal aufgewacht. Ich litt zudem an mysteri\u00f6sen Herzrhythmusst\u00f6rungen, sowie an einem Tinnitus im linken Ohr. Auch konnte ich nie mein Samsung Smartphone verwenden, da es sich nach ein paar Minuten mit dem Handy in der Hand danach anf\u00fchlte, als w\u00fcrde mein Kopf explodieren. Ich konnte nicht mal ordentlich mit meiner Freundin telefonieren.\r\n<\/p>\r\n\r\n<p class=\"anwendung report report2 indent2\">\r\nNach einer Zeit der Verwendung muss ich feststellen, dass ich PROBLEMLOS neben dem WLAN Router durchschlafen kann, keine Einschlafschwierigkeiten mehr habe, und auch morgens viel viel ausgeschlafener bin als fr\u00fcher.\r\n<\/p>\r\n\r\n<p class=\"anwendung report report2 indent2\">\r\nZudem habe ich seit drei Monaten problemlos mein altes Smartphone in Verwendung &#8211; ohne jegliche Probleme.\r\n<\/p>\r\n\r\n<p class=\"anwendung report report2 indent2\">\r\nMein Tinnitus bewegt sich auf sehr sehr angenehmen Niveau.\r\n<\/p>\r\n\r\n<p class=\"anwendung report report2 indent2\">\r\nIch bin stressm\u00e4\u00dfig und nervlich viel belastbarer als ich es vorher war.\r\n<\/p>\r\n\r\n<p class=\"anwendung report report2 indent2\">\r\nMeine Herzstolperer sind von 10 mal am Tag auf 5 mal im MONAT zur\u00fcckgegangen.\r\n<\/p>\r\n\r\n<p class=\"anwendung report report2 indent2\">\r\nNat\u00fcrlich hatte das Ganze eine Inkubationszeit von ca. 1 Monat; danach habe ich ein wenig skeptisch zugewartet, und jetzt war ich endlich bereit, einzugestehen, dass Sie mit diesem Harmonisierer bei mir ein WUNDER vollbracht haben. Ich danke Ihnen vielmals f\u00fcr die gesteigerte Lebensqualit\u00e4t.\r\n<\/p>\r\n\r\n<p class=\"anwendung report report2 \">\r\nMit freundlichen Gr\u00fc\u00dfen<br clear='none'>\r\nBenedikt T.&#8220;\r\n<\/p>\r\n<p class=\"anwendung report report2 indent2\">\r\nHinweis: Wir geben bewusst nicht den vollen Namen von Herrn T. an. Es handelt sich bei unseren\r\nR\u00fcckmeldungen meist um sensible Gesundheitsdaten. Das Internet vergisst nichts, vertrauliche\r\nGesundheitsdaten k\u00f6nnten z.B. durch einen zuk\u00fcnftigen Arbeitgeber durch Googeln des Namens\r\nleicht gefunden werden. Etwaigen Bedenken zur Authentizit\u00e4t der R\u00fcckmeldungen m\u00f6chten wir\r\ndurch Abdruck von Bildschirmfotos der Original-Emails (siehe unten) entgegenkommen. Die\r\nGro\u00dfschreibung von W\u00f6rtern haben wir 1:1 aus der Email \u00fcbernommen.\r\n<\/p>\r\n<h2>Unsere Anmerkungen<\/h2>\r\n\r\n<p class=\"anwendung\">\r\n<span class=\"emphDark fs16\">\r\n1) Zu den genannten gesundheitlichen Problemen: \r\n<\/span>\r\nWie schon oben von uns angedeutet, ist der Erfahrungsbericht von Herrn T. insbesondere ungew\u00f6hnlich,\r\nweil bei ihm gleich eine ganze Reihe von Problemen zusammen kommt. Aus unserer langj\u00e4hrigen Erfahrung\r\nmit Elektrosensiblen tritt eher der Fall auf, dass es ein ausgepr\u00e4gtes Problem gibt. Am h\u00e4ufigsten sind\r\nes Schlafst\u00f6rungen, M\u00fcdigkeit und Kraftlosigkeit, gefolgt von Tinnitus und Herz- Kreislaufproblemen. \r\nSeltener wird uns von Problemen wie z.B. Ameisenkribbeln in den Gliedern, Hautausschl\u00e4gen und Sehst\u00f6rungen berichtet. \r\n<\/p>\r\n<p class=\"anwendung indent2 subs\">\r\nBei Herrn T. kamen nun drei Hauptprobleme zusammen, was insoferne nicht verwundert, da es allesamt\r\ntypische Stresssymptome sind. Die Stresserzeugung im K\u00f6rper ist ja der biologische Hauptschadmechanismus\r\ndurch Strahlenbelastung, wie Sie z.B. in unserer Infobrosch\u00fcre n\u00e4her erl\u00e4utert finden. Ein eindrucksvolles\r\nBeispiel ist ein Mobiltelefonat. Hier steigt nach ca. 5 min. die Menge des Stresshormons Cortisol im\r\nSpeichel stark an und bleibt auch nach Beendigung des Telefonats noch ca. 20 min. lang erh\u00f6ht.\r\nDies bezeichnet man als <i>sog. Nachbrenneffekt,<\/i> d.h. der K\u00f6rper ist auch nach Verschwinden der Stressquelle (hier das Mobiltelefon) noch einige Zeit lang im Stresszustand.\r\n\r\n<\/p>\r\n\r\n<p class=\"anwendung\">\r\n<span class=\"emphDark fs16\">\r\n2) \u201eNach einer Zeit der Verwendung muss ich feststellen, dass ich problemlos neben dem WLAN Router durchschlafen kann.\u201c \r\n<\/span>\r\nSie werden sich sicher fragen: Wie kommt ein elektrosensibler Mensch \u00fcberhaupt auf die\r\nIdee, neben einem WLAN-Router zu schlafen? Dazu muss man wissen, dass, wie uns Herr T.\r\ntelefonisch erl\u00e4utert hat, die Platzverh\u00e4ltnisse in der Wohnung des Bruders in Wien\r\nbegrenzt sind und dieser auch nicht bereit war, nachts das WLAN auszuschalten. In Ermangelung\r\neiner anderen Schlafm\u00f6glichkeit musste Herr T. also mit diesem Ort vorliebnehmen.\r\n<\/p>\r\n<p class=\"anwendung indent2 subs\">\r\nNat\u00fcrlich sollen Sie selbst zuhause nicht in der N\u00e4he Ihres WLAN-Routers schlafen.\r\nLeider ist es aber manchmal nicht zu vermeiden. Besonders im st\u00e4dtischen Bereich, wo\r\nman kaum Einfluss auf die Nachbarn in einem Mehrfamilienhaus hat, kann es gut vorkommen,\r\ndass der Nachbar z.B. seinen WLAN-Router genau an der R\u00fcckwand des Kopfteils Ihres Bettes\r\nstehen hat.\r\n<\/p>\r\n<p class=\"anwendung indent2 subs\">\r\nWir m\u00f6chten Ihnen ausdr\u00fccklich den Ratschlag geben, h\u00f6chstes Fingerspitzengef\u00fchl anzuwenden,\r\nwenn Sie z.B. auf die Idee kommen, Ihre Nachbarn zu bitten, das WLAN nachts auszumachen.\r\nViele Menschen haben dies versucht, um ihre Belastung gering zu halten. Die Ergebnisse waren\r\naber ern\u00fcchternd. In seltenen F\u00e4llen gibt es Verst\u00e4dnis, das Risiko von teils schweren\r\nNachbarschaftsstreitigkeiten ist aber hoch. Wir haben schon alles geh\u00f6rt: Das Nicht-mehr Gr\u00fc\u00dfen\r\nist noch eine harmlose Reaktion. Von in Folge aufgestochenen Reifen (Kunde aus Berlin) bis\r\nzum Wunsch, man m\u00f6ge nur mehr mit den F\u00fc\u00dfen nach vorne aus dem Haus getragen werden (Kundin\r\naus Salzburg) war schon alles dabei. WLAN hat heute die Wichtigkeit eines Wasseranschlusses\r\nerreicht und jede versuchte Einschr\u00e4nkung des Konsums wird oft als pers\u00f6nlicher Angriff aufgefasst.\r\nDaher bitte Vorsicht und immer sehr diplomatisch vorgehen.\r\n<\/p>\r\n\r\n<p class=\"anwendung\">\r\n<span class=\"emphDark fs16\">\r\n3) &#8222;Mein Tinnitus bewegt sich auf sehr sehr angenehmen Niveau.&#8220;\r\n<\/span>\r\nTinnitus gilt als typisches Stresssymptom (und nicht als Krankheit). Er z\u00e4hlt nach Schlafst\u00f6rungen \r\nund chron. M\u00fcdigkeit bzw. Kraftlosigkeit zu den am dritth\u00e4ufigst genannten Beschwerden unserer Kunden.\r\nDa das Thema in anderen Erfahrungsberichten ausf\u00fchrlich behandelt wird, gehen wir\r\nhier nicht mehr n\u00e4her darauf ein.\r\n<\/p>\r\n<p class=\"anwendung\">\r\n<span class=\"emphDark fs16\">\r\n4) &#8222;Ich bin stressm\u00e4\u00dfig und nervlich viel belastbarer als ich es vorher war.&#8220;\r\n<\/span>\r\nSie haben sicher mitbekommen, dass im \u00f6ffentlichen Diskurs das Thema, warum wir\r\nuns alle immer gestresster f\u00fchlen, gro\u00dfe Bedeutung erlangt hat. Als eine gro\u00dfe\r\nUrsache daf\u00fcr wird die Beschleunigung unseres Lebens durch das Digitalzeitalter\r\ngesehen. Dabei muss man aber sorgf\u00e4ltig trennen zwischen dem Stressanteil, der\r\ndurch unsere ge\u00e4nderte Kommunikations- und Arbeitsweise erzeugt wird und demjenigen,\r\nder noch zus\u00e4tzlich durch Elektrosmog entsteht. \r\n<\/p>\r\n<p class=\"anwendung indent2 subs\">\r\nWenn Sie nach Feierabend regelm\u00e4\u00dfig Emails beantworten, stresst Sie nicht in erster Linie der Elektrosmog, sondern Ihre (oft durch den\r\nArbeitgeber erzwungene) Arbeitsweise. Dazu gesellt sich aber noch der Umweltstress in Form von\r\nElektrosmog, da wir zur Erledigung unserer Arbeit zunehmend funkbasierte\r\nKommunikationsmittel benutzen. Vielen Mensch ist dies aus Unwissen \u00fcberhaupt nicht bewusst.\r\nSie denken, der gesamte Stress k\u00e4me aus der Arbeitswelt und blenden den nicht zu\r\nuntersch\u00e4tzenden Anteil des Umweltstresses durch Elektrosmog aus.\r\n<\/p>\r\n<a class=\"fusion-modal-text-link\" data-toggle=\"modal\" data-target=\".fusion-modal.modal09\" href=\"#\">\r\n<p class=\"anwendung emphDark fs16 screenPrev\">\r\n    <img src=\"https:\/\/www.elektrosmoghilfe.com\/erdstrahlen\/wp-content\/uploads\/images\/illustration_herzstolperer.jpg\" alt=\"Menschliches Herz: Normaler Rhythmus und Herzstolperer\">\r\n<\/p>\r\n<\/a>\r\n<div class=\"fusion-modal modal fade modal-1 modal09\" tabindex=\"-1\" role=\"dialog\" aria-labelledby=\"modal-heading-1\" aria-hidden=\"true\"><style type=\"text\/css\">.modal-1 .modal-header, .modal-1 .modal-footer{border-color:#ebebeb;}<\/style><div class=\"modal-dialog modal-lg\" role=\"document\"><div class=\"modal-content fusion-modal-content\" style=\"background-color:#ffffff\"><div class=\"modal-header\"><button class=\"close\" type=\"button\" data-dismiss=\"modal\" aria-hidden=\"true\" aria-label=\"Close\">&times;<\/button><h3 class=\"modal-title\" id=\"modal-heading-1\" data-dismiss=\"modal\" aria-hidden=\"true\">Menschliches Herz: Normaler Rhythmus und Herzstolperer<\/h3><\/div><div class=\"modal-body fusion-clearfix\">\r\n<img src=\"https:\/\/www.elektrosmoghilfe.com\/erdstrahlen\/wp-content\/uploads\/images\/illustration_herzstolperer.jpg\" alt=\"Menschliches Herz: Normaler Rhythmus und Herzstolperer\">\r\n<\/div><\/div><\/div><\/div>\r\n<p class=\"anwendung\">\r\n<span class=\"emphDark fs16\">\r\n5) &#8222;Meine Herzstolperer sind von 10 mal am Tag auf 5 mal im Monat zur\u00fcckgegangen.&#8220;\r\n<\/span>\r\nHerzstolperer sind das Basissymptom von Herzrhythmusst\u00f6rungen. Wenn Sie\r\nIhrem Hausarzt davon erz\u00e4hlen, wird er \u00fcblicherweise nicht gleich in Alarmstimmung verfallen.\r\nProblematisch wird es, wenn die St\u00f6rungen sehr h\u00e4ufig bzw. of hintereinander (\u00fcber einen\r\nZeitraum von mehr als 30 Sekunden) auftreten. Dann wird Sie Ihr\r\nArzt zu einem Kardiologen schicken, um abzukl\u00e4ren, ob eine strukturelle, organische Herzkrankheit zugrunde\r\nliegt. \r\n<\/p>\r\n<p class=\"anwendung indent2 subs\">\r\nWie kommt es zum Herzstolpern? Unser Herz hat einen nat\u00fcrlichen, intrinsischen Taktgeber,\r\nden sog. Sinusknoten, den wir nicht willentlich beeinflussen k\u00f6nnen. Dieser Taktgeber kann sowohl\r\n\u00fcber das sympathische als auch parasympathische Nervensystem beeinflusst werden. \r\nUnter Stress regt das sympathische System die Nebennieren zur Aussch\u00fcttung von Stresshormonen\r\nwie Adrenalin und Cortisol an, die \u00fcber Rezeptoren im Herz bewirken, dass unser Herz schneller schl\u00e4gt.\r\nDas parasympathische System wirkt direkt \u00fcber den Vagusnerv und kann das Herz wieder bremsen,\r\nwenn der Stress nachl\u00e4sst. Dies selbst ist noch nichts Ungew\u00f6hnliches und passiert andauernd\r\nin unserem Leben, z.B. wenn wir vom Ruhemodus zu einer k\u00f6rperlichen Anstrengung wechseln.\r\n<\/p>\r\n<p class=\"anwendung indent2 subs\">\r\nNun kann unser Herzschlag aber nicht nur durch den Sinusknoten elektrisch gesteuert werden, sondern\r\nauch durch willk\u00fcrliche Anregung einer beliebigen Herzmuskelzelle. Dadurch werden eine oder\r\nmehrere aufeinander folgende zus\u00e4tzliche Kontraktionen au\u00dferhalb des normalen Sinusknoten-Rhythmus\r\nerzeugt. Es sammelt sich dadurch mehr Blut als gew\u00f6hnlich im Herzen an. Meist ist es das\r\nUmw\u00e4lzen dieser gesteigerten Blutmenge beim n\u00e4chsten normalen Schlag, das als\r\nGef\u00fchl des Herzstolperns wahrgenommen wird. Verursacher k\u00f6nnen u.a. Stimulantien wie Alkohol und Nikotin,\r\nhormonelle Einfl\u00fcsse (z.B. in der Schwangerschaft) oder Nebenwirkungen von Medikamenten\r\n(z.B. Antihistaminika) sein. \r\n<\/p>\r\n<p class=\"anwendung indent2 subs\">\r\nHauptursache und verantwortlich f\u00fcr ca. 1\/3 aller Herzstolperer\r\nist allerdings Stress. Und hier kann unser K\u00f6rper nicht unterscheiden, ob es sich um psychischen\r\nStress oder um Umweltstress durch Elektrosmog handelt. Im Falle von Herrn T. war offensichtlich\r\nder Elektrosmog die wesentliche Stressquelle und damit Verursacher des Herzstolperns. Nachdem diese Umwelt-Stressquelle\r\ndurch Einsatz des Harmonisierers beseitigt worden war, sind die Herzstolperer wie von ihm\r\nberichtet von mehrmals pro Tag auf ca. 5 mal pro Monat zur\u00fcckgegangen.\r\n<\/p>\r\n\r\n<a class=\"fusion-modal-text-link\" data-toggle=\"modal\" data-target=\".fusion-modal.modal08\" href=\"#\">\r\n<p class=\"anwendung emphDark fs16 screenPrev\">\r\n    Erfahrungsbericht von Herrn Benedikt T. (Originale Email)\r\n    <img src=\"https:\/\/www.elektrosmoghilfe.com\/erdstrahlen\/wp-content\/uploads\/images\/erfahrungsbericht_benedikt_t.jpg\">\r\n<\/p>\r\n<\/a>\r\n<div class=\"fusion-modal modal fade modal-2 modal08\" tabindex=\"-1\" role=\"dialog\" aria-labelledby=\"modal-heading-2\" aria-hidden=\"true\"><style type=\"text\/css\">.modal-2 .modal-header, .modal-2 .modal-footer{border-color:#ebebeb;}<\/style><div class=\"modal-dialog modal-lg\" role=\"document\"><div class=\"modal-content fusion-modal-content\" style=\"background-color:#ffffff\"><div class=\"modal-header\"><button class=\"close\" type=\"button\" data-dismiss=\"modal\" aria-hidden=\"true\" aria-label=\"Close\">&times;<\/button><h3 class=\"modal-title\" id=\"modal-heading-2\" data-dismiss=\"modal\" aria-hidden=\"true\">Erfahrungsbericht von Herrn Benedikt T. (Originale Email)<\/h3><\/div><div class=\"modal-body fusion-clearfix\">\r\n<img src=\"https:\/\/www.elektrosmoghilfe.com\/erdstrahlen\/wp-content\/uploads\/images\/erfahrungsbericht_benedikt_t.jpg\">\r\n<\/div><\/div><\/div><\/div>\r\n\r\n<div class=\"fusion-clearfix\"><\/div><\/div><\/div>\r\n<div class=\"fusion-layout-column fusion_builder_column fusion-builder-column-1 fusion_builder_column_1_3 1_3 fusion-one-third fusion-column-last twofifth1\" style=\"width:30.6666%;margin-top:0px;margin-bottom:0px;\" id=\"columnSide\"><div class=\"fusion-column-wrapper fusion-flex-column-wrapper-legacy\" style=\"background-position:left\r\ntop;background-repeat:no-repeat;-webkit-background-size:cover;-moz-background-size:cover;-o-background-size:cover;background-size:cover;padding: 0px 0px 0px 0px;\">\r\n\r\n<p class=\"emphDark fs16\" style=\"text-align:center;line-height: 19px;margin-bottom: 0px;\">\r\n    \u201eNat\u00fcrlich hatte das Ganze eine Inkubationszeit von ca. 1 Monat; danach habe ich ein wenig skeptisch zugewartet, und jetzt war ich endlich bereit, einzugestehen, dass Sie mit diesem Harmonierer bei mir ein WUNDER vollbracht haben. Ich danke Ihnen vielmals f\u00fcr die gesteigerte Lebensqualit\u00e4t.\u201c\r\n<\/p>\r\n\r\n<p class=\"emphLight fs16\" style=\"text-align:center;margin-bottom: 12px;\">\r\n    Herr&nbsp;Benedikt&nbsp;T.\r\n<\/p>\r\n<p class=\"emphLight fs14\" style=\"text-align:center;line-height:14px;\">Erfahrungsbericht als pdf-Datei:<br clear='none'>\r\n<a href=\"https:\/\/www.elektrosmoghilfe.com\/erdstrahlen\/wp-content\/uploads\/documents\/hamoni_broschuere_erfahrungsbericht_herzstolperer.pdf\">\r\n    <img class=\"img_pdf\" style=\"margin-top:0px;margin-bottom:24px\" \r\n         src=\"https:\/\/www.elektrosmoghilfe.com\/erdstrahlen\/wp-content\/uploads\/images\/hamoni_broschuere_erfahrungsbericht_herzstolperer.jpg\">\r\n<\/a>\r\n<\/p>\r\n<img class=\"sidebar\"\r\n     src=\"https:\/\/www.elektrosmoghilfe.com\/erdstrahlen\/wp-content\/uploads\/images\/wlan_router_verschiedene_antennen.jpg\"\r\n     alt=\"WLAN Router mit steigender Anzahl von Antennen\">\r\n\r\n<p class=\"imgDescr\">\r\n<span class=\"emphDark fs14\">Und jedes Jahr werden es mehr.<\/span>\r\nDer Trend bei der Antennenzahl von WLAN-Routern zeigt seit Jahren nach oben.\r\nDie Abbildung ist mittlerweile schon wieder veraltet. Heutige teure Modelle (auch\r\nf\u00fcr Einzelhaushalte) besitzen schon 8 bis 12 Antennen. Bei einigen Modellen ist\r\ndie Anzahl der verbauten Antennen zudem nicht von au\u00dfen sichtbar. \r\n<\/p>\r\n<p class=\"imgDescr indent2\">\r\n<span class=\"emphDark fs14\">Dieser Trend zu steigender Antennenzahl f\u00fchrt\r\nzu steigender Belastung durch Elektrosmog.<\/span> \r\nEntweder steigen Besitzer selbst auf\r\nein leistungsf\u00e4higeres Modell um, aber auch die Provider tauschen alle paar\r\nJahre die Kabel- oder DSL-Modems mit kombinierten WLAN-Routern durch leistungsf\u00e4higere\r\nGer\u00e4te aus. Bei uns melden sich manchmal Betroffene, die sich wundern, warum die Belastung\r\ntrotz unver\u00e4nderter Nachbarschaft gestiegen ist. Meist steckt ein Wechsel des WLAN-Routers\r\ndurch den Provider dahinter. Ein gro\u00dfer Treiber bei der Nachfrage nach schnellerem und\r\nbesserem WLAN-Empfang sind die Streaming-TV Anbieter wie Netflix oder Amazon Prime.\r\nDamit die Programme in HD-Qualit\u00e4t von mehreren Familienmitgliedern \u00fcber WLAN empfangen \r\nwerden k\u00f6nnen, bedarf es gr\u00f6\u00dferer Bandbreite.\r\n<\/p>\r\n\r\n<img class=\"sidebar\"\r\n     src=\"https:\/\/www.elektrosmoghilfe.com\/erdstrahlen\/wp-content\/uploads\/images\/illustration_extrasystolen.jpg\"\r\n     alt=\"Folge von Extrasystolen am EKG sichtbar\">\r\n\r\n<p class=\"imgDescr\">\r\n<span class=\"emphDark fs14\">\r\nSichtbarkeit von Herzstolperern am EKG:<\/span>\r\nMeist sind Herzstolperer in sog. Extrasystolen, d.h. zus\u00e4tzlichen\r\nund au\u00dferplanm\u00e4\u00dfigen Schl\u00e4gen des Herzens, begr\u00fcndet und auf dem\r\nEKG gut sichtbar. Im oberen EKG sieht man deutlich, dass der\r\nnormale Herzrhythmus durch eine Serie von Zusatzschl\u00e4gen gest\u00f6rt\r\nist, in diesem Beispiel von Schlag 2 bis Schlag 4. Bei einer\r\nstrukturellen Herzkrankheit sieht das EKG i.d.R. deutlich\r\nchaotischer aus.\r\n<\/p>\r\n<img class=\"sidebar\"\r\n     src=\"https:\/\/www.elektrosmoghilfe.com\/erdstrahlen\/wp-content\/uploads\/images\/patient_mit_holter_monitor.jpg\"\r\n     alt=\"Herzpatient mit Holter-Monitor\">\r\n\r\n<p class=\"imgDescr\">\r\n<span class=\"emphDark fs14\">\r\nKardiologische Abkl\u00e4rung von Herzstolperern:<\/span>\r\nWenn Herzstolperer sehr h\u00e4ufig oder oft hintereinander auftreten, wird\r\nSie Ihr Hausarzt zur Abkl\u00e4rung zum Kardiologen schicken. Dieser versucht\r\nherauszufinden, ob den Stolpereren m\u00f6glicherweise eine strukturelle,\r\norganische Erkrankung zugrunde liegt. Da es sehr schwierig ist, bei einer\r\nUntersuchung auf Befehl Herzstolperer zu produzieren, ist ein normales\r\nEKG, das nur wenige Sekunden dauert, meist nicht das geeignete Mittel zur Diagnose.\r\n<\/p>\r\n<p class=\"imgDescr indent2\">\r\nDeswegen wird dem Patienten ein sog. Holter-Monitor (benannt nach dem Erfinder, dem Amerikaner\r\nNorman Holter) mit nach Hause gegeben. Das Ger\u00e4t zeichnet \u00fcblicherweise 24h bis 48h\r\nlang ein Langzeit-EKG auf. Der Patient kann in dieser Zeit normalerweise seinen\r\nnormalen Alltagsaktivit\u00e4ten nachgehen. Das Langzeit-EKG wird danach vom Arzt\r\nam Computer ausgewertet, um R\u00fcckschl\u00fcsse \u00fcber die Herzgesundheit ziehen zu k\u00f6nnen.\r\nIm Bild ist der Monitor mit Aufzeichnungsfunktion als schwarzes K\u00e4stchen an\r\neinem G\u00fcrtel befestigt zu sehen. Die elektrischen Herzsignale werden \u00fcber an der\r\nHaut angebrachten Elektroden abgenommen, deren Zahl kann variieren.\r\n<\/p>\r\n\r\n<div class=\"fusion-clearfix\"><\/div><\/div><\/div><\/div><\/div>","protected":false},"excerpt":{"rendered":"","protected":false},"author":1,"featured_media":0,"parent":0,"menu_order":0,"comment_status":"closed","ping_status":"closed","template":"","meta":[],"_links":{"self":[{"href":"https:\/\/www.elektrosmoghilfe.com\/erdstrahlen\/wp-json\/wp\/v2\/pages\/1790"}],"collection":[{"href":"https:\/\/www.elektrosmoghilfe.com\/erdstrahlen\/wp-json\/wp\/v2\/pages"}],"about":[{"href":"https:\/\/www.elektrosmoghilfe.com\/erdstrahlen\/wp-json\/wp\/v2\/types\/page"}],"author":[{"embeddable":true,"href":"https:\/\/www.elektrosmoghilfe.com\/erdstrahlen\/wp-json\/wp\/v2\/users\/1"}],"replies":[{"embeddable":true,"href":"https:\/\/www.elektrosmoghilfe.com\/erdstrahlen\/wp-json\/wp\/v2\/comments?post=1790"}],"version-history":[{"count":19,"href":"https:\/\/www.elektrosmoghilfe.com\/erdstrahlen\/wp-json\/wp\/v2\/pages\/1790\/revisions"}],"predecessor-version":[{"id":2287,"href":"https:\/\/www.elektrosmoghilfe.com\/erdstrahlen\/wp-json\/wp\/v2\/pages\/1790\/revisions\/2287"}],"wp:attachment":[{"href":"https:\/\/www.elektrosmoghilfe.com\/erdstrahlen\/wp-json\/wp\/v2\/media?parent=1790"}],"curies":[{"name":"wp","href":"https:\/\/api.w.org\/{rel}","templated":true}]}}