{"id":1220,"date":"2017-01-25T00:17:16","date_gmt":"2017-01-25T00:17:16","guid":{"rendered":"https:\/\/www.elektrosmoghilfe.com\/erdstrahlen\/?page_id=1220"},"modified":"2017-09-15T22:58:20","modified_gmt":"2017-09-15T22:58:20","slug":"hamoni-publikationen-und-videos-in-weiteren-fremdsprachen","status":"publish","type":"page","link":"https:\/\/www.elektrosmoghilfe.com\/erdstrahlen\/hamoni-publikationen-und-videos-in-weiteren-fremdsprachen\/","title":{"rendered":"Hamoni\u00ae-Publikationen und Videos in weiteren Fremdsprachen"},"content":{"rendered":"<div class=\"fusion-fullwidth fullwidth-box fusion-builder-row-1 nonhundred-percent-fullwidth non-hundred-percent-height-scrolling\" style=\"background-color: rgba(255,255,255,0);background-position: left top;background-repeat: no-repeat;padding-top:0px;padding-right:0px;padding-bottom:0px;padding-left:0px;margin-bottom: 0px;margin-top: 0px;border-width: 0px 0px 0px 0px;border-color:#eae9e9;border-style:solid;\" ><div class=\"fusion-builder-row fusion-row\">\n<div class=\"fusion-layout-column fusion_builder_column fusion-builder-column-0 fusion_builder_column_2_3 2_3 fusion-two-third fusion-column-first threefifth1\" style=\"width:65.3333%; margin-right: 4%;margin-top:0px;margin-bottom:0px;\" id=\"columnMain\"><div class=\"fusion-column-wrapper fusion-flex-column-wrapper-legacy\" style=\"background-position:left top;background-repeat:no-repeat;-webkit-background-size:cover;-moz-background-size:cover;-o-background-size:cover;background-size:cover;padding: 0px 0px 0px 0px;\">\n\n<h1 class=\"subpage\" style=\"margin-bottom:36px\">Der Hamoni\u00ae Harmonisierer<br clear='none'>\n    <span class=\"h1SubTitle\">Fremdsprachige Publikationen und Videos<\/span><\/h1>\n\n<div class=\"intInfo\">\n    <img style=\"margin-top:24px\" src=\"https:\/\/www.elektrosmoghilfe.com\/erdstrahlen\/wp-content\/uploads\/images\/logo_hamoni_en.png\"\n         alt=\"Englisches Logo Hamoni\u00ae Harmonisierer\">\n    <h2>Information in English<br clear='none'>\n        <span class=\"emphLight\">Informationen auf Englisch<\/span>\n    <\/h2>\n<\/div>\n<div class=\"intInfo\">\n    <img src=\"https:\/\/www.elektrosmoghilfe.com\/erdstrahlen\/wp-content\/uploads\/images\/anwender_hamoni_en.png\"\n         alt=\"Englischsprachige Anwender des Hamoni\u00ae Harmonisierers\">\n    <\/h2>\n<\/div>\n<div style=\"clear:both\"><\/div>\n<div class=\"intInfo\" style=\"text-align:center;margin-top:24px;\">\n    <img class=\"lang\" src=\"https:\/\/www.elektrosmoghilfe.com\/erdstrahlen\/wp-content\/uploads\/images\/schungit_flag_en.jpg\">\n    <span class=\"emphDark fs16\">User manual<\/span><br\/>\n    <a href=\"https:\/\/www.elektrosmoghilfe.com\/erdstrahlen\/wp-content\/uploads\/documents\/hamoni_brochure_user_manual_UK.pdf\">\n        <img class=\"img_pdf\" style=\"margin-top:4px;\"\n             src=\"https:\/\/www.elektrosmoghilfe.com\/erdstrahlen\/wp-content\/uploads\/images\/hamoni_brochure_user_manual_UK.jpg\"\n             alt=\"Bedienungsanleitung Hamoni\u00ae Harmonisierer auf Englisch\">\n    <\/a>\n<\/div>\n<div class=\"intInfo\" style=\"text-align:center;margin-top:24px;\">\n    <img class=\"lang\" src=\"https:\/\/www.elektrosmoghilfe.com\/erdstrahlen\/wp-content\/uploads\/images\/schungit_flag_en.jpg\">\n    <span class=\"emphDark fs16\">Customer feedback<\/span><br\/>\n    <!--<a href=\"&#091;global_uploads&#093;\/documents\/hamoni_broschuere_alle_erfahrungsberichte.pdf\">-->\n    <img class=\"img_pdf\" style=\"margin-top:4px;\"\n         src=\"https:\/\/www.elektrosmoghilfe.com\/erdstrahlen\/wp-content\/uploads\/images\/hamoni_brochure_translation_DE_UK.jpg\">\n    <!--<\/a>-->\n<\/div>\n\n<div style=\"clear:both\"><\/div>\n<div class=\"intInfo\" style=\"text-align:center;margin-top:24px;\">\n    <img class=\"lang\" src=\"https:\/\/www.elektrosmoghilfe.com\/erdstrahlen\/wp-content\/uploads\/images\/schungit_flag_en.jpg\">\n    <span class=\"emphDark fs16\">1st Test by medical practitioner<\/span><br\/>\n    <a href=\"https:\/\/www.elektrosmoghilfe.com\/erdstrahlen\/wp-content\/uploads\/documents\/hamoni_brochure_test_medical_practitioner_lothar_kappes_UK.pdf\">\n        <img class=\"img_pdf\" style=\"margin-top:4px;\"\n             src=\"https:\/\/www.elektrosmoghilfe.com\/erdstrahlen\/wp-content\/uploads\/images\/hamoni_brochure_test_medical_practitioner_lothar_kappes_UK.jpg\"\n             alt=\"1. Heilpraktiker-Test Hamoni\u00ae Harmonisierer auf Englisch\"\n        >\n    <\/a>\n<\/div>\n<div class=\"intInfo\" style=\"text-align:center;margin-top:24px;\">\n    <img class=\"lang\" src=\"https:\/\/www.elektrosmoghilfe.com\/erdstrahlen\/wp-content\/uploads\/images\/schungit_flag_en.jpg\">\n    <span class=\"emphDark fs16\">2nd Test by medical practitioner<\/span><br\/>\n    <a href=\"https:\/\/www.elektrosmoghilfe.com\/erdstrahlen\/wp-content\/uploads\/documents\/hamoni_brochure_test_medical_practitioner_stefan_mattausch_UK.pdf\">\n        <img class=\"img_pdf\" style=\"margin-top:4px;\"\n             src=\"https:\/\/www.elektrosmoghilfe.com\/erdstrahlen\/wp-content\/uploads\/images\/hamoni_brochure_test_medical_practitioner_stefan_mattausch_UK.jpg\"\n             alt=\"2. Heilpraktiker-Test Hamoni\u00ae Harmonisierer auf Englisch\"\n        >\n    <\/a>\n<\/div>\n\n<div style=\"clear:both;margin-bottom:48px;\"><\/div>\n<div class=\"intInfo\">\n    <img style=\"margin-top:24px\" src=\"https:\/\/www.elektrosmoghilfe.com\/erdstrahlen\/wp-content\/uploads\/images\/logo_hamoni_fr.png\"\n         alt=\"Informations en fran\u00e7ais\">\n    <h2>Informations en fran\u00e7ais<br clear='none'>\n        <span class=\"emphLight\">Informationen auf Franz\u00f6sisch<\/span>\n    <\/h2>\n<\/div>\n<div class=\"intInfo\">\n    <img src=\"https:\/\/www.elektrosmoghilfe.com\/erdstrahlen\/wp-content\/uploads\/images\/anwender_hamoni_fr.png\"\n         alt=\"Franz\u00f6sischsprachige Anwender des Hamoni\u00ae Harmonisierers\">\n    <\/h2>\n<\/div>\n\n<div style=\"clear:both\"><\/div>\n<div id=\"video01\" style=\"width:100%;margin-top:24px;\">\n    <div class='embed-container' style=\"\">\n        <iframe src='https:\/\/www.youtube-nocookie.com\/embed\/Kdf3i1cWnXY?rel=0&amp;showinfo=0' frameborder='0'\n                allowfullscreen><\/iframe>\n    <\/div>\n    <span class=\"emphDark fs14\">Bitte beachten Sie zu den Aussagen in diesem Video unsere rechtlichen Hinweise*<\/span>\n<\/div>\n\n<div style=\"clear:both;margin-bottom:48px;\"><\/div>\n<div class=\"intInfo\">\n    <img style=\"margin-top:24px\" src=\"https:\/\/www.elektrosmoghilfe.com\/erdstrahlen\/wp-content\/uploads\/images\/logo_hamoni_hu.png\"\n         alt=\"Ungarisches Logo Hamoni\u00ae Harmonisierer\">\n    <h2>T\u00e1j\u00e9koztat\u00e1s a Magyar<br clear='none'>\n        <span class=\"emphLight\">Informationen auf Ungarisch<\/span>\n    <\/h2>\n<\/div>\n<div class=\"intInfo\">\n    <img src=\"https:\/\/www.elektrosmoghilfe.com\/erdstrahlen\/wp-content\/uploads\/images\/anwender_hamoni_hu.png\"\n         alt=\"Ungarischsprachiger Anwender des Hamoni\u00ae Harmonisierers\">\n    <\/h2>\n<\/div>\n\n<div style=\"clear:both\"><\/div>\n<div id=\"video01\" style=\"width:100%;margin-top:24px;\">\n    <div class='embed-container' style=\"\">\n        <iframe src='https:\/\/www.youtube-nocookie.com\/embed\/KuwPenwM_Vc?rel=0&amp;showinfo=0' frameborder='0'\n                allowfullscreen><\/iframe>\n    <\/div>\n    <span class=\"emphDark fs14\">Bitte beachten Sie zu den Aussagen in diesem Video unsere rechtlichen Hinweise*<\/span>\n<\/div>\n\n<div style=\"clear:both\"><\/div>\n<div class=\"intInfo\" style=\"text-align:center;margin-top:24px;\">\n    <img class=\"lang\" src=\"https:\/\/www.elektrosmoghilfe.com\/erdstrahlen\/wp-content\/uploads\/images\/schungit_flag_hu.jpg\">\n    <span class=\"emphDark fs16\">Folder k\u00edv\u00fcl<\/span><br\/>\n    <a href=\"https:\/\/www.elektrosmoghilfe.com\/erdstrahlen\/wp-content\/uploads\/documents\/hamoni_folder_aussenseite_HU.pdf\">\n        <img class=\"img_pdf\" style=\"margin-top:4px;\"\n             src=\"https:\/\/www.elektrosmoghilfe.com\/erdstrahlen\/wp-content\/uploads\/images\/hamoni_folder_aussenseite_HU.jpg\"\n             alt=\"Info-Folder Hamoni\u00ae Harmonisierer auf Ungarisch, Au\u00dfenseite\"\n        >\n    <\/a>\n<\/div>\n<div class=\"intInfo\" style=\"text-align:center;margin-top:24px;\">\n    <img class=\"lang\" src=\"https:\/\/www.elektrosmoghilfe.com\/erdstrahlen\/wp-content\/uploads\/images\/schungit_flag_hu.jpg\">\n    <span class=\"emphDark fs16\">Folder bel\u00fcl<\/span><br\/>\n    <a href=\"https:\/\/www.elektrosmoghilfe.com\/erdstrahlen\/wp-content\/uploads\/documents\/hamoni_folder_innenseite_HU.pdf\">\n        <img class=\"img_pdf\" style=\"margin-top:4px;\"\n             src=\"https:\/\/www.elektrosmoghilfe.com\/erdstrahlen\/wp-content\/uploads\/images\/hamoni_folder_innenseite_HU.jpg\"\n             alt=\"Info-Folder Hamoni\u00ae Harmonisierer auf Ungarisch, Innenseite\"\n        >\n    <\/a>\n<\/div>\n\n<div style=\"clear:both;margin-bottom:48px;\"><\/div>\n<div class=\"intInfo\">\n    <img style=\"margin-top:24px\" src=\"https:\/\/www.elektrosmoghilfe.com\/erdstrahlen\/wp-content\/uploads\/images\/logo_hamoni_slo.png\"\n         alt=\"Slowenisches Logo Hamoni\u00ae Harmonisierer\">\n    <h2>Informacije v sloven\u0161\u010dini<br clear='none'>\n        <span class=\"emphLight\">Informationen auf Slowenisch<\/span>\n    <\/h2>\n<\/div>\n<div class=\"intInfo\">\n    <img src=\"https:\/\/www.elektrosmoghilfe.com\/erdstrahlen\/wp-content\/uploads\/images\/anwender_hamoni_slo.png\"\n         alt=\"Slowenisch- und serbokroatischsprachige Anwender des Hamoni\u00ae Harmonisierers\">\n    <\/h2>\n<\/div>\n\n<div style=\"clear:both\"><\/div>\n<div id=\"video01\" style=\"width:100%;margin-top:24px;\">\n    <div class='embed-container' style=\"\">\n        <iframe src='https:\/\/www.youtube-nocookie.com\/embed\/WEDUuD70dBA?rel=0&amp;showinfo=0' frameborder='0'\n                allowfullscreen><\/iframe>\n    <\/div>\n    <span class=\"emphDark fs14\">Bitte beachten Sie zu den Aussagen in diesem Video unsere rechtlichen Hinweise*<\/span>\n<\/div>\n\n<div style=\"clear:both\"><\/div>\n<div class=\"intInfo\" style=\"text-align:center;margin-top:24px;\">\n    <img class=\"lang\" src=\"https:\/\/www.elektrosmoghilfe.com\/erdstrahlen\/wp-content\/uploads\/images\/schungit_flag_slo.jpg\">\n    <span class=\"emphDark fs16\">Folder zunaj<\/span><br\/>\n    <a href=\"https:\/\/www.elektrosmoghilfe.com\/erdstrahlen\/wp-content\/uploads\/documents\/hamoni_folder_aussenseite_SLO.pdf\">\n        <img class=\"img_pdf\" style=\"margin-top:4px;\"\n             src=\"https:\/\/www.elektrosmoghilfe.com\/erdstrahlen\/wp-content\/uploads\/images\/hamoni_folder_aussenseite_SLO.jpg\"\n             alt=\"Info-Folder Hamoni\u00ae Harmonisierer auf Slowenisch, Au\u00dfenseite\"\n        >\n    <\/a>\n<\/div>\n<div class=\"intInfo\" style=\"text-align:center;margin-top:24px;\">\n    <img class=\"lang\" src=\"https:\/\/www.elektrosmoghilfe.com\/erdstrahlen\/wp-content\/uploads\/images\/schungit_flag_slo.jpg\">\n    <span class=\"emphDark fs16\">Folder znotraj<\/span><br\/>\n    <a href=\"https:\/\/www.elektrosmoghilfe.com\/erdstrahlen\/wp-content\/uploads\/documents\/hamoni_folder_innenseite_SLO.pdf\">\n        <img class=\"img_pdf\" style=\"margin-top:4px;\"\n             src=\"https:\/\/www.elektrosmoghilfe.com\/erdstrahlen\/wp-content\/uploads\/images\/hamoni_folder_innenseite_SLO.jpg\"\n             alt=\"Info-Folder Hamoni\u00ae Harmonisierer auf Slowenisch, Innenseite\"\n        >\n    <\/a>\n<\/div>\n\n<div class=\"fusion-clearfix\"><\/div><\/div><\/div>\n<div class=\"fusion-layout-column fusion_builder_column fusion-builder-column-1 fusion_builder_column_1_3 1_3 fusion-one-third fusion-column-last twofifth1\" style=\"width:30.6666%;margin-top:0px;margin-bottom:0px;\" id=\"columnSide\"><div class=\"fusion-column-wrapper fusion-flex-column-wrapper-legacy\" style=\"background-position:left\ntop;background-repeat:no-repeat;-webkit-background-size:cover;-moz-background-size:cover;-o-background-size:cover;background-size:cover;padding: 0px 0px 0px 0px;\">\n\n<img class=\"sidebar\" style=\"margin-top:0;margin-bottom:0;\"\n     src=\"https:\/\/www.elektrosmoghilfe.com\/erdstrahlen\/wp-content\/uploads\/images\/Elektrosmog_Sprachen.png\"\n     alt=\"Das Wort Elektrosmog auf verschiedenen Sprachen\"><br clear='none'>\n<img class=\"sidebar\" style=\"margin-top:0;margin-bottom:0;\"\n     src=\"https:\/\/www.elektrosmoghilfe.com\/erdstrahlen\/wp-content\/uploads\/images\/Hamoni_Logo_Sprachen.png\"\n     alt=\"Logo Hamoni\u00ae Harmonisierer verschiedenen Sprachen\">\n\n<p class=\"imgDescr\">\n<span class=\"emphDark fs14\">Wir bitten um Ihre Mithilfe! We kindly ask for your\nhelp!<\/span> The only 2 languages we are proficient at are German and English. In\n    order to reach people who speak other languages, it is necessary to translate (parts of)\n    our website and\/or our printed documents. If you would like to take part in this exercise\n    and\/or are interested to distribute the Harmonizer to people in your home country, please\n    contact us. We are looking forward to welcome you as a new member in our growing international\n    Hamoni\u00ae family.\n<\/p>\n\n<a class=\"fusion-modal-text-link\" data-toggle=\"modal\" data-target=\".fusion-modal.modal02\" href=\"#\">\n<img src=\"https:\/\/www.elektrosmoghilfe.com\/erdstrahlen\/wp-content\/uploads\/images\/sprache_unterschied_usa_europa.jpg\"\nalt=\"Illustration Sprachunterschiede EU vs. USA\"\n     style=\"margin-top:24px;margin-bottom:4px\"><br clear='none'>\n<\/a>\n<div class=\"fusion-modal modal fade modal-1 modal02\" tabindex=\"-1\" role=\"dialog\" aria-labelledby=\"modal-heading-1\" aria-hidden=\"true\"><style type=\"text\/css\">.modal-1 .modal-header, .modal-1 .modal-footer{border-color:#ebebeb;}<\/style><div class=\"modal-dialog modal-lg\" role=\"document\"><div class=\"modal-content fusion-modal-content\" style=\"background-color:#ffffff\"><div class=\"modal-header\"><button class=\"close\" type=\"button\" data-dismiss=\"modal\" aria-hidden=\"true\" aria-label=\"Close\">&times;<\/button><h3 class=\"modal-title\" id=\"modal-heading-1\" data-dismiss=\"modal\" aria-hidden=\"true\">Der entscheidende Unterschied zwischen Europa und den USA: Die fehlende gemeinsame Sprache<\/h3><\/div><div class=\"modal-body fusion-clearfix\">\n<img src=\"https:\/\/www.elektrosmoghilfe.com\/erdstrahlen\/wp-content\/uploads\/images\/sprache_unterschied_usa_europa.jpg\"\nalt=\"Illustration Sprachunterschiede EU vs. USA\"\n><br clear='none'>\n<\/div><\/div><\/div><\/div>\n\n<p class=\"imgDescr\">\n<span class=\"emphDark fs14\">\nEin entscheidender Unterschied zwischen Europa und den USA:<\/span>\n    Sie kennen sicher die regelm\u00e4\u00dfig wiederkehrende Debatte,\n    warum Europa beim Wirtschaftswachstum L\u00e4ndern wie den USA nachhinkt.\n    W\u00e4hrend die verschiedensten Erkl\u00e4rungen daf\u00fcr geliefert werden, wird\n    eine wichtige oft \u00fcbersehen: Wir sprechen keine gemeinsame Sprache.\n<\/p>\n<p class=\"imgDescr indent2\">\n    Dieses Problem haben auch wir v\u00f6llig untersch\u00e4tzt. Zuerst war dies\n    kein Problem f\u00fcr uns, kamen doch praktisch 100% aller unserer Kunden\n    aus dem deutschsprachigen Raum. Und fremdsprachige Interessierte w\u00fcrden\n    wir sicher mit Informationen auf Englisch, der heutigen <i>lingua franca<\/i>,\n    zufrieden stellen k\u00f6nnen. Falsch gedacht.\n<\/p>\n<p class=\"imgDescr indent2\">\n    Ganz schnell zeigte sich:\n    Es reicht einfach nicht, dem &#8222;durchschnittlich gebildeten Europ\u00e4er&#8220;,\n    der kein Brite oder Ire ist, Informationen zum Harmonisierer blo\u00df auf\n    Englisch zur Verf\u00fcgung zu stellen.\n    Diese Tatsache ist ein Problem f\u00fcr uns, denn\n    mit dem zunehmenden Interesse am Ger\u00e4t aus ganz Europa steigt auch\n    die Dringlichkeit, multilinguales Informationsmaterial bereitzustellen.\n<\/p>\n<img class=\"sidebar\" style=\"margin-top:24px;\"\n     src=\"https:\/\/www.elektrosmoghilfe.com\/erdstrahlen\/wp-content\/uploads\/images\/parlament_budapest.jpg\"\n     alt=\"Parlament in Budapest\">\n<img class=\"sidebar\"\n     src=\"https:\/\/www.elektrosmoghilfe.com\/erdstrahlen\/wp-content\/uploads\/images\/julianna_kiss_small.jpg\"\n     alt=\"Passfoto Julianna Kiss\">\n<p class=\"imgDescr\">\n<span class=\"emphDark fs14\">\nIm Falle von Ungarisch<\/span> ist uns unsere Kundin, Frau <i>Julianna Kiss<\/i>\n    aus der N\u00e4he von Budapest, zur Hilfe gekommen. Ihr hatte der Harmonisierer sehr gut\n    bei elektrosmogbedingten Problemen durch ihren Elektroherd geholfen.\n    Sie wollte daraufhin das Ger\u00e4t ihren Landsleuten n\u00e4her zu bringen.\n    Sie hat mittlerweile unsere gesamte Webseite, inkl. Video und Info-Folder\n    auf Ungarisch \u00fcbersetzt. Siehe dazu <a href=\"https:\/\/www.elektroszmogstop.hu\/\">\n    www.elektroszmogstop.hu<\/a>.\n<\/p>\n\n<img class=\"sidebar\" style=\"margin-top:24px;\"\n     src=\"https:\/\/www.elektrosmoghilfe.com\/erdstrahlen\/wp-content\/uploads\/images\/altstadt_ljubljana.jpg\"\n     alt=\"Altstadt von Ljubljana\">\n<p class=\"imgDescr\">\n<span class=\"emphDark fs14\">\nIm Falle von Slowenisch<\/span> ergriff ebenfalls ein Kunde von uns die\n    Initiative. Herr <i>Alen Sokovi\u0107<\/i> aus Ljubljana m\u00f6chte das Ger\u00e4t den Menschen\n    auf dem Gebiet von Ex-Yugoslawien n\u00e4her bringen und hat unser Video sowie\n    den Info-Folder auf Slowenisch \u00fcbersetzt. Slowenisch unterscheidet sich\n    zwar von den anderen s\u00fcdslawischen Sprachen Kroatisch, Serbisch und\n    Bosnisch, die von Linguisten als eine Sprache, n\u00e4mlich Serbokroatisch,\n    angesehen werden. Die Unterschiede sind aber nicht so gro\u00df, sodass das\n    Info-Material auf Slowenisch auch f\u00fcr serbokroatisch sprechende\n    Menschen hilfreich sein d\u00fcrfte. Das Bild zeigt die Altstadt von\n    Ljubljana (dt. Laibach).\n<\/p>\n<div class=\"fusion-clearfix\"><\/div><\/div><\/div><\/div><\/div>","protected":false},"excerpt":{"rendered":"","protected":false},"author":1,"featured_media":0,"parent":0,"menu_order":0,"comment_status":"closed","ping_status":"closed","template":"","meta":[],"_links":{"self":[{"href":"https:\/\/www.elektrosmoghilfe.com\/erdstrahlen\/wp-json\/wp\/v2\/pages\/1220"}],"collection":[{"href":"https:\/\/www.elektrosmoghilfe.com\/erdstrahlen\/wp-json\/wp\/v2\/pages"}],"about":[{"href":"https:\/\/www.elektrosmoghilfe.com\/erdstrahlen\/wp-json\/wp\/v2\/types\/page"}],"author":[{"embeddable":true,"href":"https:\/\/www.elektrosmoghilfe.com\/erdstrahlen\/wp-json\/wp\/v2\/users\/1"}],"replies":[{"embeddable":true,"href":"https:\/\/www.elektrosmoghilfe.com\/erdstrahlen\/wp-json\/wp\/v2\/comments?post=1220"}],"version-history":[{"count":1,"href":"https:\/\/www.elektrosmoghilfe.com\/erdstrahlen\/wp-json\/wp\/v2\/pages\/1220\/revisions"}],"predecessor-version":[{"id":1306,"href":"https:\/\/www.elektrosmoghilfe.com\/erdstrahlen\/wp-json\/wp\/v2\/pages\/1220\/revisions\/1306"}],"wp:attachment":[{"href":"https:\/\/www.elektrosmoghilfe.com\/erdstrahlen\/wp-json\/wp\/v2\/media?parent=1220"}],"curies":[{"name":"wp","href":"https:\/\/api.w.org\/{rel}","templated":true}]}}